{"id":6,"date":"2026-01-10T06:52:27","date_gmt":"2026-01-10T06:52:27","guid":{"rendered":"https:\/\/phuhaibeachresortphanthiet.ms2.decms.asia\/?page_id=6"},"modified":"2026-02-06T07:26:19","modified_gmt":"2026-02-06T07:26:19","slug":"accomodation","status":"publish","type":"page","link":"https:\/\/www.phuhaibeachresortphanthiet.com\/vi\/accomodation\/","title":{"rendered":"Ph\u00f2ng Ngh\u1ec9"},"content":{"rendered":"<p>L\u1ea5y c\u1ea3m h\u1ee9ng t\u1eeb v\u1ebb \u0111\u1eb9p ki\u1ebfn tr\u00fac \u0110\u00f4ng D\u01b0\u01a1ng v\u00e0 v\u0103n h\u00f3a \u0111\u1ecba ph\u01b0\u01a1ng, nh\u1eefng c\u0103n ph\u00f2ng n\u00e0y l\u00e0 s\u1ef1 h\u00f2a quy\u1ec7n gi\u1eefa ti\u1ec7n nghi hi\u1ec7n \u0111\u1ea1i v\u00e0 y\u00ean b\u00ecnh g\u1ea7n g\u0169i thi\u00ean nhi\u00ean. V\u1edbi n\u1ed9i th\u1ea5t g\u1ed7 \u1ea5m c\u00fang, kh\u00f4ng gian r\u1ed9ng r\u00e3i v\u00e0 ban c\u00f4ng ri\u00eang bi\u1ec7t, m\u1ed7i ph\u00f2ng m\u1eddi g\u1ecdi du kh\u00e1ch \u0111\u1eafm m\u00ecnh trong s\u1ef1 th\u01b0 th\u00e1i, t\u1eadn h\u01b0\u1edfng t\u1ea7m nh\u00ecn ra v\u01b0\u1eddn c\u00e2y nhi\u1ec7t \u0111\u1edbi v\u00e0 \u0111\u00f3n nh\u1eadn h\u01a1i th\u1edf m\u00e1t l\u00e0nh t\u1eeb bi\u1ec3n c\u1ea3.<\/p>\n","protected":false},"excerpt":{"rendered":"<p>L\u1ea5y c\u1ea3m h\u1ee9ng t\u1eeb v\u1ebb \u0111\u1eb9p ki\u1ebfn tr\u00fac \u0110\u00f4ng D\u01b0\u01a1ng v\u00e0 v\u0103n h\u00f3a \u0111\u1ecba ph\u01b0\u01a1ng, nh\u1eefng c\u0103n ph\u00f2ng n\u00e0y l\u00e0 s\u1ef1 h\u00f2a quy\u1ec7n gi\u1eefa ti\u1ec7n nghi hi\u1ec7n \u0111\u1ea1i v\u00e0 y\u00ean b\u00ecnh g\u1ea7n g\u0169i thi\u00ean nhi\u00ean. V\u1edbi n\u1ed9i th\u1ea5t g\u1ed7 \u1ea5m c\u00fang, kh\u00f4ng gian r\u1ed9ng r\u00e3i v\u00e0 ban c\u00f4ng ri\u00eang bi\u1ec7t, m\u1ed7i ph\u00f2ng m\u1eddi g\u1ecdi du [&hellip;]<\/p>\n","protected":false},"author":90,"featured_media":96,"parent":0,"menu_order":0,"comment_status":"closed","ping_status":"closed","template":"template-rooms.php","meta":{"footnotes":""},"yoast_head":"<!-- This site is optimized with the Yoast SEO plugin v22.3 - https:\/\/yoast.com\/wordpress\/plugins\/seo\/ -->\n<title>Ph\u00f2ng &amp; Bi\u1ec7t th\u1ef1 sang tr\u1ecdng b\u00ean bi\u1ec3n | Phu Hai Beach Resort &amp; Spa Phan Thi\u1ebft<\/title>\n<meta name=\"description\" content=\"Th\u1ee9c gi\u1ea5c trong l\u00e0n gi\u00f3 bi\u1ec3n, t\u1eadn h\u01b0\u1edfng kh\u00f4ng gian ph\u00f2ng v\u00e0 bi\u1ec7t th\u1ef1 cao c\u1ea5p t\u1ea1i Phu Hai Beach Resort &amp; Spa Phan Thi\u1ebft.\" \/>\n<meta name=\"robots\" content=\"index, follow, max-snippet:-1, max-image-preview:large, max-video-preview:-1\" \/>\n<link rel=\"canonical\" href=\"https:\/\/www.phuhaibeachresortphanthiet.com\/vi\/accomodation\/\" \/>\n<meta property=\"og:locale\" content=\"vi_VN\" \/>\n<meta property=\"og:type\" content=\"article\" \/>\n<meta property=\"og:title\" content=\"Ph\u00f2ng &amp; Bi\u1ec7t th\u1ef1 sang tr\u1ecdng b\u00ean bi\u1ec3n | Phu Hai Beach Resort &amp; Spa Phan Thi\u1ebft\" \/>\n<meta property=\"og:description\" content=\"Th\u1ee9c gi\u1ea5c trong l\u00e0n gi\u00f3 bi\u1ec3n, t\u1eadn h\u01b0\u1edfng kh\u00f4ng gian ph\u00f2ng v\u00e0 bi\u1ec7t th\u1ef1 cao c\u1ea5p t\u1ea1i Phu Hai Beach Resort &amp; Spa Phan Thi\u1ebft.\" \/>\n<meta property=\"og:url\" content=\"https:\/\/www.phuhaibeachresortphanthiet.com\/vi\/accomodation\/\" \/>\n<meta property=\"og:site_name\" content=\"Phu Hai Beach Resort &amp; Spa Phan Thiet\" \/>\n<meta property=\"article:modified_time\" content=\"2026-02-06T07:26:19+00:00\" \/>\n<meta property=\"og:image\" content=\"https:\/\/www.phuhaibeachresortphanthiet.com\/wp-content\/uploads\/sites\/143\/2026\/01\/phuhairesort-signature-beachfront-villa7.jpg\" \/>\n\t<meta property=\"og:image:width\" content=\"2200\" \/>\n\t<meta property=\"og:image:height\" content=\"1650\" \/>\n\t<meta property=\"og:image:type\" content=\"image\/jpeg\" \/>\n<meta name=\"twitter:card\" content=\"summary_large_image\" \/>\n<meta name=\"twitter:label1\" content=\"Est. reading time\" \/>\n\t<meta name=\"twitter:data1\" content=\"1 minute\" \/>\n<script type=\"application\/ld+json\" class=\"yoast-schema-graph\">{\"@context\":\"https:\/\/schema.org\",\"@graph\":[{\"@type\":\"WebPage\",\"@id\":\"https:\/\/www.phuhaibeachresortphanthiet.com\/vi\/accomodation\/\",\"url\":\"https:\/\/www.phuhaibeachresortphanthiet.com\/vi\/accomodation\/\",\"name\":\"Ph\u00f2ng & Bi\u1ec7t th\u1ef1 sang tr\u1ecdng b\u00ean bi\u1ec3n | Phu Hai Beach Resort & Spa Phan Thi\u1ebft\",\"isPartOf\":{\"@id\":\"https:\/\/www.phuhaibeachresortphanthiet.com\/vi\/#website\"},\"primaryImageOfPage\":{\"@id\":\"https:\/\/www.phuhaibeachresortphanthiet.com\/vi\/accomodation\/#primaryimage\"},\"image\":{\"@id\":\"https:\/\/www.phuhaibeachresortphanthiet.com\/vi\/accomodation\/#primaryimage\"},\"thumbnailUrl\":\"https:\/\/www.phuhaibeachresortphanthiet.com\/wp-content\/uploads\/sites\/143\/2026\/01\/phuhairesort-signature-beachfront-villa7.jpg\",\"datePublished\":\"2026-01-10T06:52:27+00:00\",\"dateModified\":\"2026-02-06T07:26:19+00:00\",\"description\":\"Th\u1ee9c gi\u1ea5c trong l\u00e0n gi\u00f3 bi\u1ec3n, t\u1eadn h\u01b0\u1edfng kh\u00f4ng gian ph\u00f2ng v\u00e0 bi\u1ec7t th\u1ef1 cao c\u1ea5p t\u1ea1i Phu Hai Beach Resort & Spa Phan Thi\u1ebft.\",\"breadcrumb\":{\"@id\":\"https:\/\/www.phuhaibeachresortphanthiet.com\/vi\/accomodation\/#breadcrumb\"},\"inLanguage\":\"vi-VN\",\"potentialAction\":[{\"@type\":\"ReadAction\",\"target\":[\"https:\/\/www.phuhaibeachresortphanthiet.com\/vi\/accomodation\/\"]}]},{\"@type\":\"ImageObject\",\"inLanguage\":\"vi-VN\",\"@id\":\"https:\/\/www.phuhaibeachresortphanthiet.com\/vi\/accomodation\/#primaryimage\",\"url\":\"https:\/\/www.phuhaibeachresortphanthiet.com\/wp-content\/uploads\/sites\/143\/2026\/01\/phuhairesort-signature-beachfront-villa7.jpg\",\"contentUrl\":\"https:\/\/www.phuhaibeachresortphanthiet.com\/wp-content\/uploads\/sites\/143\/2026\/01\/phuhairesort-signature-beachfront-villa7.jpg\",\"width\":2200,\"height\":1650},{\"@type\":\"BreadcrumbList\",\"@id\":\"https:\/\/www.phuhaibeachresortphanthiet.com\/vi\/accomodation\/#breadcrumb\",\"itemListElement\":[{\"@type\":\"ListItem\",\"position\":1,\"name\":\"Home\",\"item\":\"https:\/\/www.phuhaibeachresortphanthiet.com\/vi\/\"},{\"@type\":\"ListItem\",\"position\":2,\"name\":\"Ph\u00f2ng Ngh\u1ec9\"}]},{\"@type\":\"WebSite\",\"@id\":\"https:\/\/www.phuhaibeachresortphanthiet.com\/vi\/#website\",\"url\":\"https:\/\/www.phuhaibeachresortphanthiet.com\/vi\/\",\"name\":\"Phu Hai Beach Resort & Spa Phan Thiet\",\"description\":\"\",\"potentialAction\":[{\"@type\":\"SearchAction\",\"target\":{\"@type\":\"EntryPoint\",\"urlTemplate\":\"https:\/\/www.phuhaibeachresortphanthiet.com\/vi\/?s={search_term_string}\"},\"query-input\":\"required name=search_term_string\"}],\"inLanguage\":\"vi-VN\"}]}<\/script>\n<!-- \/ Yoast SEO plugin. -->","yoast_head_json":{"title":"Ph\u00f2ng & Bi\u1ec7t th\u1ef1 sang tr\u1ecdng b\u00ean bi\u1ec3n | Phu Hai Beach Resort & Spa Phan Thi\u1ebft","description":"Th\u1ee9c gi\u1ea5c trong l\u00e0n gi\u00f3 bi\u1ec3n, t\u1eadn h\u01b0\u1edfng kh\u00f4ng gian ph\u00f2ng v\u00e0 bi\u1ec7t th\u1ef1 cao c\u1ea5p t\u1ea1i Phu Hai Beach Resort & Spa Phan Thi\u1ebft.","robots":{"index":"index","follow":"follow","max-snippet":"max-snippet:-1","max-image-preview":"max-image-preview:large","max-video-preview":"max-video-preview:-1"},"canonical":"https:\/\/www.phuhaibeachresortphanthiet.com\/vi\/accomodation\/","og_locale":"vi_VN","og_type":"article","og_title":"Ph\u00f2ng & Bi\u1ec7t th\u1ef1 sang tr\u1ecdng b\u00ean bi\u1ec3n | Phu Hai Beach Resort & Spa Phan Thi\u1ebft","og_description":"Th\u1ee9c gi\u1ea5c trong l\u00e0n gi\u00f3 bi\u1ec3n, t\u1eadn h\u01b0\u1edfng kh\u00f4ng gian ph\u00f2ng v\u00e0 bi\u1ec7t th\u1ef1 cao c\u1ea5p t\u1ea1i Phu Hai Beach Resort & Spa Phan Thi\u1ebft.","og_url":"https:\/\/www.phuhaibeachresortphanthiet.com\/vi\/accomodation\/","og_site_name":"Phu Hai Beach Resort &amp; Spa Phan Thiet","article_modified_time":"2026-02-06T07:26:19+00:00","og_image":[{"width":2200,"height":1650,"url":"https:\/\/www.phuhaibeachresortphanthiet.com\/wp-content\/uploads\/sites\/143\/2026\/01\/phuhairesort-signature-beachfront-villa7.jpg","type":"image\/jpeg"}],"twitter_card":"summary_large_image","twitter_misc":{"Est. reading time":"1 minute"},"schema":{"@context":"https:\/\/schema.org","@graph":[{"@type":"WebPage","@id":"https:\/\/www.phuhaibeachresortphanthiet.com\/vi\/accomodation\/","url":"https:\/\/www.phuhaibeachresortphanthiet.com\/vi\/accomodation\/","name":"Ph\u00f2ng & Bi\u1ec7t th\u1ef1 sang tr\u1ecdng b\u00ean bi\u1ec3n | Phu Hai Beach Resort & Spa Phan Thi\u1ebft","isPartOf":{"@id":"https:\/\/www.phuhaibeachresortphanthiet.com\/vi\/#website"},"primaryImageOfPage":{"@id":"https:\/\/www.phuhaibeachresortphanthiet.com\/vi\/accomodation\/#primaryimage"},"image":{"@id":"https:\/\/www.phuhaibeachresortphanthiet.com\/vi\/accomodation\/#primaryimage"},"thumbnailUrl":"https:\/\/www.phuhaibeachresortphanthiet.com\/wp-content\/uploads\/sites\/143\/2026\/01\/phuhairesort-signature-beachfront-villa7.jpg","datePublished":"2026-01-10T06:52:27+00:00","dateModified":"2026-02-06T07:26:19+00:00","description":"Th\u1ee9c gi\u1ea5c trong l\u00e0n gi\u00f3 bi\u1ec3n, t\u1eadn h\u01b0\u1edfng kh\u00f4ng gian ph\u00f2ng v\u00e0 bi\u1ec7t th\u1ef1 cao c\u1ea5p t\u1ea1i Phu Hai Beach Resort & Spa Phan Thi\u1ebft.","breadcrumb":{"@id":"https:\/\/www.phuhaibeachresortphanthiet.com\/vi\/accomodation\/#breadcrumb"},"inLanguage":"vi-VN","potentialAction":[{"@type":"ReadAction","target":["https:\/\/www.phuhaibeachresortphanthiet.com\/vi\/accomodation\/"]}]},{"@type":"ImageObject","inLanguage":"vi-VN","@id":"https:\/\/www.phuhaibeachresortphanthiet.com\/vi\/accomodation\/#primaryimage","url":"https:\/\/www.phuhaibeachresortphanthiet.com\/wp-content\/uploads\/sites\/143\/2026\/01\/phuhairesort-signature-beachfront-villa7.jpg","contentUrl":"https:\/\/www.phuhaibeachresortphanthiet.com\/wp-content\/uploads\/sites\/143\/2026\/01\/phuhairesort-signature-beachfront-villa7.jpg","width":2200,"height":1650},{"@type":"BreadcrumbList","@id":"https:\/\/www.phuhaibeachresortphanthiet.com\/vi\/accomodation\/#breadcrumb","itemListElement":[{"@type":"ListItem","position":1,"name":"Home","item":"https:\/\/www.phuhaibeachresortphanthiet.com\/vi\/"},{"@type":"ListItem","position":2,"name":"Ph\u00f2ng Ngh\u1ec9"}]},{"@type":"WebSite","@id":"https:\/\/www.phuhaibeachresortphanthiet.com\/vi\/#website","url":"https:\/\/www.phuhaibeachresortphanthiet.com\/vi\/","name":"Phu Hai Beach Resort & Spa Phan Thiet","description":"","potentialAction":[{"@type":"SearchAction","target":{"@type":"EntryPoint","urlTemplate":"https:\/\/www.phuhaibeachresortphanthiet.com\/vi\/?s={search_term_string}"},"query-input":"required name=search_term_string"}],"inLanguage":"vi-VN"}]}},"acf":[],"_links":{"self":[{"href":"https:\/\/www.phuhaibeachresortphanthiet.com\/vi\/wp-json\/wp\/v2\/pages\/6"}],"collection":[{"href":"https:\/\/www.phuhaibeachresortphanthiet.com\/vi\/wp-json\/wp\/v2\/pages"}],"about":[{"href":"https:\/\/www.phuhaibeachresortphanthiet.com\/vi\/wp-json\/wp\/v2\/types\/page"}],"author":[{"embeddable":true,"href":"https:\/\/www.phuhaibeachresortphanthiet.com\/vi\/wp-json\/wp\/v2\/users\/90"}],"replies":[{"embeddable":true,"href":"https:\/\/www.phuhaibeachresortphanthiet.com\/vi\/wp-json\/wp\/v2\/comments?post=6"}],"version-history":[{"count":0,"href":"https:\/\/www.phuhaibeachresortphanthiet.com\/vi\/wp-json\/wp\/v2\/pages\/6\/revisions"}],"wp:featuredmedia":[{"embeddable":true,"href":"https:\/\/www.phuhaibeachresortphanthiet.com\/vi\/wp-json\/wp\/v2\/media\/96"}],"wp:attachment":[{"href":"https:\/\/www.phuhaibeachresortphanthiet.com\/vi\/wp-json\/wp\/v2\/media?parent=6"}],"curies":[{"name":"wp","href":"https:\/\/api.w.org\/{rel}","templated":true}]}}