{"id":5,"date":"2026-01-08T13:22:02","date_gmt":"2026-01-08T13:22:02","guid":{"rendered":"https:\/\/phuhaibeachresortphanthiet.ms2.decms.asia\/?page_id=5"},"modified":"2026-02-19T03:12:23","modified_gmt":"2026-02-19T03:12:23","slug":"phu-hai-beach-resort-spa-phan-thiet","status":"publish","type":"page","link":"https:\/\/www.phuhaibeachresortphanthiet.com\/vi\/","title":{"rendered":"Phu Hai Beach Resort &#038; Spa Phan Thiet"},"content":{"rendered":"<p>\u1ea8n m\u00ecnh d\u01b0\u1edbi nh\u1eefng r\u1eb7ng d\u1eeba xanh b\u00ean v\u1ecbnh M\u0169i N\u00e9, Ph\u00fa H\u1ea3i Beach Resort &#038; Spa Phan Thiet v\u1edbi n\u00e9t duy\u00ean d\u00e1ng trong l\u1ed1i ki\u1ebfn tr\u00fac Nam \u00c2u pha l\u1eabn n\u00e9t tinh t\u1ebf c\u1ee7a di s\u1ea3n truy\u1ec1n th\u1ed1ng Vi\u1ec7t Nam. V\u1ebb nguy\u00ean s\u01a1 c\u1ee7a b\u00e3i bi\u1ec3n tr\u1ea3i d\u00e0i d\u01b0\u1edbi nh\u1eefng tia n\u1eafng l\u1ea5p l\u00e1nh tr\u00ean s\u00f3ng bi\u1ec3n \u0111\u00e3 l\u00e0m say l\u00f2ng bi\u1ebft bao du kh\u00e1ch khi \u0111\u1ebfn v\u1edbi thi\u00ean nhi\u00ean v\u00e0 ng\u01b0\u1eddi d\u00e2n l\u00e0ng bi\u1ec3n M\u0169i N\u00e9, B\u00ecnh Thu\u1eadn, Vi\u1ec7t Nam.<\/p>\n","protected":false},"excerpt":{"rendered":"<p>\u1ea8n m\u00ecnh d\u01b0\u1edbi nh\u1eefng r\u1eb7ng d\u1eeba xanh b\u00ean v\u1ecbnh M\u0169i N\u00e9, Ph\u00fa H\u1ea3i Beach Resort &#038; Spa Phan Thiet v\u1edbi n\u00e9t duy\u00ean d\u00e1ng trong l\u1ed1i ki\u1ebfn tr\u00fac Nam \u00c2u pha l\u1eabn n\u00e9t tinh t\u1ebf c\u1ee7a di s\u1ea3n truy\u1ec1n th\u1ed1ng Vi\u1ec7t Nam. V\u1ebb nguy\u00ean s\u01a1 c\u1ee7a b\u00e3i bi\u1ec3n tr\u1ea3i d\u00e0i d\u01b0\u1edbi nh\u1eefng tia n\u1eafng l\u1ea5p l\u00e1nh [&hellip;]<\/p>\n","protected":false},"author":90,"featured_media":11,"parent":0,"menu_order":0,"comment_status":"closed","ping_status":"closed","template":"","meta":{"footnotes":""},"yoast_head":"<!-- This site is optimized with the Yoast SEO plugin v22.3 - https:\/\/yoast.com\/wordpress\/plugins\/seo\/ -->\n<title>Trang ch\u1ee7 | Ph\u00fa H\u1ea3i Beach Resort &amp; Spa Phan Thi\u1ebft<\/title>\n<meta name=\"description\" content=\"\u1ea8n m\u00ecnh d\u01b0\u1edbi nh\u1eefng r\u1eb7ng d\u1eeba xanh b\u00ean v\u1ecbnh M\u0169i N\u00e9, Ph\u00fa H\u1ea3i Beach Resort &amp; Spa Phan Thiet v\u1edbi n\u00e9t duy\u00ean d\u00e1ng trong l\u1ed1i ki\u1ebfn tr\u00fac Nam \u00c2u pha l\u1eabn n\u00e9t tinh t\u1ebf c\u1ee7a di s\u1ea3n truy\u1ec1n th\u1ed1ng Vi\u1ec7t Nam. V\u1ebb nguy\u00ean s\u01a1 c\u1ee7a b\u00e3i bi\u1ec3n tr\u1ea3i d\u00e0i d\u01b0\u1edbi nh\u1eefng tia n\u1eafng l\u1ea5p l\u00e1nh tr\u00ean s\u00f3ng bi\u1ec3n \u0111\u00e3 l\u00e0m say l\u00f2ng bi\u1ebft bao du kh\u00e1ch khi \u0111\u1ebfn v\u1edbi thi\u00ean nhi\u00ean v\u00e0 ng\u01b0\u1eddi d\u00e2n l\u00e0ng bi\u1ec3n M\u0169i N\u00e9, B\u00ecnh Thu\u1eadn, Vi\u1ec7t Nam.\" \/>\n<meta name=\"robots\" content=\"index, follow, max-snippet:-1, max-image-preview:large, max-video-preview:-1\" \/>\n<link rel=\"canonical\" href=\"https:\/\/www.phuhaibeachresortphanthiet.com\/vi\/\" \/>\n<meta property=\"og:locale\" content=\"vi_VN\" \/>\n<meta property=\"og:type\" content=\"article\" \/>\n<meta property=\"og:title\" content=\"Trang ch\u1ee7 | Ph\u00fa H\u1ea3i Beach Resort &amp; Spa Phan Thi\u1ebft\" \/>\n<meta property=\"og:description\" content=\"\u1ea8n m\u00ecnh d\u01b0\u1edbi nh\u1eefng r\u1eb7ng d\u1eeba xanh b\u00ean v\u1ecbnh M\u0169i N\u00e9, Ph\u00fa H\u1ea3i Beach Resort &amp; Spa Phan Thiet v\u1edbi n\u00e9t duy\u00ean d\u00e1ng trong l\u1ed1i ki\u1ebfn tr\u00fac Nam \u00c2u pha l\u1eabn n\u00e9t tinh t\u1ebf c\u1ee7a di s\u1ea3n truy\u1ec1n th\u1ed1ng Vi\u1ec7t Nam. V\u1ebb nguy\u00ean s\u01a1 c\u1ee7a b\u00e3i bi\u1ec3n tr\u1ea3i d\u00e0i d\u01b0\u1edbi nh\u1eefng tia n\u1eafng l\u1ea5p l\u00e1nh tr\u00ean s\u00f3ng bi\u1ec3n \u0111\u00e3 l\u00e0m say l\u00f2ng bi\u1ebft bao du kh\u00e1ch khi \u0111\u1ebfn v\u1edbi thi\u00ean nhi\u00ean v\u00e0 ng\u01b0\u1eddi d\u00e2n l\u00e0ng bi\u1ec3n M\u0169i N\u00e9, B\u00ecnh Thu\u1eadn, Vi\u1ec7t Nam.\" \/>\n<meta property=\"og:url\" content=\"https:\/\/www.phuhaibeachresortphanthiet.com\/vi\/\" \/>\n<meta property=\"og:site_name\" content=\"Phu Hai Beach Resort &amp; Spa Phan Thiet\" \/>\n<meta property=\"article:modified_time\" content=\"2026-02-19T03:12:23+00:00\" \/>\n<meta property=\"og:image\" content=\"https:\/\/www.phuhaibeachresortphanthiet.com\/wp-content\/uploads\/sites\/143\/2026\/01\/Slide3.jpg\" \/>\n\t<meta property=\"og:image:width\" content=\"2200\" \/>\n\t<meta property=\"og:image:height\" content=\"1650\" \/>\n\t<meta property=\"og:image:type\" content=\"image\/jpeg\" \/>\n<meta name=\"twitter:card\" content=\"summary_large_image\" \/>\n<meta name=\"twitter:label1\" content=\"Est. reading time\" \/>\n\t<meta name=\"twitter:data1\" content=\"1 minute\" \/>\n<script type=\"application\/ld+json\" class=\"yoast-schema-graph\">{\"@context\":\"https:\/\/schema.org\",\"@graph\":[{\"@type\":\"WebPage\",\"@id\":\"https:\/\/www.phuhaibeachresortphanthiet.com\/vi\/\",\"url\":\"https:\/\/www.phuhaibeachresortphanthiet.com\/vi\/\",\"name\":\"Trang ch\u1ee7 | Ph\u00fa H\u1ea3i Beach Resort & Spa Phan Thi\u1ebft\",\"isPartOf\":{\"@id\":\"https:\/\/www.phuhaibeachresortphanthiet.com\/vi\/#website\"},\"primaryImageOfPage\":{\"@id\":\"https:\/\/www.phuhaibeachresortphanthiet.com\/vi\/#primaryimage\"},\"image\":{\"@id\":\"https:\/\/www.phuhaibeachresortphanthiet.com\/vi\/#primaryimage\"},\"thumbnailUrl\":\"https:\/\/www.phuhaibeachresortphanthiet.com\/wp-content\/uploads\/sites\/143\/2026\/01\/Slide3.jpg\",\"datePublished\":\"2026-01-08T13:22:02+00:00\",\"dateModified\":\"2026-02-19T03:12:23+00:00\",\"description\":\"\u1ea8n m\u00ecnh d\u01b0\u1edbi nh\u1eefng r\u1eb7ng d\u1eeba xanh b\u00ean v\u1ecbnh M\u0169i N\u00e9, Ph\u00fa H\u1ea3i Beach Resort & Spa Phan Thiet v\u1edbi n\u00e9t duy\u00ean d\u00e1ng trong l\u1ed1i ki\u1ebfn tr\u00fac Nam \u00c2u pha l\u1eabn n\u00e9t tinh t\u1ebf c\u1ee7a di s\u1ea3n truy\u1ec1n th\u1ed1ng Vi\u1ec7t Nam. V\u1ebb nguy\u00ean s\u01a1 c\u1ee7a b\u00e3i bi\u1ec3n tr\u1ea3i d\u00e0i d\u01b0\u1edbi nh\u1eefng tia n\u1eafng l\u1ea5p l\u00e1nh tr\u00ean s\u00f3ng bi\u1ec3n \u0111\u00e3 l\u00e0m say l\u00f2ng bi\u1ebft bao du kh\u00e1ch khi \u0111\u1ebfn v\u1edbi thi\u00ean nhi\u00ean v\u00e0 ng\u01b0\u1eddi d\u00e2n l\u00e0ng bi\u1ec3n M\u0169i N\u00e9, B\u00ecnh Thu\u1eadn, Vi\u1ec7t Nam.\",\"breadcrumb\":{\"@id\":\"https:\/\/www.phuhaibeachresortphanthiet.com\/vi\/#breadcrumb\"},\"inLanguage\":\"vi-VN\",\"potentialAction\":[{\"@type\":\"ReadAction\",\"target\":[\"https:\/\/www.phuhaibeachresortphanthiet.com\/vi\/\"]}]},{\"@type\":\"ImageObject\",\"inLanguage\":\"vi-VN\",\"@id\":\"https:\/\/www.phuhaibeachresortphanthiet.com\/vi\/#primaryimage\",\"url\":\"https:\/\/www.phuhaibeachresortphanthiet.com\/wp-content\/uploads\/sites\/143\/2026\/01\/Slide3.jpg\",\"contentUrl\":\"https:\/\/www.phuhaibeachresortphanthiet.com\/wp-content\/uploads\/sites\/143\/2026\/01\/Slide3.jpg\",\"width\":2200,\"height\":1650},{\"@type\":\"BreadcrumbList\",\"@id\":\"https:\/\/www.phuhaibeachresortphanthiet.com\/vi\/#breadcrumb\",\"itemListElement\":[{\"@type\":\"ListItem\",\"position\":1,\"name\":\"Home\",\"item\":\"https:\/\/www.phuhaibeachresortphanthiet.com\/vi\/\"},{\"@type\":\"ListItem\",\"position\":2,\"name\":\"Phu Hai Beach Resort &#038; Spa Phan Thiet\"}]},{\"@type\":\"WebSite\",\"@id\":\"https:\/\/www.phuhaibeachresortphanthiet.com\/vi\/#website\",\"url\":\"https:\/\/www.phuhaibeachresortphanthiet.com\/vi\/\",\"name\":\"Phu Hai Beach Resort & Spa Phan Thiet\",\"description\":\"\",\"potentialAction\":[{\"@type\":\"SearchAction\",\"target\":{\"@type\":\"EntryPoint\",\"urlTemplate\":\"https:\/\/www.phuhaibeachresortphanthiet.com\/vi\/?s={search_term_string}\"},\"query-input\":\"required name=search_term_string\"}],\"inLanguage\":\"vi-VN\"}]}<\/script>\n<!-- \/ Yoast SEO plugin. -->","yoast_head_json":{"title":"Trang ch\u1ee7 | Ph\u00fa H\u1ea3i Beach Resort & Spa Phan Thi\u1ebft","description":"\u1ea8n m\u00ecnh d\u01b0\u1edbi nh\u1eefng r\u1eb7ng d\u1eeba xanh b\u00ean v\u1ecbnh M\u0169i N\u00e9, Ph\u00fa H\u1ea3i Beach Resort & Spa Phan Thiet v\u1edbi n\u00e9t duy\u00ean d\u00e1ng trong l\u1ed1i ki\u1ebfn tr\u00fac Nam \u00c2u pha l\u1eabn n\u00e9t tinh t\u1ebf c\u1ee7a di s\u1ea3n truy\u1ec1n th\u1ed1ng Vi\u1ec7t Nam. V\u1ebb nguy\u00ean s\u01a1 c\u1ee7a b\u00e3i bi\u1ec3n tr\u1ea3i d\u00e0i d\u01b0\u1edbi nh\u1eefng tia n\u1eafng l\u1ea5p l\u00e1nh tr\u00ean s\u00f3ng bi\u1ec3n \u0111\u00e3 l\u00e0m say l\u00f2ng bi\u1ebft bao du kh\u00e1ch khi \u0111\u1ebfn v\u1edbi thi\u00ean nhi\u00ean v\u00e0 ng\u01b0\u1eddi d\u00e2n l\u00e0ng bi\u1ec3n M\u0169i N\u00e9, B\u00ecnh Thu\u1eadn, Vi\u1ec7t Nam.","robots":{"index":"index","follow":"follow","max-snippet":"max-snippet:-1","max-image-preview":"max-image-preview:large","max-video-preview":"max-video-preview:-1"},"canonical":"https:\/\/www.phuhaibeachresortphanthiet.com\/vi\/","og_locale":"vi_VN","og_type":"article","og_title":"Trang ch\u1ee7 | Ph\u00fa H\u1ea3i Beach Resort & Spa Phan Thi\u1ebft","og_description":"\u1ea8n m\u00ecnh d\u01b0\u1edbi nh\u1eefng r\u1eb7ng d\u1eeba xanh b\u00ean v\u1ecbnh M\u0169i N\u00e9, Ph\u00fa H\u1ea3i Beach Resort & Spa Phan Thiet v\u1edbi n\u00e9t duy\u00ean d\u00e1ng trong l\u1ed1i ki\u1ebfn tr\u00fac Nam \u00c2u pha l\u1eabn n\u00e9t tinh t\u1ebf c\u1ee7a di s\u1ea3n truy\u1ec1n th\u1ed1ng Vi\u1ec7t Nam. V\u1ebb nguy\u00ean s\u01a1 c\u1ee7a b\u00e3i bi\u1ec3n tr\u1ea3i d\u00e0i d\u01b0\u1edbi nh\u1eefng tia n\u1eafng l\u1ea5p l\u00e1nh tr\u00ean s\u00f3ng bi\u1ec3n \u0111\u00e3 l\u00e0m say l\u00f2ng bi\u1ebft bao du kh\u00e1ch khi \u0111\u1ebfn v\u1edbi thi\u00ean nhi\u00ean v\u00e0 ng\u01b0\u1eddi d\u00e2n l\u00e0ng bi\u1ec3n M\u0169i N\u00e9, B\u00ecnh Thu\u1eadn, Vi\u1ec7t Nam.","og_url":"https:\/\/www.phuhaibeachresortphanthiet.com\/vi\/","og_site_name":"Phu Hai Beach Resort &amp; Spa Phan Thiet","article_modified_time":"2026-02-19T03:12:23+00:00","og_image":[{"width":2200,"height":1650,"url":"https:\/\/www.phuhaibeachresortphanthiet.com\/wp-content\/uploads\/sites\/143\/2026\/01\/Slide3.jpg","type":"image\/jpeg"}],"twitter_card":"summary_large_image","twitter_misc":{"Est. reading time":"1 minute"},"schema":{"@context":"https:\/\/schema.org","@graph":[{"@type":"WebPage","@id":"https:\/\/www.phuhaibeachresortphanthiet.com\/vi\/","url":"https:\/\/www.phuhaibeachresortphanthiet.com\/vi\/","name":"Trang ch\u1ee7 | Ph\u00fa H\u1ea3i Beach Resort & Spa Phan Thi\u1ebft","isPartOf":{"@id":"https:\/\/www.phuhaibeachresortphanthiet.com\/vi\/#website"},"primaryImageOfPage":{"@id":"https:\/\/www.phuhaibeachresortphanthiet.com\/vi\/#primaryimage"},"image":{"@id":"https:\/\/www.phuhaibeachresortphanthiet.com\/vi\/#primaryimage"},"thumbnailUrl":"https:\/\/www.phuhaibeachresortphanthiet.com\/wp-content\/uploads\/sites\/143\/2026\/01\/Slide3.jpg","datePublished":"2026-01-08T13:22:02+00:00","dateModified":"2026-02-19T03:12:23+00:00","description":"\u1ea8n m\u00ecnh d\u01b0\u1edbi nh\u1eefng r\u1eb7ng d\u1eeba xanh b\u00ean v\u1ecbnh M\u0169i N\u00e9, Ph\u00fa H\u1ea3i Beach Resort & Spa Phan Thiet v\u1edbi n\u00e9t duy\u00ean d\u00e1ng trong l\u1ed1i ki\u1ebfn tr\u00fac Nam \u00c2u pha l\u1eabn n\u00e9t tinh t\u1ebf c\u1ee7a di s\u1ea3n truy\u1ec1n th\u1ed1ng Vi\u1ec7t Nam. V\u1ebb nguy\u00ean s\u01a1 c\u1ee7a b\u00e3i bi\u1ec3n tr\u1ea3i d\u00e0i d\u01b0\u1edbi nh\u1eefng tia n\u1eafng l\u1ea5p l\u00e1nh tr\u00ean s\u00f3ng bi\u1ec3n \u0111\u00e3 l\u00e0m say l\u00f2ng bi\u1ebft bao du kh\u00e1ch khi \u0111\u1ebfn v\u1edbi thi\u00ean nhi\u00ean v\u00e0 ng\u01b0\u1eddi d\u00e2n l\u00e0ng bi\u1ec3n M\u0169i N\u00e9, B\u00ecnh Thu\u1eadn, Vi\u1ec7t Nam.","breadcrumb":{"@id":"https:\/\/www.phuhaibeachresortphanthiet.com\/vi\/#breadcrumb"},"inLanguage":"vi-VN","potentialAction":[{"@type":"ReadAction","target":["https:\/\/www.phuhaibeachresortphanthiet.com\/vi\/"]}]},{"@type":"ImageObject","inLanguage":"vi-VN","@id":"https:\/\/www.phuhaibeachresortphanthiet.com\/vi\/#primaryimage","url":"https:\/\/www.phuhaibeachresortphanthiet.com\/wp-content\/uploads\/sites\/143\/2026\/01\/Slide3.jpg","contentUrl":"https:\/\/www.phuhaibeachresortphanthiet.com\/wp-content\/uploads\/sites\/143\/2026\/01\/Slide3.jpg","width":2200,"height":1650},{"@type":"BreadcrumbList","@id":"https:\/\/www.phuhaibeachresortphanthiet.com\/vi\/#breadcrumb","itemListElement":[{"@type":"ListItem","position":1,"name":"Home","item":"https:\/\/www.phuhaibeachresortphanthiet.com\/vi\/"},{"@type":"ListItem","position":2,"name":"Phu Hai Beach Resort &#038; Spa Phan Thiet"}]},{"@type":"WebSite","@id":"https:\/\/www.phuhaibeachresortphanthiet.com\/vi\/#website","url":"https:\/\/www.phuhaibeachresortphanthiet.com\/vi\/","name":"Phu Hai Beach Resort & Spa Phan Thiet","description":"","potentialAction":[{"@type":"SearchAction","target":{"@type":"EntryPoint","urlTemplate":"https:\/\/www.phuhaibeachresortphanthiet.com\/vi\/?s={search_term_string}"},"query-input":"required name=search_term_string"}],"inLanguage":"vi-VN"}]}},"acf":[],"_links":{"self":[{"href":"https:\/\/www.phuhaibeachresortphanthiet.com\/vi\/wp-json\/wp\/v2\/pages\/5"}],"collection":[{"href":"https:\/\/www.phuhaibeachresortphanthiet.com\/vi\/wp-json\/wp\/v2\/pages"}],"about":[{"href":"https:\/\/www.phuhaibeachresortphanthiet.com\/vi\/wp-json\/wp\/v2\/types\/page"}],"author":[{"embeddable":true,"href":"https:\/\/www.phuhaibeachresortphanthiet.com\/vi\/wp-json\/wp\/v2\/users\/90"}],"replies":[{"embeddable":true,"href":"https:\/\/www.phuhaibeachresortphanthiet.com\/vi\/wp-json\/wp\/v2\/comments?post=5"}],"version-history":[{"count":0,"href":"https:\/\/www.phuhaibeachresortphanthiet.com\/vi\/wp-json\/wp\/v2\/pages\/5\/revisions"}],"wp:featuredmedia":[{"embeddable":true,"href":"https:\/\/www.phuhaibeachresortphanthiet.com\/vi\/wp-json\/wp\/v2\/media\/11"}],"wp:attachment":[{"href":"https:\/\/www.phuhaibeachresortphanthiet.com\/vi\/wp-json\/wp\/v2\/media?parent=5"}],"curies":[{"name":"wp","href":"https:\/\/api.w.org\/{rel}","templated":true}]}}