{"id":41,"date":"2026-01-10T08:17:58","date_gmt":"2026-01-10T08:17:58","guid":{"rendered":"https:\/\/phuhaibeachresortphanthiet.ms2.decms.asia\/?page_id=41"},"modified":"2026-02-06T07:31:13","modified_gmt":"2026-02-06T07:31:13","slug":"destination","status":"publish","type":"page","link":"https:\/\/www.phuhaibeachresortphanthiet.com\/vi\/destination\/","title":{"rendered":"\u0110i\u1ec3m \u0111\u1ebfn"},"content":{"rendered":"<p>Phan Thi\u1ebft l\u00e0 th\u00e0nh ph\u1ed1 bi\u1ec3n mang \u0111\u1ebfn h\u00e0nh tr\u00ecnh \u0111a d\u1ea1ng v\u1edbi nhi\u1ec1u \u0111i\u1ec3m \u0111\u1ebfn v\u0103n h\u00f3a v\u00e0 thi\u00ean nhi\u00ean. Du kh\u00e1ch c\u00f3 th\u1ec3 kh\u00e1m ph\u00e1 L\u00e0ng ngh\u1ec1 n\u01b0\u1edbc m\u1eafm, Ch\u1ee3 H\u00e0m Ti\u1ebfn, L\u00e0ng ch\u00e0i M\u0169i N\u00e9 \u0111\u1ec3 c\u1ea3m nh\u1eadn nh\u1ecbp s\u1ed1ng \u0111\u1ecba ph\u01b0\u01a1ng; chi\u00eam ng\u01b0\u1ee1ng Th\u00e1p Ch\u0103m Po Sah In\u01b0, Tr\u01b0\u1eddng D\u1ee5c Thanh, B\u1ea3o t\u00e0ng H\u1ed3 Ch\u00ed Minh \u2013 Chi nh\u00e1nh B\u00ecnh Thu\u1eadn c\u00f9ng Th\u00e1p N\u01b0\u1edbc Phan Thi\u1ebft \u0111\u1ec3 t\u00ecm hi\u1ec3u l\u1ecbch s\u1eed. Thi\u00ean nhi\u00ean k\u1ef3 th\u00fa hi\u1ec7n di\u1ec7n t\u1ea1i Su\u1ed1i Ti\u00ean M\u0169i N\u00e9, \u0110\u1ed3i C\u00e1t \u0110\u1ecf, B\u00e0u Tr\u1eafng, B\u00e3i \u0110\u00e1 \u00d4ng \u0110\u1ecba, H\u1ea3i \u0110\u0103ng K\u00ea G\u00e0 v\u00e0 N\u00fai T\u00e0 C\u00fa. \u0110\u1eb7c bi\u1ec7t, L\u00e2u \u0110\u00e0i R\u01b0\u1ee3u Vang v\u00e0 L\u1ea7u \u00d4ng Ho\u00e0ng t\u1ea1o n\u00ean \u0111i\u1ec3m nh\u1ea5n \u0111\u1ed9c \u0111\u00e1o, k\u1ebft h\u1ee3p gi\u1eefa ki\u1ebfn tr\u00fac v\u00e0 v\u0103n h\u00f3a.<\/p>\n","protected":false},"excerpt":{"rendered":"<p>Phan Thi\u1ebft l\u00e0 th\u00e0nh ph\u1ed1 bi\u1ec3n mang \u0111\u1ebfn h\u00e0nh tr\u00ecnh \u0111a d\u1ea1ng v\u1edbi nhi\u1ec1u \u0111i\u1ec3m \u0111\u1ebfn v\u0103n h\u00f3a v\u00e0 thi\u00ean nhi\u00ean. Du kh\u00e1ch c\u00f3 th\u1ec3 kh\u00e1m ph\u00e1 L\u00e0ng ngh\u1ec1 n\u01b0\u1edbc m\u1eafm, Ch\u1ee3 H\u00e0m Ti\u1ebfn, L\u00e0ng ch\u00e0i M\u0169i N\u00e9 \u0111\u1ec3 c\u1ea3m nh\u1eadn nh\u1ecbp s\u1ed1ng \u0111\u1ecba ph\u01b0\u01a1ng; chi\u00eam ng\u01b0\u1ee1ng Th\u00e1p Ch\u0103m Po Sah In\u01b0, Tr\u01b0\u1eddng D\u1ee5c Thanh, [&hellip;]<\/p>\n","protected":false},"author":90,"featured_media":0,"parent":0,"menu_order":0,"comment_status":"closed","ping_status":"closed","template":"template-location.php","meta":{"footnotes":""},"yoast_head":"<!-- This site is optimized with the Yoast SEO plugin v22.3 - https:\/\/yoast.com\/wordpress\/plugins\/seo\/ -->\n<title>Destinations | Phu Hai Beach Resort &amp; Spa Phan Thi\u1ebft<\/title>\n<meta name=\"description\" content=\"Phan Thi\u1ebft mang \u0111\u1ebfn h\u00e0nh tr\u00ecnh \u0111a d\u1ea1ng: thi\u00ean nhi\u00ean k\u1ef3 th\u00fa, di s\u1ea3n v\u0103n h\u00f3a v\u00e0 tr\u1ea3i nghi\u1ec7m \u0111\u1ecba ph\u01b0\u01a1ng \u0111\u1ed9c \u0111\u00e1o.\" \/>\n<meta name=\"robots\" content=\"index, follow, max-snippet:-1, max-image-preview:large, max-video-preview:-1\" \/>\n<link rel=\"canonical\" href=\"https:\/\/www.phuhaibeachresortphanthiet.com\/vi\/destination\/\" \/>\n<meta property=\"og:locale\" content=\"vi_VN\" \/>\n<meta property=\"og:type\" content=\"article\" \/>\n<meta property=\"og:title\" content=\"Destinations | Phu Hai Beach Resort &amp; Spa Phan Thi\u1ebft\" \/>\n<meta property=\"og:description\" content=\"Phan Thi\u1ebft mang \u0111\u1ebfn h\u00e0nh tr\u00ecnh \u0111a d\u1ea1ng: thi\u00ean nhi\u00ean k\u1ef3 th\u00fa, di s\u1ea3n v\u0103n h\u00f3a v\u00e0 tr\u1ea3i nghi\u1ec7m \u0111\u1ecba ph\u01b0\u01a1ng \u0111\u1ed9c \u0111\u00e1o.\" \/>\n<meta property=\"og:url\" content=\"https:\/\/www.phuhaibeachresortphanthiet.com\/vi\/destination\/\" \/>\n<meta property=\"og:site_name\" content=\"Phu Hai Beach Resort &amp; Spa Phan Thiet\" \/>\n<meta property=\"article:modified_time\" content=\"2026-02-06T07:31:13+00:00\" \/>\n<meta name=\"twitter:card\" content=\"summary_large_image\" \/>\n<meta name=\"twitter:label1\" content=\"Est. reading time\" \/>\n\t<meta name=\"twitter:data1\" content=\"1 minute\" \/>\n<script type=\"application\/ld+json\" class=\"yoast-schema-graph\">{\"@context\":\"https:\/\/schema.org\",\"@graph\":[{\"@type\":\"WebPage\",\"@id\":\"https:\/\/www.phuhaibeachresortphanthiet.com\/vi\/destination\/\",\"url\":\"https:\/\/www.phuhaibeachresortphanthiet.com\/vi\/destination\/\",\"name\":\"Destinations | Phu Hai Beach Resort & Spa Phan Thi\u1ebft\",\"isPartOf\":{\"@id\":\"https:\/\/www.phuhaibeachresortphanthiet.com\/vi\/#website\"},\"datePublished\":\"2026-01-10T08:17:58+00:00\",\"dateModified\":\"2026-02-06T07:31:13+00:00\",\"description\":\"Phan Thi\u1ebft mang \u0111\u1ebfn h\u00e0nh tr\u00ecnh \u0111a d\u1ea1ng: thi\u00ean nhi\u00ean k\u1ef3 th\u00fa, di s\u1ea3n v\u0103n h\u00f3a v\u00e0 tr\u1ea3i nghi\u1ec7m \u0111\u1ecba ph\u01b0\u01a1ng \u0111\u1ed9c \u0111\u00e1o.\",\"breadcrumb\":{\"@id\":\"https:\/\/www.phuhaibeachresortphanthiet.com\/vi\/destination\/#breadcrumb\"},\"inLanguage\":\"vi-VN\",\"potentialAction\":[{\"@type\":\"ReadAction\",\"target\":[\"https:\/\/www.phuhaibeachresortphanthiet.com\/vi\/destination\/\"]}]},{\"@type\":\"BreadcrumbList\",\"@id\":\"https:\/\/www.phuhaibeachresortphanthiet.com\/vi\/destination\/#breadcrumb\",\"itemListElement\":[{\"@type\":\"ListItem\",\"position\":1,\"name\":\"Home\",\"item\":\"https:\/\/www.phuhaibeachresortphanthiet.com\/vi\/\"},{\"@type\":\"ListItem\",\"position\":2,\"name\":\"\u0110i\u1ec3m \u0111\u1ebfn\"}]},{\"@type\":\"WebSite\",\"@id\":\"https:\/\/www.phuhaibeachresortphanthiet.com\/vi\/#website\",\"url\":\"https:\/\/www.phuhaibeachresortphanthiet.com\/vi\/\",\"name\":\"Phu Hai Beach Resort & Spa Phan Thiet\",\"description\":\"\",\"potentialAction\":[{\"@type\":\"SearchAction\",\"target\":{\"@type\":\"EntryPoint\",\"urlTemplate\":\"https:\/\/www.phuhaibeachresortphanthiet.com\/vi\/?s={search_term_string}\"},\"query-input\":\"required name=search_term_string\"}],\"inLanguage\":\"vi-VN\"}]}<\/script>\n<!-- \/ Yoast SEO plugin. -->","yoast_head_json":{"title":"Destinations | Phu Hai Beach Resort & Spa Phan Thi\u1ebft","description":"Phan Thi\u1ebft mang \u0111\u1ebfn h\u00e0nh tr\u00ecnh \u0111a d\u1ea1ng: thi\u00ean nhi\u00ean k\u1ef3 th\u00fa, di s\u1ea3n v\u0103n h\u00f3a v\u00e0 tr\u1ea3i nghi\u1ec7m \u0111\u1ecba ph\u01b0\u01a1ng \u0111\u1ed9c \u0111\u00e1o.","robots":{"index":"index","follow":"follow","max-snippet":"max-snippet:-1","max-image-preview":"max-image-preview:large","max-video-preview":"max-video-preview:-1"},"canonical":"https:\/\/www.phuhaibeachresortphanthiet.com\/vi\/destination\/","og_locale":"vi_VN","og_type":"article","og_title":"Destinations | Phu Hai Beach Resort & Spa Phan Thi\u1ebft","og_description":"Phan Thi\u1ebft mang \u0111\u1ebfn h\u00e0nh tr\u00ecnh \u0111a d\u1ea1ng: thi\u00ean nhi\u00ean k\u1ef3 th\u00fa, di s\u1ea3n v\u0103n h\u00f3a v\u00e0 tr\u1ea3i nghi\u1ec7m \u0111\u1ecba ph\u01b0\u01a1ng \u0111\u1ed9c \u0111\u00e1o.","og_url":"https:\/\/www.phuhaibeachresortphanthiet.com\/vi\/destination\/","og_site_name":"Phu Hai Beach Resort &amp; Spa Phan Thiet","article_modified_time":"2026-02-06T07:31:13+00:00","twitter_card":"summary_large_image","twitter_misc":{"Est. reading time":"1 minute"},"schema":{"@context":"https:\/\/schema.org","@graph":[{"@type":"WebPage","@id":"https:\/\/www.phuhaibeachresortphanthiet.com\/vi\/destination\/","url":"https:\/\/www.phuhaibeachresortphanthiet.com\/vi\/destination\/","name":"Destinations | Phu Hai Beach Resort & Spa Phan Thi\u1ebft","isPartOf":{"@id":"https:\/\/www.phuhaibeachresortphanthiet.com\/vi\/#website"},"datePublished":"2026-01-10T08:17:58+00:00","dateModified":"2026-02-06T07:31:13+00:00","description":"Phan Thi\u1ebft mang \u0111\u1ebfn h\u00e0nh tr\u00ecnh \u0111a d\u1ea1ng: thi\u00ean nhi\u00ean k\u1ef3 th\u00fa, di s\u1ea3n v\u0103n h\u00f3a v\u00e0 tr\u1ea3i nghi\u1ec7m \u0111\u1ecba ph\u01b0\u01a1ng \u0111\u1ed9c \u0111\u00e1o.","breadcrumb":{"@id":"https:\/\/www.phuhaibeachresortphanthiet.com\/vi\/destination\/#breadcrumb"},"inLanguage":"vi-VN","potentialAction":[{"@type":"ReadAction","target":["https:\/\/www.phuhaibeachresortphanthiet.com\/vi\/destination\/"]}]},{"@type":"BreadcrumbList","@id":"https:\/\/www.phuhaibeachresortphanthiet.com\/vi\/destination\/#breadcrumb","itemListElement":[{"@type":"ListItem","position":1,"name":"Home","item":"https:\/\/www.phuhaibeachresortphanthiet.com\/vi\/"},{"@type":"ListItem","position":2,"name":"\u0110i\u1ec3m \u0111\u1ebfn"}]},{"@type":"WebSite","@id":"https:\/\/www.phuhaibeachresortphanthiet.com\/vi\/#website","url":"https:\/\/www.phuhaibeachresortphanthiet.com\/vi\/","name":"Phu Hai Beach Resort & Spa Phan Thiet","description":"","potentialAction":[{"@type":"SearchAction","target":{"@type":"EntryPoint","urlTemplate":"https:\/\/www.phuhaibeachresortphanthiet.com\/vi\/?s={search_term_string}"},"query-input":"required name=search_term_string"}],"inLanguage":"vi-VN"}]}},"acf":[],"_links":{"self":[{"href":"https:\/\/www.phuhaibeachresortphanthiet.com\/vi\/wp-json\/wp\/v2\/pages\/41"}],"collection":[{"href":"https:\/\/www.phuhaibeachresortphanthiet.com\/vi\/wp-json\/wp\/v2\/pages"}],"about":[{"href":"https:\/\/www.phuhaibeachresortphanthiet.com\/vi\/wp-json\/wp\/v2\/types\/page"}],"author":[{"embeddable":true,"href":"https:\/\/www.phuhaibeachresortphanthiet.com\/vi\/wp-json\/wp\/v2\/users\/90"}],"replies":[{"embeddable":true,"href":"https:\/\/www.phuhaibeachresortphanthiet.com\/vi\/wp-json\/wp\/v2\/comments?post=41"}],"version-history":[{"count":0,"href":"https:\/\/www.phuhaibeachresortphanthiet.com\/vi\/wp-json\/wp\/v2\/pages\/41\/revisions"}],"wp:attachment":[{"href":"https:\/\/www.phuhaibeachresortphanthiet.com\/vi\/wp-json\/wp\/v2\/media?parent=41"}],"curies":[{"name":"wp","href":"https:\/\/api.w.org\/{rel}","templated":true}]}}