{"id":39,"date":"2026-01-10T08:09:16","date_gmt":"2026-01-10T08:09:16","guid":{"rendered":"https:\/\/phuhaibeachresortphanthiet.ms2.decms.asia\/?page_id=39"},"modified":"2026-04-07T09:23:34","modified_gmt":"2026-04-07T09:23:34","slug":"sauna","status":"publish","type":"page","link":"https:\/\/www.phuhaibeachresortphanthiet.com\/vi\/spa-beauty\/sauna\/","title":{"rendered":"X\u00f4ng h\u01a1i kh\u00f4"},"content":{"rendered":"<p>T\u1ea1i Phu Hai Beach Resort &amp; Spa Phan Thiet, ph\u00f2ng Sauna mang \u0111\u1ebfn li\u1ec7u ph\u00e1p x\u00f4ng h\u01a1i kh\u00f4 \u0111\u1ea7y s\u1ea3ng kho\u00e1i. Nhi\u1ec7t \u0111\u1ed9 \u1ea5m \u00e1p gi\u00fap k\u00edch th\u00edch tu\u1ea7n ho\u00e0n m\u00e1u, gi\u1ea3m c\u0103ng c\u01a1 v\u00e0 h\u1ed7 tr\u1ee3 th\u1ea3i \u0111\u1ed9c. Kh\u00f4ng gian y\u00ean t\u0129nh t\u1ea1o c\u1ea3m gi\u00e1c th\u01b0 gi\u00e3n s\u00e2u, \u0111\u1ed3ng th\u1eddi n\u00e2ng cao s\u1ee9c kh\u1ecfe t\u1ed5ng th\u1ec3. M\u1ed7i bu\u1ed5i x\u00f4ng h\u01a1i kh\u00f4 l\u00e0 h\u00e0nh tr\u00ecnh l\u00e0m m\u1edbi c\u01a1 th\u1ec3, kh\u00f4i ph\u1ee5c sinh l\u1ef1c v\u00e0 c\u00e2n b\u1eb1ng, \u0111em l\u1ea1i phong c\u00e1ch s\u1ed1ng kh\u1ecfe m\u1ea1nh b\u00ean bi\u1ec3n.<\/p>\n","protected":false},"excerpt":{"rendered":"<p>T\u1ea1i Phu Hai Beach Resort &amp; Spa Phan Thiet, ph\u00f2ng Sauna mang \u0111\u1ebfn li\u1ec7u ph\u00e1p x\u00f4ng h\u01a1i kh\u00f4 \u0111\u1ea7y s\u1ea3ng kho\u00e1i. Nhi\u1ec7t \u0111\u1ed9 \u1ea5m \u00e1p gi\u00fap k\u00edch th\u00edch tu\u1ea7n ho\u00e0n m\u00e1u, gi\u1ea3m c\u0103ng c\u01a1 v\u00e0 h\u1ed7 tr\u1ee3 th\u1ea3i \u0111\u1ed9c. Kh\u00f4ng gian y\u00ean t\u0129nh t\u1ea1o c\u1ea3m gi\u00e1c th\u01b0 gi\u00e3n s\u00e2u, \u0111\u1ed3ng th\u1eddi n\u00e2ng cao s\u1ee9c kh\u1ecfe [&hellip;]<\/p>\n","protected":false},"author":90,"featured_media":335,"parent":37,"menu_order":1,"comment_status":"closed","ping_status":"closed","template":"template-single-spa.php","meta":{"footnotes":""},"yoast_head":"<!-- This site is optimized with the Yoast SEO plugin v22.3 - https:\/\/yoast.com\/wordpress\/plugins\/seo\/ -->\n<title>X\u00f4ng h\u01a1i kh\u00f4 - Phu Hai Beach Resort &amp; Spa Phan Thiet<\/title>\n<meta name=\"robots\" content=\"index, follow, max-snippet:-1, max-image-preview:large, max-video-preview:-1\" \/>\n<link rel=\"canonical\" href=\"https:\/\/www.phuhaibeachresortphanthiet.com\/vi\/spa-beauty\/sauna\/\" \/>\n<meta property=\"og:locale\" content=\"vi_VN\" \/>\n<meta property=\"og:type\" content=\"article\" \/>\n<meta property=\"og:title\" content=\"X\u00f4ng h\u01a1i kh\u00f4 - Phu Hai Beach Resort &amp; Spa Phan Thiet\" \/>\n<meta property=\"og:description\" content=\"T\u1ea1i Phu Hai Beach Resort &amp; Spa Phan Thiet, ph\u00f2ng Sauna mang \u0111\u1ebfn li\u1ec7u ph\u00e1p x\u00f4ng h\u01a1i kh\u00f4 \u0111\u1ea7y s\u1ea3ng kho\u00e1i. Nhi\u1ec7t \u0111\u1ed9 \u1ea5m \u00e1p gi\u00fap k\u00edch th\u00edch tu\u1ea7n ho\u00e0n m\u00e1u, gi\u1ea3m c\u0103ng c\u01a1 v\u00e0 h\u1ed7 tr\u1ee3 th\u1ea3i \u0111\u1ed9c. Kh\u00f4ng gian y\u00ean t\u0129nh t\u1ea1o c\u1ea3m gi\u00e1c th\u01b0 gi\u00e3n s\u00e2u, \u0111\u1ed3ng th\u1eddi n\u00e2ng cao s\u1ee9c kh\u1ecfe [&hellip;]\" \/>\n<meta property=\"og:url\" content=\"https:\/\/www.phuhaibeachresortphanthiet.com\/vi\/spa-beauty\/sauna\/\" \/>\n<meta property=\"og:site_name\" content=\"Phu Hai Beach Resort &amp; Spa Phan Thiet\" \/>\n<meta property=\"article:modified_time\" content=\"2026-04-07T09:23:34+00:00\" \/>\n<meta property=\"og:image\" content=\"https:\/\/www.phuhaibeachresortphanthiet.com\/wp-content\/uploads\/sites\/143\/2026\/04\/477443058_1016473357171659_8073298929679430582_n.jpg\" \/>\n\t<meta property=\"og:image:width\" content=\"2048\" \/>\n\t<meta property=\"og:image:height\" content=\"2048\" \/>\n\t<meta property=\"og:image:type\" content=\"image\/jpeg\" \/>\n<meta name=\"twitter:card\" content=\"summary_large_image\" \/>\n<meta name=\"twitter:label1\" content=\"Est. reading time\" \/>\n\t<meta name=\"twitter:data1\" content=\"1 minute\" \/>\n<script type=\"application\/ld+json\" class=\"yoast-schema-graph\">{\"@context\":\"https:\/\/schema.org\",\"@graph\":[{\"@type\":\"WebPage\",\"@id\":\"https:\/\/www.phuhaibeachresortphanthiet.com\/vi\/spa-beauty\/sauna\/\",\"url\":\"https:\/\/www.phuhaibeachresortphanthiet.com\/vi\/spa-beauty\/sauna\/\",\"name\":\"X\u00f4ng h\u01a1i kh\u00f4 - Phu Hai Beach Resort &amp; Spa Phan Thiet\",\"isPartOf\":{\"@id\":\"https:\/\/www.phuhaibeachresortphanthiet.com\/vi\/#website\"},\"primaryImageOfPage\":{\"@id\":\"https:\/\/www.phuhaibeachresortphanthiet.com\/vi\/spa-beauty\/sauna\/#primaryimage\"},\"image\":{\"@id\":\"https:\/\/www.phuhaibeachresortphanthiet.com\/vi\/spa-beauty\/sauna\/#primaryimage\"},\"thumbnailUrl\":\"https:\/\/www.phuhaibeachresortphanthiet.com\/wp-content\/uploads\/sites\/143\/2026\/04\/477443058_1016473357171659_8073298929679430582_n.jpg\",\"datePublished\":\"2026-01-10T08:09:16+00:00\",\"dateModified\":\"2026-04-07T09:23:34+00:00\",\"breadcrumb\":{\"@id\":\"https:\/\/www.phuhaibeachresortphanthiet.com\/vi\/spa-beauty\/sauna\/#breadcrumb\"},\"inLanguage\":\"vi-VN\",\"potentialAction\":[{\"@type\":\"ReadAction\",\"target\":[\"https:\/\/www.phuhaibeachresortphanthiet.com\/vi\/spa-beauty\/sauna\/\"]}]},{\"@type\":\"ImageObject\",\"inLanguage\":\"vi-VN\",\"@id\":\"https:\/\/www.phuhaibeachresortphanthiet.com\/vi\/spa-beauty\/sauna\/#primaryimage\",\"url\":\"https:\/\/www.phuhaibeachresortphanthiet.com\/wp-content\/uploads\/sites\/143\/2026\/04\/477443058_1016473357171659_8073298929679430582_n.jpg\",\"contentUrl\":\"https:\/\/www.phuhaibeachresortphanthiet.com\/wp-content\/uploads\/sites\/143\/2026\/04\/477443058_1016473357171659_8073298929679430582_n.jpg\",\"width\":2048,\"height\":2048},{\"@type\":\"BreadcrumbList\",\"@id\":\"https:\/\/www.phuhaibeachresortphanthiet.com\/vi\/spa-beauty\/sauna\/#breadcrumb\",\"itemListElement\":[{\"@type\":\"ListItem\",\"position\":1,\"name\":\"Home\",\"item\":\"https:\/\/www.phuhaibeachresortphanthiet.com\/vi\/\"},{\"@type\":\"ListItem\",\"position\":2,\"name\":\"Spa &amp; Ch\u0103m s\u00f3c s\u1ee9c kh\u1ecfe\",\"item\":\"https:\/\/www.phuhaibeachresortphanthiet.com\/vi\/spa-beauty\/\"},{\"@type\":\"ListItem\",\"position\":3,\"name\":\"X\u00f4ng h\u01a1i kh\u00f4\"}]},{\"@type\":\"WebSite\",\"@id\":\"https:\/\/www.phuhaibeachresortphanthiet.com\/vi\/#website\",\"url\":\"https:\/\/www.phuhaibeachresortphanthiet.com\/vi\/\",\"name\":\"Phu Hai Beach Resort & Spa Phan Thiet\",\"description\":\"\",\"potentialAction\":[{\"@type\":\"SearchAction\",\"target\":{\"@type\":\"EntryPoint\",\"urlTemplate\":\"https:\/\/www.phuhaibeachresortphanthiet.com\/vi\/?s={search_term_string}\"},\"query-input\":\"required name=search_term_string\"}],\"inLanguage\":\"vi-VN\"}]}<\/script>\n<!-- \/ Yoast SEO plugin. -->","yoast_head_json":{"title":"X\u00f4ng h\u01a1i kh\u00f4 - Phu Hai Beach Resort &amp; Spa Phan Thiet","robots":{"index":"index","follow":"follow","max-snippet":"max-snippet:-1","max-image-preview":"max-image-preview:large","max-video-preview":"max-video-preview:-1"},"canonical":"https:\/\/www.phuhaibeachresortphanthiet.com\/vi\/spa-beauty\/sauna\/","og_locale":"vi_VN","og_type":"article","og_title":"X\u00f4ng h\u01a1i kh\u00f4 - Phu Hai Beach Resort &amp; Spa Phan Thiet","og_description":"T\u1ea1i Phu Hai Beach Resort &amp; Spa Phan Thiet, ph\u00f2ng Sauna mang \u0111\u1ebfn li\u1ec7u ph\u00e1p x\u00f4ng h\u01a1i kh\u00f4 \u0111\u1ea7y s\u1ea3ng kho\u00e1i. Nhi\u1ec7t \u0111\u1ed9 \u1ea5m \u00e1p gi\u00fap k\u00edch th\u00edch tu\u1ea7n ho\u00e0n m\u00e1u, gi\u1ea3m c\u0103ng c\u01a1 v\u00e0 h\u1ed7 tr\u1ee3 th\u1ea3i \u0111\u1ed9c. Kh\u00f4ng gian y\u00ean t\u0129nh t\u1ea1o c\u1ea3m gi\u00e1c th\u01b0 gi\u00e3n s\u00e2u, \u0111\u1ed3ng th\u1eddi n\u00e2ng cao s\u1ee9c kh\u1ecfe [&hellip;]","og_url":"https:\/\/www.phuhaibeachresortphanthiet.com\/vi\/spa-beauty\/sauna\/","og_site_name":"Phu Hai Beach Resort &amp; Spa Phan Thiet","article_modified_time":"2026-04-07T09:23:34+00:00","og_image":[{"width":2048,"height":2048,"url":"https:\/\/www.phuhaibeachresortphanthiet.com\/wp-content\/uploads\/sites\/143\/2026\/04\/477443058_1016473357171659_8073298929679430582_n.jpg","type":"image\/jpeg"}],"twitter_card":"summary_large_image","twitter_misc":{"Est. reading time":"1 minute"},"schema":{"@context":"https:\/\/schema.org","@graph":[{"@type":"WebPage","@id":"https:\/\/www.phuhaibeachresortphanthiet.com\/vi\/spa-beauty\/sauna\/","url":"https:\/\/www.phuhaibeachresortphanthiet.com\/vi\/spa-beauty\/sauna\/","name":"X\u00f4ng h\u01a1i kh\u00f4 - Phu Hai Beach Resort &amp; Spa Phan Thiet","isPartOf":{"@id":"https:\/\/www.phuhaibeachresortphanthiet.com\/vi\/#website"},"primaryImageOfPage":{"@id":"https:\/\/www.phuhaibeachresortphanthiet.com\/vi\/spa-beauty\/sauna\/#primaryimage"},"image":{"@id":"https:\/\/www.phuhaibeachresortphanthiet.com\/vi\/spa-beauty\/sauna\/#primaryimage"},"thumbnailUrl":"https:\/\/www.phuhaibeachresortphanthiet.com\/wp-content\/uploads\/sites\/143\/2026\/04\/477443058_1016473357171659_8073298929679430582_n.jpg","datePublished":"2026-01-10T08:09:16+00:00","dateModified":"2026-04-07T09:23:34+00:00","breadcrumb":{"@id":"https:\/\/www.phuhaibeachresortphanthiet.com\/vi\/spa-beauty\/sauna\/#breadcrumb"},"inLanguage":"vi-VN","potentialAction":[{"@type":"ReadAction","target":["https:\/\/www.phuhaibeachresortphanthiet.com\/vi\/spa-beauty\/sauna\/"]}]},{"@type":"ImageObject","inLanguage":"vi-VN","@id":"https:\/\/www.phuhaibeachresortphanthiet.com\/vi\/spa-beauty\/sauna\/#primaryimage","url":"https:\/\/www.phuhaibeachresortphanthiet.com\/wp-content\/uploads\/sites\/143\/2026\/04\/477443058_1016473357171659_8073298929679430582_n.jpg","contentUrl":"https:\/\/www.phuhaibeachresortphanthiet.com\/wp-content\/uploads\/sites\/143\/2026\/04\/477443058_1016473357171659_8073298929679430582_n.jpg","width":2048,"height":2048},{"@type":"BreadcrumbList","@id":"https:\/\/www.phuhaibeachresortphanthiet.com\/vi\/spa-beauty\/sauna\/#breadcrumb","itemListElement":[{"@type":"ListItem","position":1,"name":"Home","item":"https:\/\/www.phuhaibeachresortphanthiet.com\/vi\/"},{"@type":"ListItem","position":2,"name":"Spa &amp; Ch\u0103m s\u00f3c s\u1ee9c kh\u1ecfe","item":"https:\/\/www.phuhaibeachresortphanthiet.com\/vi\/spa-beauty\/"},{"@type":"ListItem","position":3,"name":"X\u00f4ng h\u01a1i kh\u00f4"}]},{"@type":"WebSite","@id":"https:\/\/www.phuhaibeachresortphanthiet.com\/vi\/#website","url":"https:\/\/www.phuhaibeachresortphanthiet.com\/vi\/","name":"Phu Hai Beach Resort & Spa Phan Thiet","description":"","potentialAction":[{"@type":"SearchAction","target":{"@type":"EntryPoint","urlTemplate":"https:\/\/www.phuhaibeachresortphanthiet.com\/vi\/?s={search_term_string}"},"query-input":"required name=search_term_string"}],"inLanguage":"vi-VN"}]}},"acf":[],"_links":{"self":[{"href":"https:\/\/www.phuhaibeachresortphanthiet.com\/vi\/wp-json\/wp\/v2\/pages\/39"}],"collection":[{"href":"https:\/\/www.phuhaibeachresortphanthiet.com\/vi\/wp-json\/wp\/v2\/pages"}],"about":[{"href":"https:\/\/www.phuhaibeachresortphanthiet.com\/vi\/wp-json\/wp\/v2\/types\/page"}],"author":[{"embeddable":true,"href":"https:\/\/www.phuhaibeachresortphanthiet.com\/vi\/wp-json\/wp\/v2\/users\/90"}],"replies":[{"embeddable":true,"href":"https:\/\/www.phuhaibeachresortphanthiet.com\/vi\/wp-json\/wp\/v2\/comments?post=39"}],"version-history":[{"count":0,"href":"https:\/\/www.phuhaibeachresortphanthiet.com\/vi\/wp-json\/wp\/v2\/pages\/39\/revisions"}],"up":[{"embeddable":true,"href":"https:\/\/www.phuhaibeachresortphanthiet.com\/vi\/wp-json\/wp\/v2\/pages\/37"}],"wp:featuredmedia":[{"embeddable":true,"href":"https:\/\/www.phuhaibeachresortphanthiet.com\/vi\/wp-json\/wp\/v2\/media\/335"}],"wp:attachment":[{"href":"https:\/\/www.phuhaibeachresortphanthiet.com\/vi\/wp-json\/wp\/v2\/media?parent=39"}],"curies":[{"name":"wp","href":"https:\/\/api.w.org\/{rel}","templated":true}]}}