{"id":379,"date":"2026-04-23T05:45:12","date_gmt":"2026-04-23T05:45:12","guid":{"rendered":"https:\/\/www.phuhaibeachresortphanthiet.com\/?page_id=379"},"modified":"2026-04-23T07:21:37","modified_gmt":"2026-04-23T07:21:37","slug":"bbq-gala-dinner-3","status":"publish","type":"page","link":"https:\/\/www.phuhaibeachresortphanthiet.com\/vi\/specials-offers\/bbq-gala-dinner-3\/","title":{"rendered":"BBQ Gala Dinner"},"content":{"rendered":"<div dir=\"auto\">TH\u01af\u1edeNG TR\u1eccN V\u1eca BI\u1ec2N C\u1ea2 &#8211; CH\u1ec8 700.000++ VN\u0110\/ KH\u00c1CH<\/div>\n<div dir=\"auto\">K\u1ef3 ngh\u1ec9 L\u1ec5 n\u00e0y, Ph\u00fa H\u1ea3i m\u1eddi b\u1ea1n c\u00f9ng gia \u0111\u00ecnh c\u00f9ng t\u1eadn h\u01b0\u1edfng nh\u1ecbp \u0111i\u1ec7u \u00eam \u0111\u1ec1m c\u1ee7a bi\u1ec3n kh\u01a1i trong \u0111\u00eam ti\u1ec7c BBQ Gala Dinner d\u01b0\u1edbi \u00e1nh \u0111\u00e8n v\u00e0ng \u1ea5m \u00e1p v\u00e0 gi\u00f3 bi\u1ec3n m\u00e1t l\u00e0nh, m\u1ed9t h\u00e0nh tr\u00ecnh \u1ea9m th\u1ef1c \u0111\u00e1nh th\u1ee9c gi\u00e1c quan \u0111ang ch\u1edd \u0111\u00f3n &#8211; ch\u1ec9 700.000++ VN\u0110\/ kh\u00e1ch, bao g\u1ed3m:<\/div>\n<div dir=\"auto\"><span class=\"html-span xexx8yu xyri2b x18d9i69 x1c1uobl x1hl2dhg x16tdsg8 x1vvkbs x3nfvp2 x1j61x8r x1fcty0u xdj266r xat24cr xm2jcoa x1mpyi22 xxymvpz xlup9mm x1kky2od\">&#8211;<\/span> H\u1ea3i S\u1ea3n N\u01b0\u1edbng Than Hoa: T\u00f4m c\u00e0ng xanh, s\u00f2 \u0111i\u1ec7p Nh\u1eadt, h\u00e0u \u0111\u00e1 v\u00e0 c\u00e1 b\u1edbp nguy\u00ean con x\u00e8o x\u00e8o tr\u00ean l\u1eeda \u0111\u1ecf.<\/div>\n<div dir=\"auto\"><span class=\"html-span xexx8yu xyri2b x18d9i69 x1c1uobl x1hl2dhg x16tdsg8 x1vvkbs x3nfvp2 x1j61x8r x1fcty0u xdj266r xat24cr xm2jcoa x1mpyi22 xxymvpz xlup9mm x1kky2od\">&#8211; <\/span>Th\u1ecbt N\u01b0\u1edbng &amp; \u1ea8m Th\u1ef1c B\u1ea3n \u0110\u1ecba: S\u01b0\u1eddn b\u1eb9 n\u01b0\u1edbng BBQ \u0111\u1eadm \u0111\u00e0, B\u00e1nh x\u00e8o h\u1ea3i s\u1ea3n gi\u00f2n r\u1ee5m c\u00f9ng g\u00f3c Sushi thanh m\u00e1t.<\/div>\n<div dir=\"auto\">T\u1ea5t c\u1ea3 h\u00f2a quy\u1ec7n trong kh\u00f4ng gian \u00e2m nh\u1ea1c d\u1ecbu \u00eam, t\u1ea1o n\u00ean m\u1ed9t \u0111\u00eam \u0111o\u00e0n vi\u00ean tr\u1ecdn v\u1eb9n v\u00e0 t\u0129nh l\u1eb7ng.<\/div>\n<div dir=\"auto\"><span class=\"html-span xexx8yu xyri2b x18d9i69 x1c1uobl x1hl2dhg x16tdsg8 x1vvkbs x3nfvp2 x1j61x8r x1fcty0u xdj266r xat24cr xm2jcoa x1mpyi22 xxymvpz xlup9mm x1kky2od\">&#8211;<\/span>Th\u1eddi gian: 18:00 &#8211; 21:30 | Ng\u00e0y 01\/05\/2026<\/div>\n<div dir=\"auto\"><span class=\"html-span xexx8yu xyri2b x18d9i69 x1c1uobl x1hl2dhg x16tdsg8 x1vvkbs x3nfvp2 x1j61x8r x1fcty0u xdj266r xat24cr xm2jcoa x1mpyi22 xxymvpz xlup9mm x1kky2od\">&#8211;<\/span> \u0110\u1ecba \u0111i\u1ec3m: Khu v\u1ef1c H\u1ed3 b\u01a1i t\u1ea1i Ph\u00fa H\u1ea3i Beach Resort &amp; Spa Phan Thi\u1ebft<\/div>\n<div dir=\"auto\">\u00a0\u0110\u1eb7t b\u00e0n ngay!<\/div>\n","protected":false},"excerpt":{"rendered":"<p>TH\u01af\u1edeNG TR\u1eccN V\u1eca BI\u1ec2N C\u1ea2 &#8211; CH\u1ec8 700.000++ VN\u0110\/ KH\u00c1CH K\u1ef3 ngh\u1ec9 L\u1ec5 n\u00e0y, Ph\u00fa H\u1ea3i m\u1eddi b\u1ea1n c\u00f9ng gia \u0111\u00ecnh c\u00f9ng t\u1eadn h\u01b0\u1edfng nh\u1ecbp \u0111i\u1ec7u \u00eam \u0111\u1ec1m c\u1ee7a bi\u1ec3n kh\u01a1i trong \u0111\u00eam ti\u1ec7c BBQ Gala Dinner d\u01b0\u1edbi \u00e1nh \u0111\u00e8n v\u00e0ng \u1ea5m \u00e1p v\u00e0 gi\u00f3 bi\u1ec3n m\u00e1t l\u00e0nh, m\u1ed9t h\u00e0nh tr\u00ecnh \u1ea9m th\u1ef1c \u0111\u00e1nh th\u1ee9c [&hellip;]<\/p>\n","protected":false},"author":268,"featured_media":373,"parent":29,"menu_order":0,"comment_status":"closed","ping_status":"closed","template":"template-single-offer.php","meta":{"footnotes":""},"yoast_head":"<!-- This site is optimized with the Yoast SEO plugin v22.3 - https:\/\/yoast.com\/wordpress\/plugins\/seo\/ -->\n<title>BBQ Gala Dinner - Phu Hai Beach Resort &amp; Spa Phan Thiet<\/title>\n<meta name=\"robots\" content=\"index, follow, max-snippet:-1, max-image-preview:large, max-video-preview:-1\" \/>\n<link rel=\"canonical\" href=\"https:\/\/www.phuhaibeachresortphanthiet.com\/vi\/specials-offers\/bbq-gala-dinner-3\/\" \/>\n<meta property=\"og:locale\" content=\"vi_VN\" \/>\n<meta property=\"og:type\" content=\"article\" \/>\n<meta property=\"og:title\" content=\"BBQ Gala Dinner - Phu Hai Beach Resort &amp; Spa Phan Thiet\" \/>\n<meta property=\"og:description\" content=\"TH\u01af\u1edeNG TR\u1eccN V\u1eca BI\u1ec2N C\u1ea2 &#8211; CH\u1ec8 700.000++ VN\u0110\/ KH\u00c1CH K\u1ef3 ngh\u1ec9 L\u1ec5 n\u00e0y, Ph\u00fa H\u1ea3i m\u1eddi b\u1ea1n c\u00f9ng gia \u0111\u00ecnh c\u00f9ng t\u1eadn h\u01b0\u1edfng nh\u1ecbp \u0111i\u1ec7u \u00eam \u0111\u1ec1m c\u1ee7a bi\u1ec3n kh\u01a1i trong \u0111\u00eam ti\u1ec7c BBQ Gala Dinner d\u01b0\u1edbi \u00e1nh \u0111\u00e8n v\u00e0ng \u1ea5m \u00e1p v\u00e0 gi\u00f3 bi\u1ec3n m\u00e1t l\u00e0nh, m\u1ed9t h\u00e0nh tr\u00ecnh \u1ea9m th\u1ef1c \u0111\u00e1nh th\u1ee9c [&hellip;]\" \/>\n<meta property=\"og:url\" content=\"https:\/\/www.phuhaibeachresortphanthiet.com\/vi\/specials-offers\/bbq-gala-dinner-3\/\" \/>\n<meta property=\"og:site_name\" content=\"Phu Hai Beach Resort &amp; Spa Phan Thiet\" \/>\n<meta property=\"article:modified_time\" content=\"2026-04-23T07:21:37+00:00\" \/>\n<meta property=\"og:image\" content=\"https:\/\/www.phuhaibeachresortphanthiet.com\/wp-content\/uploads\/sites\/143\/2026\/04\/304-poster-1100-x-769-px.png\" \/>\n\t<meta property=\"og:image:width\" content=\"1100\" \/>\n\t<meta property=\"og:image:height\" content=\"769\" \/>\n\t<meta property=\"og:image:type\" content=\"image\/png\" \/>\n<meta name=\"twitter:card\" content=\"summary_large_image\" \/>\n<meta name=\"twitter:label1\" content=\"Est. reading time\" \/>\n\t<meta name=\"twitter:data1\" content=\"1 minute\" \/>\n<script type=\"application\/ld+json\" class=\"yoast-schema-graph\">{\"@context\":\"https:\/\/schema.org\",\"@graph\":[{\"@type\":\"WebPage\",\"@id\":\"https:\/\/www.phuhaibeachresortphanthiet.com\/vi\/specials-offers\/bbq-gala-dinner-3\/\",\"url\":\"https:\/\/www.phuhaibeachresortphanthiet.com\/vi\/specials-offers\/bbq-gala-dinner-3\/\",\"name\":\"BBQ Gala Dinner - Phu Hai Beach Resort &amp; Spa Phan Thiet\",\"isPartOf\":{\"@id\":\"https:\/\/www.phuhaibeachresortphanthiet.com\/vi\/#website\"},\"primaryImageOfPage\":{\"@id\":\"https:\/\/www.phuhaibeachresortphanthiet.com\/vi\/specials-offers\/bbq-gala-dinner-3\/#primaryimage\"},\"image\":{\"@id\":\"https:\/\/www.phuhaibeachresortphanthiet.com\/vi\/specials-offers\/bbq-gala-dinner-3\/#primaryimage\"},\"thumbnailUrl\":\"https:\/\/www.phuhaibeachresortphanthiet.com\/wp-content\/uploads\/sites\/143\/2026\/04\/304-poster-1100-x-769-px.png\",\"datePublished\":\"2026-04-23T05:45:12+00:00\",\"dateModified\":\"2026-04-23T07:21:37+00:00\",\"breadcrumb\":{\"@id\":\"https:\/\/www.phuhaibeachresortphanthiet.com\/vi\/specials-offers\/bbq-gala-dinner-3\/#breadcrumb\"},\"inLanguage\":\"vi-VN\",\"potentialAction\":[{\"@type\":\"ReadAction\",\"target\":[\"https:\/\/www.phuhaibeachresortphanthiet.com\/vi\/specials-offers\/bbq-gala-dinner-3\/\"]}]},{\"@type\":\"ImageObject\",\"inLanguage\":\"vi-VN\",\"@id\":\"https:\/\/www.phuhaibeachresortphanthiet.com\/vi\/specials-offers\/bbq-gala-dinner-3\/#primaryimage\",\"url\":\"https:\/\/www.phuhaibeachresortphanthiet.com\/wp-content\/uploads\/sites\/143\/2026\/04\/304-poster-1100-x-769-px.png\",\"contentUrl\":\"https:\/\/www.phuhaibeachresortphanthiet.com\/wp-content\/uploads\/sites\/143\/2026\/04\/304-poster-1100-x-769-px.png\",\"width\":1100,\"height\":769},{\"@type\":\"BreadcrumbList\",\"@id\":\"https:\/\/www.phuhaibeachresortphanthiet.com\/vi\/specials-offers\/bbq-gala-dinner-3\/#breadcrumb\",\"itemListElement\":[{\"@type\":\"ListItem\",\"position\":1,\"name\":\"Home\",\"item\":\"https:\/\/www.phuhaibeachresortphanthiet.com\/vi\/\"},{\"@type\":\"ListItem\",\"position\":2,\"name\":\"\u01afu \u0111\u00e3i\",\"item\":\"https:\/\/www.phuhaibeachresortphanthiet.com\/vi\/specials-offers\/\"},{\"@type\":\"ListItem\",\"position\":3,\"name\":\"BBQ Gala Dinner\"}]},{\"@type\":\"WebSite\",\"@id\":\"https:\/\/www.phuhaibeachresortphanthiet.com\/vi\/#website\",\"url\":\"https:\/\/www.phuhaibeachresortphanthiet.com\/vi\/\",\"name\":\"Phu Hai Beach Resort & Spa Phan Thiet\",\"description\":\"\",\"potentialAction\":[{\"@type\":\"SearchAction\",\"target\":{\"@type\":\"EntryPoint\",\"urlTemplate\":\"https:\/\/www.phuhaibeachresortphanthiet.com\/vi\/?s={search_term_string}\"},\"query-input\":\"required name=search_term_string\"}],\"inLanguage\":\"vi-VN\"}]}<\/script>\n<!-- \/ Yoast SEO plugin. -->","yoast_head_json":{"title":"BBQ Gala Dinner - Phu Hai Beach Resort &amp; Spa Phan Thiet","robots":{"index":"index","follow":"follow","max-snippet":"max-snippet:-1","max-image-preview":"max-image-preview:large","max-video-preview":"max-video-preview:-1"},"canonical":"https:\/\/www.phuhaibeachresortphanthiet.com\/vi\/specials-offers\/bbq-gala-dinner-3\/","og_locale":"vi_VN","og_type":"article","og_title":"BBQ Gala Dinner - Phu Hai Beach Resort &amp; Spa Phan Thiet","og_description":"TH\u01af\u1edeNG TR\u1eccN V\u1eca BI\u1ec2N C\u1ea2 &#8211; CH\u1ec8 700.000++ VN\u0110\/ KH\u00c1CH K\u1ef3 ngh\u1ec9 L\u1ec5 n\u00e0y, Ph\u00fa H\u1ea3i m\u1eddi b\u1ea1n c\u00f9ng gia \u0111\u00ecnh c\u00f9ng t\u1eadn h\u01b0\u1edfng nh\u1ecbp \u0111i\u1ec7u \u00eam \u0111\u1ec1m c\u1ee7a bi\u1ec3n kh\u01a1i trong \u0111\u00eam ti\u1ec7c BBQ Gala Dinner d\u01b0\u1edbi \u00e1nh \u0111\u00e8n v\u00e0ng \u1ea5m \u00e1p v\u00e0 gi\u00f3 bi\u1ec3n m\u00e1t l\u00e0nh, m\u1ed9t h\u00e0nh tr\u00ecnh \u1ea9m th\u1ef1c \u0111\u00e1nh th\u1ee9c [&hellip;]","og_url":"https:\/\/www.phuhaibeachresortphanthiet.com\/vi\/specials-offers\/bbq-gala-dinner-3\/","og_site_name":"Phu Hai Beach Resort &amp; Spa Phan Thiet","article_modified_time":"2026-04-23T07:21:37+00:00","og_image":[{"width":1100,"height":769,"url":"https:\/\/www.phuhaibeachresortphanthiet.com\/wp-content\/uploads\/sites\/143\/2026\/04\/304-poster-1100-x-769-px.png","type":"image\/png"}],"twitter_card":"summary_large_image","twitter_misc":{"Est. reading time":"1 minute"},"schema":{"@context":"https:\/\/schema.org","@graph":[{"@type":"WebPage","@id":"https:\/\/www.phuhaibeachresortphanthiet.com\/vi\/specials-offers\/bbq-gala-dinner-3\/","url":"https:\/\/www.phuhaibeachresortphanthiet.com\/vi\/specials-offers\/bbq-gala-dinner-3\/","name":"BBQ Gala Dinner - Phu Hai Beach Resort &amp; Spa Phan Thiet","isPartOf":{"@id":"https:\/\/www.phuhaibeachresortphanthiet.com\/vi\/#website"},"primaryImageOfPage":{"@id":"https:\/\/www.phuhaibeachresortphanthiet.com\/vi\/specials-offers\/bbq-gala-dinner-3\/#primaryimage"},"image":{"@id":"https:\/\/www.phuhaibeachresortphanthiet.com\/vi\/specials-offers\/bbq-gala-dinner-3\/#primaryimage"},"thumbnailUrl":"https:\/\/www.phuhaibeachresortphanthiet.com\/wp-content\/uploads\/sites\/143\/2026\/04\/304-poster-1100-x-769-px.png","datePublished":"2026-04-23T05:45:12+00:00","dateModified":"2026-04-23T07:21:37+00:00","breadcrumb":{"@id":"https:\/\/www.phuhaibeachresortphanthiet.com\/vi\/specials-offers\/bbq-gala-dinner-3\/#breadcrumb"},"inLanguage":"vi-VN","potentialAction":[{"@type":"ReadAction","target":["https:\/\/www.phuhaibeachresortphanthiet.com\/vi\/specials-offers\/bbq-gala-dinner-3\/"]}]},{"@type":"ImageObject","inLanguage":"vi-VN","@id":"https:\/\/www.phuhaibeachresortphanthiet.com\/vi\/specials-offers\/bbq-gala-dinner-3\/#primaryimage","url":"https:\/\/www.phuhaibeachresortphanthiet.com\/wp-content\/uploads\/sites\/143\/2026\/04\/304-poster-1100-x-769-px.png","contentUrl":"https:\/\/www.phuhaibeachresortphanthiet.com\/wp-content\/uploads\/sites\/143\/2026\/04\/304-poster-1100-x-769-px.png","width":1100,"height":769},{"@type":"BreadcrumbList","@id":"https:\/\/www.phuhaibeachresortphanthiet.com\/vi\/specials-offers\/bbq-gala-dinner-3\/#breadcrumb","itemListElement":[{"@type":"ListItem","position":1,"name":"Home","item":"https:\/\/www.phuhaibeachresortphanthiet.com\/vi\/"},{"@type":"ListItem","position":2,"name":"\u01afu \u0111\u00e3i","item":"https:\/\/www.phuhaibeachresortphanthiet.com\/vi\/specials-offers\/"},{"@type":"ListItem","position":3,"name":"BBQ Gala Dinner"}]},{"@type":"WebSite","@id":"https:\/\/www.phuhaibeachresortphanthiet.com\/vi\/#website","url":"https:\/\/www.phuhaibeachresortphanthiet.com\/vi\/","name":"Phu Hai Beach Resort & Spa Phan Thiet","description":"","potentialAction":[{"@type":"SearchAction","target":{"@type":"EntryPoint","urlTemplate":"https:\/\/www.phuhaibeachresortphanthiet.com\/vi\/?s={search_term_string}"},"query-input":"required name=search_term_string"}],"inLanguage":"vi-VN"}]}},"acf":[],"_links":{"self":[{"href":"https:\/\/www.phuhaibeachresortphanthiet.com\/vi\/wp-json\/wp\/v2\/pages\/379"}],"collection":[{"href":"https:\/\/www.phuhaibeachresortphanthiet.com\/vi\/wp-json\/wp\/v2\/pages"}],"about":[{"href":"https:\/\/www.phuhaibeachresortphanthiet.com\/vi\/wp-json\/wp\/v2\/types\/page"}],"author":[{"embeddable":true,"href":"https:\/\/www.phuhaibeachresortphanthiet.com\/vi\/wp-json\/wp\/v2\/users\/268"}],"replies":[{"embeddable":true,"href":"https:\/\/www.phuhaibeachresortphanthiet.com\/vi\/wp-json\/wp\/v2\/comments?post=379"}],"version-history":[{"count":0,"href":"https:\/\/www.phuhaibeachresortphanthiet.com\/vi\/wp-json\/wp\/v2\/pages\/379\/revisions"}],"up":[{"embeddable":true,"href":"https:\/\/www.phuhaibeachresortphanthiet.com\/vi\/wp-json\/wp\/v2\/pages\/29"}],"wp:featuredmedia":[{"embeddable":true,"href":"https:\/\/www.phuhaibeachresortphanthiet.com\/vi\/wp-json\/wp\/v2\/media\/373"}],"wp:attachment":[{"href":"https:\/\/www.phuhaibeachresortphanthiet.com\/vi\/wp-json\/wp\/v2\/media?parent=379"}],"curies":[{"name":"wp","href":"https:\/\/api.w.org\/{rel}","templated":true}]}}