{"id":376,"date":"2026-04-23T05:19:16","date_gmt":"2026-04-23T05:19:16","guid":{"rendered":"https:\/\/www.phuhaibeachresortphanthiet.com\/?page_id=376"},"modified":"2026-04-23T07:26:50","modified_gmt":"2026-04-23T07:26:50","slug":"mua-1-pizza-tang-1-pizza","status":"publish","type":"page","link":"https:\/\/www.phuhaibeachresortphanthiet.com\/vi\/specials-offers\/mua-1-pizza-tang-1-pizza\/","title":{"rendered":"Mua 1 Pizza, T\u1eb7ng 1 Pizza"},"content":{"rendered":"<div dir=\"auto\">\n<p><span class=\"s1\">Kh\u00f4ng g\u00ec tuy\u1ec7t v\u1eddi h\u01a1n khi c\u00f9ng b\u1ea1n b\u00e8 v\u00e0 ng\u01b0\u1eddi th\u00e2n th\u01b0\u1edfng th\u1ee9c pizza n\u00f3ng h\u1ed5i, th\u01a1m l\u1eebng. V\u1edbi ch\u01b0\u01a1ng tr\u00ecnh Mua 1 T\u1eb7ng 1 Pizza, ni\u1ec1m vui s\u1ebd \u0111\u01b0\u1ee3c nh\u00e2n \u0111\u00f4i \u2013 ch\u1ec9 c\u1ea7n m\u1ed9t chi\u1ebfc pizza, b\u1ea1n s\u1ebd c\u00f3 th\u00eam m\u1ed9t chi\u1ebfc n\u1eefa ho\u00e0n to\u00e0n mi\u1ec5n ph\u00ed. \u0110\u00e2y l\u00e0 c\u01a1 h\u1ed9i l\u00fd t\u01b0\u1edfng \u0111\u1ec3 chia s\u1ebb h\u01b0\u01a1ng v\u1ecb h\u1ea5p d\u1eabn v\u00e0 t\u1ea1o n\u00ean nh\u1eefng kho\u1ea3nh kh\u1eafc \u0111\u00e1ng nh\u1edb.<\/span><\/p>\n<p class=\"p1\"><span class=\"s1\">Ch\u01b0\u01a1ng tr\u00ecnh \u00e1p d\u1ee5ng v\u00e0o Th\u1ee9 4 v\u00e0 Th\u1ee9 6 h\u00e0ng tu\u1ea7n.\u00a0<\/span><\/p>\n<p class=\"p1\"><span class=\"s1\">\u0110\u1eebng b\u1ecf l\u1ee1 c\u01a1 h\u1ed9i nh\u00e2n \u0111\u00f4i h\u01b0\u01a1ng v\u1ecb v\u00e0 ni\u1ec1m vui c\u00f9ng b\u1ea1n b\u00e8, ng\u01b0\u1eddi th\u00e2n!<\/span><\/p>\n<p>Hotline: +84 (<span class=\"a_GcMg font-feature-liga-off font-feature-clig-off font-feature-calt-off text-decoration-none text-strikethrough-none\">0) 252 3812 799<\/span><\/p>\n<p>Ext: 504<\/p>\n<\/div>\n","protected":false},"excerpt":{"rendered":"<p>Kh\u00f4ng g\u00ec tuy\u1ec7t v\u1eddi h\u01a1n khi c\u00f9ng b\u1ea1n b\u00e8 v\u00e0 ng\u01b0\u1eddi th\u00e2n th\u01b0\u1edfng th\u1ee9c pizza n\u00f3ng h\u1ed5i, th\u01a1m l\u1eebng. V\u1edbi ch\u01b0\u01a1ng tr\u00ecnh Mua 1 T\u1eb7ng 1 Pizza, ni\u1ec1m vui s\u1ebd \u0111\u01b0\u1ee3c nh\u00e2n \u0111\u00f4i \u2013 ch\u1ec9 c\u1ea7n m\u1ed9t chi\u1ebfc pizza, b\u1ea1n s\u1ebd c\u00f3 th\u00eam m\u1ed9t chi\u1ebfc n\u1eefa ho\u00e0n to\u00e0n mi\u1ec5n ph\u00ed. \u0110\u00e2y l\u00e0 c\u01a1 h\u1ed9i l\u00fd [&hellip;]<\/p>\n","protected":false},"author":268,"featured_media":377,"parent":29,"menu_order":4,"comment_status":"closed","ping_status":"closed","template":"template-single-offer.php","meta":{"footnotes":""},"yoast_head":"<!-- This site is optimized with the Yoast SEO plugin v22.3 - https:\/\/yoast.com\/wordpress\/plugins\/seo\/ -->\n<title>Mua 1 Pizza, T\u1eb7ng 1 Pizza - Phu Hai Beach Resort &amp; Spa Phan Thiet<\/title>\n<meta name=\"robots\" content=\"index, follow, max-snippet:-1, max-image-preview:large, max-video-preview:-1\" \/>\n<link rel=\"canonical\" href=\"https:\/\/www.phuhaibeachresortphanthiet.com\/vi\/specials-offers\/mua-1-pizza-tang-1-pizza\/\" \/>\n<meta property=\"og:locale\" content=\"vi_VN\" \/>\n<meta property=\"og:type\" content=\"article\" \/>\n<meta property=\"og:title\" content=\"Mua 1 Pizza, T\u1eb7ng 1 Pizza - Phu Hai Beach Resort &amp; Spa Phan Thiet\" \/>\n<meta property=\"og:description\" content=\"Kh\u00f4ng g\u00ec tuy\u1ec7t v\u1eddi h\u01a1n khi c\u00f9ng b\u1ea1n b\u00e8 v\u00e0 ng\u01b0\u1eddi th\u00e2n th\u01b0\u1edfng th\u1ee9c pizza n\u00f3ng h\u1ed5i, th\u01a1m l\u1eebng. V\u1edbi ch\u01b0\u01a1ng tr\u00ecnh Mua 1 T\u1eb7ng 1 Pizza, ni\u1ec1m vui s\u1ebd \u0111\u01b0\u1ee3c nh\u00e2n \u0111\u00f4i \u2013 ch\u1ec9 c\u1ea7n m\u1ed9t chi\u1ebfc pizza, b\u1ea1n s\u1ebd c\u00f3 th\u00eam m\u1ed9t chi\u1ebfc n\u1eefa ho\u00e0n to\u00e0n mi\u1ec5n ph\u00ed. \u0110\u00e2y l\u00e0 c\u01a1 h\u1ed9i l\u00fd [&hellip;]\" \/>\n<meta property=\"og:url\" content=\"https:\/\/www.phuhaibeachresortphanthiet.com\/vi\/specials-offers\/mua-1-pizza-tang-1-pizza\/\" \/>\n<meta property=\"og:site_name\" content=\"Phu Hai Beach Resort &amp; Spa Phan Thiet\" \/>\n<meta property=\"article:modified_time\" content=\"2026-04-23T07:26:50+00:00\" \/>\n<meta property=\"og:image\" content=\"https:\/\/www.phuhaibeachresortphanthiet.com\/wp-content\/uploads\/sites\/143\/2026\/04\/Pizza-h.png\" \/>\n\t<meta property=\"og:image:width\" content=\"1100\" \/>\n\t<meta property=\"og:image:height\" content=\"769\" \/>\n\t<meta property=\"og:image:type\" content=\"image\/png\" \/>\n<meta name=\"twitter:card\" content=\"summary_large_image\" \/>\n<meta name=\"twitter:label1\" content=\"Est. reading time\" \/>\n\t<meta name=\"twitter:data1\" content=\"1 minute\" \/>\n<script type=\"application\/ld+json\" class=\"yoast-schema-graph\">{\"@context\":\"https:\/\/schema.org\",\"@graph\":[{\"@type\":\"WebPage\",\"@id\":\"https:\/\/www.phuhaibeachresortphanthiet.com\/vi\/specials-offers\/mua-1-pizza-tang-1-pizza\/\",\"url\":\"https:\/\/www.phuhaibeachresortphanthiet.com\/vi\/specials-offers\/mua-1-pizza-tang-1-pizza\/\",\"name\":\"Mua 1 Pizza, T\u1eb7ng 1 Pizza - Phu Hai Beach Resort &amp; Spa Phan Thiet\",\"isPartOf\":{\"@id\":\"https:\/\/www.phuhaibeachresortphanthiet.com\/vi\/#website\"},\"primaryImageOfPage\":{\"@id\":\"https:\/\/www.phuhaibeachresortphanthiet.com\/vi\/specials-offers\/mua-1-pizza-tang-1-pizza\/#primaryimage\"},\"image\":{\"@id\":\"https:\/\/www.phuhaibeachresortphanthiet.com\/vi\/specials-offers\/mua-1-pizza-tang-1-pizza\/#primaryimage\"},\"thumbnailUrl\":\"https:\/\/www.phuhaibeachresortphanthiet.com\/wp-content\/uploads\/sites\/143\/2026\/04\/Pizza-h.png\",\"datePublished\":\"2026-04-23T05:19:16+00:00\",\"dateModified\":\"2026-04-23T07:26:50+00:00\",\"breadcrumb\":{\"@id\":\"https:\/\/www.phuhaibeachresortphanthiet.com\/vi\/specials-offers\/mua-1-pizza-tang-1-pizza\/#breadcrumb\"},\"inLanguage\":\"vi-VN\",\"potentialAction\":[{\"@type\":\"ReadAction\",\"target\":[\"https:\/\/www.phuhaibeachresortphanthiet.com\/vi\/specials-offers\/mua-1-pizza-tang-1-pizza\/\"]}]},{\"@type\":\"ImageObject\",\"inLanguage\":\"vi-VN\",\"@id\":\"https:\/\/www.phuhaibeachresortphanthiet.com\/vi\/specials-offers\/mua-1-pizza-tang-1-pizza\/#primaryimage\",\"url\":\"https:\/\/www.phuhaibeachresortphanthiet.com\/wp-content\/uploads\/sites\/143\/2026\/04\/Pizza-h.png\",\"contentUrl\":\"https:\/\/www.phuhaibeachresortphanthiet.com\/wp-content\/uploads\/sites\/143\/2026\/04\/Pizza-h.png\",\"width\":1100,\"height\":769},{\"@type\":\"BreadcrumbList\",\"@id\":\"https:\/\/www.phuhaibeachresortphanthiet.com\/vi\/specials-offers\/mua-1-pizza-tang-1-pizza\/#breadcrumb\",\"itemListElement\":[{\"@type\":\"ListItem\",\"position\":1,\"name\":\"Home\",\"item\":\"https:\/\/www.phuhaibeachresortphanthiet.com\/vi\/\"},{\"@type\":\"ListItem\",\"position\":2,\"name\":\"\u01afu \u0111\u00e3i\",\"item\":\"https:\/\/www.phuhaibeachresortphanthiet.com\/vi\/specials-offers\/\"},{\"@type\":\"ListItem\",\"position\":3,\"name\":\"Mua 1 Pizza, T\u1eb7ng 1 Pizza\"}]},{\"@type\":\"WebSite\",\"@id\":\"https:\/\/www.phuhaibeachresortphanthiet.com\/vi\/#website\",\"url\":\"https:\/\/www.phuhaibeachresortphanthiet.com\/vi\/\",\"name\":\"Phu Hai Beach Resort & Spa Phan Thiet\",\"description\":\"\",\"potentialAction\":[{\"@type\":\"SearchAction\",\"target\":{\"@type\":\"EntryPoint\",\"urlTemplate\":\"https:\/\/www.phuhaibeachresortphanthiet.com\/vi\/?s={search_term_string}\"},\"query-input\":\"required name=search_term_string\"}],\"inLanguage\":\"vi-VN\"}]}<\/script>\n<!-- \/ Yoast SEO plugin. -->","yoast_head_json":{"title":"Mua 1 Pizza, T\u1eb7ng 1 Pizza - Phu Hai Beach Resort &amp; Spa Phan Thiet","robots":{"index":"index","follow":"follow","max-snippet":"max-snippet:-1","max-image-preview":"max-image-preview:large","max-video-preview":"max-video-preview:-1"},"canonical":"https:\/\/www.phuhaibeachresortphanthiet.com\/vi\/specials-offers\/mua-1-pizza-tang-1-pizza\/","og_locale":"vi_VN","og_type":"article","og_title":"Mua 1 Pizza, T\u1eb7ng 1 Pizza - Phu Hai Beach Resort &amp; Spa Phan Thiet","og_description":"Kh\u00f4ng g\u00ec tuy\u1ec7t v\u1eddi h\u01a1n khi c\u00f9ng b\u1ea1n b\u00e8 v\u00e0 ng\u01b0\u1eddi th\u00e2n th\u01b0\u1edfng th\u1ee9c pizza n\u00f3ng h\u1ed5i, th\u01a1m l\u1eebng. V\u1edbi ch\u01b0\u01a1ng tr\u00ecnh Mua 1 T\u1eb7ng 1 Pizza, ni\u1ec1m vui s\u1ebd \u0111\u01b0\u1ee3c nh\u00e2n \u0111\u00f4i \u2013 ch\u1ec9 c\u1ea7n m\u1ed9t chi\u1ebfc pizza, b\u1ea1n s\u1ebd c\u00f3 th\u00eam m\u1ed9t chi\u1ebfc n\u1eefa ho\u00e0n to\u00e0n mi\u1ec5n ph\u00ed. \u0110\u00e2y l\u00e0 c\u01a1 h\u1ed9i l\u00fd [&hellip;]","og_url":"https:\/\/www.phuhaibeachresortphanthiet.com\/vi\/specials-offers\/mua-1-pizza-tang-1-pizza\/","og_site_name":"Phu Hai Beach Resort &amp; Spa Phan Thiet","article_modified_time":"2026-04-23T07:26:50+00:00","og_image":[{"width":1100,"height":769,"url":"https:\/\/www.phuhaibeachresortphanthiet.com\/wp-content\/uploads\/sites\/143\/2026\/04\/Pizza-h.png","type":"image\/png"}],"twitter_card":"summary_large_image","twitter_misc":{"Est. reading time":"1 minute"},"schema":{"@context":"https:\/\/schema.org","@graph":[{"@type":"WebPage","@id":"https:\/\/www.phuhaibeachresortphanthiet.com\/vi\/specials-offers\/mua-1-pizza-tang-1-pizza\/","url":"https:\/\/www.phuhaibeachresortphanthiet.com\/vi\/specials-offers\/mua-1-pizza-tang-1-pizza\/","name":"Mua 1 Pizza, T\u1eb7ng 1 Pizza - Phu Hai Beach Resort &amp; Spa Phan Thiet","isPartOf":{"@id":"https:\/\/www.phuhaibeachresortphanthiet.com\/vi\/#website"},"primaryImageOfPage":{"@id":"https:\/\/www.phuhaibeachresortphanthiet.com\/vi\/specials-offers\/mua-1-pizza-tang-1-pizza\/#primaryimage"},"image":{"@id":"https:\/\/www.phuhaibeachresortphanthiet.com\/vi\/specials-offers\/mua-1-pizza-tang-1-pizza\/#primaryimage"},"thumbnailUrl":"https:\/\/www.phuhaibeachresortphanthiet.com\/wp-content\/uploads\/sites\/143\/2026\/04\/Pizza-h.png","datePublished":"2026-04-23T05:19:16+00:00","dateModified":"2026-04-23T07:26:50+00:00","breadcrumb":{"@id":"https:\/\/www.phuhaibeachresortphanthiet.com\/vi\/specials-offers\/mua-1-pizza-tang-1-pizza\/#breadcrumb"},"inLanguage":"vi-VN","potentialAction":[{"@type":"ReadAction","target":["https:\/\/www.phuhaibeachresortphanthiet.com\/vi\/specials-offers\/mua-1-pizza-tang-1-pizza\/"]}]},{"@type":"ImageObject","inLanguage":"vi-VN","@id":"https:\/\/www.phuhaibeachresortphanthiet.com\/vi\/specials-offers\/mua-1-pizza-tang-1-pizza\/#primaryimage","url":"https:\/\/www.phuhaibeachresortphanthiet.com\/wp-content\/uploads\/sites\/143\/2026\/04\/Pizza-h.png","contentUrl":"https:\/\/www.phuhaibeachresortphanthiet.com\/wp-content\/uploads\/sites\/143\/2026\/04\/Pizza-h.png","width":1100,"height":769},{"@type":"BreadcrumbList","@id":"https:\/\/www.phuhaibeachresortphanthiet.com\/vi\/specials-offers\/mua-1-pizza-tang-1-pizza\/#breadcrumb","itemListElement":[{"@type":"ListItem","position":1,"name":"Home","item":"https:\/\/www.phuhaibeachresortphanthiet.com\/vi\/"},{"@type":"ListItem","position":2,"name":"\u01afu \u0111\u00e3i","item":"https:\/\/www.phuhaibeachresortphanthiet.com\/vi\/specials-offers\/"},{"@type":"ListItem","position":3,"name":"Mua 1 Pizza, T\u1eb7ng 1 Pizza"}]},{"@type":"WebSite","@id":"https:\/\/www.phuhaibeachresortphanthiet.com\/vi\/#website","url":"https:\/\/www.phuhaibeachresortphanthiet.com\/vi\/","name":"Phu Hai Beach Resort & Spa Phan Thiet","description":"","potentialAction":[{"@type":"SearchAction","target":{"@type":"EntryPoint","urlTemplate":"https:\/\/www.phuhaibeachresortphanthiet.com\/vi\/?s={search_term_string}"},"query-input":"required name=search_term_string"}],"inLanguage":"vi-VN"}]}},"acf":[],"_links":{"self":[{"href":"https:\/\/www.phuhaibeachresortphanthiet.com\/vi\/wp-json\/wp\/v2\/pages\/376"}],"collection":[{"href":"https:\/\/www.phuhaibeachresortphanthiet.com\/vi\/wp-json\/wp\/v2\/pages"}],"about":[{"href":"https:\/\/www.phuhaibeachresortphanthiet.com\/vi\/wp-json\/wp\/v2\/types\/page"}],"author":[{"embeddable":true,"href":"https:\/\/www.phuhaibeachresortphanthiet.com\/vi\/wp-json\/wp\/v2\/users\/268"}],"replies":[{"embeddable":true,"href":"https:\/\/www.phuhaibeachresortphanthiet.com\/vi\/wp-json\/wp\/v2\/comments?post=376"}],"version-history":[{"count":0,"href":"https:\/\/www.phuhaibeachresortphanthiet.com\/vi\/wp-json\/wp\/v2\/pages\/376\/revisions"}],"up":[{"embeddable":true,"href":"https:\/\/www.phuhaibeachresortphanthiet.com\/vi\/wp-json\/wp\/v2\/pages\/29"}],"wp:featuredmedia":[{"embeddable":true,"href":"https:\/\/www.phuhaibeachresortphanthiet.com\/vi\/wp-json\/wp\/v2\/media\/377"}],"wp:attachment":[{"href":"https:\/\/www.phuhaibeachresortphanthiet.com\/vi\/wp-json\/wp\/v2\/media?parent=376"}],"curies":[{"name":"wp","href":"https:\/\/api.w.org\/{rel}","templated":true}]}}