{"id":371,"date":"2026-04-23T04:37:11","date_gmt":"2026-04-23T04:37:11","guid":{"rendered":"https:\/\/www.phuhaibeachresortphanthiet.com\/?page_id=371"},"modified":"2026-04-23T07:22:26","modified_gmt":"2026-04-23T07:22:26","slug":"tiec-bbq-hai-san","status":"publish","type":"page","link":"https:\/\/www.phuhaibeachresortphanthiet.com\/vi\/specials-offers\/tiec-bbq-hai-san\/","title":{"rendered":"Ti\u1ec7c BBQ H\u1ea3i S\u1ea3n"},"content":{"rendered":"<div dir=\"auto\">\n<div class=\"x14z9mp xat24cr x1lziwak x1vvkbs xtlvy1s x126k92a\">\n<div dir=\"auto\">\n<p class=\"p1\"><strong><span class=\"s1\">Th\u01b0\u1edfng th\u1ee9c ti\u1ec7c buffet BBQ b\u00ean h\u1ed3 b\u01a1i<\/span><\/strong><\/p>\n<\/div>\n<div dir=\"auto\">M\u1ed9t tr\u1ea3i nghi\u1ec7m \u1ea9m th\u1ef1c kh\u00f4ng th\u1ec3 b\u1ecf l\u1ee1! Th\u01b0\u1edfng th\u1ee9c h\u1ea3i s\u1ea3n t\u01b0\u01a1i ngon v\u00e0 th\u1ecbt n\u01b0\u1edbng th\u01a1m l\u1eebng, k\u1ebft h\u1ee3p c\u00f9ng r\u01b0\u1ee3u vang v\u00e0 \u00e2m nh\u1ea1c live s\u00f4i \u0111\u1ed9ng.<\/div>\n<div dir=\"auto\">Kh\u00f4ng gian l\u00e3ng m\u1ea1n c\u00f9ng giai \u0111i\u1ec7u r\u1ed9n r\u00e0ng s\u1ebd mang \u0111\u1ebfn cho b\u1ea1n m\u1ed9t bu\u1ed5i t\u1ed1i \u1ea5m c\u00fang \u0111\u00e1ng nh\u1edb.<\/div>\n<\/div>\n<div class=\"x14z9mp xat24cr x1lziwak x1vvkbs xtlvy1s x126k92a\">\n<div dir=\"auto\">&#8211; \u0110\u1ecba \u0111i\u1ec3m: Khu v\u1ef1c h\u1ed3 b\u01a1i.<\/div>\n<div dir=\"auto\">&#8211; Gi\u00e1: 395,000 VND NET\/Kh\u00e1ch.<\/div>\n<div dir=\"auto\">&#8211; Th\u1eddi gian: 18:30 \u2013 21:30 | Th\u1ee9 7 h\u00e0ng tu\u1ea7n.<\/div>\n<div dir=\"auto\">&#8211; \u0110\u1eb7c bi\u1ec7t:Bao g\u1ed3m n\u01b0\u1edbc \u00e9p tr\u00e1i c\u00e2y t\u01b0\u01a1i, n\u01b0\u1edbc ng\u1ecdt v\u00e0 n\u01b0\u1edbc su\u1ed1i t\u1eeb 18:30 \u0111\u1ebfn 19:30.<\/div>\n<\/div>\n<\/div>\n","protected":false},"excerpt":{"rendered":"<p>Th\u01b0\u1edfng th\u1ee9c ti\u1ec7c buffet BBQ b\u00ean h\u1ed3 b\u01a1i M\u1ed9t tr\u1ea3i nghi\u1ec7m \u1ea9m th\u1ef1c kh\u00f4ng th\u1ec3 b\u1ecf l\u1ee1! Th\u01b0\u1edfng th\u1ee9c h\u1ea3i s\u1ea3n t\u01b0\u01a1i ngon v\u00e0 th\u1ecbt n\u01b0\u1edbng th\u01a1m l\u1eebng, k\u1ebft h\u1ee3p c\u00f9ng r\u01b0\u1ee3u vang v\u00e0 \u00e2m nh\u1ea1c live s\u00f4i \u0111\u1ed9ng. Kh\u00f4ng gian l\u00e3ng m\u1ea1n c\u00f9ng giai \u0111i\u1ec7u r\u1ed9n r\u00e0ng s\u1ebd mang \u0111\u1ebfn cho b\u1ea1n m\u1ed9t bu\u1ed5i [&hellip;]<\/p>\n","protected":false},"author":268,"featured_media":372,"parent":29,"menu_order":1,"comment_status":"closed","ping_status":"closed","template":"template-single-offer.php","meta":{"footnotes":""},"yoast_head":"<!-- This site is optimized with the Yoast SEO plugin v22.3 - https:\/\/yoast.com\/wordpress\/plugins\/seo\/ -->\n<title>Ti\u1ec7c BBQ H\u1ea3i S\u1ea3n - Phu Hai Beach Resort &amp; Spa Phan Thiet<\/title>\n<meta name=\"robots\" content=\"index, follow, max-snippet:-1, max-image-preview:large, max-video-preview:-1\" \/>\n<link rel=\"canonical\" href=\"https:\/\/www.phuhaibeachresortphanthiet.com\/vi\/specials-offers\/tiec-bbq-hai-san\/\" \/>\n<meta property=\"og:locale\" content=\"vi_VN\" \/>\n<meta property=\"og:type\" content=\"article\" \/>\n<meta property=\"og:title\" content=\"Ti\u1ec7c BBQ H\u1ea3i S\u1ea3n - Phu Hai Beach Resort &amp; Spa Phan Thiet\" \/>\n<meta property=\"og:description\" content=\"Th\u01b0\u1edfng th\u1ee9c ti\u1ec7c buffet BBQ b\u00ean h\u1ed3 b\u01a1i M\u1ed9t tr\u1ea3i nghi\u1ec7m \u1ea9m th\u1ef1c kh\u00f4ng th\u1ec3 b\u1ecf l\u1ee1! Th\u01b0\u1edfng th\u1ee9c h\u1ea3i s\u1ea3n t\u01b0\u01a1i ngon v\u00e0 th\u1ecbt n\u01b0\u1edbng th\u01a1m l\u1eebng, k\u1ebft h\u1ee3p c\u00f9ng r\u01b0\u1ee3u vang v\u00e0 \u00e2m nh\u1ea1c live s\u00f4i \u0111\u1ed9ng. Kh\u00f4ng gian l\u00e3ng m\u1ea1n c\u00f9ng giai \u0111i\u1ec7u r\u1ed9n r\u00e0ng s\u1ebd mang \u0111\u1ebfn cho b\u1ea1n m\u1ed9t bu\u1ed5i [&hellip;]\" \/>\n<meta property=\"og:url\" content=\"https:\/\/www.phuhaibeachresortphanthiet.com\/vi\/specials-offers\/tiec-bbq-hai-san\/\" \/>\n<meta property=\"og:site_name\" content=\"Phu Hai Beach Resort &amp; Spa Phan Thiet\" \/>\n<meta property=\"article:modified_time\" content=\"2026-04-23T07:22:26+00:00\" \/>\n<meta property=\"og:image\" content=\"https:\/\/www.phuhaibeachresortphanthiet.com\/wp-content\/uploads\/sites\/143\/2026\/04\/BBQ-April-Ngang.png\" \/>\n\t<meta property=\"og:image:width\" content=\"1100\" \/>\n\t<meta property=\"og:image:height\" content=\"769\" \/>\n\t<meta property=\"og:image:type\" content=\"image\/png\" \/>\n<meta name=\"twitter:card\" content=\"summary_large_image\" \/>\n<meta name=\"twitter:label1\" content=\"Est. reading time\" \/>\n\t<meta name=\"twitter:data1\" content=\"1 minute\" \/>\n<script type=\"application\/ld+json\" class=\"yoast-schema-graph\">{\"@context\":\"https:\/\/schema.org\",\"@graph\":[{\"@type\":\"WebPage\",\"@id\":\"https:\/\/www.phuhaibeachresortphanthiet.com\/vi\/specials-offers\/tiec-bbq-hai-san\/\",\"url\":\"https:\/\/www.phuhaibeachresortphanthiet.com\/vi\/specials-offers\/tiec-bbq-hai-san\/\",\"name\":\"Ti\u1ec7c BBQ H\u1ea3i S\u1ea3n - Phu Hai Beach Resort &amp; Spa Phan Thiet\",\"isPartOf\":{\"@id\":\"https:\/\/www.phuhaibeachresortphanthiet.com\/vi\/#website\"},\"primaryImageOfPage\":{\"@id\":\"https:\/\/www.phuhaibeachresortphanthiet.com\/vi\/specials-offers\/tiec-bbq-hai-san\/#primaryimage\"},\"image\":{\"@id\":\"https:\/\/www.phuhaibeachresortphanthiet.com\/vi\/specials-offers\/tiec-bbq-hai-san\/#primaryimage\"},\"thumbnailUrl\":\"https:\/\/www.phuhaibeachresortphanthiet.com\/wp-content\/uploads\/sites\/143\/2026\/04\/BBQ-April-Ngang.png\",\"datePublished\":\"2026-04-23T04:37:11+00:00\",\"dateModified\":\"2026-04-23T07:22:26+00:00\",\"breadcrumb\":{\"@id\":\"https:\/\/www.phuhaibeachresortphanthiet.com\/vi\/specials-offers\/tiec-bbq-hai-san\/#breadcrumb\"},\"inLanguage\":\"vi-VN\",\"potentialAction\":[{\"@type\":\"ReadAction\",\"target\":[\"https:\/\/www.phuhaibeachresortphanthiet.com\/vi\/specials-offers\/tiec-bbq-hai-san\/\"]}]},{\"@type\":\"ImageObject\",\"inLanguage\":\"vi-VN\",\"@id\":\"https:\/\/www.phuhaibeachresortphanthiet.com\/vi\/specials-offers\/tiec-bbq-hai-san\/#primaryimage\",\"url\":\"https:\/\/www.phuhaibeachresortphanthiet.com\/wp-content\/uploads\/sites\/143\/2026\/04\/BBQ-April-Ngang.png\",\"contentUrl\":\"https:\/\/www.phuhaibeachresortphanthiet.com\/wp-content\/uploads\/sites\/143\/2026\/04\/BBQ-April-Ngang.png\",\"width\":1100,\"height\":769},{\"@type\":\"BreadcrumbList\",\"@id\":\"https:\/\/www.phuhaibeachresortphanthiet.com\/vi\/specials-offers\/tiec-bbq-hai-san\/#breadcrumb\",\"itemListElement\":[{\"@type\":\"ListItem\",\"position\":1,\"name\":\"Home\",\"item\":\"https:\/\/www.phuhaibeachresortphanthiet.com\/vi\/\"},{\"@type\":\"ListItem\",\"position\":2,\"name\":\"\u01afu \u0111\u00e3i\",\"item\":\"https:\/\/www.phuhaibeachresortphanthiet.com\/vi\/specials-offers\/\"},{\"@type\":\"ListItem\",\"position\":3,\"name\":\"Ti\u1ec7c BBQ H\u1ea3i S\u1ea3n\"}]},{\"@type\":\"WebSite\",\"@id\":\"https:\/\/www.phuhaibeachresortphanthiet.com\/vi\/#website\",\"url\":\"https:\/\/www.phuhaibeachresortphanthiet.com\/vi\/\",\"name\":\"Phu Hai Beach Resort & Spa Phan Thiet\",\"description\":\"\",\"potentialAction\":[{\"@type\":\"SearchAction\",\"target\":{\"@type\":\"EntryPoint\",\"urlTemplate\":\"https:\/\/www.phuhaibeachresortphanthiet.com\/vi\/?s={search_term_string}\"},\"query-input\":\"required name=search_term_string\"}],\"inLanguage\":\"vi-VN\"}]}<\/script>\n<!-- \/ Yoast SEO plugin. -->","yoast_head_json":{"title":"Ti\u1ec7c BBQ H\u1ea3i S\u1ea3n - Phu Hai Beach Resort &amp; Spa Phan Thiet","robots":{"index":"index","follow":"follow","max-snippet":"max-snippet:-1","max-image-preview":"max-image-preview:large","max-video-preview":"max-video-preview:-1"},"canonical":"https:\/\/www.phuhaibeachresortphanthiet.com\/vi\/specials-offers\/tiec-bbq-hai-san\/","og_locale":"vi_VN","og_type":"article","og_title":"Ti\u1ec7c BBQ H\u1ea3i S\u1ea3n - Phu Hai Beach Resort &amp; Spa Phan Thiet","og_description":"Th\u01b0\u1edfng th\u1ee9c ti\u1ec7c buffet BBQ b\u00ean h\u1ed3 b\u01a1i M\u1ed9t tr\u1ea3i nghi\u1ec7m \u1ea9m th\u1ef1c kh\u00f4ng th\u1ec3 b\u1ecf l\u1ee1! Th\u01b0\u1edfng th\u1ee9c h\u1ea3i s\u1ea3n t\u01b0\u01a1i ngon v\u00e0 th\u1ecbt n\u01b0\u1edbng th\u01a1m l\u1eebng, k\u1ebft h\u1ee3p c\u00f9ng r\u01b0\u1ee3u vang v\u00e0 \u00e2m nh\u1ea1c live s\u00f4i \u0111\u1ed9ng. Kh\u00f4ng gian l\u00e3ng m\u1ea1n c\u00f9ng giai \u0111i\u1ec7u r\u1ed9n r\u00e0ng s\u1ebd mang \u0111\u1ebfn cho b\u1ea1n m\u1ed9t bu\u1ed5i [&hellip;]","og_url":"https:\/\/www.phuhaibeachresortphanthiet.com\/vi\/specials-offers\/tiec-bbq-hai-san\/","og_site_name":"Phu Hai Beach Resort &amp; Spa Phan Thiet","article_modified_time":"2026-04-23T07:22:26+00:00","og_image":[{"width":1100,"height":769,"url":"https:\/\/www.phuhaibeachresortphanthiet.com\/wp-content\/uploads\/sites\/143\/2026\/04\/BBQ-April-Ngang.png","type":"image\/png"}],"twitter_card":"summary_large_image","twitter_misc":{"Est. reading time":"1 minute"},"schema":{"@context":"https:\/\/schema.org","@graph":[{"@type":"WebPage","@id":"https:\/\/www.phuhaibeachresortphanthiet.com\/vi\/specials-offers\/tiec-bbq-hai-san\/","url":"https:\/\/www.phuhaibeachresortphanthiet.com\/vi\/specials-offers\/tiec-bbq-hai-san\/","name":"Ti\u1ec7c BBQ H\u1ea3i S\u1ea3n - Phu Hai Beach Resort &amp; Spa Phan Thiet","isPartOf":{"@id":"https:\/\/www.phuhaibeachresortphanthiet.com\/vi\/#website"},"primaryImageOfPage":{"@id":"https:\/\/www.phuhaibeachresortphanthiet.com\/vi\/specials-offers\/tiec-bbq-hai-san\/#primaryimage"},"image":{"@id":"https:\/\/www.phuhaibeachresortphanthiet.com\/vi\/specials-offers\/tiec-bbq-hai-san\/#primaryimage"},"thumbnailUrl":"https:\/\/www.phuhaibeachresortphanthiet.com\/wp-content\/uploads\/sites\/143\/2026\/04\/BBQ-April-Ngang.png","datePublished":"2026-04-23T04:37:11+00:00","dateModified":"2026-04-23T07:22:26+00:00","breadcrumb":{"@id":"https:\/\/www.phuhaibeachresortphanthiet.com\/vi\/specials-offers\/tiec-bbq-hai-san\/#breadcrumb"},"inLanguage":"vi-VN","potentialAction":[{"@type":"ReadAction","target":["https:\/\/www.phuhaibeachresortphanthiet.com\/vi\/specials-offers\/tiec-bbq-hai-san\/"]}]},{"@type":"ImageObject","inLanguage":"vi-VN","@id":"https:\/\/www.phuhaibeachresortphanthiet.com\/vi\/specials-offers\/tiec-bbq-hai-san\/#primaryimage","url":"https:\/\/www.phuhaibeachresortphanthiet.com\/wp-content\/uploads\/sites\/143\/2026\/04\/BBQ-April-Ngang.png","contentUrl":"https:\/\/www.phuhaibeachresortphanthiet.com\/wp-content\/uploads\/sites\/143\/2026\/04\/BBQ-April-Ngang.png","width":1100,"height":769},{"@type":"BreadcrumbList","@id":"https:\/\/www.phuhaibeachresortphanthiet.com\/vi\/specials-offers\/tiec-bbq-hai-san\/#breadcrumb","itemListElement":[{"@type":"ListItem","position":1,"name":"Home","item":"https:\/\/www.phuhaibeachresortphanthiet.com\/vi\/"},{"@type":"ListItem","position":2,"name":"\u01afu \u0111\u00e3i","item":"https:\/\/www.phuhaibeachresortphanthiet.com\/vi\/specials-offers\/"},{"@type":"ListItem","position":3,"name":"Ti\u1ec7c BBQ H\u1ea3i S\u1ea3n"}]},{"@type":"WebSite","@id":"https:\/\/www.phuhaibeachresortphanthiet.com\/vi\/#website","url":"https:\/\/www.phuhaibeachresortphanthiet.com\/vi\/","name":"Phu Hai Beach Resort & Spa Phan Thiet","description":"","potentialAction":[{"@type":"SearchAction","target":{"@type":"EntryPoint","urlTemplate":"https:\/\/www.phuhaibeachresortphanthiet.com\/vi\/?s={search_term_string}"},"query-input":"required name=search_term_string"}],"inLanguage":"vi-VN"}]}},"acf":[],"_links":{"self":[{"href":"https:\/\/www.phuhaibeachresortphanthiet.com\/vi\/wp-json\/wp\/v2\/pages\/371"}],"collection":[{"href":"https:\/\/www.phuhaibeachresortphanthiet.com\/vi\/wp-json\/wp\/v2\/pages"}],"about":[{"href":"https:\/\/www.phuhaibeachresortphanthiet.com\/vi\/wp-json\/wp\/v2\/types\/page"}],"author":[{"embeddable":true,"href":"https:\/\/www.phuhaibeachresortphanthiet.com\/vi\/wp-json\/wp\/v2\/users\/268"}],"replies":[{"embeddable":true,"href":"https:\/\/www.phuhaibeachresortphanthiet.com\/vi\/wp-json\/wp\/v2\/comments?post=371"}],"version-history":[{"count":0,"href":"https:\/\/www.phuhaibeachresortphanthiet.com\/vi\/wp-json\/wp\/v2\/pages\/371\/revisions"}],"up":[{"embeddable":true,"href":"https:\/\/www.phuhaibeachresortphanthiet.com\/vi\/wp-json\/wp\/v2\/pages\/29"}],"wp:featuredmedia":[{"embeddable":true,"href":"https:\/\/www.phuhaibeachresortphanthiet.com\/vi\/wp-json\/wp\/v2\/media\/372"}],"wp:attachment":[{"href":"https:\/\/www.phuhaibeachresortphanthiet.com\/vi\/wp-json\/wp\/v2\/media?parent=371"}],"curies":[{"name":"wp","href":"https:\/\/api.w.org\/{rel}","templated":true}]}}