{"id":37,"date":"2026-01-10T08:04:22","date_gmt":"2026-01-10T08:04:22","guid":{"rendered":"https:\/\/phuhaibeachresortphanthiet.ms2.decms.asia\/?page_id=37"},"modified":"2026-04-07T09:29:10","modified_gmt":"2026-04-07T09:29:10","slug":"spa-beauty","status":"publish","type":"page","link":"https:\/\/www.phuhaibeachresortphanthiet.com\/vi\/spa-beauty\/","title":{"rendered":"Spa &amp; Ch\u0103m s\u00f3c s\u1ee9c kh\u1ecfe"},"content":{"rendered":"<p>Spa &amp; Beauty t\u1ea1i Phu Hai Beach Resort &amp; Spa Phan Thiet l\u00e0 thi\u00ean \u0111\u01b0\u1eddng th\u01b0 gi\u00e3n v\u00e0 t\u00e1i t\u1ea1o n\u0103ng l\u01b0\u1ee3ng. Gi\u1eefa kh\u00f4ng gian nhi\u1ec7t \u0111\u1edbi y\u00ean b\u00ecnh, n\u01a1i \u0111\u00e2y mang \u0111\u1ebfn \u0111a d\u1ea1ng li\u1ec7u tr\u00ecnh t\u1eeb massage nh\u1eb9 nh\u00e0ng, ch\u0103m s\u00f3c da chuy\u00ean s\u00e2u \u0111\u1ebfn c\u00e1c li\u1ec7u ph\u00e1p to\u00e0n di\u1ec7n. \u0110\u1ed9i ng\u0169 chuy\u00ean vi\u00ean t\u1eadn d\u1ee5ng nguy\u00ean li\u1ec7u thi\u00ean nhi\u00ean k\u1ebft h\u1ee3p k\u1ef9 thu\u1eadt hi\u1ec7n \u0111\u1ea1i \u0111\u1ec3 kh\u00f4i ph\u1ee5c s\u1ef1 c\u00e2n b\u1eb1ng v\u00e0 v\u1ebb \u0111\u1eb9p. D\u00f9 t\u00ecm ki\u1ebfm s\u1ee9c kh\u1ecfe, s\u1eafc \u0111\u1eb9p hay s\u1ef1 t\u1eadn h\u01b0\u1edfng, Spa s\u1ebd \u0111em l\u1ea1i tr\u1ea3i nghi\u1ec7m kh\u00f3 qu\u00ean b\u00ean bi\u1ec3n.<\/p>\n","protected":false},"excerpt":{"rendered":"<p>Spa &amp; Beauty t\u1ea1i Phu Hai Beach Resort &amp; Spa Phan Thiet l\u00e0 thi\u00ean \u0111\u01b0\u1eddng th\u01b0 gi\u00e3n v\u00e0 t\u00e1i t\u1ea1o n\u0103ng l\u01b0\u1ee3ng. Gi\u1eefa kh\u00f4ng gian nhi\u1ec7t \u0111\u1edbi y\u00ean b\u00ecnh, n\u01a1i \u0111\u00e2y mang \u0111\u1ebfn \u0111a d\u1ea1ng li\u1ec7u tr\u00ecnh t\u1eeb massage nh\u1eb9 nh\u00e0ng, ch\u0103m s\u00f3c da chuy\u00ean s\u00e2u \u0111\u1ebfn c\u00e1c li\u1ec7u ph\u00e1p to\u00e0n di\u1ec7n. \u0110\u1ed9i ng\u0169 chuy\u00ean [&hellip;]<\/p>\n","protected":false},"author":90,"featured_media":185,"parent":0,"menu_order":0,"comment_status":"closed","ping_status":"closed","template":"template-spa.php","meta":{"footnotes":""},"yoast_head":"<!-- This site is optimized with the Yoast SEO plugin v22.3 - https:\/\/yoast.com\/wordpress\/plugins\/seo\/ -->\n<title>Spa &amp; Ch\u0103m s\u00f3c s\u1ee9c kh\u1ecfe - Phu Hai Beach Resort &amp; Spa Phan Thiet<\/title>\n<meta name=\"robots\" content=\"index, follow, max-snippet:-1, max-image-preview:large, max-video-preview:-1\" \/>\n<link rel=\"canonical\" href=\"https:\/\/www.phuhaibeachresortphanthiet.com\/vi\/spa-beauty\/\" \/>\n<meta property=\"og:locale\" content=\"vi_VN\" \/>\n<meta property=\"og:type\" content=\"article\" \/>\n<meta property=\"og:title\" content=\"Spa &amp; Ch\u0103m s\u00f3c s\u1ee9c kh\u1ecfe - Phu Hai Beach Resort &amp; Spa Phan Thiet\" \/>\n<meta property=\"og:description\" content=\"Spa &amp; Beauty t\u1ea1i Phu Hai Beach Resort &amp; Spa Phan Thiet l\u00e0 thi\u00ean \u0111\u01b0\u1eddng th\u01b0 gi\u00e3n v\u00e0 t\u00e1i t\u1ea1o n\u0103ng l\u01b0\u1ee3ng. Gi\u1eefa kh\u00f4ng gian nhi\u1ec7t \u0111\u1edbi y\u00ean b\u00ecnh, n\u01a1i \u0111\u00e2y mang \u0111\u1ebfn \u0111a d\u1ea1ng li\u1ec7u tr\u00ecnh t\u1eeb massage nh\u1eb9 nh\u00e0ng, ch\u0103m s\u00f3c da chuy\u00ean s\u00e2u \u0111\u1ebfn c\u00e1c li\u1ec7u ph\u00e1p to\u00e0n di\u1ec7n. \u0110\u1ed9i ng\u0169 chuy\u00ean [&hellip;]\" \/>\n<meta property=\"og:url\" content=\"https:\/\/www.phuhaibeachresortphanthiet.com\/vi\/spa-beauty\/\" \/>\n<meta property=\"og:site_name\" content=\"Phu Hai Beach Resort &amp; Spa Phan Thiet\" \/>\n<meta property=\"article:modified_time\" content=\"2026-04-07T09:29:10+00:00\" \/>\n<meta property=\"og:image\" content=\"https:\/\/www.phuhaibeachresortphanthiet.com\/wp-content\/uploads\/sites\/143\/2026\/01\/phuhairesort-spa-beauty1.jpg\" \/>\n\t<meta property=\"og:image:width\" content=\"2200\" \/>\n\t<meta property=\"og:image:height\" content=\"1650\" \/>\n\t<meta property=\"og:image:type\" content=\"image\/jpeg\" \/>\n<meta name=\"twitter:card\" content=\"summary_large_image\" \/>\n<meta name=\"twitter:label1\" content=\"Est. reading time\" \/>\n\t<meta name=\"twitter:data1\" content=\"1 minute\" \/>\n<script type=\"application\/ld+json\" class=\"yoast-schema-graph\">{\"@context\":\"https:\/\/schema.org\",\"@graph\":[{\"@type\":\"WebPage\",\"@id\":\"https:\/\/www.phuhaibeachresortphanthiet.com\/vi\/spa-beauty\/\",\"url\":\"https:\/\/www.phuhaibeachresortphanthiet.com\/vi\/spa-beauty\/\",\"name\":\"Spa &amp; Ch\u0103m s\u00f3c s\u1ee9c kh\u1ecfe - Phu Hai Beach Resort &amp; Spa Phan Thiet\",\"isPartOf\":{\"@id\":\"https:\/\/www.phuhaibeachresortphanthiet.com\/vi\/#website\"},\"primaryImageOfPage\":{\"@id\":\"https:\/\/www.phuhaibeachresortphanthiet.com\/vi\/spa-beauty\/#primaryimage\"},\"image\":{\"@id\":\"https:\/\/www.phuhaibeachresortphanthiet.com\/vi\/spa-beauty\/#primaryimage\"},\"thumbnailUrl\":\"https:\/\/www.phuhaibeachresortphanthiet.com\/wp-content\/uploads\/sites\/143\/2026\/01\/phuhairesort-spa-beauty1.jpg\",\"datePublished\":\"2026-01-10T08:04:22+00:00\",\"dateModified\":\"2026-04-07T09:29:10+00:00\",\"breadcrumb\":{\"@id\":\"https:\/\/www.phuhaibeachresortphanthiet.com\/vi\/spa-beauty\/#breadcrumb\"},\"inLanguage\":\"vi-VN\",\"potentialAction\":[{\"@type\":\"ReadAction\",\"target\":[\"https:\/\/www.phuhaibeachresortphanthiet.com\/vi\/spa-beauty\/\"]}]},{\"@type\":\"ImageObject\",\"inLanguage\":\"vi-VN\",\"@id\":\"https:\/\/www.phuhaibeachresortphanthiet.com\/vi\/spa-beauty\/#primaryimage\",\"url\":\"https:\/\/www.phuhaibeachresortphanthiet.com\/wp-content\/uploads\/sites\/143\/2026\/01\/phuhairesort-spa-beauty1.jpg\",\"contentUrl\":\"https:\/\/www.phuhaibeachresortphanthiet.com\/wp-content\/uploads\/sites\/143\/2026\/01\/phuhairesort-spa-beauty1.jpg\",\"width\":2200,\"height\":1650},{\"@type\":\"BreadcrumbList\",\"@id\":\"https:\/\/www.phuhaibeachresortphanthiet.com\/vi\/spa-beauty\/#breadcrumb\",\"itemListElement\":[{\"@type\":\"ListItem\",\"position\":1,\"name\":\"Home\",\"item\":\"https:\/\/www.phuhaibeachresortphanthiet.com\/vi\/\"},{\"@type\":\"ListItem\",\"position\":2,\"name\":\"Spa &amp; Ch\u0103m s\u00f3c s\u1ee9c kh\u1ecfe\"}]},{\"@type\":\"WebSite\",\"@id\":\"https:\/\/www.phuhaibeachresortphanthiet.com\/vi\/#website\",\"url\":\"https:\/\/www.phuhaibeachresortphanthiet.com\/vi\/\",\"name\":\"Phu Hai Beach Resort & Spa Phan Thiet\",\"description\":\"\",\"potentialAction\":[{\"@type\":\"SearchAction\",\"target\":{\"@type\":\"EntryPoint\",\"urlTemplate\":\"https:\/\/www.phuhaibeachresortphanthiet.com\/vi\/?s={search_term_string}\"},\"query-input\":\"required name=search_term_string\"}],\"inLanguage\":\"vi-VN\"}]}<\/script>\n<!-- \/ Yoast SEO plugin. -->","yoast_head_json":{"title":"Spa &amp; Ch\u0103m s\u00f3c s\u1ee9c kh\u1ecfe - Phu Hai Beach Resort &amp; Spa Phan Thiet","robots":{"index":"index","follow":"follow","max-snippet":"max-snippet:-1","max-image-preview":"max-image-preview:large","max-video-preview":"max-video-preview:-1"},"canonical":"https:\/\/www.phuhaibeachresortphanthiet.com\/vi\/spa-beauty\/","og_locale":"vi_VN","og_type":"article","og_title":"Spa &amp; Ch\u0103m s\u00f3c s\u1ee9c kh\u1ecfe - Phu Hai Beach Resort &amp; Spa Phan Thiet","og_description":"Spa &amp; Beauty t\u1ea1i Phu Hai Beach Resort &amp; Spa Phan Thiet l\u00e0 thi\u00ean \u0111\u01b0\u1eddng th\u01b0 gi\u00e3n v\u00e0 t\u00e1i t\u1ea1o n\u0103ng l\u01b0\u1ee3ng. Gi\u1eefa kh\u00f4ng gian nhi\u1ec7t \u0111\u1edbi y\u00ean b\u00ecnh, n\u01a1i \u0111\u00e2y mang \u0111\u1ebfn \u0111a d\u1ea1ng li\u1ec7u tr\u00ecnh t\u1eeb massage nh\u1eb9 nh\u00e0ng, ch\u0103m s\u00f3c da chuy\u00ean s\u00e2u \u0111\u1ebfn c\u00e1c li\u1ec7u ph\u00e1p to\u00e0n di\u1ec7n. \u0110\u1ed9i ng\u0169 chuy\u00ean [&hellip;]","og_url":"https:\/\/www.phuhaibeachresortphanthiet.com\/vi\/spa-beauty\/","og_site_name":"Phu Hai Beach Resort &amp; Spa Phan Thiet","article_modified_time":"2026-04-07T09:29:10+00:00","og_image":[{"width":2200,"height":1650,"url":"https:\/\/www.phuhaibeachresortphanthiet.com\/wp-content\/uploads\/sites\/143\/2026\/01\/phuhairesort-spa-beauty1.jpg","type":"image\/jpeg"}],"twitter_card":"summary_large_image","twitter_misc":{"Est. reading time":"1 minute"},"schema":{"@context":"https:\/\/schema.org","@graph":[{"@type":"WebPage","@id":"https:\/\/www.phuhaibeachresortphanthiet.com\/vi\/spa-beauty\/","url":"https:\/\/www.phuhaibeachresortphanthiet.com\/vi\/spa-beauty\/","name":"Spa &amp; Ch\u0103m s\u00f3c s\u1ee9c kh\u1ecfe - Phu Hai Beach Resort &amp; Spa Phan Thiet","isPartOf":{"@id":"https:\/\/www.phuhaibeachresortphanthiet.com\/vi\/#website"},"primaryImageOfPage":{"@id":"https:\/\/www.phuhaibeachresortphanthiet.com\/vi\/spa-beauty\/#primaryimage"},"image":{"@id":"https:\/\/www.phuhaibeachresortphanthiet.com\/vi\/spa-beauty\/#primaryimage"},"thumbnailUrl":"https:\/\/www.phuhaibeachresortphanthiet.com\/wp-content\/uploads\/sites\/143\/2026\/01\/phuhairesort-spa-beauty1.jpg","datePublished":"2026-01-10T08:04:22+00:00","dateModified":"2026-04-07T09:29:10+00:00","breadcrumb":{"@id":"https:\/\/www.phuhaibeachresortphanthiet.com\/vi\/spa-beauty\/#breadcrumb"},"inLanguage":"vi-VN","potentialAction":[{"@type":"ReadAction","target":["https:\/\/www.phuhaibeachresortphanthiet.com\/vi\/spa-beauty\/"]}]},{"@type":"ImageObject","inLanguage":"vi-VN","@id":"https:\/\/www.phuhaibeachresortphanthiet.com\/vi\/spa-beauty\/#primaryimage","url":"https:\/\/www.phuhaibeachresortphanthiet.com\/wp-content\/uploads\/sites\/143\/2026\/01\/phuhairesort-spa-beauty1.jpg","contentUrl":"https:\/\/www.phuhaibeachresortphanthiet.com\/wp-content\/uploads\/sites\/143\/2026\/01\/phuhairesort-spa-beauty1.jpg","width":2200,"height":1650},{"@type":"BreadcrumbList","@id":"https:\/\/www.phuhaibeachresortphanthiet.com\/vi\/spa-beauty\/#breadcrumb","itemListElement":[{"@type":"ListItem","position":1,"name":"Home","item":"https:\/\/www.phuhaibeachresortphanthiet.com\/vi\/"},{"@type":"ListItem","position":2,"name":"Spa &amp; Ch\u0103m s\u00f3c s\u1ee9c kh\u1ecfe"}]},{"@type":"WebSite","@id":"https:\/\/www.phuhaibeachresortphanthiet.com\/vi\/#website","url":"https:\/\/www.phuhaibeachresortphanthiet.com\/vi\/","name":"Phu Hai Beach Resort & Spa Phan Thiet","description":"","potentialAction":[{"@type":"SearchAction","target":{"@type":"EntryPoint","urlTemplate":"https:\/\/www.phuhaibeachresortphanthiet.com\/vi\/?s={search_term_string}"},"query-input":"required name=search_term_string"}],"inLanguage":"vi-VN"}]}},"acf":[],"_links":{"self":[{"href":"https:\/\/www.phuhaibeachresortphanthiet.com\/vi\/wp-json\/wp\/v2\/pages\/37"}],"collection":[{"href":"https:\/\/www.phuhaibeachresortphanthiet.com\/vi\/wp-json\/wp\/v2\/pages"}],"about":[{"href":"https:\/\/www.phuhaibeachresortphanthiet.com\/vi\/wp-json\/wp\/v2\/types\/page"}],"author":[{"embeddable":true,"href":"https:\/\/www.phuhaibeachresortphanthiet.com\/vi\/wp-json\/wp\/v2\/users\/90"}],"replies":[{"embeddable":true,"href":"https:\/\/www.phuhaibeachresortphanthiet.com\/vi\/wp-json\/wp\/v2\/comments?post=37"}],"version-history":[{"count":0,"href":"https:\/\/www.phuhaibeachresortphanthiet.com\/vi\/wp-json\/wp\/v2\/pages\/37\/revisions"}],"wp:featuredmedia":[{"embeddable":true,"href":"https:\/\/www.phuhaibeachresortphanthiet.com\/vi\/wp-json\/wp\/v2\/media\/185"}],"wp:attachment":[{"href":"https:\/\/www.phuhaibeachresortphanthiet.com\/vi\/wp-json\/wp\/v2\/media?parent=37"}],"curies":[{"name":"wp","href":"https:\/\/api.w.org\/{rel}","templated":true}]}}