{"id":368,"date":"2026-04-23T04:13:52","date_gmt":"2026-04-23T04:13:52","guid":{"rendered":"https:\/\/www.phuhaibeachresortphanthiet.com\/?page_id=368"},"modified":"2026-04-23T07:23:24","modified_gmt":"2026-04-23T07:23:24","slug":"happy-hour","status":"publish","type":"page","link":"https:\/\/www.phuhaibeachresortphanthiet.com\/vi\/special-offers\/happy-hour\/","title":{"rendered":"Happy Hour"},"content":{"rendered":"<p><span class=\"s1\">\u0110\u1eafm m\u00ecnh trong kh\u00f4ng kh\u00ed s\u00f4i \u0111\u1ed9ng b\u00ean h\u1ed3 b\u01a1i v\u00e0 \u0111\u1ec3 nh\u1eefng ly cocktail m\u00e1t l\u1ea1nh xua tan c\u00e1i n\u1eafng chi\u1ec1u. Trong khung gi\u1edd Happy Hour, ni\u1ec1m vui kh\u00f4ng ch\u1ec9 d\u1eebng l\u1ea1i \u1edf m\u1ed9t ly \u2013 b\u1edfi ch\u1ec9 c\u1ea7n mua 1, b\u1ea1n s\u1ebd nh\u1eadn ngay 2. \u0110\u00e2y l\u00e0 kho\u1ea3nh kh\u1eafc ho\u00e0n h\u1ea3o \u0111\u1ec3 c\u00f9ng b\u1ea1n b\u00e8 n\u00e2ng ly, chia s\u1ebb ti\u1ebfng c\u01b0\u1eddi v\u00e0 t\u1eadn h\u01b0\u1edfng h\u01b0\u01a1ng v\u1ecb tuy\u1ec7t v\u1eddi trong kh\u00f4ng gian th\u01b0 gi\u00e3n c\u1ee7a Pool Bar.<\/span><\/p>\n<p><span class=\"s1\">\u00c1p d\u1ee5ng h\u00e0ng ng\u00e0y t\u1eeb 4:00PM \u0111\u1ebfn 6:00PM t\u1ea1i Pool Bar.<\/span><\/p>\n<p class=\"cvGsUA direction-ltr align-start para-style-body\"><span class=\"a_GcMg font-feature-liga-off font-feature-clig-off font-feature-calt-off text-decoration-none text-strikethrough-none\">Hotline:+84 (0) 252 3812 799<\/span><\/p>\n<p class=\"cvGsUA direction-ltr align-start para-style-body\"><span class=\"a_GcMg font-feature-liga-off font-feature-clig-off font-feature-calt-off text-decoration-none text-strikethrough-none\">Ext: 504<\/span><\/p>\n","protected":false},"excerpt":{"rendered":"<p>\u0110\u1eafm m\u00ecnh trong kh\u00f4ng kh\u00ed s\u00f4i \u0111\u1ed9ng b\u00ean h\u1ed3 b\u01a1i v\u00e0 \u0111\u1ec3 nh\u1eefng ly cocktail m\u00e1t l\u1ea1nh xua tan c\u00e1i n\u1eafng chi\u1ec1u. Trong khung gi\u1edd Happy Hour, ni\u1ec1m vui kh\u00f4ng ch\u1ec9 d\u1eebng l\u1ea1i \u1edf m\u1ed9t ly \u2013 b\u1edfi ch\u1ec9 c\u1ea7n mua 1, b\u1ea1n s\u1ebd nh\u1eadn ngay 2. \u0110\u00e2y l\u00e0 kho\u1ea3nh kh\u1eafc ho\u00e0n h\u1ea3o \u0111\u1ec3 c\u00f9ng [&hellip;]<\/p>\n","protected":false},"author":268,"featured_media":369,"parent":29,"menu_order":3,"comment_status":"closed","ping_status":"closed","template":"template-single-offer.php","meta":{"footnotes":""},"yoast_head":"<!-- This site is optimized with the Yoast SEO plugin v22.3 - https:\/\/yoast.com\/wordpress\/plugins\/seo\/ -->\n<title>Happy Hour - Phu Hai Beach Resort &amp; Spa Phan Thiet<\/title>\n<meta name=\"robots\" content=\"index, follow, max-snippet:-1, max-image-preview:large, max-video-preview:-1\" \/>\n<link rel=\"canonical\" href=\"https:\/\/www.phuhaibeachresortphanthiet.com\/vi\/special-offers\/happy-hour\/\" \/>\n<meta property=\"og:locale\" content=\"vi_VN\" \/>\n<meta property=\"og:type\" content=\"article\" \/>\n<meta property=\"og:title\" content=\"Happy Hour - Phu Hai Beach Resort &amp; Spa Phan Thiet\" \/>\n<meta property=\"og:description\" content=\"\u0110\u1eafm m\u00ecnh trong kh\u00f4ng kh\u00ed s\u00f4i \u0111\u1ed9ng b\u00ean h\u1ed3 b\u01a1i v\u00e0 \u0111\u1ec3 nh\u1eefng ly cocktail m\u00e1t l\u1ea1nh xua tan c\u00e1i n\u1eafng chi\u1ec1u. Trong khung gi\u1edd Happy Hour, ni\u1ec1m vui kh\u00f4ng ch\u1ec9 d\u1eebng l\u1ea1i \u1edf m\u1ed9t ly \u2013 b\u1edfi ch\u1ec9 c\u1ea7n mua 1, b\u1ea1n s\u1ebd nh\u1eadn ngay 2. \u0110\u00e2y l\u00e0 kho\u1ea3nh kh\u1eafc ho\u00e0n h\u1ea3o \u0111\u1ec3 c\u00f9ng [&hellip;]\" \/>\n<meta property=\"og:url\" content=\"https:\/\/www.phuhaibeachresortphanthiet.com\/vi\/special-offers\/happy-hour\/\" \/>\n<meta property=\"og:site_name\" content=\"Phu Hai Beach Resort &amp; Spa Phan Thiet\" \/>\n<meta property=\"article:modified_time\" content=\"2026-04-23T07:23:24+00:00\" \/>\n<meta property=\"og:image\" content=\"https:\/\/www.phuhaibeachresortphanthiet.com\/wp-content\/uploads\/sites\/143\/2026\/04\/happy-hour-h.png\" \/>\n\t<meta property=\"og:image:width\" content=\"1100\" \/>\n\t<meta property=\"og:image:height\" content=\"769\" \/>\n\t<meta property=\"og:image:type\" content=\"image\/png\" \/>\n<meta name=\"twitter:card\" content=\"summary_large_image\" \/>\n<meta name=\"twitter:label1\" content=\"Est. reading time\" \/>\n\t<meta name=\"twitter:data1\" content=\"1 minute\" \/>\n<script type=\"application\/ld+json\" class=\"yoast-schema-graph\">{\"@context\":\"https:\/\/schema.org\",\"@graph\":[{\"@type\":\"WebPage\",\"@id\":\"https:\/\/www.phuhaibeachresortphanthiet.com\/vi\/special-offers\/happy-hour\/\",\"url\":\"https:\/\/www.phuhaibeachresortphanthiet.com\/vi\/special-offers\/happy-hour\/\",\"name\":\"Happy Hour - Phu Hai Beach Resort &amp; Spa Phan Thiet\",\"isPartOf\":{\"@id\":\"https:\/\/www.phuhaibeachresortphanthiet.com\/vi\/#website\"},\"primaryImageOfPage\":{\"@id\":\"https:\/\/www.phuhaibeachresortphanthiet.com\/vi\/special-offers\/happy-hour\/#primaryimage\"},\"image\":{\"@id\":\"https:\/\/www.phuhaibeachresortphanthiet.com\/vi\/special-offers\/happy-hour\/#primaryimage\"},\"thumbnailUrl\":\"https:\/\/www.phuhaibeachresortphanthiet.com\/wp-content\/uploads\/sites\/143\/2026\/04\/happy-hour-h.png\",\"datePublished\":\"2026-04-23T04:13:52+00:00\",\"dateModified\":\"2026-04-23T07:23:24+00:00\",\"breadcrumb\":{\"@id\":\"https:\/\/www.phuhaibeachresortphanthiet.com\/vi\/special-offers\/happy-hour\/#breadcrumb\"},\"inLanguage\":\"vi-VN\",\"potentialAction\":[{\"@type\":\"ReadAction\",\"target\":[\"https:\/\/www.phuhaibeachresortphanthiet.com\/vi\/special-offers\/happy-hour\/\"]}]},{\"@type\":\"ImageObject\",\"inLanguage\":\"vi-VN\",\"@id\":\"https:\/\/www.phuhaibeachresortphanthiet.com\/vi\/special-offers\/happy-hour\/#primaryimage\",\"url\":\"https:\/\/www.phuhaibeachresortphanthiet.com\/wp-content\/uploads\/sites\/143\/2026\/04\/happy-hour-h.png\",\"contentUrl\":\"https:\/\/www.phuhaibeachresortphanthiet.com\/wp-content\/uploads\/sites\/143\/2026\/04\/happy-hour-h.png\",\"width\":1100,\"height\":769},{\"@type\":\"BreadcrumbList\",\"@id\":\"https:\/\/www.phuhaibeachresortphanthiet.com\/vi\/special-offers\/happy-hour\/#breadcrumb\",\"itemListElement\":[{\"@type\":\"ListItem\",\"position\":1,\"name\":\"Home\",\"item\":\"https:\/\/www.phuhaibeachresortphanthiet.com\/vi\/\"},{\"@type\":\"ListItem\",\"position\":2,\"name\":\"\u01afu \u0111\u00e3i\",\"item\":\"https:\/\/www.phuhaibeachresortphanthiet.com\/vi\/special-offers\/\"},{\"@type\":\"ListItem\",\"position\":3,\"name\":\"Happy Hour\"}]},{\"@type\":\"WebSite\",\"@id\":\"https:\/\/www.phuhaibeachresortphanthiet.com\/vi\/#website\",\"url\":\"https:\/\/www.phuhaibeachresortphanthiet.com\/vi\/\",\"name\":\"Phu Hai Beach Resort & Spa Phan Thiet\",\"description\":\"\",\"potentialAction\":[{\"@type\":\"SearchAction\",\"target\":{\"@type\":\"EntryPoint\",\"urlTemplate\":\"https:\/\/www.phuhaibeachresortphanthiet.com\/vi\/?s={search_term_string}\"},\"query-input\":\"required name=search_term_string\"}],\"inLanguage\":\"vi-VN\"}]}<\/script>\n<!-- \/ Yoast SEO plugin. -->","yoast_head_json":{"title":"Happy Hour - Phu Hai Beach Resort &amp; Spa Phan Thiet","robots":{"index":"index","follow":"follow","max-snippet":"max-snippet:-1","max-image-preview":"max-image-preview:large","max-video-preview":"max-video-preview:-1"},"canonical":"https:\/\/www.phuhaibeachresortphanthiet.com\/vi\/special-offers\/happy-hour\/","og_locale":"vi_VN","og_type":"article","og_title":"Happy Hour - Phu Hai Beach Resort &amp; Spa Phan Thiet","og_description":"\u0110\u1eafm m\u00ecnh trong kh\u00f4ng kh\u00ed s\u00f4i \u0111\u1ed9ng b\u00ean h\u1ed3 b\u01a1i v\u00e0 \u0111\u1ec3 nh\u1eefng ly cocktail m\u00e1t l\u1ea1nh xua tan c\u00e1i n\u1eafng chi\u1ec1u. Trong khung gi\u1edd Happy Hour, ni\u1ec1m vui kh\u00f4ng ch\u1ec9 d\u1eebng l\u1ea1i \u1edf m\u1ed9t ly \u2013 b\u1edfi ch\u1ec9 c\u1ea7n mua 1, b\u1ea1n s\u1ebd nh\u1eadn ngay 2. \u0110\u00e2y l\u00e0 kho\u1ea3nh kh\u1eafc ho\u00e0n h\u1ea3o \u0111\u1ec3 c\u00f9ng [&hellip;]","og_url":"https:\/\/www.phuhaibeachresortphanthiet.com\/vi\/special-offers\/happy-hour\/","og_site_name":"Phu Hai Beach Resort &amp; Spa Phan Thiet","article_modified_time":"2026-04-23T07:23:24+00:00","og_image":[{"width":1100,"height":769,"url":"https:\/\/www.phuhaibeachresortphanthiet.com\/wp-content\/uploads\/sites\/143\/2026\/04\/happy-hour-h.png","type":"image\/png"}],"twitter_card":"summary_large_image","twitter_misc":{"Est. reading time":"1 minute"},"schema":{"@context":"https:\/\/schema.org","@graph":[{"@type":"WebPage","@id":"https:\/\/www.phuhaibeachresortphanthiet.com\/vi\/special-offers\/happy-hour\/","url":"https:\/\/www.phuhaibeachresortphanthiet.com\/vi\/special-offers\/happy-hour\/","name":"Happy Hour - Phu Hai Beach Resort &amp; Spa Phan Thiet","isPartOf":{"@id":"https:\/\/www.phuhaibeachresortphanthiet.com\/vi\/#website"},"primaryImageOfPage":{"@id":"https:\/\/www.phuhaibeachresortphanthiet.com\/vi\/special-offers\/happy-hour\/#primaryimage"},"image":{"@id":"https:\/\/www.phuhaibeachresortphanthiet.com\/vi\/special-offers\/happy-hour\/#primaryimage"},"thumbnailUrl":"https:\/\/www.phuhaibeachresortphanthiet.com\/wp-content\/uploads\/sites\/143\/2026\/04\/happy-hour-h.png","datePublished":"2026-04-23T04:13:52+00:00","dateModified":"2026-04-23T07:23:24+00:00","breadcrumb":{"@id":"https:\/\/www.phuhaibeachresortphanthiet.com\/vi\/special-offers\/happy-hour\/#breadcrumb"},"inLanguage":"vi-VN","potentialAction":[{"@type":"ReadAction","target":["https:\/\/www.phuhaibeachresortphanthiet.com\/vi\/special-offers\/happy-hour\/"]}]},{"@type":"ImageObject","inLanguage":"vi-VN","@id":"https:\/\/www.phuhaibeachresortphanthiet.com\/vi\/special-offers\/happy-hour\/#primaryimage","url":"https:\/\/www.phuhaibeachresortphanthiet.com\/wp-content\/uploads\/sites\/143\/2026\/04\/happy-hour-h.png","contentUrl":"https:\/\/www.phuhaibeachresortphanthiet.com\/wp-content\/uploads\/sites\/143\/2026\/04\/happy-hour-h.png","width":1100,"height":769},{"@type":"BreadcrumbList","@id":"https:\/\/www.phuhaibeachresortphanthiet.com\/vi\/special-offers\/happy-hour\/#breadcrumb","itemListElement":[{"@type":"ListItem","position":1,"name":"Home","item":"https:\/\/www.phuhaibeachresortphanthiet.com\/vi\/"},{"@type":"ListItem","position":2,"name":"\u01afu \u0111\u00e3i","item":"https:\/\/www.phuhaibeachresortphanthiet.com\/vi\/special-offers\/"},{"@type":"ListItem","position":3,"name":"Happy Hour"}]},{"@type":"WebSite","@id":"https:\/\/www.phuhaibeachresortphanthiet.com\/vi\/#website","url":"https:\/\/www.phuhaibeachresortphanthiet.com\/vi\/","name":"Phu Hai Beach Resort & Spa Phan Thiet","description":"","potentialAction":[{"@type":"SearchAction","target":{"@type":"EntryPoint","urlTemplate":"https:\/\/www.phuhaibeachresortphanthiet.com\/vi\/?s={search_term_string}"},"query-input":"required name=search_term_string"}],"inLanguage":"vi-VN"}]}},"acf":[],"_links":{"self":[{"href":"https:\/\/www.phuhaibeachresortphanthiet.com\/vi\/wp-json\/wp\/v2\/pages\/368"}],"collection":[{"href":"https:\/\/www.phuhaibeachresortphanthiet.com\/vi\/wp-json\/wp\/v2\/pages"}],"about":[{"href":"https:\/\/www.phuhaibeachresortphanthiet.com\/vi\/wp-json\/wp\/v2\/types\/page"}],"author":[{"embeddable":true,"href":"https:\/\/www.phuhaibeachresortphanthiet.com\/vi\/wp-json\/wp\/v2\/users\/268"}],"replies":[{"embeddable":true,"href":"https:\/\/www.phuhaibeachresortphanthiet.com\/vi\/wp-json\/wp\/v2\/comments?post=368"}],"version-history":[{"count":0,"href":"https:\/\/www.phuhaibeachresortphanthiet.com\/vi\/wp-json\/wp\/v2\/pages\/368\/revisions"}],"up":[{"embeddable":true,"href":"https:\/\/www.phuhaibeachresortphanthiet.com\/vi\/wp-json\/wp\/v2\/pages\/29"}],"wp:featuredmedia":[{"embeddable":true,"href":"https:\/\/www.phuhaibeachresortphanthiet.com\/vi\/wp-json\/wp\/v2\/media\/369"}],"wp:attachment":[{"href":"https:\/\/www.phuhaibeachresortphanthiet.com\/vi\/wp-json\/wp\/v2\/media?parent=368"}],"curies":[{"name":"wp","href":"https:\/\/api.w.org\/{rel}","templated":true}]}}