{"id":363,"date":"2026-04-23T03:18:59","date_gmt":"2026-04-23T03:18:59","guid":{"rendered":"https:\/\/www.phuhaibeachresortphanthiet.com\/?page_id=363"},"modified":"2026-04-23T07:25:28","modified_gmt":"2026-04-23T07:25:28","slug":"uu-dai-dich-vu-phong","status":"publish","type":"page","link":"https:\/\/www.phuhaibeachresortphanthiet.com\/vi\/specials-offers\/uu-dai-dich-vu-phong\/","title":{"rendered":"\u01afu \u0110\u00e3i D\u1ecbch V\u1ee5 Ph\u00f2ng"},"content":{"rendered":"<p><span class=\"s1\">Th\u01b0\u1edfng th\u1ee9c b\u1eefa \u0103n ngay t\u1ea1i ph\u00f2ng trong kh\u00f4ng gian ri\u00eang t\u01b0 v\u00e0 tho\u1ea3i m\u00e1i. V\u1edbi m\u1ed7i \u0111\u01a1n \u0111\u1eb7t m\u00f3n, qu\u00fd kh\u00e1ch s\u1ebd \u0111\u01b0\u1ee3c t\u1eb7ng k\u00e8m m\u1ed9t tr\u00e1i d\u1eeba t\u01b0\u01a1i mi\u1ec5n ph\u00ed, mang \u0111\u1ebfn h\u01b0\u01a1ng v\u1ecb m\u00e1t l\u00e0nh v\u00e0 tr\u1ea3i nghi\u1ec7m tr\u1ecdn v\u1eb9n h\u01a1n. \u0110\u00e2y l\u00e0 c\u00e1ch tuy\u1ec7t v\u1eddi \u0111\u1ec3 v\u1eeba t\u1eadn h\u01b0\u1edfng \u1ea9m th\u1ef1c, v\u1eeba th\u01b0 gi\u00e3n trong s\u1ef1 ti\u1ec7n nghi c\u1ee7a d\u1ecbch v\u1ee5 ph\u00f2ng.<\/span><\/p>\n<p class=\"cvGsUA direction-ltr align-start para-style-body\"><span class=\"a_GcMg font-feature-liga-off font-feature-clig-off font-feature-calt-off text-decoration-none text-strikethrough-none\">Hotline:+84 (0) 252 3812 799<\/span><\/p>\n<p class=\"cvGsUA direction-ltr align-start para-style-body\"><span class=\"a_GcMg font-feature-liga-off font-feature-clig-off font-feature-calt-off text-decoration-none text-strikethrough-none\">Ext: 504<\/span><\/p>\n","protected":false},"excerpt":{"rendered":"<p>Th\u01b0\u1edfng th\u1ee9c b\u1eefa \u0103n ngay t\u1ea1i ph\u00f2ng trong kh\u00f4ng gian ri\u00eang t\u01b0 v\u00e0 tho\u1ea3i m\u00e1i. V\u1edbi m\u1ed7i \u0111\u01a1n \u0111\u1eb7t m\u00f3n, qu\u00fd kh\u00e1ch s\u1ebd \u0111\u01b0\u1ee3c t\u1eb7ng k\u00e8m m\u1ed9t tr\u00e1i d\u1eeba t\u01b0\u01a1i mi\u1ec5n ph\u00ed, mang \u0111\u1ebfn h\u01b0\u01a1ng v\u1ecb m\u00e1t l\u00e0nh v\u00e0 tr\u1ea3i nghi\u1ec7m tr\u1ecdn v\u1eb9n h\u01a1n. \u0110\u00e2y l\u00e0 c\u00e1ch tuy\u1ec7t v\u1eddi \u0111\u1ec3 v\u1eeba t\u1eadn h\u01b0\u1edfng \u1ea9m th\u1ef1c, [&hellip;]<\/p>\n","protected":false},"author":268,"featured_media":365,"parent":29,"menu_order":4,"comment_status":"closed","ping_status":"closed","template":"template-single-offer.php","meta":{"footnotes":""},"yoast_head":"<!-- This site is optimized with the Yoast SEO plugin v22.3 - https:\/\/yoast.com\/wordpress\/plugins\/seo\/ -->\n<title>\u01afu \u0110\u00e3i D\u1ecbch V\u1ee5 Ph\u00f2ng - Phu Hai Beach Resort &amp; Spa Phan Thiet<\/title>\n<meta name=\"robots\" content=\"index, follow, max-snippet:-1, max-image-preview:large, max-video-preview:-1\" \/>\n<link rel=\"canonical\" href=\"https:\/\/www.phuhaibeachresortphanthiet.com\/vi\/specials-offers\/uu-dai-dich-vu-phong\/\" \/>\n<meta property=\"og:locale\" content=\"vi_VN\" \/>\n<meta property=\"og:type\" content=\"article\" \/>\n<meta property=\"og:title\" content=\"\u01afu \u0110\u00e3i D\u1ecbch V\u1ee5 Ph\u00f2ng - Phu Hai Beach Resort &amp; Spa Phan Thiet\" \/>\n<meta property=\"og:description\" content=\"Th\u01b0\u1edfng th\u1ee9c b\u1eefa \u0103n ngay t\u1ea1i ph\u00f2ng trong kh\u00f4ng gian ri\u00eang t\u01b0 v\u00e0 tho\u1ea3i m\u00e1i. V\u1edbi m\u1ed7i \u0111\u01a1n \u0111\u1eb7t m\u00f3n, qu\u00fd kh\u00e1ch s\u1ebd \u0111\u01b0\u1ee3c t\u1eb7ng k\u00e8m m\u1ed9t tr\u00e1i d\u1eeba t\u01b0\u01a1i mi\u1ec5n ph\u00ed, mang \u0111\u1ebfn h\u01b0\u01a1ng v\u1ecb m\u00e1t l\u00e0nh v\u00e0 tr\u1ea3i nghi\u1ec7m tr\u1ecdn v\u1eb9n h\u01a1n. \u0110\u00e2y l\u00e0 c\u00e1ch tuy\u1ec7t v\u1eddi \u0111\u1ec3 v\u1eeba t\u1eadn h\u01b0\u1edfng \u1ea9m th\u1ef1c, [&hellip;]\" \/>\n<meta property=\"og:url\" content=\"https:\/\/www.phuhaibeachresortphanthiet.com\/vi\/specials-offers\/uu-dai-dich-vu-phong\/\" \/>\n<meta property=\"og:site_name\" content=\"Phu Hai Beach Resort &amp; Spa Phan Thiet\" \/>\n<meta property=\"article:modified_time\" content=\"2026-04-23T07:25:28+00:00\" \/>\n<meta property=\"og:image\" content=\"https:\/\/www.phuhaibeachresortphanthiet.com\/wp-content\/uploads\/sites\/143\/2026\/04\/In-Room-Dining-352-x-246-px-1.png\" \/>\n\t<meta property=\"og:image:width\" content=\"1100\" \/>\n\t<meta property=\"og:image:height\" content=\"769\" \/>\n\t<meta property=\"og:image:type\" content=\"image\/png\" \/>\n<meta name=\"twitter:card\" content=\"summary_large_image\" \/>\n<meta name=\"twitter:label1\" content=\"Est. reading time\" \/>\n\t<meta name=\"twitter:data1\" content=\"1 minute\" \/>\n<script type=\"application\/ld+json\" class=\"yoast-schema-graph\">{\"@context\":\"https:\/\/schema.org\",\"@graph\":[{\"@type\":\"WebPage\",\"@id\":\"https:\/\/www.phuhaibeachresortphanthiet.com\/vi\/specials-offers\/uu-dai-dich-vu-phong\/\",\"url\":\"https:\/\/www.phuhaibeachresortphanthiet.com\/vi\/specials-offers\/uu-dai-dich-vu-phong\/\",\"name\":\"\u01afu \u0110\u00e3i D\u1ecbch V\u1ee5 Ph\u00f2ng - Phu Hai Beach Resort &amp; Spa Phan Thiet\",\"isPartOf\":{\"@id\":\"https:\/\/www.phuhaibeachresortphanthiet.com\/vi\/#website\"},\"primaryImageOfPage\":{\"@id\":\"https:\/\/www.phuhaibeachresortphanthiet.com\/vi\/specials-offers\/uu-dai-dich-vu-phong\/#primaryimage\"},\"image\":{\"@id\":\"https:\/\/www.phuhaibeachresortphanthiet.com\/vi\/specials-offers\/uu-dai-dich-vu-phong\/#primaryimage\"},\"thumbnailUrl\":\"https:\/\/www.phuhaibeachresortphanthiet.com\/wp-content\/uploads\/sites\/143\/2026\/04\/In-Room-Dining-352-x-246-px-1.png\",\"datePublished\":\"2026-04-23T03:18:59+00:00\",\"dateModified\":\"2026-04-23T07:25:28+00:00\",\"breadcrumb\":{\"@id\":\"https:\/\/www.phuhaibeachresortphanthiet.com\/vi\/specials-offers\/uu-dai-dich-vu-phong\/#breadcrumb\"},\"inLanguage\":\"vi-VN\",\"potentialAction\":[{\"@type\":\"ReadAction\",\"target\":[\"https:\/\/www.phuhaibeachresortphanthiet.com\/vi\/specials-offers\/uu-dai-dich-vu-phong\/\"]}]},{\"@type\":\"ImageObject\",\"inLanguage\":\"vi-VN\",\"@id\":\"https:\/\/www.phuhaibeachresortphanthiet.com\/vi\/specials-offers\/uu-dai-dich-vu-phong\/#primaryimage\",\"url\":\"https:\/\/www.phuhaibeachresortphanthiet.com\/wp-content\/uploads\/sites\/143\/2026\/04\/In-Room-Dining-352-x-246-px-1.png\",\"contentUrl\":\"https:\/\/www.phuhaibeachresortphanthiet.com\/wp-content\/uploads\/sites\/143\/2026\/04\/In-Room-Dining-352-x-246-px-1.png\",\"width\":1100,\"height\":769},{\"@type\":\"BreadcrumbList\",\"@id\":\"https:\/\/www.phuhaibeachresortphanthiet.com\/vi\/specials-offers\/uu-dai-dich-vu-phong\/#breadcrumb\",\"itemListElement\":[{\"@type\":\"ListItem\",\"position\":1,\"name\":\"Home\",\"item\":\"https:\/\/www.phuhaibeachresortphanthiet.com\/vi\/\"},{\"@type\":\"ListItem\",\"position\":2,\"name\":\"\u01afu \u0111\u00e3i\",\"item\":\"https:\/\/www.phuhaibeachresortphanthiet.com\/vi\/specials-offers\/\"},{\"@type\":\"ListItem\",\"position\":3,\"name\":\"\u01afu \u0110\u00e3i D\u1ecbch V\u1ee5 Ph\u00f2ng\"}]},{\"@type\":\"WebSite\",\"@id\":\"https:\/\/www.phuhaibeachresortphanthiet.com\/vi\/#website\",\"url\":\"https:\/\/www.phuhaibeachresortphanthiet.com\/vi\/\",\"name\":\"Phu Hai Beach Resort & Spa Phan Thiet\",\"description\":\"\",\"potentialAction\":[{\"@type\":\"SearchAction\",\"target\":{\"@type\":\"EntryPoint\",\"urlTemplate\":\"https:\/\/www.phuhaibeachresortphanthiet.com\/vi\/?s={search_term_string}\"},\"query-input\":\"required name=search_term_string\"}],\"inLanguage\":\"vi-VN\"}]}<\/script>\n<!-- \/ Yoast SEO plugin. -->","yoast_head_json":{"title":"\u01afu \u0110\u00e3i D\u1ecbch V\u1ee5 Ph\u00f2ng - Phu Hai Beach Resort &amp; Spa Phan Thiet","robots":{"index":"index","follow":"follow","max-snippet":"max-snippet:-1","max-image-preview":"max-image-preview:large","max-video-preview":"max-video-preview:-1"},"canonical":"https:\/\/www.phuhaibeachresortphanthiet.com\/vi\/specials-offers\/uu-dai-dich-vu-phong\/","og_locale":"vi_VN","og_type":"article","og_title":"\u01afu \u0110\u00e3i D\u1ecbch V\u1ee5 Ph\u00f2ng - Phu Hai Beach Resort &amp; Spa Phan Thiet","og_description":"Th\u01b0\u1edfng th\u1ee9c b\u1eefa \u0103n ngay t\u1ea1i ph\u00f2ng trong kh\u00f4ng gian ri\u00eang t\u01b0 v\u00e0 tho\u1ea3i m\u00e1i. V\u1edbi m\u1ed7i \u0111\u01a1n \u0111\u1eb7t m\u00f3n, qu\u00fd kh\u00e1ch s\u1ebd \u0111\u01b0\u1ee3c t\u1eb7ng k\u00e8m m\u1ed9t tr\u00e1i d\u1eeba t\u01b0\u01a1i mi\u1ec5n ph\u00ed, mang \u0111\u1ebfn h\u01b0\u01a1ng v\u1ecb m\u00e1t l\u00e0nh v\u00e0 tr\u1ea3i nghi\u1ec7m tr\u1ecdn v\u1eb9n h\u01a1n. \u0110\u00e2y l\u00e0 c\u00e1ch tuy\u1ec7t v\u1eddi \u0111\u1ec3 v\u1eeba t\u1eadn h\u01b0\u1edfng \u1ea9m th\u1ef1c, [&hellip;]","og_url":"https:\/\/www.phuhaibeachresortphanthiet.com\/vi\/specials-offers\/uu-dai-dich-vu-phong\/","og_site_name":"Phu Hai Beach Resort &amp; Spa Phan Thiet","article_modified_time":"2026-04-23T07:25:28+00:00","og_image":[{"width":1100,"height":769,"url":"https:\/\/www.phuhaibeachresortphanthiet.com\/wp-content\/uploads\/sites\/143\/2026\/04\/In-Room-Dining-352-x-246-px-1.png","type":"image\/png"}],"twitter_card":"summary_large_image","twitter_misc":{"Est. reading time":"1 minute"},"schema":{"@context":"https:\/\/schema.org","@graph":[{"@type":"WebPage","@id":"https:\/\/www.phuhaibeachresortphanthiet.com\/vi\/specials-offers\/uu-dai-dich-vu-phong\/","url":"https:\/\/www.phuhaibeachresortphanthiet.com\/vi\/specials-offers\/uu-dai-dich-vu-phong\/","name":"\u01afu \u0110\u00e3i D\u1ecbch V\u1ee5 Ph\u00f2ng - Phu Hai Beach Resort &amp; Spa Phan Thiet","isPartOf":{"@id":"https:\/\/www.phuhaibeachresortphanthiet.com\/vi\/#website"},"primaryImageOfPage":{"@id":"https:\/\/www.phuhaibeachresortphanthiet.com\/vi\/specials-offers\/uu-dai-dich-vu-phong\/#primaryimage"},"image":{"@id":"https:\/\/www.phuhaibeachresortphanthiet.com\/vi\/specials-offers\/uu-dai-dich-vu-phong\/#primaryimage"},"thumbnailUrl":"https:\/\/www.phuhaibeachresortphanthiet.com\/wp-content\/uploads\/sites\/143\/2026\/04\/In-Room-Dining-352-x-246-px-1.png","datePublished":"2026-04-23T03:18:59+00:00","dateModified":"2026-04-23T07:25:28+00:00","breadcrumb":{"@id":"https:\/\/www.phuhaibeachresortphanthiet.com\/vi\/specials-offers\/uu-dai-dich-vu-phong\/#breadcrumb"},"inLanguage":"vi-VN","potentialAction":[{"@type":"ReadAction","target":["https:\/\/www.phuhaibeachresortphanthiet.com\/vi\/specials-offers\/uu-dai-dich-vu-phong\/"]}]},{"@type":"ImageObject","inLanguage":"vi-VN","@id":"https:\/\/www.phuhaibeachresortphanthiet.com\/vi\/specials-offers\/uu-dai-dich-vu-phong\/#primaryimage","url":"https:\/\/www.phuhaibeachresortphanthiet.com\/wp-content\/uploads\/sites\/143\/2026\/04\/In-Room-Dining-352-x-246-px-1.png","contentUrl":"https:\/\/www.phuhaibeachresortphanthiet.com\/wp-content\/uploads\/sites\/143\/2026\/04\/In-Room-Dining-352-x-246-px-1.png","width":1100,"height":769},{"@type":"BreadcrumbList","@id":"https:\/\/www.phuhaibeachresortphanthiet.com\/vi\/specials-offers\/uu-dai-dich-vu-phong\/#breadcrumb","itemListElement":[{"@type":"ListItem","position":1,"name":"Home","item":"https:\/\/www.phuhaibeachresortphanthiet.com\/vi\/"},{"@type":"ListItem","position":2,"name":"\u01afu \u0111\u00e3i","item":"https:\/\/www.phuhaibeachresortphanthiet.com\/vi\/specials-offers\/"},{"@type":"ListItem","position":3,"name":"\u01afu \u0110\u00e3i D\u1ecbch V\u1ee5 Ph\u00f2ng"}]},{"@type":"WebSite","@id":"https:\/\/www.phuhaibeachresortphanthiet.com\/vi\/#website","url":"https:\/\/www.phuhaibeachresortphanthiet.com\/vi\/","name":"Phu Hai Beach Resort & Spa Phan Thiet","description":"","potentialAction":[{"@type":"SearchAction","target":{"@type":"EntryPoint","urlTemplate":"https:\/\/www.phuhaibeachresortphanthiet.com\/vi\/?s={search_term_string}"},"query-input":"required name=search_term_string"}],"inLanguage":"vi-VN"}]}},"acf":[],"_links":{"self":[{"href":"https:\/\/www.phuhaibeachresortphanthiet.com\/vi\/wp-json\/wp\/v2\/pages\/363"}],"collection":[{"href":"https:\/\/www.phuhaibeachresortphanthiet.com\/vi\/wp-json\/wp\/v2\/pages"}],"about":[{"href":"https:\/\/www.phuhaibeachresortphanthiet.com\/vi\/wp-json\/wp\/v2\/types\/page"}],"author":[{"embeddable":true,"href":"https:\/\/www.phuhaibeachresortphanthiet.com\/vi\/wp-json\/wp\/v2\/users\/268"}],"replies":[{"embeddable":true,"href":"https:\/\/www.phuhaibeachresortphanthiet.com\/vi\/wp-json\/wp\/v2\/comments?post=363"}],"version-history":[{"count":0,"href":"https:\/\/www.phuhaibeachresortphanthiet.com\/vi\/wp-json\/wp\/v2\/pages\/363\/revisions"}],"up":[{"embeddable":true,"href":"https:\/\/www.phuhaibeachresortphanthiet.com\/vi\/wp-json\/wp\/v2\/pages\/29"}],"wp:featuredmedia":[{"embeddable":true,"href":"https:\/\/www.phuhaibeachresortphanthiet.com\/vi\/wp-json\/wp\/v2\/media\/365"}],"wp:attachment":[{"href":"https:\/\/www.phuhaibeachresortphanthiet.com\/vi\/wp-json\/wp\/v2\/media?parent=363"}],"curies":[{"name":"wp","href":"https:\/\/api.w.org\/{rel}","templated":true}]}}