{"id":361,"date":"2026-04-23T03:09:35","date_gmt":"2026-04-23T03:09:35","guid":{"rendered":"https:\/\/www.phuhaibeachresortphanthiet.com\/?page_id=361"},"modified":"2026-04-23T08:07:48","modified_gmt":"2026-04-23T08:07:48","slug":"bbq-gala-dinner-2","status":"publish","type":"page","link":"https:\/\/www.phuhaibeachresortphanthiet.com\/vi\/specials-offers\/bbq-gala-dinner-2\/","title":{"rendered":"Spa Special \u2013 Gi\u1ea3m 20% cho t\u1eeb 3 kh\u00e1ch!"},"content":{"rendered":"<div dir=\"auto\">\n<p><span class=\"s1\">H\u00e3y c\u00f9ng b\u1ea1n b\u00e8 ho\u1eb7c ng\u01b0\u1eddi th\u00e2n t\u1eadn h\u01b0\u1edfng nh\u1eefng ph\u00fat gi\u00e2y th\u01b0 gi\u00e3n tuy\u1ec7t v\u1eddi t\u1ea1i Spa. Ch\u1ec9 c\u1ea7n 3 kh\u00e1ch, qu\u00fd kh\u00e1ch s\u1ebd \u0111\u01b0\u1ee3c gi\u1ea3m ngay 20% cho t\u1ea5t c\u1ea3 d\u1ecbch v\u1ee5 Spa. \u0110\u00e2y l\u00e0 c\u01a1 h\u1ed9i l\u00fd t\u01b0\u1edfng \u0111\u1ec3 tr\u1ea3i nghi\u1ec7m ch\u0103m s\u00f3c c\u01a1 th\u1ec3 cao c\u1ea5p v\u1edbi m\u1ee9c gi\u00e1 \u01b0u \u0111\u00e3i, mang l\u1ea1i s\u1ef1 c\u00e2n b\u1eb1ng v\u00e0 n\u0103ng l\u01b0\u1ee3ng m\u1edbi cho c\u1ea3 nh\u00f3m.<\/span><\/p>\n<p><span class=\"a_GcMg font-feature-liga-off font-feature-clig-off font-feature-calt-off text-decoration-none text-strikethrough-none\">Hotline: <\/span><span class=\"a_GcMg font-feature-liga-off font-feature-clig-off font-feature-calt-off text-decoration-none text-strikethrough-none\">+84 (0) 252 3812 799<\/span><\/p>\n<p>Ext: 520<\/p>\n<\/div>\n","protected":false},"excerpt":{"rendered":"<p>H\u00e3y c\u00f9ng b\u1ea1n b\u00e8 ho\u1eb7c ng\u01b0\u1eddi th\u00e2n t\u1eadn h\u01b0\u1edfng nh\u1eefng ph\u00fat gi\u00e2y th\u01b0 gi\u00e3n tuy\u1ec7t v\u1eddi t\u1ea1i Spa. Ch\u1ec9 c\u1ea7n 3 kh\u00e1ch, qu\u00fd kh\u00e1ch s\u1ebd \u0111\u01b0\u1ee3c gi\u1ea3m ngay 20% cho t\u1ea5t c\u1ea3 d\u1ecbch v\u1ee5 Spa. \u0110\u00e2y l\u00e0 c\u01a1 h\u1ed9i l\u00fd t\u01b0\u1edfng \u0111\u1ec3 tr\u1ea3i nghi\u1ec7m ch\u0103m s\u00f3c c\u01a1 th\u1ec3 cao c\u1ea5p v\u1edbi m\u1ee9c gi\u00e1 \u01b0u \u0111\u00e3i, [&hellip;]<\/p>\n","protected":false},"author":268,"featured_media":393,"parent":29,"menu_order":6,"comment_status":"closed","ping_status":"closed","template":"template-single-offer.php","meta":{"footnotes":""},"yoast_head":"<!-- This site is optimized with the Yoast SEO plugin v22.3 - https:\/\/yoast.com\/wordpress\/plugins\/seo\/ -->\n<title>Spa Special \u2013 Gi\u1ea3m 20% cho t\u1eeb 3 kh\u00e1ch! - Phu Hai Beach Resort &amp; Spa Phan Thiet<\/title>\n<meta name=\"robots\" content=\"index, follow, max-snippet:-1, max-image-preview:large, max-video-preview:-1\" \/>\n<link rel=\"canonical\" href=\"https:\/\/www.phuhaibeachresortphanthiet.com\/vi\/specials-offers\/bbq-gala-dinner-2\/\" \/>\n<meta property=\"og:locale\" content=\"vi_VN\" \/>\n<meta property=\"og:type\" content=\"article\" \/>\n<meta property=\"og:title\" content=\"Spa Special \u2013 Gi\u1ea3m 20% cho t\u1eeb 3 kh\u00e1ch! - Phu Hai Beach Resort &amp; Spa Phan Thiet\" \/>\n<meta property=\"og:description\" content=\"H\u00e3y c\u00f9ng b\u1ea1n b\u00e8 ho\u1eb7c ng\u01b0\u1eddi th\u00e2n t\u1eadn h\u01b0\u1edfng nh\u1eefng ph\u00fat gi\u00e2y th\u01b0 gi\u00e3n tuy\u1ec7t v\u1eddi t\u1ea1i Spa. Ch\u1ec9 c\u1ea7n 3 kh\u00e1ch, qu\u00fd kh\u00e1ch s\u1ebd \u0111\u01b0\u1ee3c gi\u1ea3m ngay 20% cho t\u1ea5t c\u1ea3 d\u1ecbch v\u1ee5 Spa. \u0110\u00e2y l\u00e0 c\u01a1 h\u1ed9i l\u00fd t\u01b0\u1edfng \u0111\u1ec3 tr\u1ea3i nghi\u1ec7m ch\u0103m s\u00f3c c\u01a1 th\u1ec3 cao c\u1ea5p v\u1edbi m\u1ee9c gi\u00e1 \u01b0u \u0111\u00e3i, [&hellip;]\" \/>\n<meta property=\"og:url\" content=\"https:\/\/www.phuhaibeachresortphanthiet.com\/vi\/specials-offers\/bbq-gala-dinner-2\/\" \/>\n<meta property=\"og:site_name\" content=\"Phu Hai Beach Resort &amp; Spa Phan Thiet\" \/>\n<meta property=\"article:modified_time\" content=\"2026-04-23T08:07:48+00:00\" \/>\n<meta property=\"og:image\" content=\"https:\/\/www.phuhaibeachresortphanthiet.com\/wp-content\/uploads\/sites\/143\/2026\/04\/discount-20-3pax-Spa-1100px769px-1.png\" \/>\n\t<meta property=\"og:image:width\" content=\"1100\" \/>\n\t<meta property=\"og:image:height\" content=\"769\" \/>\n\t<meta property=\"og:image:type\" content=\"image\/png\" \/>\n<meta name=\"twitter:card\" content=\"summary_large_image\" \/>\n<meta name=\"twitter:label1\" content=\"Est. reading time\" \/>\n\t<meta name=\"twitter:data1\" content=\"1 minute\" \/>\n<script type=\"application\/ld+json\" class=\"yoast-schema-graph\">{\"@context\":\"https:\/\/schema.org\",\"@graph\":[{\"@type\":\"WebPage\",\"@id\":\"https:\/\/www.phuhaibeachresortphanthiet.com\/vi\/specials-offers\/bbq-gala-dinner-2\/\",\"url\":\"https:\/\/www.phuhaibeachresortphanthiet.com\/vi\/specials-offers\/bbq-gala-dinner-2\/\",\"name\":\"Spa Special \u2013 Gi\u1ea3m 20% cho t\u1eeb 3 kh\u00e1ch! - Phu Hai Beach Resort &amp; Spa Phan Thiet\",\"isPartOf\":{\"@id\":\"https:\/\/www.phuhaibeachresortphanthiet.com\/vi\/#website\"},\"primaryImageOfPage\":{\"@id\":\"https:\/\/www.phuhaibeachresortphanthiet.com\/vi\/specials-offers\/bbq-gala-dinner-2\/#primaryimage\"},\"image\":{\"@id\":\"https:\/\/www.phuhaibeachresortphanthiet.com\/vi\/specials-offers\/bbq-gala-dinner-2\/#primaryimage\"},\"thumbnailUrl\":\"https:\/\/www.phuhaibeachresortphanthiet.com\/wp-content\/uploads\/sites\/143\/2026\/04\/discount-20-3pax-Spa-1100px769px-1.png\",\"datePublished\":\"2026-04-23T03:09:35+00:00\",\"dateModified\":\"2026-04-23T08:07:48+00:00\",\"breadcrumb\":{\"@id\":\"https:\/\/www.phuhaibeachresortphanthiet.com\/vi\/specials-offers\/bbq-gala-dinner-2\/#breadcrumb\"},\"inLanguage\":\"vi-VN\",\"potentialAction\":[{\"@type\":\"ReadAction\",\"target\":[\"https:\/\/www.phuhaibeachresortphanthiet.com\/vi\/specials-offers\/bbq-gala-dinner-2\/\"]}]},{\"@type\":\"ImageObject\",\"inLanguage\":\"vi-VN\",\"@id\":\"https:\/\/www.phuhaibeachresortphanthiet.com\/vi\/specials-offers\/bbq-gala-dinner-2\/#primaryimage\",\"url\":\"https:\/\/www.phuhaibeachresortphanthiet.com\/wp-content\/uploads\/sites\/143\/2026\/04\/discount-20-3pax-Spa-1100px769px-1.png\",\"contentUrl\":\"https:\/\/www.phuhaibeachresortphanthiet.com\/wp-content\/uploads\/sites\/143\/2026\/04\/discount-20-3pax-Spa-1100px769px-1.png\",\"width\":1100,\"height\":769},{\"@type\":\"BreadcrumbList\",\"@id\":\"https:\/\/www.phuhaibeachresortphanthiet.com\/vi\/specials-offers\/bbq-gala-dinner-2\/#breadcrumb\",\"itemListElement\":[{\"@type\":\"ListItem\",\"position\":1,\"name\":\"Home\",\"item\":\"https:\/\/www.phuhaibeachresortphanthiet.com\/vi\/\"},{\"@type\":\"ListItem\",\"position\":2,\"name\":\"\u01afu \u0111\u00e3i\",\"item\":\"https:\/\/www.phuhaibeachresortphanthiet.com\/vi\/specials-offers\/\"},{\"@type\":\"ListItem\",\"position\":3,\"name\":\"Spa Special \u2013 Gi\u1ea3m 20% cho t\u1eeb 3 kh\u00e1ch!\"}]},{\"@type\":\"WebSite\",\"@id\":\"https:\/\/www.phuhaibeachresortphanthiet.com\/vi\/#website\",\"url\":\"https:\/\/www.phuhaibeachresortphanthiet.com\/vi\/\",\"name\":\"Phu Hai Beach Resort & Spa Phan Thiet\",\"description\":\"\",\"potentialAction\":[{\"@type\":\"SearchAction\",\"target\":{\"@type\":\"EntryPoint\",\"urlTemplate\":\"https:\/\/www.phuhaibeachresortphanthiet.com\/vi\/?s={search_term_string}\"},\"query-input\":\"required name=search_term_string\"}],\"inLanguage\":\"vi-VN\"}]}<\/script>\n<!-- \/ Yoast SEO plugin. -->","yoast_head_json":{"title":"Spa Special \u2013 Gi\u1ea3m 20% cho t\u1eeb 3 kh\u00e1ch! - Phu Hai Beach Resort &amp; Spa Phan Thiet","robots":{"index":"index","follow":"follow","max-snippet":"max-snippet:-1","max-image-preview":"max-image-preview:large","max-video-preview":"max-video-preview:-1"},"canonical":"https:\/\/www.phuhaibeachresortphanthiet.com\/vi\/specials-offers\/bbq-gala-dinner-2\/","og_locale":"vi_VN","og_type":"article","og_title":"Spa Special \u2013 Gi\u1ea3m 20% cho t\u1eeb 3 kh\u00e1ch! - Phu Hai Beach Resort &amp; Spa Phan Thiet","og_description":"H\u00e3y c\u00f9ng b\u1ea1n b\u00e8 ho\u1eb7c ng\u01b0\u1eddi th\u00e2n t\u1eadn h\u01b0\u1edfng nh\u1eefng ph\u00fat gi\u00e2y th\u01b0 gi\u00e3n tuy\u1ec7t v\u1eddi t\u1ea1i Spa. Ch\u1ec9 c\u1ea7n 3 kh\u00e1ch, qu\u00fd kh\u00e1ch s\u1ebd \u0111\u01b0\u1ee3c gi\u1ea3m ngay 20% cho t\u1ea5t c\u1ea3 d\u1ecbch v\u1ee5 Spa. \u0110\u00e2y l\u00e0 c\u01a1 h\u1ed9i l\u00fd t\u01b0\u1edfng \u0111\u1ec3 tr\u1ea3i nghi\u1ec7m ch\u0103m s\u00f3c c\u01a1 th\u1ec3 cao c\u1ea5p v\u1edbi m\u1ee9c gi\u00e1 \u01b0u \u0111\u00e3i, [&hellip;]","og_url":"https:\/\/www.phuhaibeachresortphanthiet.com\/vi\/specials-offers\/bbq-gala-dinner-2\/","og_site_name":"Phu Hai Beach Resort &amp; Spa Phan Thiet","article_modified_time":"2026-04-23T08:07:48+00:00","og_image":[{"width":1100,"height":769,"url":"https:\/\/www.phuhaibeachresortphanthiet.com\/wp-content\/uploads\/sites\/143\/2026\/04\/discount-20-3pax-Spa-1100px769px-1.png","type":"image\/png"}],"twitter_card":"summary_large_image","twitter_misc":{"Est. reading time":"1 minute"},"schema":{"@context":"https:\/\/schema.org","@graph":[{"@type":"WebPage","@id":"https:\/\/www.phuhaibeachresortphanthiet.com\/vi\/specials-offers\/bbq-gala-dinner-2\/","url":"https:\/\/www.phuhaibeachresortphanthiet.com\/vi\/specials-offers\/bbq-gala-dinner-2\/","name":"Spa Special \u2013 Gi\u1ea3m 20% cho t\u1eeb 3 kh\u00e1ch! - Phu Hai Beach Resort &amp; Spa Phan Thiet","isPartOf":{"@id":"https:\/\/www.phuhaibeachresortphanthiet.com\/vi\/#website"},"primaryImageOfPage":{"@id":"https:\/\/www.phuhaibeachresortphanthiet.com\/vi\/specials-offers\/bbq-gala-dinner-2\/#primaryimage"},"image":{"@id":"https:\/\/www.phuhaibeachresortphanthiet.com\/vi\/specials-offers\/bbq-gala-dinner-2\/#primaryimage"},"thumbnailUrl":"https:\/\/www.phuhaibeachresortphanthiet.com\/wp-content\/uploads\/sites\/143\/2026\/04\/discount-20-3pax-Spa-1100px769px-1.png","datePublished":"2026-04-23T03:09:35+00:00","dateModified":"2026-04-23T08:07:48+00:00","breadcrumb":{"@id":"https:\/\/www.phuhaibeachresortphanthiet.com\/vi\/specials-offers\/bbq-gala-dinner-2\/#breadcrumb"},"inLanguage":"vi-VN","potentialAction":[{"@type":"ReadAction","target":["https:\/\/www.phuhaibeachresortphanthiet.com\/vi\/specials-offers\/bbq-gala-dinner-2\/"]}]},{"@type":"ImageObject","inLanguage":"vi-VN","@id":"https:\/\/www.phuhaibeachresortphanthiet.com\/vi\/specials-offers\/bbq-gala-dinner-2\/#primaryimage","url":"https:\/\/www.phuhaibeachresortphanthiet.com\/wp-content\/uploads\/sites\/143\/2026\/04\/discount-20-3pax-Spa-1100px769px-1.png","contentUrl":"https:\/\/www.phuhaibeachresortphanthiet.com\/wp-content\/uploads\/sites\/143\/2026\/04\/discount-20-3pax-Spa-1100px769px-1.png","width":1100,"height":769},{"@type":"BreadcrumbList","@id":"https:\/\/www.phuhaibeachresortphanthiet.com\/vi\/specials-offers\/bbq-gala-dinner-2\/#breadcrumb","itemListElement":[{"@type":"ListItem","position":1,"name":"Home","item":"https:\/\/www.phuhaibeachresortphanthiet.com\/vi\/"},{"@type":"ListItem","position":2,"name":"\u01afu \u0111\u00e3i","item":"https:\/\/www.phuhaibeachresortphanthiet.com\/vi\/specials-offers\/"},{"@type":"ListItem","position":3,"name":"Spa Special \u2013 Gi\u1ea3m 20% cho t\u1eeb 3 kh\u00e1ch!"}]},{"@type":"WebSite","@id":"https:\/\/www.phuhaibeachresortphanthiet.com\/vi\/#website","url":"https:\/\/www.phuhaibeachresortphanthiet.com\/vi\/","name":"Phu Hai Beach Resort & Spa Phan Thiet","description":"","potentialAction":[{"@type":"SearchAction","target":{"@type":"EntryPoint","urlTemplate":"https:\/\/www.phuhaibeachresortphanthiet.com\/vi\/?s={search_term_string}"},"query-input":"required name=search_term_string"}],"inLanguage":"vi-VN"}]}},"acf":[],"_links":{"self":[{"href":"https:\/\/www.phuhaibeachresortphanthiet.com\/vi\/wp-json\/wp\/v2\/pages\/361"}],"collection":[{"href":"https:\/\/www.phuhaibeachresortphanthiet.com\/vi\/wp-json\/wp\/v2\/pages"}],"about":[{"href":"https:\/\/www.phuhaibeachresortphanthiet.com\/vi\/wp-json\/wp\/v2\/types\/page"}],"author":[{"embeddable":true,"href":"https:\/\/www.phuhaibeachresortphanthiet.com\/vi\/wp-json\/wp\/v2\/users\/268"}],"replies":[{"embeddable":true,"href":"https:\/\/www.phuhaibeachresortphanthiet.com\/vi\/wp-json\/wp\/v2\/comments?post=361"}],"version-history":[{"count":0,"href":"https:\/\/www.phuhaibeachresortphanthiet.com\/vi\/wp-json\/wp\/v2\/pages\/361\/revisions"}],"up":[{"embeddable":true,"href":"https:\/\/www.phuhaibeachresortphanthiet.com\/vi\/wp-json\/wp\/v2\/pages\/29"}],"wp:featuredmedia":[{"embeddable":true,"href":"https:\/\/www.phuhaibeachresortphanthiet.com\/vi\/wp-json\/wp\/v2\/media\/393"}],"wp:attachment":[{"href":"https:\/\/www.phuhaibeachresortphanthiet.com\/vi\/wp-json\/wp\/v2\/media?parent=361"}],"curies":[{"name":"wp","href":"https:\/\/api.w.org\/{rel}","templated":true}]}}