{"id":36,"date":"2026-01-10T08:00:47","date_gmt":"2026-01-10T08:00:47","guid":{"rendered":"https:\/\/phuhaibeachresortphanthiet.ms2.decms.asia\/?page_id=36"},"modified":"2026-02-06T07:32:43","modified_gmt":"2026-02-06T07:32:43","slug":"kids-club","status":"publish","type":"page","link":"https:\/\/www.phuhaibeachresortphanthiet.com\/vi\/facilities\/kids-club\/","title":{"rendered":"Khu vui ch\u01a1i tr\u1ebb em"},"content":{"rendered":"<p><strong>V\u1ecb tr\u00ed:<\/strong> T\u1ea7ng tr\u1ec7t<br \/>\n<strong>Th\u1eddi gian ho\u1ea1t \u0111\u1ed9ng:<\/strong> 08:00 &#8211; 21:00<br \/>\nKhu Vui Ch\u01a1i tr\u1ebb em t\u1ecda l\u1ea1c li\u1ec1n k\u1ec1 v\u1edbi ph\u00f2ng t\u1eadp th\u1ec3 h\u00ecnh, v\u1edbi c\u00e1c tr\u00f2 ch\u01a1i s\u00e1ng t\u1ea1o trong nh\u00e0 v\u00e0 ngo\u00e0i tr\u1eddi s\u1ebd gi\u00fap b\u00e9 c\u00f3 \u0111\u01b0\u1ee3c tr\u00e0i nghi\u1ec7m k\u00ec ngh\u1ec9 vui t\u01b0\u01a1i nh\u1ea5t.<\/p>\n","protected":false},"excerpt":{"rendered":"<p>V\u1ecb tr\u00ed: T\u1ea7ng tr\u1ec7t Th\u1eddi gian ho\u1ea1t \u0111\u1ed9ng: 08:00 &#8211; 21:00 Khu Vui Ch\u01a1i tr\u1ebb em t\u1ecda l\u1ea1c li\u1ec1n k\u1ec1 v\u1edbi ph\u00f2ng t\u1eadp th\u1ec3 h\u00ecnh, v\u1edbi c\u00e1c tr\u00f2 ch\u01a1i s\u00e1ng t\u1ea1o trong nh\u00e0 v\u00e0 ngo\u00e0i tr\u1eddi s\u1ebd gi\u00fap b\u00e9 c\u00f3 \u0111\u01b0\u1ee3c tr\u00e0i nghi\u1ec7m k\u00ec ngh\u1ec9 vui t\u01b0\u01a1i nh\u1ea5t.<\/p>\n","protected":false},"author":90,"featured_media":179,"parent":34,"menu_order":1,"comment_status":"closed","ping_status":"closed","template":"template-single-service-facility.php","meta":{"footnotes":""},"yoast_head":"<!-- This site is optimized with the Yoast SEO plugin v22.3 - https:\/\/yoast.com\/wordpress\/plugins\/seo\/ -->\n<title>Khu vui ch\u01a1i tr\u1ebb em - Phu Hai Beach Resort &amp; Spa Phan Thiet<\/title>\n<meta name=\"robots\" content=\"index, follow, max-snippet:-1, max-image-preview:large, max-video-preview:-1\" \/>\n<link rel=\"canonical\" href=\"https:\/\/www.phuhaibeachresortphanthiet.com\/vi\/facilities\/kids-club\/\" \/>\n<meta property=\"og:locale\" content=\"vi_VN\" \/>\n<meta property=\"og:type\" content=\"article\" \/>\n<meta property=\"og:title\" content=\"Khu vui ch\u01a1i tr\u1ebb em - Phu Hai Beach Resort &amp; Spa Phan Thiet\" \/>\n<meta property=\"og:description\" content=\"V\u1ecb tr\u00ed: T\u1ea7ng tr\u1ec7t Th\u1eddi gian ho\u1ea1t \u0111\u1ed9ng: 08:00 &#8211; 21:00 Khu Vui Ch\u01a1i tr\u1ebb em t\u1ecda l\u1ea1c li\u1ec1n k\u1ec1 v\u1edbi ph\u00f2ng t\u1eadp th\u1ec3 h\u00ecnh, v\u1edbi c\u00e1c tr\u00f2 ch\u01a1i s\u00e1ng t\u1ea1o trong nh\u00e0 v\u00e0 ngo\u00e0i tr\u1eddi s\u1ebd gi\u00fap b\u00e9 c\u00f3 \u0111\u01b0\u1ee3c tr\u00e0i nghi\u1ec7m k\u00ec ngh\u1ec9 vui t\u01b0\u01a1i nh\u1ea5t.\" \/>\n<meta property=\"og:url\" content=\"https:\/\/www.phuhaibeachresortphanthiet.com\/vi\/facilities\/kids-club\/\" \/>\n<meta property=\"og:site_name\" content=\"Phu Hai Beach Resort &amp; Spa Phan Thiet\" \/>\n<meta property=\"article:modified_time\" content=\"2026-02-06T07:32:43+00:00\" \/>\n<meta property=\"og:image\" content=\"https:\/\/www.phuhaibeachresortphanthiet.com\/wp-content\/uploads\/sites\/143\/2026\/01\/phuhairesort-kids-club.jpg\" \/>\n\t<meta property=\"og:image:width\" content=\"2200\" \/>\n\t<meta property=\"og:image:height\" content=\"1387\" \/>\n\t<meta property=\"og:image:type\" content=\"image\/jpeg\" \/>\n<meta name=\"twitter:card\" content=\"summary_large_image\" \/>\n<meta name=\"twitter:label1\" content=\"Est. reading time\" \/>\n\t<meta name=\"twitter:data1\" content=\"1 minute\" \/>\n<script type=\"application\/ld+json\" class=\"yoast-schema-graph\">{\"@context\":\"https:\/\/schema.org\",\"@graph\":[{\"@type\":\"WebPage\",\"@id\":\"https:\/\/www.phuhaibeachresortphanthiet.com\/vi\/facilities\/kids-club\/\",\"url\":\"https:\/\/www.phuhaibeachresortphanthiet.com\/vi\/facilities\/kids-club\/\",\"name\":\"Khu vui ch\u01a1i tr\u1ebb em - Phu Hai Beach Resort &amp; Spa Phan Thiet\",\"isPartOf\":{\"@id\":\"https:\/\/www.phuhaibeachresortphanthiet.com\/vi\/#website\"},\"primaryImageOfPage\":{\"@id\":\"https:\/\/www.phuhaibeachresortphanthiet.com\/vi\/facilities\/kids-club\/#primaryimage\"},\"image\":{\"@id\":\"https:\/\/www.phuhaibeachresortphanthiet.com\/vi\/facilities\/kids-club\/#primaryimage\"},\"thumbnailUrl\":\"https:\/\/www.phuhaibeachresortphanthiet.com\/wp-content\/uploads\/sites\/143\/2026\/01\/phuhairesort-kids-club.jpg\",\"datePublished\":\"2026-01-10T08:00:47+00:00\",\"dateModified\":\"2026-02-06T07:32:43+00:00\",\"breadcrumb\":{\"@id\":\"https:\/\/www.phuhaibeachresortphanthiet.com\/vi\/facilities\/kids-club\/#breadcrumb\"},\"inLanguage\":\"vi-VN\",\"potentialAction\":[{\"@type\":\"ReadAction\",\"target\":[\"https:\/\/www.phuhaibeachresortphanthiet.com\/vi\/facilities\/kids-club\/\"]}]},{\"@type\":\"ImageObject\",\"inLanguage\":\"vi-VN\",\"@id\":\"https:\/\/www.phuhaibeachresortphanthiet.com\/vi\/facilities\/kids-club\/#primaryimage\",\"url\":\"https:\/\/www.phuhaibeachresortphanthiet.com\/wp-content\/uploads\/sites\/143\/2026\/01\/phuhairesort-kids-club.jpg\",\"contentUrl\":\"https:\/\/www.phuhaibeachresortphanthiet.com\/wp-content\/uploads\/sites\/143\/2026\/01\/phuhairesort-kids-club.jpg\",\"width\":2200,\"height\":1387},{\"@type\":\"BreadcrumbList\",\"@id\":\"https:\/\/www.phuhaibeachresortphanthiet.com\/vi\/facilities\/kids-club\/#breadcrumb\",\"itemListElement\":[{\"@type\":\"ListItem\",\"position\":1,\"name\":\"Home\",\"item\":\"https:\/\/www.phuhaibeachresortphanthiet.com\/vi\/\"},{\"@type\":\"ListItem\",\"position\":2,\"name\":\"D\u1ecbch v\u1ee5\",\"item\":\"https:\/\/www.phuhaibeachresortphanthiet.com\/vi\/facilities\/\"},{\"@type\":\"ListItem\",\"position\":3,\"name\":\"Khu vui ch\u01a1i tr\u1ebb em\"}]},{\"@type\":\"WebSite\",\"@id\":\"https:\/\/www.phuhaibeachresortphanthiet.com\/vi\/#website\",\"url\":\"https:\/\/www.phuhaibeachresortphanthiet.com\/vi\/\",\"name\":\"Phu Hai Beach Resort & Spa Phan Thiet\",\"description\":\"\",\"potentialAction\":[{\"@type\":\"SearchAction\",\"target\":{\"@type\":\"EntryPoint\",\"urlTemplate\":\"https:\/\/www.phuhaibeachresortphanthiet.com\/vi\/?s={search_term_string}\"},\"query-input\":\"required name=search_term_string\"}],\"inLanguage\":\"vi-VN\"}]}<\/script>\n<!-- \/ Yoast SEO plugin. -->","yoast_head_json":{"title":"Khu vui ch\u01a1i tr\u1ebb em - Phu Hai Beach Resort &amp; Spa Phan Thiet","robots":{"index":"index","follow":"follow","max-snippet":"max-snippet:-1","max-image-preview":"max-image-preview:large","max-video-preview":"max-video-preview:-1"},"canonical":"https:\/\/www.phuhaibeachresortphanthiet.com\/vi\/facilities\/kids-club\/","og_locale":"vi_VN","og_type":"article","og_title":"Khu vui ch\u01a1i tr\u1ebb em - Phu Hai Beach Resort &amp; Spa Phan Thiet","og_description":"V\u1ecb tr\u00ed: T\u1ea7ng tr\u1ec7t Th\u1eddi gian ho\u1ea1t \u0111\u1ed9ng: 08:00 &#8211; 21:00 Khu Vui Ch\u01a1i tr\u1ebb em t\u1ecda l\u1ea1c li\u1ec1n k\u1ec1 v\u1edbi ph\u00f2ng t\u1eadp th\u1ec3 h\u00ecnh, v\u1edbi c\u00e1c tr\u00f2 ch\u01a1i s\u00e1ng t\u1ea1o trong nh\u00e0 v\u00e0 ngo\u00e0i tr\u1eddi s\u1ebd gi\u00fap b\u00e9 c\u00f3 \u0111\u01b0\u1ee3c tr\u00e0i nghi\u1ec7m k\u00ec ngh\u1ec9 vui t\u01b0\u01a1i nh\u1ea5t.","og_url":"https:\/\/www.phuhaibeachresortphanthiet.com\/vi\/facilities\/kids-club\/","og_site_name":"Phu Hai Beach Resort &amp; Spa Phan Thiet","article_modified_time":"2026-02-06T07:32:43+00:00","og_image":[{"width":2200,"height":1387,"url":"https:\/\/www.phuhaibeachresortphanthiet.com\/wp-content\/uploads\/sites\/143\/2026\/01\/phuhairesort-kids-club.jpg","type":"image\/jpeg"}],"twitter_card":"summary_large_image","twitter_misc":{"Est. reading time":"1 minute"},"schema":{"@context":"https:\/\/schema.org","@graph":[{"@type":"WebPage","@id":"https:\/\/www.phuhaibeachresortphanthiet.com\/vi\/facilities\/kids-club\/","url":"https:\/\/www.phuhaibeachresortphanthiet.com\/vi\/facilities\/kids-club\/","name":"Khu vui ch\u01a1i tr\u1ebb em - Phu Hai Beach Resort &amp; Spa Phan Thiet","isPartOf":{"@id":"https:\/\/www.phuhaibeachresortphanthiet.com\/vi\/#website"},"primaryImageOfPage":{"@id":"https:\/\/www.phuhaibeachresortphanthiet.com\/vi\/facilities\/kids-club\/#primaryimage"},"image":{"@id":"https:\/\/www.phuhaibeachresortphanthiet.com\/vi\/facilities\/kids-club\/#primaryimage"},"thumbnailUrl":"https:\/\/www.phuhaibeachresortphanthiet.com\/wp-content\/uploads\/sites\/143\/2026\/01\/phuhairesort-kids-club.jpg","datePublished":"2026-01-10T08:00:47+00:00","dateModified":"2026-02-06T07:32:43+00:00","breadcrumb":{"@id":"https:\/\/www.phuhaibeachresortphanthiet.com\/vi\/facilities\/kids-club\/#breadcrumb"},"inLanguage":"vi-VN","potentialAction":[{"@type":"ReadAction","target":["https:\/\/www.phuhaibeachresortphanthiet.com\/vi\/facilities\/kids-club\/"]}]},{"@type":"ImageObject","inLanguage":"vi-VN","@id":"https:\/\/www.phuhaibeachresortphanthiet.com\/vi\/facilities\/kids-club\/#primaryimage","url":"https:\/\/www.phuhaibeachresortphanthiet.com\/wp-content\/uploads\/sites\/143\/2026\/01\/phuhairesort-kids-club.jpg","contentUrl":"https:\/\/www.phuhaibeachresortphanthiet.com\/wp-content\/uploads\/sites\/143\/2026\/01\/phuhairesort-kids-club.jpg","width":2200,"height":1387},{"@type":"BreadcrumbList","@id":"https:\/\/www.phuhaibeachresortphanthiet.com\/vi\/facilities\/kids-club\/#breadcrumb","itemListElement":[{"@type":"ListItem","position":1,"name":"Home","item":"https:\/\/www.phuhaibeachresortphanthiet.com\/vi\/"},{"@type":"ListItem","position":2,"name":"D\u1ecbch v\u1ee5","item":"https:\/\/www.phuhaibeachresortphanthiet.com\/vi\/facilities\/"},{"@type":"ListItem","position":3,"name":"Khu vui ch\u01a1i tr\u1ebb em"}]},{"@type":"WebSite","@id":"https:\/\/www.phuhaibeachresortphanthiet.com\/vi\/#website","url":"https:\/\/www.phuhaibeachresortphanthiet.com\/vi\/","name":"Phu Hai Beach Resort & Spa Phan Thiet","description":"","potentialAction":[{"@type":"SearchAction","target":{"@type":"EntryPoint","urlTemplate":"https:\/\/www.phuhaibeachresortphanthiet.com\/vi\/?s={search_term_string}"},"query-input":"required name=search_term_string"}],"inLanguage":"vi-VN"}]}},"acf":[],"_links":{"self":[{"href":"https:\/\/www.phuhaibeachresortphanthiet.com\/vi\/wp-json\/wp\/v2\/pages\/36"}],"collection":[{"href":"https:\/\/www.phuhaibeachresortphanthiet.com\/vi\/wp-json\/wp\/v2\/pages"}],"about":[{"href":"https:\/\/www.phuhaibeachresortphanthiet.com\/vi\/wp-json\/wp\/v2\/types\/page"}],"author":[{"embeddable":true,"href":"https:\/\/www.phuhaibeachresortphanthiet.com\/vi\/wp-json\/wp\/v2\/users\/90"}],"replies":[{"embeddable":true,"href":"https:\/\/www.phuhaibeachresortphanthiet.com\/vi\/wp-json\/wp\/v2\/comments?post=36"}],"version-history":[{"count":0,"href":"https:\/\/www.phuhaibeachresortphanthiet.com\/vi\/wp-json\/wp\/v2\/pages\/36\/revisions"}],"up":[{"embeddable":true,"href":"https:\/\/www.phuhaibeachresortphanthiet.com\/vi\/wp-json\/wp\/v2\/pages\/34"}],"wp:featuredmedia":[{"embeddable":true,"href":"https:\/\/www.phuhaibeachresortphanthiet.com\/vi\/wp-json\/wp\/v2\/media\/179"}],"wp:attachment":[{"href":"https:\/\/www.phuhaibeachresortphanthiet.com\/vi\/wp-json\/wp\/v2\/media?parent=36"}],"curies":[{"name":"wp","href":"https:\/\/api.w.org\/{rel}","templated":true}]}}