{"id":35,"date":"2026-01-10T08:00:20","date_gmt":"2026-01-10T08:00:20","guid":{"rendered":"https:\/\/phuhaibeachresortphanthiet.ms2.decms.asia\/?page_id=35"},"modified":"2026-02-06T07:32:21","modified_gmt":"2026-02-06T07:32:21","slug":"swimming-pool","status":"publish","type":"page","link":"https:\/\/www.phuhaibeachresortphanthiet.com\/vi\/facilities\/swimming-pool\/","title":{"rendered":"H\u1ed3 b\u01a1i"},"content":{"rendered":"<p><strong>V\u1ecb tr\u00ed:<\/strong> Ngo\u00e0i tr\u1eddi<br \/>\n<strong>Th\u1eddi gian ho\u1ea1t \u0111\u1ed9ng:<\/strong> 07:00 &#8211; 22:00<br \/>\nC\u1ea3m nh\u1eadn tia n\u1eafng \u1ea5m \u00e1p trong kh\u00f4ng gian xanh ng\u00e1t c\u1ee7a h\u1ed3 b\u01a1i 560m2 v\u1edbi c\u1ea3nh quan khu v\u1ef1c v\u00e1ch \u0111\u00e1 v\u00e0 th\u00e1c n\u01b0\u1edbc nhi\u1ec7t \u0111\u1edbi. Kh\u00f4ng gian t\u00e1ch bi\u1ec7t d\u00e0nh ri\u00eang cho tr\u1ebb em.<\/p>\n","protected":false},"excerpt":{"rendered":"<p>V\u1ecb tr\u00ed: Ngo\u00e0i tr\u1eddi Th\u1eddi gian ho\u1ea1t \u0111\u1ed9ng: 07:00 &#8211; 22:00 C\u1ea3m nh\u1eadn tia n\u1eafng \u1ea5m \u00e1p trong kh\u00f4ng gian xanh ng\u00e1t c\u1ee7a h\u1ed3 b\u01a1i 560m2 v\u1edbi c\u1ea3nh quan khu v\u1ef1c v\u00e1ch \u0111\u00e1 v\u00e0 th\u00e1c n\u01b0\u1edbc nhi\u1ec7t \u0111\u1edbi. Kh\u00f4ng gian t\u00e1ch bi\u1ec7t d\u00e0nh ri\u00eang cho tr\u1ebb em.<\/p>\n","protected":false},"author":90,"featured_media":181,"parent":34,"menu_order":0,"comment_status":"closed","ping_status":"closed","template":"template-single-service-facility.php","meta":{"footnotes":""},"yoast_head":"<!-- This site is optimized with the Yoast SEO plugin v22.3 - https:\/\/yoast.com\/wordpress\/plugins\/seo\/ -->\n<title>H\u1ed3 b\u01a1i - Phu Hai Beach Resort &amp; Spa Phan Thiet<\/title>\n<meta name=\"robots\" content=\"index, follow, max-snippet:-1, max-image-preview:large, max-video-preview:-1\" \/>\n<link rel=\"canonical\" href=\"https:\/\/www.phuhaibeachresortphanthiet.com\/vi\/facilities\/swimming-pool\/\" \/>\n<meta property=\"og:locale\" content=\"vi_VN\" \/>\n<meta property=\"og:type\" content=\"article\" \/>\n<meta property=\"og:title\" content=\"H\u1ed3 b\u01a1i - Phu Hai Beach Resort &amp; Spa Phan Thiet\" \/>\n<meta property=\"og:description\" content=\"V\u1ecb tr\u00ed: Ngo\u00e0i tr\u1eddi Th\u1eddi gian ho\u1ea1t \u0111\u1ed9ng: 07:00 &#8211; 22:00 C\u1ea3m nh\u1eadn tia n\u1eafng \u1ea5m \u00e1p trong kh\u00f4ng gian xanh ng\u00e1t c\u1ee7a h\u1ed3 b\u01a1i 560m2 v\u1edbi c\u1ea3nh quan khu v\u1ef1c v\u00e1ch \u0111\u00e1 v\u00e0 th\u00e1c n\u01b0\u1edbc nhi\u1ec7t \u0111\u1edbi. Kh\u00f4ng gian t\u00e1ch bi\u1ec7t d\u00e0nh ri\u00eang cho tr\u1ebb em.\" \/>\n<meta property=\"og:url\" content=\"https:\/\/www.phuhaibeachresortphanthiet.com\/vi\/facilities\/swimming-pool\/\" \/>\n<meta property=\"og:site_name\" content=\"Phu Hai Beach Resort &amp; Spa Phan Thiet\" \/>\n<meta property=\"article:modified_time\" content=\"2026-02-06T07:32:21+00:00\" \/>\n<meta property=\"og:image\" content=\"https:\/\/www.phuhaibeachresortphanthiet.com\/wp-content\/uploads\/sites\/143\/2026\/01\/phuhairesort-swimming-pool.jpg\" \/>\n\t<meta property=\"og:image:width\" content=\"2200\" \/>\n\t<meta property=\"og:image:height\" content=\"1650\" \/>\n\t<meta property=\"og:image:type\" content=\"image\/jpeg\" \/>\n<meta name=\"twitter:card\" content=\"summary_large_image\" \/>\n<meta name=\"twitter:label1\" content=\"Est. reading time\" \/>\n\t<meta name=\"twitter:data1\" content=\"1 minute\" \/>\n<script type=\"application\/ld+json\" class=\"yoast-schema-graph\">{\"@context\":\"https:\/\/schema.org\",\"@graph\":[{\"@type\":\"WebPage\",\"@id\":\"https:\/\/www.phuhaibeachresortphanthiet.com\/vi\/facilities\/swimming-pool\/\",\"url\":\"https:\/\/www.phuhaibeachresortphanthiet.com\/vi\/facilities\/swimming-pool\/\",\"name\":\"H\u1ed3 b\u01a1i - Phu Hai Beach Resort &amp; Spa Phan Thiet\",\"isPartOf\":{\"@id\":\"https:\/\/www.phuhaibeachresortphanthiet.com\/vi\/#website\"},\"primaryImageOfPage\":{\"@id\":\"https:\/\/www.phuhaibeachresortphanthiet.com\/vi\/facilities\/swimming-pool\/#primaryimage\"},\"image\":{\"@id\":\"https:\/\/www.phuhaibeachresortphanthiet.com\/vi\/facilities\/swimming-pool\/#primaryimage\"},\"thumbnailUrl\":\"https:\/\/www.phuhaibeachresortphanthiet.com\/wp-content\/uploads\/sites\/143\/2026\/01\/phuhairesort-swimming-pool.jpg\",\"datePublished\":\"2026-01-10T08:00:20+00:00\",\"dateModified\":\"2026-02-06T07:32:21+00:00\",\"breadcrumb\":{\"@id\":\"https:\/\/www.phuhaibeachresortphanthiet.com\/vi\/facilities\/swimming-pool\/#breadcrumb\"},\"inLanguage\":\"vi-VN\",\"potentialAction\":[{\"@type\":\"ReadAction\",\"target\":[\"https:\/\/www.phuhaibeachresortphanthiet.com\/vi\/facilities\/swimming-pool\/\"]}]},{\"@type\":\"ImageObject\",\"inLanguage\":\"vi-VN\",\"@id\":\"https:\/\/www.phuhaibeachresortphanthiet.com\/vi\/facilities\/swimming-pool\/#primaryimage\",\"url\":\"https:\/\/www.phuhaibeachresortphanthiet.com\/wp-content\/uploads\/sites\/143\/2026\/01\/phuhairesort-swimming-pool.jpg\",\"contentUrl\":\"https:\/\/www.phuhaibeachresortphanthiet.com\/wp-content\/uploads\/sites\/143\/2026\/01\/phuhairesort-swimming-pool.jpg\",\"width\":2200,\"height\":1650},{\"@type\":\"BreadcrumbList\",\"@id\":\"https:\/\/www.phuhaibeachresortphanthiet.com\/vi\/facilities\/swimming-pool\/#breadcrumb\",\"itemListElement\":[{\"@type\":\"ListItem\",\"position\":1,\"name\":\"Home\",\"item\":\"https:\/\/www.phuhaibeachresortphanthiet.com\/vi\/\"},{\"@type\":\"ListItem\",\"position\":2,\"name\":\"Ti\u1ec7n nghi\",\"item\":\"https:\/\/www.phuhaibeachresortphanthiet.com\/vi\/facilities\/\"},{\"@type\":\"ListItem\",\"position\":3,\"name\":\"H\u1ed3 b\u01a1i\"}]},{\"@type\":\"WebSite\",\"@id\":\"https:\/\/www.phuhaibeachresortphanthiet.com\/vi\/#website\",\"url\":\"https:\/\/www.phuhaibeachresortphanthiet.com\/vi\/\",\"name\":\"Phu Hai Beach Resort & Spa Phan Thiet\",\"description\":\"\",\"potentialAction\":[{\"@type\":\"SearchAction\",\"target\":{\"@type\":\"EntryPoint\",\"urlTemplate\":\"https:\/\/www.phuhaibeachresortphanthiet.com\/vi\/?s={search_term_string}\"},\"query-input\":\"required name=search_term_string\"}],\"inLanguage\":\"vi-VN\"}]}<\/script>\n<!-- \/ Yoast SEO plugin. -->","yoast_head_json":{"title":"H\u1ed3 b\u01a1i - Phu Hai Beach Resort &amp; Spa Phan Thiet","robots":{"index":"index","follow":"follow","max-snippet":"max-snippet:-1","max-image-preview":"max-image-preview:large","max-video-preview":"max-video-preview:-1"},"canonical":"https:\/\/www.phuhaibeachresortphanthiet.com\/vi\/facilities\/swimming-pool\/","og_locale":"vi_VN","og_type":"article","og_title":"H\u1ed3 b\u01a1i - Phu Hai Beach Resort &amp; Spa Phan Thiet","og_description":"V\u1ecb tr\u00ed: Ngo\u00e0i tr\u1eddi Th\u1eddi gian ho\u1ea1t \u0111\u1ed9ng: 07:00 &#8211; 22:00 C\u1ea3m nh\u1eadn tia n\u1eafng \u1ea5m \u00e1p trong kh\u00f4ng gian xanh ng\u00e1t c\u1ee7a h\u1ed3 b\u01a1i 560m2 v\u1edbi c\u1ea3nh quan khu v\u1ef1c v\u00e1ch \u0111\u00e1 v\u00e0 th\u00e1c n\u01b0\u1edbc nhi\u1ec7t \u0111\u1edbi. Kh\u00f4ng gian t\u00e1ch bi\u1ec7t d\u00e0nh ri\u00eang cho tr\u1ebb em.","og_url":"https:\/\/www.phuhaibeachresortphanthiet.com\/vi\/facilities\/swimming-pool\/","og_site_name":"Phu Hai Beach Resort &amp; Spa Phan Thiet","article_modified_time":"2026-02-06T07:32:21+00:00","og_image":[{"width":2200,"height":1650,"url":"https:\/\/www.phuhaibeachresortphanthiet.com\/wp-content\/uploads\/sites\/143\/2026\/01\/phuhairesort-swimming-pool.jpg","type":"image\/jpeg"}],"twitter_card":"summary_large_image","twitter_misc":{"Est. reading time":"1 minute"},"schema":{"@context":"https:\/\/schema.org","@graph":[{"@type":"WebPage","@id":"https:\/\/www.phuhaibeachresortphanthiet.com\/vi\/facilities\/swimming-pool\/","url":"https:\/\/www.phuhaibeachresortphanthiet.com\/vi\/facilities\/swimming-pool\/","name":"H\u1ed3 b\u01a1i - Phu Hai Beach Resort &amp; Spa Phan Thiet","isPartOf":{"@id":"https:\/\/www.phuhaibeachresortphanthiet.com\/vi\/#website"},"primaryImageOfPage":{"@id":"https:\/\/www.phuhaibeachresortphanthiet.com\/vi\/facilities\/swimming-pool\/#primaryimage"},"image":{"@id":"https:\/\/www.phuhaibeachresortphanthiet.com\/vi\/facilities\/swimming-pool\/#primaryimage"},"thumbnailUrl":"https:\/\/www.phuhaibeachresortphanthiet.com\/wp-content\/uploads\/sites\/143\/2026\/01\/phuhairesort-swimming-pool.jpg","datePublished":"2026-01-10T08:00:20+00:00","dateModified":"2026-02-06T07:32:21+00:00","breadcrumb":{"@id":"https:\/\/www.phuhaibeachresortphanthiet.com\/vi\/facilities\/swimming-pool\/#breadcrumb"},"inLanguage":"vi-VN","potentialAction":[{"@type":"ReadAction","target":["https:\/\/www.phuhaibeachresortphanthiet.com\/vi\/facilities\/swimming-pool\/"]}]},{"@type":"ImageObject","inLanguage":"vi-VN","@id":"https:\/\/www.phuhaibeachresortphanthiet.com\/vi\/facilities\/swimming-pool\/#primaryimage","url":"https:\/\/www.phuhaibeachresortphanthiet.com\/wp-content\/uploads\/sites\/143\/2026\/01\/phuhairesort-swimming-pool.jpg","contentUrl":"https:\/\/www.phuhaibeachresortphanthiet.com\/wp-content\/uploads\/sites\/143\/2026\/01\/phuhairesort-swimming-pool.jpg","width":2200,"height":1650},{"@type":"BreadcrumbList","@id":"https:\/\/www.phuhaibeachresortphanthiet.com\/vi\/facilities\/swimming-pool\/#breadcrumb","itemListElement":[{"@type":"ListItem","position":1,"name":"Home","item":"https:\/\/www.phuhaibeachresortphanthiet.com\/vi\/"},{"@type":"ListItem","position":2,"name":"Ti\u1ec7n nghi","item":"https:\/\/www.phuhaibeachresortphanthiet.com\/vi\/facilities\/"},{"@type":"ListItem","position":3,"name":"H\u1ed3 b\u01a1i"}]},{"@type":"WebSite","@id":"https:\/\/www.phuhaibeachresortphanthiet.com\/vi\/#website","url":"https:\/\/www.phuhaibeachresortphanthiet.com\/vi\/","name":"Phu Hai Beach Resort & Spa Phan Thiet","description":"","potentialAction":[{"@type":"SearchAction","target":{"@type":"EntryPoint","urlTemplate":"https:\/\/www.phuhaibeachresortphanthiet.com\/vi\/?s={search_term_string}"},"query-input":"required name=search_term_string"}],"inLanguage":"vi-VN"}]}},"acf":[],"_links":{"self":[{"href":"https:\/\/www.phuhaibeachresortphanthiet.com\/vi\/wp-json\/wp\/v2\/pages\/35"}],"collection":[{"href":"https:\/\/www.phuhaibeachresortphanthiet.com\/vi\/wp-json\/wp\/v2\/pages"}],"about":[{"href":"https:\/\/www.phuhaibeachresortphanthiet.com\/vi\/wp-json\/wp\/v2\/types\/page"}],"author":[{"embeddable":true,"href":"https:\/\/www.phuhaibeachresortphanthiet.com\/vi\/wp-json\/wp\/v2\/users\/90"}],"replies":[{"embeddable":true,"href":"https:\/\/www.phuhaibeachresortphanthiet.com\/vi\/wp-json\/wp\/v2\/comments?post=35"}],"version-history":[{"count":0,"href":"https:\/\/www.phuhaibeachresortphanthiet.com\/vi\/wp-json\/wp\/v2\/pages\/35\/revisions"}],"up":[{"embeddable":true,"href":"https:\/\/www.phuhaibeachresortphanthiet.com\/vi\/wp-json\/wp\/v2\/pages\/34"}],"wp:featuredmedia":[{"embeddable":true,"href":"https:\/\/www.phuhaibeachresortphanthiet.com\/vi\/wp-json\/wp\/v2\/media\/181"}],"wp:attachment":[{"href":"https:\/\/www.phuhaibeachresortphanthiet.com\/vi\/wp-json\/wp\/v2\/media?parent=35"}],"curies":[{"name":"wp","href":"https:\/\/api.w.org\/{rel}","templated":true}]}}