{"id":34,"date":"2026-01-10T07:59:21","date_gmt":"2026-01-10T07:59:21","guid":{"rendered":"https:\/\/phuhaibeachresortphanthiet.ms2.decms.asia\/?page_id=34"},"modified":"2026-02-10T08:02:02","modified_gmt":"2026-02-10T08:02:02","slug":"facilities","status":"publish","type":"page","link":"https:\/\/www.phuhaibeachresortphanthiet.com\/vi\/facilities\/","title":{"rendered":"D\u1ecbch v\u1ee5"},"content":{"rendered":"<p>Phu Hai Beach Resort &#038; Spa Phan Thiet mang \u0111\u1ebfn h\u1ec7 th\u1ed1ng ti\u1ec7n nghi \u0111a d\u1ea1ng, \u0111\u00e1p \u1ee9ng nhu c\u1ea7u ngh\u1ec9 d\u01b0\u1ee1ng v\u00e0 gi\u1ea3i tr\u00ed. Du kh\u00e1ch c\u00f3 th\u1ec3 th\u01b0 gi\u00e3n t\u1ea1i h\u1ed3 b\u01a1i r\u1ed9ng l\u1edbn gi\u1eefa khu v\u01b0\u1eddn nhi\u1ec7t \u0111\u1edbi, r\u00e8n luy\u1ec7n s\u1ee9c kh\u1ecfe t\u1ea1i ph\u00f2ng gym, hay tham gia tennis v\u00e0 nhi\u1ec1u ho\u1ea1t \u0111\u1ed9ng vui ch\u01a1i kh\u00e1c. Ph\u00f2ng h\u1ed9i ngh\u1ecb hi\u1ec7n \u0111\u1ea1i l\u00e0 l\u1ef1a ch\u1ecdn l\u00fd t\u01b0\u1edfng cho s\u1ef1 ki\u1ec7n v\u00e0 h\u1ed9i th\u1ea3o, trong khi nh\u00e0 h\u00e0ng v\u00e0 qu\u1ea7y bar ph\u1ee5c v\u1ee5 \u1ea9m th\u1ef1c phong ph\u00fa. M\u1ecdi ti\u1ec7n nghi \u0111\u1ec1u \u0111\u01b0\u1ee3c thi\u1ebft k\u1ebf \u0111\u1ec3 k\u1ef3 ngh\u1ec9 b\u00ean bi\u1ec3n tr\u1edf n\u00ean tr\u1ecdn v\u1eb9n v\u00e0 \u0111\u00e1ng nh\u1edb.<\/p>\n","protected":false},"excerpt":{"rendered":"<p>Phu Hai Beach Resort &#038; Spa Phan Thiet mang \u0111\u1ebfn h\u1ec7 th\u1ed1ng ti\u1ec7n nghi \u0111a d\u1ea1ng, \u0111\u00e1p \u1ee9ng nhu c\u1ea7u ngh\u1ec9 d\u01b0\u1ee1ng v\u00e0 gi\u1ea3i tr\u00ed. Du kh\u00e1ch c\u00f3 th\u1ec3 th\u01b0 gi\u00e3n t\u1ea1i h\u1ed3 b\u01a1i r\u1ed9ng l\u1edbn gi\u1eefa khu v\u01b0\u1eddn nhi\u1ec7t \u0111\u1edbi, r\u00e8n luy\u1ec7n s\u1ee9c kh\u1ecfe t\u1ea1i ph\u00f2ng gym, hay tham gia tennis v\u00e0 nhi\u1ec1u ho\u1ea1t [&hellip;]<\/p>\n","protected":false},"author":90,"featured_media":178,"parent":0,"menu_order":0,"comment_status":"closed","ping_status":"closed","template":"template-services.php","meta":{"footnotes":""},"yoast_head":"<!-- This site is optimized with the Yoast SEO plugin v22.3 - https:\/\/yoast.com\/wordpress\/plugins\/seo\/ -->\n<title>C\u00e1c Ti\u1ec7n \u00cdch | Phu Hai Beach Resort &amp; Spa Phan Thiet<\/title>\n<meta name=\"description\" content=\"Kh\u00e1m ph\u00e1 ti\u1ec7n nghi hi\u1ec7n \u0111\u1ea1i t\u1ea1i Phu Hai Beach Resort &amp; Spa Phan Thi\u1ebft \u2014 tho\u1ea3i m\u00e1i, ti\u1ec7n l\u1ee3i v\u00e0 th\u01b0 gi\u00e3n b\u00ean bi\u1ec3n\" \/>\n<meta name=\"robots\" content=\"index, follow, max-snippet:-1, max-image-preview:large, max-video-preview:-1\" \/>\n<link rel=\"canonical\" href=\"https:\/\/www.phuhaibeachresortphanthiet.com\/vi\/facilities\/\" \/>\n<meta property=\"og:locale\" content=\"vi_VN\" \/>\n<meta property=\"og:type\" content=\"article\" \/>\n<meta property=\"og:title\" content=\"C\u00e1c Ti\u1ec7n \u00cdch | Phu Hai Beach Resort &amp; Spa Phan Thiet\" \/>\n<meta property=\"og:description\" content=\"Kh\u00e1m ph\u00e1 ti\u1ec7n nghi hi\u1ec7n \u0111\u1ea1i t\u1ea1i Phu Hai Beach Resort &amp; Spa Phan Thi\u1ebft \u2014 tho\u1ea3i m\u00e1i, ti\u1ec7n l\u1ee3i v\u00e0 th\u01b0 gi\u00e3n b\u00ean bi\u1ec3n\" \/>\n<meta property=\"og:url\" content=\"https:\/\/www.phuhaibeachresortphanthiet.com\/vi\/facilities\/\" \/>\n<meta property=\"og:site_name\" content=\"Phu Hai Beach Resort &amp; Spa Phan Thiet\" \/>\n<meta property=\"article:modified_time\" content=\"2026-02-10T08:02:02+00:00\" \/>\n<meta property=\"og:image\" content=\"https:\/\/www.phuhaibeachresortphanthiet.com\/wp-content\/uploads\/sites\/143\/2026\/01\/phuhairesort-pool1.jpg\" \/>\n\t<meta property=\"og:image:width\" content=\"2200\" \/>\n\t<meta property=\"og:image:height\" content=\"1650\" \/>\n\t<meta property=\"og:image:type\" content=\"image\/jpeg\" \/>\n<meta name=\"twitter:card\" content=\"summary_large_image\" \/>\n<meta name=\"twitter:label1\" content=\"Est. reading time\" \/>\n\t<meta name=\"twitter:data1\" content=\"1 minute\" \/>\n<script type=\"application\/ld+json\" class=\"yoast-schema-graph\">{\"@context\":\"https:\/\/schema.org\",\"@graph\":[{\"@type\":\"WebPage\",\"@id\":\"https:\/\/www.phuhaibeachresortphanthiet.com\/vi\/facilities\/\",\"url\":\"https:\/\/www.phuhaibeachresortphanthiet.com\/vi\/facilities\/\",\"name\":\"C\u00e1c Ti\u1ec7n \u00cdch | Phu Hai Beach Resort & Spa Phan Thiet\",\"isPartOf\":{\"@id\":\"https:\/\/www.phuhaibeachresortphanthiet.com\/vi\/#website\"},\"primaryImageOfPage\":{\"@id\":\"https:\/\/www.phuhaibeachresortphanthiet.com\/vi\/facilities\/#primaryimage\"},\"image\":{\"@id\":\"https:\/\/www.phuhaibeachresortphanthiet.com\/vi\/facilities\/#primaryimage\"},\"thumbnailUrl\":\"https:\/\/www.phuhaibeachresortphanthiet.com\/wp-content\/uploads\/sites\/143\/2026\/01\/phuhairesort-pool1.jpg\",\"datePublished\":\"2026-01-10T07:59:21+00:00\",\"dateModified\":\"2026-02-10T08:02:02+00:00\",\"description\":\"Kh\u00e1m ph\u00e1 ti\u1ec7n nghi hi\u1ec7n \u0111\u1ea1i t\u1ea1i Phu Hai Beach Resort & Spa Phan Thi\u1ebft \u2014 tho\u1ea3i m\u00e1i, ti\u1ec7n l\u1ee3i v\u00e0 th\u01b0 gi\u00e3n b\u00ean bi\u1ec3n\",\"breadcrumb\":{\"@id\":\"https:\/\/www.phuhaibeachresortphanthiet.com\/vi\/facilities\/#breadcrumb\"},\"inLanguage\":\"vi-VN\",\"potentialAction\":[{\"@type\":\"ReadAction\",\"target\":[\"https:\/\/www.phuhaibeachresortphanthiet.com\/vi\/facilities\/\"]}]},{\"@type\":\"ImageObject\",\"inLanguage\":\"vi-VN\",\"@id\":\"https:\/\/www.phuhaibeachresortphanthiet.com\/vi\/facilities\/#primaryimage\",\"url\":\"https:\/\/www.phuhaibeachresortphanthiet.com\/wp-content\/uploads\/sites\/143\/2026\/01\/phuhairesort-pool1.jpg\",\"contentUrl\":\"https:\/\/www.phuhaibeachresortphanthiet.com\/wp-content\/uploads\/sites\/143\/2026\/01\/phuhairesort-pool1.jpg\",\"width\":2200,\"height\":1650},{\"@type\":\"BreadcrumbList\",\"@id\":\"https:\/\/www.phuhaibeachresortphanthiet.com\/vi\/facilities\/#breadcrumb\",\"itemListElement\":[{\"@type\":\"ListItem\",\"position\":1,\"name\":\"Home\",\"item\":\"https:\/\/www.phuhaibeachresortphanthiet.com\/vi\/\"},{\"@type\":\"ListItem\",\"position\":2,\"name\":\"D\u1ecbch v\u1ee5\"}]},{\"@type\":\"WebSite\",\"@id\":\"https:\/\/www.phuhaibeachresortphanthiet.com\/vi\/#website\",\"url\":\"https:\/\/www.phuhaibeachresortphanthiet.com\/vi\/\",\"name\":\"Phu Hai Beach Resort & Spa Phan Thiet\",\"description\":\"\",\"potentialAction\":[{\"@type\":\"SearchAction\",\"target\":{\"@type\":\"EntryPoint\",\"urlTemplate\":\"https:\/\/www.phuhaibeachresortphanthiet.com\/vi\/?s={search_term_string}\"},\"query-input\":\"required name=search_term_string\"}],\"inLanguage\":\"vi-VN\"}]}<\/script>\n<!-- \/ Yoast SEO plugin. -->","yoast_head_json":{"title":"C\u00e1c Ti\u1ec7n \u00cdch | Phu Hai Beach Resort & Spa Phan Thiet","description":"Kh\u00e1m ph\u00e1 ti\u1ec7n nghi hi\u1ec7n \u0111\u1ea1i t\u1ea1i Phu Hai Beach Resort & Spa Phan Thi\u1ebft \u2014 tho\u1ea3i m\u00e1i, ti\u1ec7n l\u1ee3i v\u00e0 th\u01b0 gi\u00e3n b\u00ean bi\u1ec3n","robots":{"index":"index","follow":"follow","max-snippet":"max-snippet:-1","max-image-preview":"max-image-preview:large","max-video-preview":"max-video-preview:-1"},"canonical":"https:\/\/www.phuhaibeachresortphanthiet.com\/vi\/facilities\/","og_locale":"vi_VN","og_type":"article","og_title":"C\u00e1c Ti\u1ec7n \u00cdch | Phu Hai Beach Resort & Spa Phan Thiet","og_description":"Kh\u00e1m ph\u00e1 ti\u1ec7n nghi hi\u1ec7n \u0111\u1ea1i t\u1ea1i Phu Hai Beach Resort & Spa Phan Thi\u1ebft \u2014 tho\u1ea3i m\u00e1i, ti\u1ec7n l\u1ee3i v\u00e0 th\u01b0 gi\u00e3n b\u00ean bi\u1ec3n","og_url":"https:\/\/www.phuhaibeachresortphanthiet.com\/vi\/facilities\/","og_site_name":"Phu Hai Beach Resort &amp; Spa Phan Thiet","article_modified_time":"2026-02-10T08:02:02+00:00","og_image":[{"width":2200,"height":1650,"url":"https:\/\/www.phuhaibeachresortphanthiet.com\/wp-content\/uploads\/sites\/143\/2026\/01\/phuhairesort-pool1.jpg","type":"image\/jpeg"}],"twitter_card":"summary_large_image","twitter_misc":{"Est. reading time":"1 minute"},"schema":{"@context":"https:\/\/schema.org","@graph":[{"@type":"WebPage","@id":"https:\/\/www.phuhaibeachresortphanthiet.com\/vi\/facilities\/","url":"https:\/\/www.phuhaibeachresortphanthiet.com\/vi\/facilities\/","name":"C\u00e1c Ti\u1ec7n \u00cdch | Phu Hai Beach Resort & Spa Phan Thiet","isPartOf":{"@id":"https:\/\/www.phuhaibeachresortphanthiet.com\/vi\/#website"},"primaryImageOfPage":{"@id":"https:\/\/www.phuhaibeachresortphanthiet.com\/vi\/facilities\/#primaryimage"},"image":{"@id":"https:\/\/www.phuhaibeachresortphanthiet.com\/vi\/facilities\/#primaryimage"},"thumbnailUrl":"https:\/\/www.phuhaibeachresortphanthiet.com\/wp-content\/uploads\/sites\/143\/2026\/01\/phuhairesort-pool1.jpg","datePublished":"2026-01-10T07:59:21+00:00","dateModified":"2026-02-10T08:02:02+00:00","description":"Kh\u00e1m ph\u00e1 ti\u1ec7n nghi hi\u1ec7n \u0111\u1ea1i t\u1ea1i Phu Hai Beach Resort & Spa Phan Thi\u1ebft \u2014 tho\u1ea3i m\u00e1i, ti\u1ec7n l\u1ee3i v\u00e0 th\u01b0 gi\u00e3n b\u00ean bi\u1ec3n","breadcrumb":{"@id":"https:\/\/www.phuhaibeachresortphanthiet.com\/vi\/facilities\/#breadcrumb"},"inLanguage":"vi-VN","potentialAction":[{"@type":"ReadAction","target":["https:\/\/www.phuhaibeachresortphanthiet.com\/vi\/facilities\/"]}]},{"@type":"ImageObject","inLanguage":"vi-VN","@id":"https:\/\/www.phuhaibeachresortphanthiet.com\/vi\/facilities\/#primaryimage","url":"https:\/\/www.phuhaibeachresortphanthiet.com\/wp-content\/uploads\/sites\/143\/2026\/01\/phuhairesort-pool1.jpg","contentUrl":"https:\/\/www.phuhaibeachresortphanthiet.com\/wp-content\/uploads\/sites\/143\/2026\/01\/phuhairesort-pool1.jpg","width":2200,"height":1650},{"@type":"BreadcrumbList","@id":"https:\/\/www.phuhaibeachresortphanthiet.com\/vi\/facilities\/#breadcrumb","itemListElement":[{"@type":"ListItem","position":1,"name":"Home","item":"https:\/\/www.phuhaibeachresortphanthiet.com\/vi\/"},{"@type":"ListItem","position":2,"name":"D\u1ecbch v\u1ee5"}]},{"@type":"WebSite","@id":"https:\/\/www.phuhaibeachresortphanthiet.com\/vi\/#website","url":"https:\/\/www.phuhaibeachresortphanthiet.com\/vi\/","name":"Phu Hai Beach Resort & Spa Phan Thiet","description":"","potentialAction":[{"@type":"SearchAction","target":{"@type":"EntryPoint","urlTemplate":"https:\/\/www.phuhaibeachresortphanthiet.com\/vi\/?s={search_term_string}"},"query-input":"required name=search_term_string"}],"inLanguage":"vi-VN"}]}},"acf":[],"_links":{"self":[{"href":"https:\/\/www.phuhaibeachresortphanthiet.com\/vi\/wp-json\/wp\/v2\/pages\/34"}],"collection":[{"href":"https:\/\/www.phuhaibeachresortphanthiet.com\/vi\/wp-json\/wp\/v2\/pages"}],"about":[{"href":"https:\/\/www.phuhaibeachresortphanthiet.com\/vi\/wp-json\/wp\/v2\/types\/page"}],"author":[{"embeddable":true,"href":"https:\/\/www.phuhaibeachresortphanthiet.com\/vi\/wp-json\/wp\/v2\/users\/90"}],"replies":[{"embeddable":true,"href":"https:\/\/www.phuhaibeachresortphanthiet.com\/vi\/wp-json\/wp\/v2\/comments?post=34"}],"version-history":[{"count":0,"href":"https:\/\/www.phuhaibeachresortphanthiet.com\/vi\/wp-json\/wp\/v2\/pages\/34\/revisions"}],"wp:featuredmedia":[{"embeddable":true,"href":"https:\/\/www.phuhaibeachresortphanthiet.com\/vi\/wp-json\/wp\/v2\/media\/178"}],"wp:attachment":[{"href":"https:\/\/www.phuhaibeachresortphanthiet.com\/vi\/wp-json\/wp\/v2\/media?parent=34"}],"curies":[{"name":"wp","href":"https:\/\/api.w.org\/{rel}","templated":true}]}}