{"id":32,"date":"2026-01-10T07:47:11","date_gmt":"2026-01-10T07:47:11","guid":{"rendered":"https:\/\/phuhaibeachresortphanthiet.ms2.decms.asia\/?page_id=32"},"modified":"2026-04-22T03:33:32","modified_gmt":"2026-04-22T03:33:32","slug":"services","status":"publish","type":"page","link":"https:\/\/www.phuhaibeachresortphanthiet.com\/vi\/services\/","title":{"rendered":"D\u1ecbch v\u1ee5"},"content":{"rendered":"<p>T\u1ea1i Phu Hai Beach Resort &amp; Spa Phan Thiet, nhi\u1ec1u d\u1ecbch v\u1ee5 \u0111\u1eb7c s\u1eafc mang \u0111\u1ebfn tr\u1ea3i nghi\u1ec7m tr\u1ecdn v\u1eb9n cho k\u1ef3 ngh\u1ec9 c\u1ee7a b\u1ea1n. D\u1ecbch v\u1ee5 \u0111\u01b0a \u0111\u00f3n thu\u1eadn ti\u1ec7n gi\u00fap h\u00e0nh tr\u00ecnh \u0111\u1ebfn v\u00e0 \u0111i d\u1ec5 d\u00e0ng h\u01a1n. Spa &amp; Beauty mang \u0111\u1ebfn li\u1ec7u tr\u00ecnh ch\u0103m s\u00f3c v\u00e0 th\u01b0 gi\u00e3n to\u00e0n di\u1ec7n cho c\u01a1 th\u1ec3 v\u00e0 tinh th\u1ea7n. Du kh\u00e1ch c\u00f3 th\u1ec3 tham gia l\u1edbp h\u1ecdc n\u1ea5u \u0103n \u0111\u1ec3 kh\u00e1m ph\u00e1 b\u00ed quy\u1ebft \u1ea9m th\u1ef1c \u0111\u1ecba ph\u01b0\u01a1ng. V\u00e0 m\u1ed7i bu\u1ed5i chi\u1ec1u, h\u00e3y t\u1eadn h\u01b0\u1edfng Afternoon Tea tinh t\u1ebf v\u1edbi b\u00e1nh ng\u1ecdt v\u00e0 tr\u00e0 th\u01a1m trong kh\u00f4ng gian bi\u1ec3n y\u00ean b\u00ecnh.<\/p>\n","protected":false},"excerpt":{"rendered":"<p>T\u1ea1i Phu Hai Beach Resort &amp; Spa Phan Thiet, nhi\u1ec1u d\u1ecbch v\u1ee5 \u0111\u1eb7c s\u1eafc mang \u0111\u1ebfn tr\u1ea3i nghi\u1ec7m tr\u1ecdn v\u1eb9n cho k\u1ef3 ngh\u1ec9 c\u1ee7a b\u1ea1n. D\u1ecbch v\u1ee5 \u0111\u01b0a \u0111\u00f3n thu\u1eadn ti\u1ec7n gi\u00fap h\u00e0nh tr\u00ecnh \u0111\u1ebfn v\u00e0 \u0111i d\u1ec5 d\u00e0ng h\u01a1n. Spa &amp; Beauty mang \u0111\u1ebfn li\u1ec7u tr\u00ecnh ch\u0103m s\u00f3c v\u00e0 th\u01b0 gi\u00e3n to\u00e0n di\u1ec7n cho [&hellip;]<\/p>\n","protected":false},"author":90,"featured_media":176,"parent":0,"menu_order":0,"comment_status":"closed","ping_status":"closed","template":"template-services.php","meta":{"footnotes":""},"yoast_head":"<!-- This site is optimized with the Yoast SEO plugin v22.3 - https:\/\/yoast.com\/wordpress\/plugins\/seo\/ -->\n<title>Services | Phu Hai Beach Resort &amp; Spa Phan Thi\u1ebft<\/title>\n<meta name=\"description\" content=\"T\u1eadn h\u01b0\u1edfng d\u1ecbch v\u1ee5 cao c\u1ea5p t\u1ea1i Phu Hai Beach Resort &amp; Spa Phan Thi\u1ebft \u2014 ch\u0103m s\u00f3c t\u1eadn t\u00e2m v\u00e0 tr\u1ea3i nghi\u1ec7m kh\u00f3 qu\u00ean\" \/>\n<meta name=\"robots\" content=\"index, follow, max-snippet:-1, max-image-preview:large, max-video-preview:-1\" \/>\n<link rel=\"canonical\" href=\"https:\/\/www.phuhaibeachresortphanthiet.com\/vi\/services\/\" \/>\n<meta property=\"og:locale\" content=\"vi_VN\" \/>\n<meta property=\"og:type\" content=\"article\" \/>\n<meta property=\"og:title\" content=\"Services | Phu Hai Beach Resort &amp; Spa Phan Thi\u1ebft\" \/>\n<meta property=\"og:description\" content=\"T\u1eadn h\u01b0\u1edfng d\u1ecbch v\u1ee5 cao c\u1ea5p t\u1ea1i Phu Hai Beach Resort &amp; Spa Phan Thi\u1ebft \u2014 ch\u0103m s\u00f3c t\u1eadn t\u00e2m v\u00e0 tr\u1ea3i nghi\u1ec7m kh\u00f3 qu\u00ean\" \/>\n<meta property=\"og:url\" content=\"https:\/\/www.phuhaibeachresortphanthiet.com\/vi\/services\/\" \/>\n<meta property=\"og:site_name\" content=\"Phu Hai Beach Resort &amp; Spa Phan Thiet\" \/>\n<meta property=\"article:modified_time\" content=\"2026-04-22T03:33:32+00:00\" \/>\n<meta property=\"og:image\" content=\"https:\/\/www.phuhaibeachresortphanthiet.com\/wp-content\/uploads\/sites\/143\/2026\/01\/phuhairesort-reception.jpg\" \/>\n\t<meta property=\"og:image:width\" content=\"2200\" \/>\n\t<meta property=\"og:image:height\" content=\"1467\" \/>\n\t<meta property=\"og:image:type\" content=\"image\/jpeg\" \/>\n<meta name=\"twitter:card\" content=\"summary_large_image\" \/>\n<meta name=\"twitter:label1\" content=\"Est. reading time\" \/>\n\t<meta name=\"twitter:data1\" content=\"1 minute\" \/>\n<script type=\"application\/ld+json\" class=\"yoast-schema-graph\">{\"@context\":\"https:\/\/schema.org\",\"@graph\":[{\"@type\":\"WebPage\",\"@id\":\"https:\/\/www.phuhaibeachresortphanthiet.com\/vi\/services\/\",\"url\":\"https:\/\/www.phuhaibeachresortphanthiet.com\/vi\/services\/\",\"name\":\"Services | Phu Hai Beach Resort & Spa Phan Thi\u1ebft\",\"isPartOf\":{\"@id\":\"https:\/\/www.phuhaibeachresortphanthiet.com\/vi\/#website\"},\"primaryImageOfPage\":{\"@id\":\"https:\/\/www.phuhaibeachresortphanthiet.com\/vi\/services\/#primaryimage\"},\"image\":{\"@id\":\"https:\/\/www.phuhaibeachresortphanthiet.com\/vi\/services\/#primaryimage\"},\"thumbnailUrl\":\"https:\/\/www.phuhaibeachresortphanthiet.com\/wp-content\/uploads\/sites\/143\/2026\/01\/phuhairesort-reception.jpg\",\"datePublished\":\"2026-01-10T07:47:11+00:00\",\"dateModified\":\"2026-04-22T03:33:32+00:00\",\"description\":\"T\u1eadn h\u01b0\u1edfng d\u1ecbch v\u1ee5 cao c\u1ea5p t\u1ea1i Phu Hai Beach Resort & Spa Phan Thi\u1ebft \u2014 ch\u0103m s\u00f3c t\u1eadn t\u00e2m v\u00e0 tr\u1ea3i nghi\u1ec7m kh\u00f3 qu\u00ean\",\"breadcrumb\":{\"@id\":\"https:\/\/www.phuhaibeachresortphanthiet.com\/vi\/services\/#breadcrumb\"},\"inLanguage\":\"vi-VN\",\"potentialAction\":[{\"@type\":\"ReadAction\",\"target\":[\"https:\/\/www.phuhaibeachresortphanthiet.com\/vi\/services\/\"]}]},{\"@type\":\"ImageObject\",\"inLanguage\":\"vi-VN\",\"@id\":\"https:\/\/www.phuhaibeachresortphanthiet.com\/vi\/services\/#primaryimage\",\"url\":\"https:\/\/www.phuhaibeachresortphanthiet.com\/wp-content\/uploads\/sites\/143\/2026\/01\/phuhairesort-reception.jpg\",\"contentUrl\":\"https:\/\/www.phuhaibeachresortphanthiet.com\/wp-content\/uploads\/sites\/143\/2026\/01\/phuhairesort-reception.jpg\",\"width\":2200,\"height\":1467},{\"@type\":\"BreadcrumbList\",\"@id\":\"https:\/\/www.phuhaibeachresortphanthiet.com\/vi\/services\/#breadcrumb\",\"itemListElement\":[{\"@type\":\"ListItem\",\"position\":1,\"name\":\"Home\",\"item\":\"https:\/\/www.phuhaibeachresortphanthiet.com\/vi\/\"},{\"@type\":\"ListItem\",\"position\":2,\"name\":\"D\u1ecbch v\u1ee5\"}]},{\"@type\":\"WebSite\",\"@id\":\"https:\/\/www.phuhaibeachresortphanthiet.com\/vi\/#website\",\"url\":\"https:\/\/www.phuhaibeachresortphanthiet.com\/vi\/\",\"name\":\"Phu Hai Beach Resort & Spa Phan Thiet\",\"description\":\"\",\"potentialAction\":[{\"@type\":\"SearchAction\",\"target\":{\"@type\":\"EntryPoint\",\"urlTemplate\":\"https:\/\/www.phuhaibeachresortphanthiet.com\/vi\/?s={search_term_string}\"},\"query-input\":\"required name=search_term_string\"}],\"inLanguage\":\"vi-VN\"}]}<\/script>\n<!-- \/ Yoast SEO plugin. -->","yoast_head_json":{"title":"Services | Phu Hai Beach Resort & Spa Phan Thi\u1ebft","description":"T\u1eadn h\u01b0\u1edfng d\u1ecbch v\u1ee5 cao c\u1ea5p t\u1ea1i Phu Hai Beach Resort & Spa Phan Thi\u1ebft \u2014 ch\u0103m s\u00f3c t\u1eadn t\u00e2m v\u00e0 tr\u1ea3i nghi\u1ec7m kh\u00f3 qu\u00ean","robots":{"index":"index","follow":"follow","max-snippet":"max-snippet:-1","max-image-preview":"max-image-preview:large","max-video-preview":"max-video-preview:-1"},"canonical":"https:\/\/www.phuhaibeachresortphanthiet.com\/vi\/services\/","og_locale":"vi_VN","og_type":"article","og_title":"Services | Phu Hai Beach Resort & Spa Phan Thi\u1ebft","og_description":"T\u1eadn h\u01b0\u1edfng d\u1ecbch v\u1ee5 cao c\u1ea5p t\u1ea1i Phu Hai Beach Resort & Spa Phan Thi\u1ebft \u2014 ch\u0103m s\u00f3c t\u1eadn t\u00e2m v\u00e0 tr\u1ea3i nghi\u1ec7m kh\u00f3 qu\u00ean","og_url":"https:\/\/www.phuhaibeachresortphanthiet.com\/vi\/services\/","og_site_name":"Phu Hai Beach Resort &amp; Spa Phan Thiet","article_modified_time":"2026-04-22T03:33:32+00:00","og_image":[{"width":2200,"height":1467,"url":"https:\/\/www.phuhaibeachresortphanthiet.com\/wp-content\/uploads\/sites\/143\/2026\/01\/phuhairesort-reception.jpg","type":"image\/jpeg"}],"twitter_card":"summary_large_image","twitter_misc":{"Est. reading time":"1 minute"},"schema":{"@context":"https:\/\/schema.org","@graph":[{"@type":"WebPage","@id":"https:\/\/www.phuhaibeachresortphanthiet.com\/vi\/services\/","url":"https:\/\/www.phuhaibeachresortphanthiet.com\/vi\/services\/","name":"Services | Phu Hai Beach Resort & Spa Phan Thi\u1ebft","isPartOf":{"@id":"https:\/\/www.phuhaibeachresortphanthiet.com\/vi\/#website"},"primaryImageOfPage":{"@id":"https:\/\/www.phuhaibeachresortphanthiet.com\/vi\/services\/#primaryimage"},"image":{"@id":"https:\/\/www.phuhaibeachresortphanthiet.com\/vi\/services\/#primaryimage"},"thumbnailUrl":"https:\/\/www.phuhaibeachresortphanthiet.com\/wp-content\/uploads\/sites\/143\/2026\/01\/phuhairesort-reception.jpg","datePublished":"2026-01-10T07:47:11+00:00","dateModified":"2026-04-22T03:33:32+00:00","description":"T\u1eadn h\u01b0\u1edfng d\u1ecbch v\u1ee5 cao c\u1ea5p t\u1ea1i Phu Hai Beach Resort & Spa Phan Thi\u1ebft \u2014 ch\u0103m s\u00f3c t\u1eadn t\u00e2m v\u00e0 tr\u1ea3i nghi\u1ec7m kh\u00f3 qu\u00ean","breadcrumb":{"@id":"https:\/\/www.phuhaibeachresortphanthiet.com\/vi\/services\/#breadcrumb"},"inLanguage":"vi-VN","potentialAction":[{"@type":"ReadAction","target":["https:\/\/www.phuhaibeachresortphanthiet.com\/vi\/services\/"]}]},{"@type":"ImageObject","inLanguage":"vi-VN","@id":"https:\/\/www.phuhaibeachresortphanthiet.com\/vi\/services\/#primaryimage","url":"https:\/\/www.phuhaibeachresortphanthiet.com\/wp-content\/uploads\/sites\/143\/2026\/01\/phuhairesort-reception.jpg","contentUrl":"https:\/\/www.phuhaibeachresortphanthiet.com\/wp-content\/uploads\/sites\/143\/2026\/01\/phuhairesort-reception.jpg","width":2200,"height":1467},{"@type":"BreadcrumbList","@id":"https:\/\/www.phuhaibeachresortphanthiet.com\/vi\/services\/#breadcrumb","itemListElement":[{"@type":"ListItem","position":1,"name":"Home","item":"https:\/\/www.phuhaibeachresortphanthiet.com\/vi\/"},{"@type":"ListItem","position":2,"name":"D\u1ecbch v\u1ee5"}]},{"@type":"WebSite","@id":"https:\/\/www.phuhaibeachresortphanthiet.com\/vi\/#website","url":"https:\/\/www.phuhaibeachresortphanthiet.com\/vi\/","name":"Phu Hai Beach Resort & Spa Phan Thiet","description":"","potentialAction":[{"@type":"SearchAction","target":{"@type":"EntryPoint","urlTemplate":"https:\/\/www.phuhaibeachresortphanthiet.com\/vi\/?s={search_term_string}"},"query-input":"required name=search_term_string"}],"inLanguage":"vi-VN"}]}},"acf":[],"_links":{"self":[{"href":"https:\/\/www.phuhaibeachresortphanthiet.com\/vi\/wp-json\/wp\/v2\/pages\/32"}],"collection":[{"href":"https:\/\/www.phuhaibeachresortphanthiet.com\/vi\/wp-json\/wp\/v2\/pages"}],"about":[{"href":"https:\/\/www.phuhaibeachresortphanthiet.com\/vi\/wp-json\/wp\/v2\/types\/page"}],"author":[{"embeddable":true,"href":"https:\/\/www.phuhaibeachresortphanthiet.com\/vi\/wp-json\/wp\/v2\/users\/90"}],"replies":[{"embeddable":true,"href":"https:\/\/www.phuhaibeachresortphanthiet.com\/vi\/wp-json\/wp\/v2\/comments?post=32"}],"version-history":[{"count":0,"href":"https:\/\/www.phuhaibeachresortphanthiet.com\/vi\/wp-json\/wp\/v2\/pages\/32\/revisions"}],"wp:featuredmedia":[{"embeddable":true,"href":"https:\/\/www.phuhaibeachresortphanthiet.com\/vi\/wp-json\/wp\/v2\/media\/176"}],"wp:attachment":[{"href":"https:\/\/www.phuhaibeachresortphanthiet.com\/vi\/wp-json\/wp\/v2\/media?parent=32"}],"curies":[{"name":"wp","href":"https:\/\/api.w.org\/{rel}","templated":true}]}}