{"id":29,"date":"2026-01-10T07:35:27","date_gmt":"2026-01-10T07:35:27","guid":{"rendered":"https:\/\/phuhaibeachresortphanthiet.ms2.decms.asia\/?page_id=29"},"modified":"2026-02-06T07:37:16","modified_gmt":"2026-02-06T07:37:16","slug":"specials-offers","status":"publish","type":"page","link":"https:\/\/www.phuhaibeachresortphanthiet.com\/vi\/specials-offers\/","title":{"rendered":"\u01afu \u0111\u00e3i"},"content":{"rendered":"<p>Phu Hai Beach Resort &amp; Spa Phan Thi\u1ebft mang \u0111\u1ebfn nh\u1eefng g\u00f3i \u01b0u \u0111\u00e3i \u0111\u1ed9c quy\u1ec1n ph\u00f9 h\u1ee3p cho m\u1ecdi du kh\u00e1ch. T\u1eeb k\u1ef3 ngh\u1ec9 l\u00e3ng m\u1ea1n v\u1edbi b\u1eefa t\u1ed1i b\u00ean bi\u1ec3n, g\u00f3i gia \u0111\u00ecnh k\u00e8m ho\u1ea1t \u0111\u1ed9ng vui ch\u01a1i cho tr\u1ebb nh\u1ecf, \u0111\u1ebfn h\u00e0nh tr\u00ecnh ch\u0103m s\u00f3c s\u1ee9c kh\u1ecfe v\u1edbi spa v\u00e0 yoga, m\u1ed7i \u01b0u \u0111\u00e3i \u0111\u1ec1u gia t\u0103ng gi\u00e1 tr\u1ecb cho k\u1ef3 ngh\u1ec9 c\u1ee7a b\u1ea1n. H\u00e3y t\u1eadn h\u01b0\u1edfng khuy\u1ebfn m\u00e3i \u0111\u1eb7c bi\u1ec7t theo m\u00f9a v\u00e0 tr\u1ea3i nghi\u1ec7m \u0111\u01b0\u1ee3c thi\u1ebft k\u1ebf ri\u00eang, bi\u1ebfn chuy\u1ebfn \u0111i b\u00ean bi\u1ec3n tr\u1edf n\u00ean kh\u00f3 qu\u00ean.<\/p>\n","protected":false},"excerpt":{"rendered":"<p>Phu Hai Beach Resort &amp; Spa Phan Thi\u1ebft mang \u0111\u1ebfn nh\u1eefng g\u00f3i \u01b0u \u0111\u00e3i \u0111\u1ed9c quy\u1ec1n ph\u00f9 h\u1ee3p cho m\u1ecdi du kh\u00e1ch. T\u1eeb k\u1ef3 ngh\u1ec9 l\u00e3ng m\u1ea1n v\u1edbi b\u1eefa t\u1ed1i b\u00ean bi\u1ec3n, g\u00f3i gia \u0111\u00ecnh k\u00e8m ho\u1ea1t \u0111\u1ed9ng vui ch\u01a1i cho tr\u1ebb nh\u1ecf, \u0111\u1ebfn h\u00e0nh tr\u00ecnh ch\u0103m s\u00f3c s\u1ee9c kh\u1ecfe v\u1edbi spa v\u00e0 yoga, m\u1ed7i [&hellip;]<\/p>\n","protected":false},"author":90,"featured_media":0,"parent":0,"menu_order":0,"comment_status":"closed","ping_status":"closed","template":"template-offers.php","meta":{"footnotes":""},"yoast_head":"<!-- This site is optimized with the Yoast SEO plugin v22.3 - https:\/\/yoast.com\/wordpress\/plugins\/seo\/ -->\n<title>Special Offers | Phu Hai Beach Resort &amp; Spa Phan Thi\u1ebft<\/title>\n<meta name=\"description\" content=\"Kh\u00e1m ph\u00e1 \u01b0u \u0111\u00e3i \u0111\u1eb7c bi\u1ec7t t\u1ea1i Phu Hai Beach Resort &amp; Spa Phan Thi\u1ebft \u2014 g\u00f3i ngh\u1ec9 d\u01b0\u1ee1ng, \u1ea9m th\u1ef1c v\u00e0 spa h\u1ea5p d\u1eabn.\" \/>\n<meta name=\"robots\" content=\"index, follow, max-snippet:-1, max-image-preview:large, max-video-preview:-1\" \/>\n<link rel=\"canonical\" href=\"https:\/\/www.phuhaibeachresortphanthiet.com\/vi\/specials-offers\/\" \/>\n<meta property=\"og:locale\" content=\"vi_VN\" \/>\n<meta property=\"og:type\" content=\"article\" \/>\n<meta property=\"og:title\" content=\"Special Offers | Phu Hai Beach Resort &amp; Spa Phan Thi\u1ebft\" \/>\n<meta property=\"og:description\" content=\"Kh\u00e1m ph\u00e1 \u01b0u \u0111\u00e3i \u0111\u1eb7c bi\u1ec7t t\u1ea1i Phu Hai Beach Resort &amp; Spa Phan Thi\u1ebft \u2014 g\u00f3i ngh\u1ec9 d\u01b0\u1ee1ng, \u1ea9m th\u1ef1c v\u00e0 spa h\u1ea5p d\u1eabn.\" \/>\n<meta property=\"og:url\" content=\"https:\/\/www.phuhaibeachresortphanthiet.com\/vi\/specials-offers\/\" \/>\n<meta property=\"og:site_name\" content=\"Phu Hai Beach Resort &amp; Spa Phan Thiet\" \/>\n<meta property=\"article:modified_time\" content=\"2026-02-06T07:37:16+00:00\" \/>\n<meta name=\"twitter:card\" content=\"summary_large_image\" \/>\n<meta name=\"twitter:label1\" content=\"Est. reading time\" \/>\n\t<meta name=\"twitter:data1\" content=\"1 minute\" \/>\n<script type=\"application\/ld+json\" class=\"yoast-schema-graph\">{\"@context\":\"https:\/\/schema.org\",\"@graph\":[{\"@type\":\"WebPage\",\"@id\":\"https:\/\/www.phuhaibeachresortphanthiet.com\/vi\/specials-offers\/\",\"url\":\"https:\/\/www.phuhaibeachresortphanthiet.com\/vi\/specials-offers\/\",\"name\":\"Special Offers | Phu Hai Beach Resort & Spa Phan Thi\u1ebft\",\"isPartOf\":{\"@id\":\"https:\/\/www.phuhaibeachresortphanthiet.com\/vi\/#website\"},\"datePublished\":\"2026-01-10T07:35:27+00:00\",\"dateModified\":\"2026-02-06T07:37:16+00:00\",\"description\":\"Kh\u00e1m ph\u00e1 \u01b0u \u0111\u00e3i \u0111\u1eb7c bi\u1ec7t t\u1ea1i Phu Hai Beach Resort & Spa Phan Thi\u1ebft \u2014 g\u00f3i ngh\u1ec9 d\u01b0\u1ee1ng, \u1ea9m th\u1ef1c v\u00e0 spa h\u1ea5p d\u1eabn.\",\"breadcrumb\":{\"@id\":\"https:\/\/www.phuhaibeachresortphanthiet.com\/vi\/specials-offers\/#breadcrumb\"},\"inLanguage\":\"vi-VN\",\"potentialAction\":[{\"@type\":\"ReadAction\",\"target\":[\"https:\/\/www.phuhaibeachresortphanthiet.com\/vi\/specials-offers\/\"]}]},{\"@type\":\"BreadcrumbList\",\"@id\":\"https:\/\/www.phuhaibeachresortphanthiet.com\/vi\/specials-offers\/#breadcrumb\",\"itemListElement\":[{\"@type\":\"ListItem\",\"position\":1,\"name\":\"Home\",\"item\":\"https:\/\/www.phuhaibeachresortphanthiet.com\/vi\/\"},{\"@type\":\"ListItem\",\"position\":2,\"name\":\"\u01afu \u0111\u00e3i\"}]},{\"@type\":\"WebSite\",\"@id\":\"https:\/\/www.phuhaibeachresortphanthiet.com\/vi\/#website\",\"url\":\"https:\/\/www.phuhaibeachresortphanthiet.com\/vi\/\",\"name\":\"Phu Hai Beach Resort & Spa Phan Thiet\",\"description\":\"\",\"potentialAction\":[{\"@type\":\"SearchAction\",\"target\":{\"@type\":\"EntryPoint\",\"urlTemplate\":\"https:\/\/www.phuhaibeachresortphanthiet.com\/vi\/?s={search_term_string}\"},\"query-input\":\"required name=search_term_string\"}],\"inLanguage\":\"vi-VN\"}]}<\/script>\n<!-- \/ Yoast SEO plugin. -->","yoast_head_json":{"title":"Special Offers | Phu Hai Beach Resort & Spa Phan Thi\u1ebft","description":"Kh\u00e1m ph\u00e1 \u01b0u \u0111\u00e3i \u0111\u1eb7c bi\u1ec7t t\u1ea1i Phu Hai Beach Resort & Spa Phan Thi\u1ebft \u2014 g\u00f3i ngh\u1ec9 d\u01b0\u1ee1ng, \u1ea9m th\u1ef1c v\u00e0 spa h\u1ea5p d\u1eabn.","robots":{"index":"index","follow":"follow","max-snippet":"max-snippet:-1","max-image-preview":"max-image-preview:large","max-video-preview":"max-video-preview:-1"},"canonical":"https:\/\/www.phuhaibeachresortphanthiet.com\/vi\/specials-offers\/","og_locale":"vi_VN","og_type":"article","og_title":"Special Offers | Phu Hai Beach Resort & Spa Phan Thi\u1ebft","og_description":"Kh\u00e1m ph\u00e1 \u01b0u \u0111\u00e3i \u0111\u1eb7c bi\u1ec7t t\u1ea1i Phu Hai Beach Resort & Spa Phan Thi\u1ebft \u2014 g\u00f3i ngh\u1ec9 d\u01b0\u1ee1ng, \u1ea9m th\u1ef1c v\u00e0 spa h\u1ea5p d\u1eabn.","og_url":"https:\/\/www.phuhaibeachresortphanthiet.com\/vi\/specials-offers\/","og_site_name":"Phu Hai Beach Resort &amp; Spa Phan Thiet","article_modified_time":"2026-02-06T07:37:16+00:00","twitter_card":"summary_large_image","twitter_misc":{"Est. reading time":"1 minute"},"schema":{"@context":"https:\/\/schema.org","@graph":[{"@type":"WebPage","@id":"https:\/\/www.phuhaibeachresortphanthiet.com\/vi\/specials-offers\/","url":"https:\/\/www.phuhaibeachresortphanthiet.com\/vi\/specials-offers\/","name":"Special Offers | Phu Hai Beach Resort & Spa Phan Thi\u1ebft","isPartOf":{"@id":"https:\/\/www.phuhaibeachresortphanthiet.com\/vi\/#website"},"datePublished":"2026-01-10T07:35:27+00:00","dateModified":"2026-02-06T07:37:16+00:00","description":"Kh\u00e1m ph\u00e1 \u01b0u \u0111\u00e3i \u0111\u1eb7c bi\u1ec7t t\u1ea1i Phu Hai Beach Resort & Spa Phan Thi\u1ebft \u2014 g\u00f3i ngh\u1ec9 d\u01b0\u1ee1ng, \u1ea9m th\u1ef1c v\u00e0 spa h\u1ea5p d\u1eabn.","breadcrumb":{"@id":"https:\/\/www.phuhaibeachresortphanthiet.com\/vi\/specials-offers\/#breadcrumb"},"inLanguage":"vi-VN","potentialAction":[{"@type":"ReadAction","target":["https:\/\/www.phuhaibeachresortphanthiet.com\/vi\/specials-offers\/"]}]},{"@type":"BreadcrumbList","@id":"https:\/\/www.phuhaibeachresortphanthiet.com\/vi\/specials-offers\/#breadcrumb","itemListElement":[{"@type":"ListItem","position":1,"name":"Home","item":"https:\/\/www.phuhaibeachresortphanthiet.com\/vi\/"},{"@type":"ListItem","position":2,"name":"\u01afu \u0111\u00e3i"}]},{"@type":"WebSite","@id":"https:\/\/www.phuhaibeachresortphanthiet.com\/vi\/#website","url":"https:\/\/www.phuhaibeachresortphanthiet.com\/vi\/","name":"Phu Hai Beach Resort & Spa Phan Thiet","description":"","potentialAction":[{"@type":"SearchAction","target":{"@type":"EntryPoint","urlTemplate":"https:\/\/www.phuhaibeachresortphanthiet.com\/vi\/?s={search_term_string}"},"query-input":"required name=search_term_string"}],"inLanguage":"vi-VN"}]}},"acf":[],"_links":{"self":[{"href":"https:\/\/www.phuhaibeachresortphanthiet.com\/vi\/wp-json\/wp\/v2\/pages\/29"}],"collection":[{"href":"https:\/\/www.phuhaibeachresortphanthiet.com\/vi\/wp-json\/wp\/v2\/pages"}],"about":[{"href":"https:\/\/www.phuhaibeachresortphanthiet.com\/vi\/wp-json\/wp\/v2\/types\/page"}],"author":[{"embeddable":true,"href":"https:\/\/www.phuhaibeachresortphanthiet.com\/vi\/wp-json\/wp\/v2\/users\/90"}],"replies":[{"embeddable":true,"href":"https:\/\/www.phuhaibeachresortphanthiet.com\/vi\/wp-json\/wp\/v2\/comments?post=29"}],"version-history":[{"count":0,"href":"https:\/\/www.phuhaibeachresortphanthiet.com\/vi\/wp-json\/wp\/v2\/pages\/29\/revisions"}],"wp:attachment":[{"href":"https:\/\/www.phuhaibeachresortphanthiet.com\/vi\/wp-json\/wp\/v2\/media?parent=29"}],"curies":[{"name":"wp","href":"https:\/\/api.w.org\/{rel}","templated":true}]}}