{"id":28,"date":"2026-01-10T07:34:41","date_gmt":"2026-01-10T07:34:41","guid":{"rendered":"https:\/\/phuhaibeachresortphanthiet.ms2.decms.asia\/?page_id=28"},"modified":"2026-01-12T08:27:00","modified_gmt":"2026-01-12T08:27:00","slug":"beach-bar","status":"publish","type":"page","link":"https:\/\/www.phuhaibeachresortphanthiet.com\/vi\/restaurant-bars\/beach-bar\/","title":{"rendered":"Beach Bar"},"content":{"rendered":"<p>T\u1ea1i Beach Bar, Phu Hai Beach Resort &#038; Spa Phan Thi\u1ebft, nh\u1ecbp \u0111i\u1ec7u c\u1ee7a bi\u1ec3n c\u1ea3 h\u00f2a c\u00f9ng h\u01b0\u01a1ng v\u1ecb cocktail nhi\u1ec7t \u0111\u1edbi v\u00e0 m\u00f3n \u0103n nh\u1eb9 h\u1ea5p d\u1eabn. N\u1eb1m ngay b\u00ean b\u1edd c\u00e1t tr\u1eafng v\u00e0 l\u00e0n n\u01b0\u1edbc xanh trong, \u0111\u00e2y l\u00e0 n\u01a1i l\u00fd t\u01b0\u1edfng \u0111\u1ec3 t\u1eadn h\u01b0\u1edfng n\u1eafng v\u00e0ng, gi\u00f3 bi\u1ec3n v\u00e0 nh\u1eefng th\u1ee9c u\u1ed1ng m\u00e1t l\u1ea1nh. D\u00f9 b\u1ea1n ng\u1eafm ho\u00e0ng h\u00f4n, tr\u00f2 chuy\u1ec7n c\u00f9ng b\u1ea1n b\u00e8 hay \u0111\u01a1n gi\u1ea3n l\u00e0 th\u1ea3 m\u00ecnh theo ti\u1ebfng s\u00f3ng, Beach Bar mang \u0111\u1ebfn kh\u00f4ng kh\u00ed v\u1eeba s\u00f4i \u0111\u1ed9ng v\u1eeba th\u01b0 gi\u00e3n, bi\u1ebfn m\u1ecdi kho\u1ea3nh kh\u1eafc th\u00e0nh ni\u1ec1m vui b\u00ean bi\u1ec3n.<\/p>\n","protected":false},"excerpt":{"rendered":"<p>T\u1ea1i Beach Bar, Phu Hai Beach Resort &#038; Spa Phan Thi\u1ebft, nh\u1ecbp \u0111i\u1ec7u c\u1ee7a bi\u1ec3n c\u1ea3 h\u00f2a c\u00f9ng h\u01b0\u01a1ng v\u1ecb cocktail nhi\u1ec7t \u0111\u1edbi v\u00e0 m\u00f3n \u0103n nh\u1eb9 h\u1ea5p d\u1eabn. N\u1eb1m ngay b\u00ean b\u1edd c\u00e1t tr\u1eafng v\u00e0 l\u00e0n n\u01b0\u1edbc xanh trong, \u0111\u00e2y l\u00e0 n\u01a1i l\u00fd t\u01b0\u1edfng \u0111\u1ec3 t\u1eadn h\u01b0\u1edfng n\u1eafng v\u00e0ng, gi\u00f3 bi\u1ec3n v\u00e0 nh\u1eefng th\u1ee9c [&hellip;]<\/p>\n","protected":false},"author":90,"featured_media":0,"parent":24,"menu_order":2,"comment_status":"closed","ping_status":"closed","template":"template-single-restaurant.php","meta":{"footnotes":""},"yoast_head":"<!-- This site is optimized with the Yoast SEO plugin v22.3 - https:\/\/yoast.com\/wordpress\/plugins\/seo\/ -->\n<title>Beach Bar | Phu Hai Beach Resort &amp; Spa Phan Thi\u1ebft<\/title>\n<meta name=\"description\" content=\"Th\u01b0\u1edfng th\u1ee9c cocktail nhi\u1ec7t \u0111\u1edbi v\u00e0 m\u00f3n \u0103n nh\u1eb9 t\u1ea1i Beach Bar, Phu Hai Beach Resort &amp; Spa Phan Thi\u1ebft b\u00ean l\u00e0n gi\u00f3 bi\u1ec3n\" \/>\n<meta name=\"robots\" content=\"index, follow, max-snippet:-1, max-image-preview:large, max-video-preview:-1\" \/>\n<link rel=\"canonical\" href=\"https:\/\/www.phuhaibeachresortphanthiet.com\/vi\/restaurant-bars\/beach-bar\/\" \/>\n<meta property=\"og:locale\" content=\"vi_VN\" \/>\n<meta property=\"og:type\" content=\"article\" \/>\n<meta property=\"og:title\" content=\"Beach Bar | Phu Hai Beach Resort &amp; Spa Phan Thi\u1ebft\" \/>\n<meta property=\"og:description\" content=\"Th\u01b0\u1edfng th\u1ee9c cocktail nhi\u1ec7t \u0111\u1edbi v\u00e0 m\u00f3n \u0103n nh\u1eb9 t\u1ea1i Beach Bar, Phu Hai Beach Resort &amp; Spa Phan Thi\u1ebft b\u00ean l\u00e0n gi\u00f3 bi\u1ec3n\" \/>\n<meta property=\"og:url\" content=\"https:\/\/www.phuhaibeachresortphanthiet.com\/vi\/restaurant-bars\/beach-bar\/\" \/>\n<meta property=\"og:site_name\" content=\"Phu Hai Beach Resort &amp; Spa Phan Thiet\" \/>\n<meta property=\"article:modified_time\" content=\"2026-01-12T08:27:00+00:00\" \/>\n<meta name=\"twitter:card\" content=\"summary_large_image\" \/>\n<meta name=\"twitter:label1\" content=\"Est. reading time\" \/>\n\t<meta name=\"twitter:data1\" content=\"1 minute\" \/>\n<script type=\"application\/ld+json\" class=\"yoast-schema-graph\">{\"@context\":\"https:\/\/schema.org\",\"@graph\":[{\"@type\":\"WebPage\",\"@id\":\"https:\/\/www.phuhaibeachresortphanthiet.com\/vi\/restaurant-bars\/beach-bar\/\",\"url\":\"https:\/\/www.phuhaibeachresortphanthiet.com\/vi\/restaurant-bars\/beach-bar\/\",\"name\":\"Beach Bar | Phu Hai Beach Resort & Spa Phan Thi\u1ebft\",\"isPartOf\":{\"@id\":\"https:\/\/www.phuhaibeachresortphanthiet.com\/vi\/#website\"},\"datePublished\":\"2026-01-10T07:34:41+00:00\",\"dateModified\":\"2026-01-12T08:27:00+00:00\",\"description\":\"Th\u01b0\u1edfng th\u1ee9c cocktail nhi\u1ec7t \u0111\u1edbi v\u00e0 m\u00f3n \u0103n nh\u1eb9 t\u1ea1i Beach Bar, Phu Hai Beach Resort & Spa Phan Thi\u1ebft b\u00ean l\u00e0n gi\u00f3 bi\u1ec3n\",\"breadcrumb\":{\"@id\":\"https:\/\/www.phuhaibeachresortphanthiet.com\/vi\/restaurant-bars\/beach-bar\/#breadcrumb\"},\"inLanguage\":\"vi-VN\",\"potentialAction\":[{\"@type\":\"ReadAction\",\"target\":[\"https:\/\/www.phuhaibeachresortphanthiet.com\/vi\/restaurant-bars\/beach-bar\/\"]}]},{\"@type\":\"BreadcrumbList\",\"@id\":\"https:\/\/www.phuhaibeachresortphanthiet.com\/vi\/restaurant-bars\/beach-bar\/#breadcrumb\",\"itemListElement\":[{\"@type\":\"ListItem\",\"position\":1,\"name\":\"Home\",\"item\":\"https:\/\/www.phuhaibeachresortphanthiet.com\/vi\/\"},{\"@type\":\"ListItem\",\"position\":2,\"name\":\"\u1ea8m th\u1ef1c\",\"item\":\"https:\/\/www.phuhaibeachresortphanthiet.com\/vi\/restaurant-bars\/\"},{\"@type\":\"ListItem\",\"position\":3,\"name\":\"Beach Bar\"}]},{\"@type\":\"WebSite\",\"@id\":\"https:\/\/www.phuhaibeachresortphanthiet.com\/vi\/#website\",\"url\":\"https:\/\/www.phuhaibeachresortphanthiet.com\/vi\/\",\"name\":\"Phu Hai Beach Resort & Spa Phan Thiet\",\"description\":\"\",\"potentialAction\":[{\"@type\":\"SearchAction\",\"target\":{\"@type\":\"EntryPoint\",\"urlTemplate\":\"https:\/\/www.phuhaibeachresortphanthiet.com\/vi\/?s={search_term_string}\"},\"query-input\":\"required name=search_term_string\"}],\"inLanguage\":\"vi-VN\"}]}<\/script>\n<!-- \/ Yoast SEO plugin. -->","yoast_head_json":{"title":"Beach Bar | Phu Hai Beach Resort & Spa Phan Thi\u1ebft","description":"Th\u01b0\u1edfng th\u1ee9c cocktail nhi\u1ec7t \u0111\u1edbi v\u00e0 m\u00f3n \u0103n nh\u1eb9 t\u1ea1i Beach Bar, Phu Hai Beach Resort & Spa Phan Thi\u1ebft b\u00ean l\u00e0n gi\u00f3 bi\u1ec3n","robots":{"index":"index","follow":"follow","max-snippet":"max-snippet:-1","max-image-preview":"max-image-preview:large","max-video-preview":"max-video-preview:-1"},"canonical":"https:\/\/www.phuhaibeachresortphanthiet.com\/vi\/restaurant-bars\/beach-bar\/","og_locale":"vi_VN","og_type":"article","og_title":"Beach Bar | Phu Hai Beach Resort & Spa Phan Thi\u1ebft","og_description":"Th\u01b0\u1edfng th\u1ee9c cocktail nhi\u1ec7t \u0111\u1edbi v\u00e0 m\u00f3n \u0103n nh\u1eb9 t\u1ea1i Beach Bar, Phu Hai Beach Resort & Spa Phan Thi\u1ebft b\u00ean l\u00e0n gi\u00f3 bi\u1ec3n","og_url":"https:\/\/www.phuhaibeachresortphanthiet.com\/vi\/restaurant-bars\/beach-bar\/","og_site_name":"Phu Hai Beach Resort &amp; Spa Phan Thiet","article_modified_time":"2026-01-12T08:27:00+00:00","twitter_card":"summary_large_image","twitter_misc":{"Est. reading time":"1 minute"},"schema":{"@context":"https:\/\/schema.org","@graph":[{"@type":"WebPage","@id":"https:\/\/www.phuhaibeachresortphanthiet.com\/vi\/restaurant-bars\/beach-bar\/","url":"https:\/\/www.phuhaibeachresortphanthiet.com\/vi\/restaurant-bars\/beach-bar\/","name":"Beach Bar | Phu Hai Beach Resort & Spa Phan Thi\u1ebft","isPartOf":{"@id":"https:\/\/www.phuhaibeachresortphanthiet.com\/vi\/#website"},"datePublished":"2026-01-10T07:34:41+00:00","dateModified":"2026-01-12T08:27:00+00:00","description":"Th\u01b0\u1edfng th\u1ee9c cocktail nhi\u1ec7t \u0111\u1edbi v\u00e0 m\u00f3n \u0103n nh\u1eb9 t\u1ea1i Beach Bar, Phu Hai Beach Resort & Spa Phan Thi\u1ebft b\u00ean l\u00e0n gi\u00f3 bi\u1ec3n","breadcrumb":{"@id":"https:\/\/www.phuhaibeachresortphanthiet.com\/vi\/restaurant-bars\/beach-bar\/#breadcrumb"},"inLanguage":"vi-VN","potentialAction":[{"@type":"ReadAction","target":["https:\/\/www.phuhaibeachresortphanthiet.com\/vi\/restaurant-bars\/beach-bar\/"]}]},{"@type":"BreadcrumbList","@id":"https:\/\/www.phuhaibeachresortphanthiet.com\/vi\/restaurant-bars\/beach-bar\/#breadcrumb","itemListElement":[{"@type":"ListItem","position":1,"name":"Home","item":"https:\/\/www.phuhaibeachresortphanthiet.com\/vi\/"},{"@type":"ListItem","position":2,"name":"\u1ea8m th\u1ef1c","item":"https:\/\/www.phuhaibeachresortphanthiet.com\/vi\/restaurant-bars\/"},{"@type":"ListItem","position":3,"name":"Beach Bar"}]},{"@type":"WebSite","@id":"https:\/\/www.phuhaibeachresortphanthiet.com\/vi\/#website","url":"https:\/\/www.phuhaibeachresortphanthiet.com\/vi\/","name":"Phu Hai Beach Resort & Spa Phan Thiet","description":"","potentialAction":[{"@type":"SearchAction","target":{"@type":"EntryPoint","urlTemplate":"https:\/\/www.phuhaibeachresortphanthiet.com\/vi\/?s={search_term_string}"},"query-input":"required name=search_term_string"}],"inLanguage":"vi-VN"}]}},"acf":[],"_links":{"self":[{"href":"https:\/\/www.phuhaibeachresortphanthiet.com\/vi\/wp-json\/wp\/v2\/pages\/28"}],"collection":[{"href":"https:\/\/www.phuhaibeachresortphanthiet.com\/vi\/wp-json\/wp\/v2\/pages"}],"about":[{"href":"https:\/\/www.phuhaibeachresortphanthiet.com\/vi\/wp-json\/wp\/v2\/types\/page"}],"author":[{"embeddable":true,"href":"https:\/\/www.phuhaibeachresortphanthiet.com\/vi\/wp-json\/wp\/v2\/users\/90"}],"replies":[{"embeddable":true,"href":"https:\/\/www.phuhaibeachresortphanthiet.com\/vi\/wp-json\/wp\/v2\/comments?post=28"}],"version-history":[{"count":0,"href":"https:\/\/www.phuhaibeachresortphanthiet.com\/vi\/wp-json\/wp\/v2\/pages\/28\/revisions"}],"up":[{"embeddable":true,"href":"https:\/\/www.phuhaibeachresortphanthiet.com\/vi\/wp-json\/wp\/v2\/pages\/24"}],"wp:attachment":[{"href":"https:\/\/www.phuhaibeachresortphanthiet.com\/vi\/wp-json\/wp\/v2\/media?parent=28"}],"curies":[{"name":"wp","href":"https:\/\/api.w.org\/{rel}","templated":true}]}}