{"id":27,"date":"2026-01-10T07:23:30","date_gmt":"2026-01-10T07:23:30","guid":{"rendered":"https:\/\/phuhaibeachresortphanthiet.ms2.decms.asia\/?page_id=27"},"modified":"2026-01-12T08:24:51","modified_gmt":"2026-01-12T08:24:51","slug":"pool-bar","status":"publish","type":"page","link":"https:\/\/www.phuhaibeachresortphanthiet.com\/vi\/restaurant-bars\/pool-bar\/","title":{"rendered":"Pool Bar"},"content":{"rendered":"<p>C\u1ea3m nh\u1eadn \u00e1nh n\u1eafng r\u1ef1c r\u1ee1 b\u00ean h\u1ed3 b\u01a1i, th\u1ea3 m\u00ecnh th\u01b0 gi\u00e3n c\u00f9ng m\u1ed9t cu\u1ed1n s\u00e1ch hay v\u00e0 th\u01b0\u1edfng th\u1ee9c nh\u1eefng ly cocktail m\u00e1t l\u1ea1nh t\u1eeb Pool Bar. Trong nh\u1ecbp ch\u1ea3y c\u1ee7a ng\u00e0y m\u1edbi, b\u1ea1n c\u00f3 th\u1ec3 ch\u1ecdn nh\u1eefng m\u00f3n \u0103n nh\u1eb9 h\u1ea5p d\u1eabn, ph\u00f9 h\u1ee3p cho bu\u1ed5i chi\u1ec1u nhi\u1ec7t \u0111\u1edbi. Gi\u1eefa l\u00e0n gi\u00f3 d\u1ecbu d\u00e0ng v\u00e0 \u00e1nh n\u01b0\u1edbc xanh trong l\u1ea5p l\u00e1nh, kh\u00f4ng gian ngo\u00e0i tr\u1eddi y\u00ean b\u00ecnh n\u00e0y tr\u1edf th\u00e0nh ni\u1ec1m vui bi\u1ec3n c\u1ea3 c\u1ee7a b\u1ea1n \u2014 n\u01a1i th\u01b0 gi\u00e3n, h\u01b0\u01a1ng v\u1ecb v\u00e0 \u00e1nh n\u1eafng h\u00f2a quy\u1ec7n th\u00e0nh kho\u1ea3nh kh\u1eafc kh\u00f3 qu\u00ean.<\/p>\n","protected":false},"excerpt":{"rendered":"<p>C\u1ea3m nh\u1eadn \u00e1nh n\u1eafng r\u1ef1c r\u1ee1 b\u00ean h\u1ed3 b\u01a1i, th\u1ea3 m\u00ecnh th\u01b0 gi\u00e3n c\u00f9ng m\u1ed9t cu\u1ed1n s\u00e1ch hay v\u00e0 th\u01b0\u1edfng th\u1ee9c nh\u1eefng ly cocktail m\u00e1t l\u1ea1nh t\u1eeb Pool Bar. Trong nh\u1ecbp ch\u1ea3y c\u1ee7a ng\u00e0y m\u1edbi, b\u1ea1n c\u00f3 th\u1ec3 ch\u1ecdn nh\u1eefng m\u00f3n \u0103n nh\u1eb9 h\u1ea5p d\u1eabn, ph\u00f9 h\u1ee3p cho bu\u1ed5i chi\u1ec1u nhi\u1ec7t \u0111\u1edbi. Gi\u1eefa l\u00e0n gi\u00f3 [&hellip;]<\/p>\n","protected":false},"author":90,"featured_media":162,"parent":24,"menu_order":1,"comment_status":"closed","ping_status":"closed","template":"template-single-restaurant.php","meta":{"footnotes":""},"yoast_head":"<!-- This site is optimized with the Yoast SEO plugin v22.3 - https:\/\/yoast.com\/wordpress\/plugins\/seo\/ -->\n<title>Pool Bar | Phu Hai Beach Resort &amp; Spa Phan Thi\u1ebft<\/title>\n<meta name=\"description\" content=\"Th\u01b0 gi\u00e3n t\u1ea1i Pool Bar, Phu Hai Beach Resort &amp; Spa Phan Thi\u1ebft \u2014 cocktail m\u00e1t l\u1ea1nh, m\u00f3n \u0103n nh\u1eb9 v\u00e0 kh\u00f4ng gian h\u1ed3 b\u01a1i nhi\u1ec7t \u0111\u1edbi y\u00ean b\u00ecnh\" \/>\n<meta name=\"robots\" content=\"index, follow, max-snippet:-1, max-image-preview:large, max-video-preview:-1\" \/>\n<link rel=\"canonical\" href=\"https:\/\/www.phuhaibeachresortphanthiet.com\/vi\/restaurant-bars\/pool-bar\/\" \/>\n<meta property=\"og:locale\" content=\"vi_VN\" \/>\n<meta property=\"og:type\" content=\"article\" \/>\n<meta property=\"og:title\" content=\"Pool Bar | Phu Hai Beach Resort &amp; Spa Phan Thi\u1ebft\" \/>\n<meta property=\"og:description\" content=\"Th\u01b0 gi\u00e3n t\u1ea1i Pool Bar, Phu Hai Beach Resort &amp; Spa Phan Thi\u1ebft \u2014 cocktail m\u00e1t l\u1ea1nh, m\u00f3n \u0103n nh\u1eb9 v\u00e0 kh\u00f4ng gian h\u1ed3 b\u01a1i nhi\u1ec7t \u0111\u1edbi y\u00ean b\u00ecnh\" \/>\n<meta property=\"og:url\" content=\"https:\/\/www.phuhaibeachresortphanthiet.com\/vi\/restaurant-bars\/pool-bar\/\" \/>\n<meta property=\"og:site_name\" content=\"Phu Hai Beach Resort &amp; Spa Phan Thiet\" \/>\n<meta property=\"article:modified_time\" content=\"2026-01-12T08:24:51+00:00\" \/>\n<meta property=\"og:image\" content=\"https:\/\/www.phuhaibeachresortphanthiet.com\/wp-content\/uploads\/sites\/143\/2026\/01\/phuhairesort-poolbar1.jpg\" \/>\n\t<meta property=\"og:image:width\" content=\"2200\" \/>\n\t<meta property=\"og:image:height\" content=\"1650\" \/>\n\t<meta property=\"og:image:type\" content=\"image\/jpeg\" \/>\n<meta name=\"twitter:card\" content=\"summary_large_image\" \/>\n<meta name=\"twitter:label1\" content=\"Est. reading time\" \/>\n\t<meta name=\"twitter:data1\" content=\"1 minute\" \/>\n<script type=\"application\/ld+json\" class=\"yoast-schema-graph\">{\"@context\":\"https:\/\/schema.org\",\"@graph\":[{\"@type\":\"WebPage\",\"@id\":\"https:\/\/www.phuhaibeachresortphanthiet.com\/vi\/restaurant-bars\/pool-bar\/\",\"url\":\"https:\/\/www.phuhaibeachresortphanthiet.com\/vi\/restaurant-bars\/pool-bar\/\",\"name\":\"Pool Bar | Phu Hai Beach Resort & Spa Phan Thi\u1ebft\",\"isPartOf\":{\"@id\":\"https:\/\/www.phuhaibeachresortphanthiet.com\/vi\/#website\"},\"primaryImageOfPage\":{\"@id\":\"https:\/\/www.phuhaibeachresortphanthiet.com\/vi\/restaurant-bars\/pool-bar\/#primaryimage\"},\"image\":{\"@id\":\"https:\/\/www.phuhaibeachresortphanthiet.com\/vi\/restaurant-bars\/pool-bar\/#primaryimage\"},\"thumbnailUrl\":\"https:\/\/www.phuhaibeachresortphanthiet.com\/wp-content\/uploads\/sites\/143\/2026\/01\/phuhairesort-poolbar1.jpg\",\"datePublished\":\"2026-01-10T07:23:30+00:00\",\"dateModified\":\"2026-01-12T08:24:51+00:00\",\"description\":\"Th\u01b0 gi\u00e3n t\u1ea1i Pool Bar, Phu Hai Beach Resort & Spa Phan Thi\u1ebft \u2014 cocktail m\u00e1t l\u1ea1nh, m\u00f3n \u0103n nh\u1eb9 v\u00e0 kh\u00f4ng gian h\u1ed3 b\u01a1i nhi\u1ec7t \u0111\u1edbi y\u00ean b\u00ecnh\",\"breadcrumb\":{\"@id\":\"https:\/\/www.phuhaibeachresortphanthiet.com\/vi\/restaurant-bars\/pool-bar\/#breadcrumb\"},\"inLanguage\":\"vi-VN\",\"potentialAction\":[{\"@type\":\"ReadAction\",\"target\":[\"https:\/\/www.phuhaibeachresortphanthiet.com\/vi\/restaurant-bars\/pool-bar\/\"]}]},{\"@type\":\"ImageObject\",\"inLanguage\":\"vi-VN\",\"@id\":\"https:\/\/www.phuhaibeachresortphanthiet.com\/vi\/restaurant-bars\/pool-bar\/#primaryimage\",\"url\":\"https:\/\/www.phuhaibeachresortphanthiet.com\/wp-content\/uploads\/sites\/143\/2026\/01\/phuhairesort-poolbar1.jpg\",\"contentUrl\":\"https:\/\/www.phuhaibeachresortphanthiet.com\/wp-content\/uploads\/sites\/143\/2026\/01\/phuhairesort-poolbar1.jpg\",\"width\":2200,\"height\":1650},{\"@type\":\"BreadcrumbList\",\"@id\":\"https:\/\/www.phuhaibeachresortphanthiet.com\/vi\/restaurant-bars\/pool-bar\/#breadcrumb\",\"itemListElement\":[{\"@type\":\"ListItem\",\"position\":1,\"name\":\"Home\",\"item\":\"https:\/\/www.phuhaibeachresortphanthiet.com\/vi\/\"},{\"@type\":\"ListItem\",\"position\":2,\"name\":\"\u1ea8m th\u1ef1c\",\"item\":\"https:\/\/www.phuhaibeachresortphanthiet.com\/vi\/restaurant-bars\/\"},{\"@type\":\"ListItem\",\"position\":3,\"name\":\"Pool Bar\"}]},{\"@type\":\"WebSite\",\"@id\":\"https:\/\/www.phuhaibeachresortphanthiet.com\/vi\/#website\",\"url\":\"https:\/\/www.phuhaibeachresortphanthiet.com\/vi\/\",\"name\":\"Phu Hai Beach Resort & Spa Phan Thiet\",\"description\":\"\",\"potentialAction\":[{\"@type\":\"SearchAction\",\"target\":{\"@type\":\"EntryPoint\",\"urlTemplate\":\"https:\/\/www.phuhaibeachresortphanthiet.com\/vi\/?s={search_term_string}\"},\"query-input\":\"required name=search_term_string\"}],\"inLanguage\":\"vi-VN\"}]}<\/script>\n<!-- \/ Yoast SEO plugin. -->","yoast_head_json":{"title":"Pool Bar | Phu Hai Beach Resort & Spa Phan Thi\u1ebft","description":"Th\u01b0 gi\u00e3n t\u1ea1i Pool Bar, Phu Hai Beach Resort & Spa Phan Thi\u1ebft \u2014 cocktail m\u00e1t l\u1ea1nh, m\u00f3n \u0103n nh\u1eb9 v\u00e0 kh\u00f4ng gian h\u1ed3 b\u01a1i nhi\u1ec7t \u0111\u1edbi y\u00ean b\u00ecnh","robots":{"index":"index","follow":"follow","max-snippet":"max-snippet:-1","max-image-preview":"max-image-preview:large","max-video-preview":"max-video-preview:-1"},"canonical":"https:\/\/www.phuhaibeachresortphanthiet.com\/vi\/restaurant-bars\/pool-bar\/","og_locale":"vi_VN","og_type":"article","og_title":"Pool Bar | Phu Hai Beach Resort & Spa Phan Thi\u1ebft","og_description":"Th\u01b0 gi\u00e3n t\u1ea1i Pool Bar, Phu Hai Beach Resort & Spa Phan Thi\u1ebft \u2014 cocktail m\u00e1t l\u1ea1nh, m\u00f3n \u0103n nh\u1eb9 v\u00e0 kh\u00f4ng gian h\u1ed3 b\u01a1i nhi\u1ec7t \u0111\u1edbi y\u00ean b\u00ecnh","og_url":"https:\/\/www.phuhaibeachresortphanthiet.com\/vi\/restaurant-bars\/pool-bar\/","og_site_name":"Phu Hai Beach Resort &amp; Spa Phan Thiet","article_modified_time":"2026-01-12T08:24:51+00:00","og_image":[{"width":2200,"height":1650,"url":"https:\/\/www.phuhaibeachresortphanthiet.com\/wp-content\/uploads\/sites\/143\/2026\/01\/phuhairesort-poolbar1.jpg","type":"image\/jpeg"}],"twitter_card":"summary_large_image","twitter_misc":{"Est. reading time":"1 minute"},"schema":{"@context":"https:\/\/schema.org","@graph":[{"@type":"WebPage","@id":"https:\/\/www.phuhaibeachresortphanthiet.com\/vi\/restaurant-bars\/pool-bar\/","url":"https:\/\/www.phuhaibeachresortphanthiet.com\/vi\/restaurant-bars\/pool-bar\/","name":"Pool Bar | Phu Hai Beach Resort & Spa Phan Thi\u1ebft","isPartOf":{"@id":"https:\/\/www.phuhaibeachresortphanthiet.com\/vi\/#website"},"primaryImageOfPage":{"@id":"https:\/\/www.phuhaibeachresortphanthiet.com\/vi\/restaurant-bars\/pool-bar\/#primaryimage"},"image":{"@id":"https:\/\/www.phuhaibeachresortphanthiet.com\/vi\/restaurant-bars\/pool-bar\/#primaryimage"},"thumbnailUrl":"https:\/\/www.phuhaibeachresortphanthiet.com\/wp-content\/uploads\/sites\/143\/2026\/01\/phuhairesort-poolbar1.jpg","datePublished":"2026-01-10T07:23:30+00:00","dateModified":"2026-01-12T08:24:51+00:00","description":"Th\u01b0 gi\u00e3n t\u1ea1i Pool Bar, Phu Hai Beach Resort & Spa Phan Thi\u1ebft \u2014 cocktail m\u00e1t l\u1ea1nh, m\u00f3n \u0103n nh\u1eb9 v\u00e0 kh\u00f4ng gian h\u1ed3 b\u01a1i nhi\u1ec7t \u0111\u1edbi y\u00ean b\u00ecnh","breadcrumb":{"@id":"https:\/\/www.phuhaibeachresortphanthiet.com\/vi\/restaurant-bars\/pool-bar\/#breadcrumb"},"inLanguage":"vi-VN","potentialAction":[{"@type":"ReadAction","target":["https:\/\/www.phuhaibeachresortphanthiet.com\/vi\/restaurant-bars\/pool-bar\/"]}]},{"@type":"ImageObject","inLanguage":"vi-VN","@id":"https:\/\/www.phuhaibeachresortphanthiet.com\/vi\/restaurant-bars\/pool-bar\/#primaryimage","url":"https:\/\/www.phuhaibeachresortphanthiet.com\/wp-content\/uploads\/sites\/143\/2026\/01\/phuhairesort-poolbar1.jpg","contentUrl":"https:\/\/www.phuhaibeachresortphanthiet.com\/wp-content\/uploads\/sites\/143\/2026\/01\/phuhairesort-poolbar1.jpg","width":2200,"height":1650},{"@type":"BreadcrumbList","@id":"https:\/\/www.phuhaibeachresortphanthiet.com\/vi\/restaurant-bars\/pool-bar\/#breadcrumb","itemListElement":[{"@type":"ListItem","position":1,"name":"Home","item":"https:\/\/www.phuhaibeachresortphanthiet.com\/vi\/"},{"@type":"ListItem","position":2,"name":"\u1ea8m th\u1ef1c","item":"https:\/\/www.phuhaibeachresortphanthiet.com\/vi\/restaurant-bars\/"},{"@type":"ListItem","position":3,"name":"Pool Bar"}]},{"@type":"WebSite","@id":"https:\/\/www.phuhaibeachresortphanthiet.com\/vi\/#website","url":"https:\/\/www.phuhaibeachresortphanthiet.com\/vi\/","name":"Phu Hai Beach Resort & Spa Phan Thiet","description":"","potentialAction":[{"@type":"SearchAction","target":{"@type":"EntryPoint","urlTemplate":"https:\/\/www.phuhaibeachresortphanthiet.com\/vi\/?s={search_term_string}"},"query-input":"required name=search_term_string"}],"inLanguage":"vi-VN"}]}},"acf":[],"_links":{"self":[{"href":"https:\/\/www.phuhaibeachresortphanthiet.com\/vi\/wp-json\/wp\/v2\/pages\/27"}],"collection":[{"href":"https:\/\/www.phuhaibeachresortphanthiet.com\/vi\/wp-json\/wp\/v2\/pages"}],"about":[{"href":"https:\/\/www.phuhaibeachresortphanthiet.com\/vi\/wp-json\/wp\/v2\/types\/page"}],"author":[{"embeddable":true,"href":"https:\/\/www.phuhaibeachresortphanthiet.com\/vi\/wp-json\/wp\/v2\/users\/90"}],"replies":[{"embeddable":true,"href":"https:\/\/www.phuhaibeachresortphanthiet.com\/vi\/wp-json\/wp\/v2\/comments?post=27"}],"version-history":[{"count":0,"href":"https:\/\/www.phuhaibeachresortphanthiet.com\/vi\/wp-json\/wp\/v2\/pages\/27\/revisions"}],"up":[{"embeddable":true,"href":"https:\/\/www.phuhaibeachresortphanthiet.com\/vi\/wp-json\/wp\/v2\/pages\/24"}],"wp:featuredmedia":[{"embeddable":true,"href":"https:\/\/www.phuhaibeachresortphanthiet.com\/vi\/wp-json\/wp\/v2\/media\/162"}],"wp:attachment":[{"href":"https:\/\/www.phuhaibeachresortphanthiet.com\/vi\/wp-json\/wp\/v2\/media?parent=27"}],"curies":[{"name":"wp","href":"https:\/\/api.w.org\/{rel}","templated":true}]}}