{"id":23,"date":"2026-01-10T07:07:32","date_gmt":"2026-01-10T07:07:32","guid":{"rendered":"https:\/\/phuhaibeachresortphanthiet.ms2.decms.asia\/?page_id=23"},"modified":"2026-03-26T02:17:28","modified_gmt":"2026-03-26T02:17:28","slug":"family-beach-front-villa","status":"publish","type":"page","link":"https:\/\/www.phuhaibeachresortphanthiet.com\/vi\/accomodation\/family-beach-front-villa\/","title":{"rendered":"Family Beach Front Villa"},"content":{"rendered":"<p>N\u1eb1m d\u1ecdc b\u00ean b\u00e3i c\u00e1t tr\u1eafng, ki\u1ebfn tr\u00fac pha tr\u1ed9n truy\u1ec1n th\u1ed1ng ph\u1ea3n chi\u1ebfu \u00e1nh n\u1eafng r\u1ef1c r\u1ee1 b\u00ean v\u1ecbnh bi\u1ec3n v\u00e0 \u0111ung \u0111\u01b0a theo b\u1ea3n giao h\u01b0\u1edfng c\u1ee7a l\u00e0n gi\u00f3 bi\u1ec3n c\u1ea3. C\u0103n Bi\u1ec7t th\u1ef1 Gia \u0110\u00ecnh cao c\u1ea5p v\u1edbi 2 ph\u00f2ng ng\u1ee7 mang l\u1ea1i s\u1ef1 ri\u00eang t\u01b0 t\u1ed1i \u0111a cho gia \u0111\u00ecnh v\u1edbi l\u1ed1i \u0111i tr\u1ef1c ti\u1ebfp ra b\u00e3i bi\u1ec3n xanh c\u00e1t tr\u1eafng. M\u1ed9t n\u01a1i cho tr\u1ea3i nghi\u1ec7m \u0111\u00e1ng nh\u1edb.<\/p>\n","protected":false},"excerpt":{"rendered":"<p>N\u1eb1m d\u1ecdc b\u00ean b\u00e3i c\u00e1t tr\u1eafng, ki\u1ebfn tr\u00fac pha tr\u1ed9n truy\u1ec1n th\u1ed1ng ph\u1ea3n chi\u1ebfu \u00e1nh n\u1eafng r\u1ef1c r\u1ee1 b\u00ean v\u1ecbnh bi\u1ec3n v\u00e0 \u0111ung \u0111\u01b0a theo b\u1ea3n giao h\u01b0\u1edfng c\u1ee7a l\u00e0n gi\u00f3 bi\u1ec3n c\u1ea3. C\u0103n Bi\u1ec7t th\u1ef1 Gia \u0110\u00ecnh cao c\u1ea5p v\u1edbi 2 ph\u00f2ng ng\u1ee7 mang l\u1ea1i s\u1ef1 ri\u00eang t\u01b0 t\u1ed1i \u0111a cho gia \u0111\u00ecnh v\u1edbi [&hellip;]<\/p>\n","protected":false},"author":90,"featured_media":149,"parent":6,"menu_order":11,"comment_status":"closed","ping_status":"closed","template":"template-single-room.php","meta":{"footnotes":""},"yoast_head":"<!-- This site is optimized with the Yoast SEO plugin v22.3 - https:\/\/yoast.com\/wordpress\/plugins\/seo\/ -->\n<title>Family Beach Front Villa | Phu Hai Beach Resort &amp; Spa Phan Thi\u1ebft<\/title>\n<meta name=\"description\" content=\"Family Beach Front Villa mang \u0111\u1ebfn s\u1ef1 ri\u00eang t\u01b0, t\u1ea7m nh\u00ecn bi\u1ec3n, kh\u00f4ng gian tho\u1ea3i m\u00e1i v\u00e0 phong c\u00e1ch s\u1ed1ng ven bi\u1ec3n tinh t\u1ebf\" \/>\n<meta name=\"robots\" content=\"index, follow, max-snippet:-1, max-image-preview:large, max-video-preview:-1\" \/>\n<link rel=\"canonical\" href=\"https:\/\/www.phuhaibeachresortphanthiet.com\/vi\/accomodation\/family-beach-front-villa\/\" \/>\n<meta property=\"og:locale\" content=\"vi_VN\" \/>\n<meta property=\"og:type\" content=\"article\" \/>\n<meta property=\"og:title\" content=\"Family Beach Front Villa | Phu Hai Beach Resort &amp; Spa Phan Thi\u1ebft\" \/>\n<meta property=\"og:description\" content=\"Family Beach Front Villa mang \u0111\u1ebfn s\u1ef1 ri\u00eang t\u01b0, t\u1ea7m nh\u00ecn bi\u1ec3n, kh\u00f4ng gian tho\u1ea3i m\u00e1i v\u00e0 phong c\u00e1ch s\u1ed1ng ven bi\u1ec3n tinh t\u1ebf\" \/>\n<meta property=\"og:url\" content=\"https:\/\/www.phuhaibeachresortphanthiet.com\/vi\/accomodation\/family-beach-front-villa\/\" \/>\n<meta property=\"og:site_name\" content=\"Phu Hai Beach Resort &amp; Spa Phan Thiet\" \/>\n<meta property=\"article:modified_time\" content=\"2026-03-26T02:17:28+00:00\" \/>\n<meta property=\"og:image\" content=\"https:\/\/www.phuhaibeachresortphanthiet.com\/wp-content\/uploads\/sites\/143\/2026\/01\/phuhairesort-family-beachfront-livingroom2.jpg\" \/>\n\t<meta property=\"og:image:width\" content=\"2200\" \/>\n\t<meta property=\"og:image:height\" content=\"1467\" \/>\n\t<meta property=\"og:image:type\" content=\"image\/jpeg\" \/>\n<meta name=\"twitter:card\" content=\"summary_large_image\" \/>\n<meta name=\"twitter:label1\" content=\"Est. reading time\" \/>\n\t<meta name=\"twitter:data1\" content=\"1 minute\" \/>\n<script type=\"application\/ld+json\" class=\"yoast-schema-graph\">{\"@context\":\"https:\/\/schema.org\",\"@graph\":[{\"@type\":\"WebPage\",\"@id\":\"https:\/\/www.phuhaibeachresortphanthiet.com\/vi\/accomodation\/family-beach-front-villa\/\",\"url\":\"https:\/\/www.phuhaibeachresortphanthiet.com\/vi\/accomodation\/family-beach-front-villa\/\",\"name\":\"Family Beach Front Villa | Phu Hai Beach Resort & Spa Phan Thi\u1ebft\",\"isPartOf\":{\"@id\":\"https:\/\/www.phuhaibeachresortphanthiet.com\/vi\/#website\"},\"primaryImageOfPage\":{\"@id\":\"https:\/\/www.phuhaibeachresortphanthiet.com\/vi\/accomodation\/family-beach-front-villa\/#primaryimage\"},\"image\":{\"@id\":\"https:\/\/www.phuhaibeachresortphanthiet.com\/vi\/accomodation\/family-beach-front-villa\/#primaryimage\"},\"thumbnailUrl\":\"https:\/\/www.phuhaibeachresortphanthiet.com\/wp-content\/uploads\/sites\/143\/2026\/01\/phuhairesort-family-beachfront-livingroom2.jpg\",\"datePublished\":\"2026-01-10T07:07:32+00:00\",\"dateModified\":\"2026-03-26T02:17:28+00:00\",\"description\":\"Family Beach Front Villa mang \u0111\u1ebfn s\u1ef1 ri\u00eang t\u01b0, t\u1ea7m nh\u00ecn bi\u1ec3n, kh\u00f4ng gian tho\u1ea3i m\u00e1i v\u00e0 phong c\u00e1ch s\u1ed1ng ven bi\u1ec3n tinh t\u1ebf\",\"breadcrumb\":{\"@id\":\"https:\/\/www.phuhaibeachresortphanthiet.com\/vi\/accomodation\/family-beach-front-villa\/#breadcrumb\"},\"inLanguage\":\"vi-VN\",\"potentialAction\":[{\"@type\":\"ReadAction\",\"target\":[\"https:\/\/www.phuhaibeachresortphanthiet.com\/vi\/accomodation\/family-beach-front-villa\/\"]}]},{\"@type\":\"ImageObject\",\"inLanguage\":\"vi-VN\",\"@id\":\"https:\/\/www.phuhaibeachresortphanthiet.com\/vi\/accomodation\/family-beach-front-villa\/#primaryimage\",\"url\":\"https:\/\/www.phuhaibeachresortphanthiet.com\/wp-content\/uploads\/sites\/143\/2026\/01\/phuhairesort-family-beachfront-livingroom2.jpg\",\"contentUrl\":\"https:\/\/www.phuhaibeachresortphanthiet.com\/wp-content\/uploads\/sites\/143\/2026\/01\/phuhairesort-family-beachfront-livingroom2.jpg\",\"width\":2200,\"height\":1467},{\"@type\":\"BreadcrumbList\",\"@id\":\"https:\/\/www.phuhaibeachresortphanthiet.com\/vi\/accomodation\/family-beach-front-villa\/#breadcrumb\",\"itemListElement\":[{\"@type\":\"ListItem\",\"position\":1,\"name\":\"Home\",\"item\":\"https:\/\/www.phuhaibeachresortphanthiet.com\/vi\/\"},{\"@type\":\"ListItem\",\"position\":2,\"name\":\"Ph\u00f2ng Ngh\u1ec9\",\"item\":\"https:\/\/www.phuhaibeachresortphanthiet.com\/vi\/accomodation\/\"},{\"@type\":\"ListItem\",\"position\":3,\"name\":\"Family Beach Front Villa\"}]},{\"@type\":\"WebSite\",\"@id\":\"https:\/\/www.phuhaibeachresortphanthiet.com\/vi\/#website\",\"url\":\"https:\/\/www.phuhaibeachresortphanthiet.com\/vi\/\",\"name\":\"Phu Hai Beach Resort & Spa Phan Thiet\",\"description\":\"\",\"potentialAction\":[{\"@type\":\"SearchAction\",\"target\":{\"@type\":\"EntryPoint\",\"urlTemplate\":\"https:\/\/www.phuhaibeachresortphanthiet.com\/vi\/?s={search_term_string}\"},\"query-input\":\"required name=search_term_string\"}],\"inLanguage\":\"vi-VN\"}]}<\/script>\n<!-- \/ Yoast SEO plugin. -->","yoast_head_json":{"title":"Family Beach Front Villa | Phu Hai Beach Resort & Spa Phan Thi\u1ebft","description":"Family Beach Front Villa mang \u0111\u1ebfn s\u1ef1 ri\u00eang t\u01b0, t\u1ea7m nh\u00ecn bi\u1ec3n, kh\u00f4ng gian tho\u1ea3i m\u00e1i v\u00e0 phong c\u00e1ch s\u1ed1ng ven bi\u1ec3n tinh t\u1ebf","robots":{"index":"index","follow":"follow","max-snippet":"max-snippet:-1","max-image-preview":"max-image-preview:large","max-video-preview":"max-video-preview:-1"},"canonical":"https:\/\/www.phuhaibeachresortphanthiet.com\/vi\/accomodation\/family-beach-front-villa\/","og_locale":"vi_VN","og_type":"article","og_title":"Family Beach Front Villa | Phu Hai Beach Resort & Spa Phan Thi\u1ebft","og_description":"Family Beach Front Villa mang \u0111\u1ebfn s\u1ef1 ri\u00eang t\u01b0, t\u1ea7m nh\u00ecn bi\u1ec3n, kh\u00f4ng gian tho\u1ea3i m\u00e1i v\u00e0 phong c\u00e1ch s\u1ed1ng ven bi\u1ec3n tinh t\u1ebf","og_url":"https:\/\/www.phuhaibeachresortphanthiet.com\/vi\/accomodation\/family-beach-front-villa\/","og_site_name":"Phu Hai Beach Resort &amp; Spa Phan Thiet","article_modified_time":"2026-03-26T02:17:28+00:00","og_image":[{"width":2200,"height":1467,"url":"https:\/\/www.phuhaibeachresortphanthiet.com\/wp-content\/uploads\/sites\/143\/2026\/01\/phuhairesort-family-beachfront-livingroom2.jpg","type":"image\/jpeg"}],"twitter_card":"summary_large_image","twitter_misc":{"Est. reading time":"1 minute"},"schema":{"@context":"https:\/\/schema.org","@graph":[{"@type":"WebPage","@id":"https:\/\/www.phuhaibeachresortphanthiet.com\/vi\/accomodation\/family-beach-front-villa\/","url":"https:\/\/www.phuhaibeachresortphanthiet.com\/vi\/accomodation\/family-beach-front-villa\/","name":"Family Beach Front Villa | Phu Hai Beach Resort & Spa Phan Thi\u1ebft","isPartOf":{"@id":"https:\/\/www.phuhaibeachresortphanthiet.com\/vi\/#website"},"primaryImageOfPage":{"@id":"https:\/\/www.phuhaibeachresortphanthiet.com\/vi\/accomodation\/family-beach-front-villa\/#primaryimage"},"image":{"@id":"https:\/\/www.phuhaibeachresortphanthiet.com\/vi\/accomodation\/family-beach-front-villa\/#primaryimage"},"thumbnailUrl":"https:\/\/www.phuhaibeachresortphanthiet.com\/wp-content\/uploads\/sites\/143\/2026\/01\/phuhairesort-family-beachfront-livingroom2.jpg","datePublished":"2026-01-10T07:07:32+00:00","dateModified":"2026-03-26T02:17:28+00:00","description":"Family Beach Front Villa mang \u0111\u1ebfn s\u1ef1 ri\u00eang t\u01b0, t\u1ea7m nh\u00ecn bi\u1ec3n, kh\u00f4ng gian tho\u1ea3i m\u00e1i v\u00e0 phong c\u00e1ch s\u1ed1ng ven bi\u1ec3n tinh t\u1ebf","breadcrumb":{"@id":"https:\/\/www.phuhaibeachresortphanthiet.com\/vi\/accomodation\/family-beach-front-villa\/#breadcrumb"},"inLanguage":"vi-VN","potentialAction":[{"@type":"ReadAction","target":["https:\/\/www.phuhaibeachresortphanthiet.com\/vi\/accomodation\/family-beach-front-villa\/"]}]},{"@type":"ImageObject","inLanguage":"vi-VN","@id":"https:\/\/www.phuhaibeachresortphanthiet.com\/vi\/accomodation\/family-beach-front-villa\/#primaryimage","url":"https:\/\/www.phuhaibeachresortphanthiet.com\/wp-content\/uploads\/sites\/143\/2026\/01\/phuhairesort-family-beachfront-livingroom2.jpg","contentUrl":"https:\/\/www.phuhaibeachresortphanthiet.com\/wp-content\/uploads\/sites\/143\/2026\/01\/phuhairesort-family-beachfront-livingroom2.jpg","width":2200,"height":1467},{"@type":"BreadcrumbList","@id":"https:\/\/www.phuhaibeachresortphanthiet.com\/vi\/accomodation\/family-beach-front-villa\/#breadcrumb","itemListElement":[{"@type":"ListItem","position":1,"name":"Home","item":"https:\/\/www.phuhaibeachresortphanthiet.com\/vi\/"},{"@type":"ListItem","position":2,"name":"Ph\u00f2ng Ngh\u1ec9","item":"https:\/\/www.phuhaibeachresortphanthiet.com\/vi\/accomodation\/"},{"@type":"ListItem","position":3,"name":"Family Beach Front Villa"}]},{"@type":"WebSite","@id":"https:\/\/www.phuhaibeachresortphanthiet.com\/vi\/#website","url":"https:\/\/www.phuhaibeachresortphanthiet.com\/vi\/","name":"Phu Hai Beach Resort & Spa Phan Thiet","description":"","potentialAction":[{"@type":"SearchAction","target":{"@type":"EntryPoint","urlTemplate":"https:\/\/www.phuhaibeachresortphanthiet.com\/vi\/?s={search_term_string}"},"query-input":"required name=search_term_string"}],"inLanguage":"vi-VN"}]}},"acf":[],"_links":{"self":[{"href":"https:\/\/www.phuhaibeachresortphanthiet.com\/vi\/wp-json\/wp\/v2\/pages\/23"}],"collection":[{"href":"https:\/\/www.phuhaibeachresortphanthiet.com\/vi\/wp-json\/wp\/v2\/pages"}],"about":[{"href":"https:\/\/www.phuhaibeachresortphanthiet.com\/vi\/wp-json\/wp\/v2\/types\/page"}],"author":[{"embeddable":true,"href":"https:\/\/www.phuhaibeachresortphanthiet.com\/vi\/wp-json\/wp\/v2\/users\/90"}],"replies":[{"embeddable":true,"href":"https:\/\/www.phuhaibeachresortphanthiet.com\/vi\/wp-json\/wp\/v2\/comments?post=23"}],"version-history":[{"count":0,"href":"https:\/\/www.phuhaibeachresortphanthiet.com\/vi\/wp-json\/wp\/v2\/pages\/23\/revisions"}],"up":[{"embeddable":true,"href":"https:\/\/www.phuhaibeachresortphanthiet.com\/vi\/wp-json\/wp\/v2\/pages\/6"}],"wp:featuredmedia":[{"embeddable":true,"href":"https:\/\/www.phuhaibeachresortphanthiet.com\/vi\/wp-json\/wp\/v2\/media\/149"}],"wp:attachment":[{"href":"https:\/\/www.phuhaibeachresortphanthiet.com\/vi\/wp-json\/wp\/v2\/media?parent=23"}],"curies":[{"name":"wp","href":"https:\/\/api.w.org\/{rel}","templated":true}]}}