{"id":22,"date":"2026-01-10T07:06:20","date_gmt":"2026-01-10T07:06:20","guid":{"rendered":"https:\/\/phuhaibeachresortphanthiet.ms2.decms.asia\/?page_id=22"},"modified":"2026-04-23T03:53:37","modified_gmt":"2026-04-23T03:53:37","slug":"family-garden-view-villa","status":"publish","type":"page","link":"https:\/\/www.phuhaibeachresortphanthiet.com\/vi\/accomodation\/family-garden-view-villa\/","title":{"rendered":"Family Garden View Villa"},"content":{"rendered":"<p>U\u1ed1n m\u00ecnh d\u1ecdc theo nh\u1eefng l\u1ed1i \u0111i l\u00e1t \u0111\u00e1 c\u1ee7a khu v\u01b0\u1eddn nhi\u1ec7t \u0111\u1edbi l\u00e0 c\u00e1c bi\u1ec7t th\u1ef1 l\u1edbn 2 ph\u00f2ng ng\u1ee7 \u0111\u01b0\u1ee3c l\u1ea5y c\u1ea3m h\u1ee9ng t\u1eeb s\u1ef1 k\u1ebft h\u1ee3p sang tr\u1ecdng v\u00e0 \u1ea5m c\u00fang c\u1ee7a gia \u0111\u00ecnh. Bi\u1ec7t th\u1ef1 \u0111\u01a1n l\u1eadp gia \u0111\u00ecnh mang \u0111\u1ebfn s\u1ef1 th\u00e2n m\u1eadt v\u00e0 ri\u00eang t\u01b0 t\u1ed1i \u0111a cho gia \u0111\u00ecnh b\u1ea1n v\u1edbi ph\u00f2ng kh\u00e1ch r\u1ed9ng r\u00e3i, v\u00f2i sen v\u00e0 b\u1ed3n t\u1eafm ngo\u00e0i tr\u1eddi.<\/p>\n","protected":false},"excerpt":{"rendered":"<p>U\u1ed1n m\u00ecnh d\u1ecdc theo nh\u1eefng l\u1ed1i \u0111i l\u00e1t \u0111\u00e1 c\u1ee7a khu v\u01b0\u1eddn nhi\u1ec7t \u0111\u1edbi l\u00e0 c\u00e1c bi\u1ec7t th\u1ef1 l\u1edbn 2 ph\u00f2ng ng\u1ee7 \u0111\u01b0\u1ee3c l\u1ea5y c\u1ea3m h\u1ee9ng t\u1eeb s\u1ef1 k\u1ebft h\u1ee3p sang tr\u1ecdng v\u00e0 \u1ea5m c\u00fang c\u1ee7a gia \u0111\u00ecnh. Bi\u1ec7t th\u1ef1 \u0111\u01a1n l\u1eadp gia \u0111\u00ecnh mang \u0111\u1ebfn s\u1ef1 th\u00e2n m\u1eadt v\u00e0 ri\u00eang t\u01b0 t\u1ed1i \u0111a cho [&hellip;]<\/p>\n","protected":false},"author":90,"featured_media":142,"parent":6,"menu_order":10,"comment_status":"closed","ping_status":"closed","template":"template-single-room.php","meta":{"footnotes":""},"yoast_head":"<!-- This site is optimized with the Yoast SEO plugin v22.3 - https:\/\/yoast.com\/wordpress\/plugins\/seo\/ -->\n<title>Family Garden View Villa | Phu Hai Beach Resort &amp; Spa Phan Thi\u1ebft<\/title>\n<meta name=\"description\" content=\"Family Garden View Villa mang \u0111\u1ebfn kh\u00f4ng gian r\u1ed9ng r\u00e3i, t\u1ea7m nh\u00ecn v\u01b0\u1eddn xanh, ti\u1ec7n nghi hi\u1ec7n \u0111\u1ea1i v\u00e0 ch\u1ed1n ngh\u1ec9 d\u01b0\u1ee1ng y\u00ean b\u00ecnh cho gia \u0111\u00ecnh\" \/>\n<meta name=\"robots\" content=\"index, follow, max-snippet:-1, max-image-preview:large, max-video-preview:-1\" \/>\n<link rel=\"canonical\" href=\"https:\/\/www.phuhaibeachresortphanthiet.com\/vi\/accomodation\/family-garden-view-villa\/\" \/>\n<meta property=\"og:locale\" content=\"vi_VN\" \/>\n<meta property=\"og:type\" content=\"article\" \/>\n<meta property=\"og:title\" content=\"Family Garden View Villa | Phu Hai Beach Resort &amp; Spa Phan Thi\u1ebft\" \/>\n<meta property=\"og:description\" content=\"Family Garden View Villa mang \u0111\u1ebfn kh\u00f4ng gian r\u1ed9ng r\u00e3i, t\u1ea7m nh\u00ecn v\u01b0\u1eddn xanh, ti\u1ec7n nghi hi\u1ec7n \u0111\u1ea1i v\u00e0 ch\u1ed1n ngh\u1ec9 d\u01b0\u1ee1ng y\u00ean b\u00ecnh cho gia \u0111\u00ecnh\" \/>\n<meta property=\"og:url\" content=\"https:\/\/www.phuhaibeachresortphanthiet.com\/vi\/accomodation\/family-garden-view-villa\/\" \/>\n<meta property=\"og:site_name\" content=\"Phu Hai Beach Resort &amp; Spa Phan Thiet\" \/>\n<meta property=\"article:modified_time\" content=\"2026-04-23T03:53:37+00:00\" \/>\n<meta property=\"og:image\" content=\"https:\/\/www.phuhaibeachresortphanthiet.com\/wp-content\/uploads\/sites\/143\/2026\/01\/phuhairesort-family-garden-view-villa-livingroom1.jpg\" \/>\n\t<meta property=\"og:image:width\" content=\"2200\" \/>\n\t<meta property=\"og:image:height\" content=\"1468\" \/>\n\t<meta property=\"og:image:type\" content=\"image\/jpeg\" \/>\n<meta name=\"twitter:card\" content=\"summary_large_image\" \/>\n<meta name=\"twitter:label1\" content=\"Est. reading time\" \/>\n\t<meta name=\"twitter:data1\" content=\"1 minute\" \/>\n<script type=\"application\/ld+json\" class=\"yoast-schema-graph\">{\"@context\":\"https:\/\/schema.org\",\"@graph\":[{\"@type\":\"WebPage\",\"@id\":\"https:\/\/www.phuhaibeachresortphanthiet.com\/vi\/accomodation\/family-garden-view-villa\/\",\"url\":\"https:\/\/www.phuhaibeachresortphanthiet.com\/vi\/accomodation\/family-garden-view-villa\/\",\"name\":\"Family Garden View Villa | Phu Hai Beach Resort & Spa Phan Thi\u1ebft\",\"isPartOf\":{\"@id\":\"https:\/\/www.phuhaibeachresortphanthiet.com\/vi\/#website\"},\"primaryImageOfPage\":{\"@id\":\"https:\/\/www.phuhaibeachresortphanthiet.com\/vi\/accomodation\/family-garden-view-villa\/#primaryimage\"},\"image\":{\"@id\":\"https:\/\/www.phuhaibeachresortphanthiet.com\/vi\/accomodation\/family-garden-view-villa\/#primaryimage\"},\"thumbnailUrl\":\"https:\/\/www.phuhaibeachresortphanthiet.com\/wp-content\/uploads\/sites\/143\/2026\/01\/phuhairesort-family-garden-view-villa-livingroom1.jpg\",\"datePublished\":\"2026-01-10T07:06:20+00:00\",\"dateModified\":\"2026-04-23T03:53:37+00:00\",\"description\":\"Family Garden View Villa mang \u0111\u1ebfn kh\u00f4ng gian r\u1ed9ng r\u00e3i, t\u1ea7m nh\u00ecn v\u01b0\u1eddn xanh, ti\u1ec7n nghi hi\u1ec7n \u0111\u1ea1i v\u00e0 ch\u1ed1n ngh\u1ec9 d\u01b0\u1ee1ng y\u00ean b\u00ecnh cho gia \u0111\u00ecnh\",\"breadcrumb\":{\"@id\":\"https:\/\/www.phuhaibeachresortphanthiet.com\/vi\/accomodation\/family-garden-view-villa\/#breadcrumb\"},\"inLanguage\":\"vi-VN\",\"potentialAction\":[{\"@type\":\"ReadAction\",\"target\":[\"https:\/\/www.phuhaibeachresortphanthiet.com\/vi\/accomodation\/family-garden-view-villa\/\"]}]},{\"@type\":\"ImageObject\",\"inLanguage\":\"vi-VN\",\"@id\":\"https:\/\/www.phuhaibeachresortphanthiet.com\/vi\/accomodation\/family-garden-view-villa\/#primaryimage\",\"url\":\"https:\/\/www.phuhaibeachresortphanthiet.com\/wp-content\/uploads\/sites\/143\/2026\/01\/phuhairesort-family-garden-view-villa-livingroom1.jpg\",\"contentUrl\":\"https:\/\/www.phuhaibeachresortphanthiet.com\/wp-content\/uploads\/sites\/143\/2026\/01\/phuhairesort-family-garden-view-villa-livingroom1.jpg\",\"width\":2200,\"height\":1468},{\"@type\":\"BreadcrumbList\",\"@id\":\"https:\/\/www.phuhaibeachresortphanthiet.com\/vi\/accomodation\/family-garden-view-villa\/#breadcrumb\",\"itemListElement\":[{\"@type\":\"ListItem\",\"position\":1,\"name\":\"Home\",\"item\":\"https:\/\/www.phuhaibeachresortphanthiet.com\/vi\/\"},{\"@type\":\"ListItem\",\"position\":2,\"name\":\"Ph\u00f2ng Ngh\u1ec9\",\"item\":\"https:\/\/www.phuhaibeachresortphanthiet.com\/vi\/accomodation\/\"},{\"@type\":\"ListItem\",\"position\":3,\"name\":\"Family Garden View Villa\"}]},{\"@type\":\"WebSite\",\"@id\":\"https:\/\/www.phuhaibeachresortphanthiet.com\/vi\/#website\",\"url\":\"https:\/\/www.phuhaibeachresortphanthiet.com\/vi\/\",\"name\":\"Phu Hai Beach Resort & Spa Phan Thiet\",\"description\":\"\",\"potentialAction\":[{\"@type\":\"SearchAction\",\"target\":{\"@type\":\"EntryPoint\",\"urlTemplate\":\"https:\/\/www.phuhaibeachresortphanthiet.com\/vi\/?s={search_term_string}\"},\"query-input\":\"required name=search_term_string\"}],\"inLanguage\":\"vi-VN\"}]}<\/script>\n<!-- \/ Yoast SEO plugin. -->","yoast_head_json":{"title":"Family Garden View Villa | Phu Hai Beach Resort & Spa Phan Thi\u1ebft","description":"Family Garden View Villa mang \u0111\u1ebfn kh\u00f4ng gian r\u1ed9ng r\u00e3i, t\u1ea7m nh\u00ecn v\u01b0\u1eddn xanh, ti\u1ec7n nghi hi\u1ec7n \u0111\u1ea1i v\u00e0 ch\u1ed1n ngh\u1ec9 d\u01b0\u1ee1ng y\u00ean b\u00ecnh cho gia \u0111\u00ecnh","robots":{"index":"index","follow":"follow","max-snippet":"max-snippet:-1","max-image-preview":"max-image-preview:large","max-video-preview":"max-video-preview:-1"},"canonical":"https:\/\/www.phuhaibeachresortphanthiet.com\/vi\/accomodation\/family-garden-view-villa\/","og_locale":"vi_VN","og_type":"article","og_title":"Family Garden View Villa | Phu Hai Beach Resort & Spa Phan Thi\u1ebft","og_description":"Family Garden View Villa mang \u0111\u1ebfn kh\u00f4ng gian r\u1ed9ng r\u00e3i, t\u1ea7m nh\u00ecn v\u01b0\u1eddn xanh, ti\u1ec7n nghi hi\u1ec7n \u0111\u1ea1i v\u00e0 ch\u1ed1n ngh\u1ec9 d\u01b0\u1ee1ng y\u00ean b\u00ecnh cho gia \u0111\u00ecnh","og_url":"https:\/\/www.phuhaibeachresortphanthiet.com\/vi\/accomodation\/family-garden-view-villa\/","og_site_name":"Phu Hai Beach Resort &amp; Spa Phan Thiet","article_modified_time":"2026-04-23T03:53:37+00:00","og_image":[{"width":2200,"height":1468,"url":"https:\/\/www.phuhaibeachresortphanthiet.com\/wp-content\/uploads\/sites\/143\/2026\/01\/phuhairesort-family-garden-view-villa-livingroom1.jpg","type":"image\/jpeg"}],"twitter_card":"summary_large_image","twitter_misc":{"Est. reading time":"1 minute"},"schema":{"@context":"https:\/\/schema.org","@graph":[{"@type":"WebPage","@id":"https:\/\/www.phuhaibeachresortphanthiet.com\/vi\/accomodation\/family-garden-view-villa\/","url":"https:\/\/www.phuhaibeachresortphanthiet.com\/vi\/accomodation\/family-garden-view-villa\/","name":"Family Garden View Villa | Phu Hai Beach Resort & Spa Phan Thi\u1ebft","isPartOf":{"@id":"https:\/\/www.phuhaibeachresortphanthiet.com\/vi\/#website"},"primaryImageOfPage":{"@id":"https:\/\/www.phuhaibeachresortphanthiet.com\/vi\/accomodation\/family-garden-view-villa\/#primaryimage"},"image":{"@id":"https:\/\/www.phuhaibeachresortphanthiet.com\/vi\/accomodation\/family-garden-view-villa\/#primaryimage"},"thumbnailUrl":"https:\/\/www.phuhaibeachresortphanthiet.com\/wp-content\/uploads\/sites\/143\/2026\/01\/phuhairesort-family-garden-view-villa-livingroom1.jpg","datePublished":"2026-01-10T07:06:20+00:00","dateModified":"2026-04-23T03:53:37+00:00","description":"Family Garden View Villa mang \u0111\u1ebfn kh\u00f4ng gian r\u1ed9ng r\u00e3i, t\u1ea7m nh\u00ecn v\u01b0\u1eddn xanh, ti\u1ec7n nghi hi\u1ec7n \u0111\u1ea1i v\u00e0 ch\u1ed1n ngh\u1ec9 d\u01b0\u1ee1ng y\u00ean b\u00ecnh cho gia \u0111\u00ecnh","breadcrumb":{"@id":"https:\/\/www.phuhaibeachresortphanthiet.com\/vi\/accomodation\/family-garden-view-villa\/#breadcrumb"},"inLanguage":"vi-VN","potentialAction":[{"@type":"ReadAction","target":["https:\/\/www.phuhaibeachresortphanthiet.com\/vi\/accomodation\/family-garden-view-villa\/"]}]},{"@type":"ImageObject","inLanguage":"vi-VN","@id":"https:\/\/www.phuhaibeachresortphanthiet.com\/vi\/accomodation\/family-garden-view-villa\/#primaryimage","url":"https:\/\/www.phuhaibeachresortphanthiet.com\/wp-content\/uploads\/sites\/143\/2026\/01\/phuhairesort-family-garden-view-villa-livingroom1.jpg","contentUrl":"https:\/\/www.phuhaibeachresortphanthiet.com\/wp-content\/uploads\/sites\/143\/2026\/01\/phuhairesort-family-garden-view-villa-livingroom1.jpg","width":2200,"height":1468},{"@type":"BreadcrumbList","@id":"https:\/\/www.phuhaibeachresortphanthiet.com\/vi\/accomodation\/family-garden-view-villa\/#breadcrumb","itemListElement":[{"@type":"ListItem","position":1,"name":"Home","item":"https:\/\/www.phuhaibeachresortphanthiet.com\/vi\/"},{"@type":"ListItem","position":2,"name":"Ph\u00f2ng Ngh\u1ec9","item":"https:\/\/www.phuhaibeachresortphanthiet.com\/vi\/accomodation\/"},{"@type":"ListItem","position":3,"name":"Family Garden View Villa"}]},{"@type":"WebSite","@id":"https:\/\/www.phuhaibeachresortphanthiet.com\/vi\/#website","url":"https:\/\/www.phuhaibeachresortphanthiet.com\/vi\/","name":"Phu Hai Beach Resort & Spa Phan Thiet","description":"","potentialAction":[{"@type":"SearchAction","target":{"@type":"EntryPoint","urlTemplate":"https:\/\/www.phuhaibeachresortphanthiet.com\/vi\/?s={search_term_string}"},"query-input":"required name=search_term_string"}],"inLanguage":"vi-VN"}]}},"acf":[],"_links":{"self":[{"href":"https:\/\/www.phuhaibeachresortphanthiet.com\/vi\/wp-json\/wp\/v2\/pages\/22"}],"collection":[{"href":"https:\/\/www.phuhaibeachresortphanthiet.com\/vi\/wp-json\/wp\/v2\/pages"}],"about":[{"href":"https:\/\/www.phuhaibeachresortphanthiet.com\/vi\/wp-json\/wp\/v2\/types\/page"}],"author":[{"embeddable":true,"href":"https:\/\/www.phuhaibeachresortphanthiet.com\/vi\/wp-json\/wp\/v2\/users\/90"}],"replies":[{"embeddable":true,"href":"https:\/\/www.phuhaibeachresortphanthiet.com\/vi\/wp-json\/wp\/v2\/comments?post=22"}],"version-history":[{"count":0,"href":"https:\/\/www.phuhaibeachresortphanthiet.com\/vi\/wp-json\/wp\/v2\/pages\/22\/revisions"}],"up":[{"embeddable":true,"href":"https:\/\/www.phuhaibeachresortphanthiet.com\/vi\/wp-json\/wp\/v2\/pages\/6"}],"wp:featuredmedia":[{"embeddable":true,"href":"https:\/\/www.phuhaibeachresortphanthiet.com\/vi\/wp-json\/wp\/v2\/media\/142"}],"wp:attachment":[{"href":"https:\/\/www.phuhaibeachresortphanthiet.com\/vi\/wp-json\/wp\/v2\/media?parent=22"}],"curies":[{"name":"wp","href":"https:\/\/api.w.org\/{rel}","templated":true}]}}