{"id":21,"date":"2026-01-10T07:05:10","date_gmt":"2026-01-10T07:05:10","guid":{"rendered":"https:\/\/phuhaibeachresortphanthiet.ms2.decms.asia\/?page_id=21"},"modified":"2026-04-23T04:04:52","modified_gmt":"2026-04-23T04:04:52","slug":"beach-front-villa-suite","status":"publish","type":"page","link":"https:\/\/www.phuhaibeachresortphanthiet.com\/vi\/accomodation\/beach-front-villa-suite\/","title":{"rendered":"Beach Front Villa Suite"},"content":{"rendered":"<p>C\u1ea3m nh\u1eadn s\u1ef1 \u1ea5m \u00e1p t\u1eeb \u00e1nh n\u1eafng kh\u1ebd l\u01b0\u1edbt v\u00e0o c\u1eeda s\u1ed1 b\u00ean b\u1edd bi\u1ec3n. Bi\u1ec7t th\u1ef1 m\u1eb7t bi\u1ec3n c\u00f3 c\u1ea5u tr\u00fac \u0111\u01a1n l\u1eadp ho\u1eb7c song l\u1eadp v\u1edbi l\u1ed1i \u0111i tr\u1ef1c ti\u1ebfp ra b\u00e3i bi\u1ec3n. T\u1eadn h\u01b0\u1edfng k\u00ec ngh\u1ec9 b\u00ean m\u00e1i hi\u00ean tho\u00e1ng \u0111\u00e3ng c\u1ee7a ng\u00f4i bi\u1ec7t th\u1ef1 v\u1edbi ph\u00f2ng kh\u00e1ch ri\u00eang ph\u00f3ng kho\u00e1ng v\u00e0 khu v\u1ef1c b\u1ed3n t\u1eafm v\u00e0 v\u00f2i sen \u0111\u1ee9ng l\u1ed9 thi\u00ean.<\/p>\n","protected":false},"excerpt":{"rendered":"<p>C\u1ea3m nh\u1eadn s\u1ef1 \u1ea5m \u00e1p t\u1eeb \u00e1nh n\u1eafng kh\u1ebd l\u01b0\u1edbt v\u00e0o c\u1eeda s\u1ed1 b\u00ean b\u1edd bi\u1ec3n. Bi\u1ec7t th\u1ef1 m\u1eb7t bi\u1ec3n c\u00f3 c\u1ea5u tr\u00fac \u0111\u01a1n l\u1eadp ho\u1eb7c song l\u1eadp v\u1edbi l\u1ed1i \u0111i tr\u1ef1c ti\u1ebfp ra b\u00e3i bi\u1ec3n. T\u1eadn h\u01b0\u1edfng k\u00ec ngh\u1ec9 b\u00ean m\u00e1i hi\u00ean tho\u00e1ng \u0111\u00e3ng c\u1ee7a ng\u00f4i bi\u1ec7t th\u1ef1 v\u1edbi ph\u00f2ng kh\u00e1ch ri\u00eang ph\u00f3ng kho\u00e1ng [&hellip;]<\/p>\n","protected":false},"author":90,"featured_media":136,"parent":6,"menu_order":9,"comment_status":"closed","ping_status":"closed","template":"template-single-room.php","meta":{"footnotes":""},"yoast_head":"<!-- This site is optimized with the Yoast SEO plugin v22.3 - https:\/\/yoast.com\/wordpress\/plugins\/seo\/ -->\n<title>Beach Front Villa Suite | Phu Hai Beach Resort &amp; Spa Phan Thi\u1ebft<\/title>\n<meta name=\"description\" content=\"Beach Front Villa Suite mang \u0111\u1ebfn s\u1ef1 ri\u00eang t\u01b0, t\u1ea7m nh\u00ecn bi\u1ec3n, kh\u00f4ng gian tho\u1ea3i m\u00e1i v\u00e0 phong c\u00e1ch s\u1ed1ng tinh t\u1ebf\" \/>\n<meta name=\"robots\" content=\"index, follow, max-snippet:-1, max-image-preview:large, max-video-preview:-1\" \/>\n<link rel=\"canonical\" href=\"https:\/\/www.phuhaibeachresortphanthiet.com\/vi\/accomodation\/beach-front-villa-suite\/\" \/>\n<meta property=\"og:locale\" content=\"vi_VN\" \/>\n<meta property=\"og:type\" content=\"article\" \/>\n<meta property=\"og:title\" content=\"Beach Front Villa Suite | Phu Hai Beach Resort &amp; Spa Phan Thi\u1ebft\" \/>\n<meta property=\"og:description\" content=\"Beach Front Villa Suite mang \u0111\u1ebfn s\u1ef1 ri\u00eang t\u01b0, t\u1ea7m nh\u00ecn bi\u1ec3n, kh\u00f4ng gian tho\u1ea3i m\u00e1i v\u00e0 phong c\u00e1ch s\u1ed1ng tinh t\u1ebf\" \/>\n<meta property=\"og:url\" content=\"https:\/\/www.phuhaibeachresortphanthiet.com\/vi\/accomodation\/beach-front-villa-suite\/\" \/>\n<meta property=\"og:site_name\" content=\"Phu Hai Beach Resort &amp; Spa Phan Thiet\" \/>\n<meta property=\"article:modified_time\" content=\"2026-04-23T04:04:52+00:00\" \/>\n<meta property=\"og:image\" content=\"https:\/\/www.phuhaibeachresortphanthiet.com\/wp-content\/uploads\/sites\/143\/2026\/01\/phuhairesort-beachfront-villa-suite3.jpg\" \/>\n\t<meta property=\"og:image:width\" content=\"2200\" \/>\n\t<meta property=\"og:image:height\" content=\"1468\" \/>\n\t<meta property=\"og:image:type\" content=\"image\/jpeg\" \/>\n<meta name=\"twitter:card\" content=\"summary_large_image\" \/>\n<meta name=\"twitter:label1\" content=\"Est. reading time\" \/>\n\t<meta name=\"twitter:data1\" content=\"1 minute\" \/>\n<script type=\"application\/ld+json\" class=\"yoast-schema-graph\">{\"@context\":\"https:\/\/schema.org\",\"@graph\":[{\"@type\":\"WebPage\",\"@id\":\"https:\/\/www.phuhaibeachresortphanthiet.com\/vi\/accomodation\/beach-front-villa-suite\/\",\"url\":\"https:\/\/www.phuhaibeachresortphanthiet.com\/vi\/accomodation\/beach-front-villa-suite\/\",\"name\":\"Beach Front Villa Suite | Phu Hai Beach Resort & Spa Phan Thi\u1ebft\",\"isPartOf\":{\"@id\":\"https:\/\/www.phuhaibeachresortphanthiet.com\/vi\/#website\"},\"primaryImageOfPage\":{\"@id\":\"https:\/\/www.phuhaibeachresortphanthiet.com\/vi\/accomodation\/beach-front-villa-suite\/#primaryimage\"},\"image\":{\"@id\":\"https:\/\/www.phuhaibeachresortphanthiet.com\/vi\/accomodation\/beach-front-villa-suite\/#primaryimage\"},\"thumbnailUrl\":\"https:\/\/www.phuhaibeachresortphanthiet.com\/wp-content\/uploads\/sites\/143\/2026\/01\/phuhairesort-beachfront-villa-suite3.jpg\",\"datePublished\":\"2026-01-10T07:05:10+00:00\",\"dateModified\":\"2026-04-23T04:04:52+00:00\",\"description\":\"Beach Front Villa Suite mang \u0111\u1ebfn s\u1ef1 ri\u00eang t\u01b0, t\u1ea7m nh\u00ecn bi\u1ec3n, kh\u00f4ng gian tho\u1ea3i m\u00e1i v\u00e0 phong c\u00e1ch s\u1ed1ng tinh t\u1ebf\",\"breadcrumb\":{\"@id\":\"https:\/\/www.phuhaibeachresortphanthiet.com\/vi\/accomodation\/beach-front-villa-suite\/#breadcrumb\"},\"inLanguage\":\"vi-VN\",\"potentialAction\":[{\"@type\":\"ReadAction\",\"target\":[\"https:\/\/www.phuhaibeachresortphanthiet.com\/vi\/accomodation\/beach-front-villa-suite\/\"]}]},{\"@type\":\"ImageObject\",\"inLanguage\":\"vi-VN\",\"@id\":\"https:\/\/www.phuhaibeachresortphanthiet.com\/vi\/accomodation\/beach-front-villa-suite\/#primaryimage\",\"url\":\"https:\/\/www.phuhaibeachresortphanthiet.com\/wp-content\/uploads\/sites\/143\/2026\/01\/phuhairesort-beachfront-villa-suite3.jpg\",\"contentUrl\":\"https:\/\/www.phuhaibeachresortphanthiet.com\/wp-content\/uploads\/sites\/143\/2026\/01\/phuhairesort-beachfront-villa-suite3.jpg\",\"width\":2200,\"height\":1468},{\"@type\":\"BreadcrumbList\",\"@id\":\"https:\/\/www.phuhaibeachresortphanthiet.com\/vi\/accomodation\/beach-front-villa-suite\/#breadcrumb\",\"itemListElement\":[{\"@type\":\"ListItem\",\"position\":1,\"name\":\"Home\",\"item\":\"https:\/\/www.phuhaibeachresortphanthiet.com\/vi\/\"},{\"@type\":\"ListItem\",\"position\":2,\"name\":\"Ph\u00f2ng Ngh\u1ec9\",\"item\":\"https:\/\/www.phuhaibeachresortphanthiet.com\/vi\/accomodation\/\"},{\"@type\":\"ListItem\",\"position\":3,\"name\":\"Beach Front Villa Suite\"}]},{\"@type\":\"WebSite\",\"@id\":\"https:\/\/www.phuhaibeachresortphanthiet.com\/vi\/#website\",\"url\":\"https:\/\/www.phuhaibeachresortphanthiet.com\/vi\/\",\"name\":\"Phu Hai Beach Resort & Spa Phan Thiet\",\"description\":\"\",\"potentialAction\":[{\"@type\":\"SearchAction\",\"target\":{\"@type\":\"EntryPoint\",\"urlTemplate\":\"https:\/\/www.phuhaibeachresortphanthiet.com\/vi\/?s={search_term_string}\"},\"query-input\":\"required name=search_term_string\"}],\"inLanguage\":\"vi-VN\"}]}<\/script>\n<!-- \/ Yoast SEO plugin. -->","yoast_head_json":{"title":"Beach Front Villa Suite | Phu Hai Beach Resort & Spa Phan Thi\u1ebft","description":"Beach Front Villa Suite mang \u0111\u1ebfn s\u1ef1 ri\u00eang t\u01b0, t\u1ea7m nh\u00ecn bi\u1ec3n, kh\u00f4ng gian tho\u1ea3i m\u00e1i v\u00e0 phong c\u00e1ch s\u1ed1ng tinh t\u1ebf","robots":{"index":"index","follow":"follow","max-snippet":"max-snippet:-1","max-image-preview":"max-image-preview:large","max-video-preview":"max-video-preview:-1"},"canonical":"https:\/\/www.phuhaibeachresortphanthiet.com\/vi\/accomodation\/beach-front-villa-suite\/","og_locale":"vi_VN","og_type":"article","og_title":"Beach Front Villa Suite | Phu Hai Beach Resort & Spa Phan Thi\u1ebft","og_description":"Beach Front Villa Suite mang \u0111\u1ebfn s\u1ef1 ri\u00eang t\u01b0, t\u1ea7m nh\u00ecn bi\u1ec3n, kh\u00f4ng gian tho\u1ea3i m\u00e1i v\u00e0 phong c\u00e1ch s\u1ed1ng tinh t\u1ebf","og_url":"https:\/\/www.phuhaibeachresortphanthiet.com\/vi\/accomodation\/beach-front-villa-suite\/","og_site_name":"Phu Hai Beach Resort &amp; Spa Phan Thiet","article_modified_time":"2026-04-23T04:04:52+00:00","og_image":[{"width":2200,"height":1468,"url":"https:\/\/www.phuhaibeachresortphanthiet.com\/wp-content\/uploads\/sites\/143\/2026\/01\/phuhairesort-beachfront-villa-suite3.jpg","type":"image\/jpeg"}],"twitter_card":"summary_large_image","twitter_misc":{"Est. reading time":"1 minute"},"schema":{"@context":"https:\/\/schema.org","@graph":[{"@type":"WebPage","@id":"https:\/\/www.phuhaibeachresortphanthiet.com\/vi\/accomodation\/beach-front-villa-suite\/","url":"https:\/\/www.phuhaibeachresortphanthiet.com\/vi\/accomodation\/beach-front-villa-suite\/","name":"Beach Front Villa Suite | Phu Hai Beach Resort & Spa Phan Thi\u1ebft","isPartOf":{"@id":"https:\/\/www.phuhaibeachresortphanthiet.com\/vi\/#website"},"primaryImageOfPage":{"@id":"https:\/\/www.phuhaibeachresortphanthiet.com\/vi\/accomodation\/beach-front-villa-suite\/#primaryimage"},"image":{"@id":"https:\/\/www.phuhaibeachresortphanthiet.com\/vi\/accomodation\/beach-front-villa-suite\/#primaryimage"},"thumbnailUrl":"https:\/\/www.phuhaibeachresortphanthiet.com\/wp-content\/uploads\/sites\/143\/2026\/01\/phuhairesort-beachfront-villa-suite3.jpg","datePublished":"2026-01-10T07:05:10+00:00","dateModified":"2026-04-23T04:04:52+00:00","description":"Beach Front Villa Suite mang \u0111\u1ebfn s\u1ef1 ri\u00eang t\u01b0, t\u1ea7m nh\u00ecn bi\u1ec3n, kh\u00f4ng gian tho\u1ea3i m\u00e1i v\u00e0 phong c\u00e1ch s\u1ed1ng tinh t\u1ebf","breadcrumb":{"@id":"https:\/\/www.phuhaibeachresortphanthiet.com\/vi\/accomodation\/beach-front-villa-suite\/#breadcrumb"},"inLanguage":"vi-VN","potentialAction":[{"@type":"ReadAction","target":["https:\/\/www.phuhaibeachresortphanthiet.com\/vi\/accomodation\/beach-front-villa-suite\/"]}]},{"@type":"ImageObject","inLanguage":"vi-VN","@id":"https:\/\/www.phuhaibeachresortphanthiet.com\/vi\/accomodation\/beach-front-villa-suite\/#primaryimage","url":"https:\/\/www.phuhaibeachresortphanthiet.com\/wp-content\/uploads\/sites\/143\/2026\/01\/phuhairesort-beachfront-villa-suite3.jpg","contentUrl":"https:\/\/www.phuhaibeachresortphanthiet.com\/wp-content\/uploads\/sites\/143\/2026\/01\/phuhairesort-beachfront-villa-suite3.jpg","width":2200,"height":1468},{"@type":"BreadcrumbList","@id":"https:\/\/www.phuhaibeachresortphanthiet.com\/vi\/accomodation\/beach-front-villa-suite\/#breadcrumb","itemListElement":[{"@type":"ListItem","position":1,"name":"Home","item":"https:\/\/www.phuhaibeachresortphanthiet.com\/vi\/"},{"@type":"ListItem","position":2,"name":"Ph\u00f2ng Ngh\u1ec9","item":"https:\/\/www.phuhaibeachresortphanthiet.com\/vi\/accomodation\/"},{"@type":"ListItem","position":3,"name":"Beach Front Villa Suite"}]},{"@type":"WebSite","@id":"https:\/\/www.phuhaibeachresortphanthiet.com\/vi\/#website","url":"https:\/\/www.phuhaibeachresortphanthiet.com\/vi\/","name":"Phu Hai Beach Resort & Spa Phan Thiet","description":"","potentialAction":[{"@type":"SearchAction","target":{"@type":"EntryPoint","urlTemplate":"https:\/\/www.phuhaibeachresortphanthiet.com\/vi\/?s={search_term_string}"},"query-input":"required name=search_term_string"}],"inLanguage":"vi-VN"}]}},"acf":[],"_links":{"self":[{"href":"https:\/\/www.phuhaibeachresortphanthiet.com\/vi\/wp-json\/wp\/v2\/pages\/21"}],"collection":[{"href":"https:\/\/www.phuhaibeachresortphanthiet.com\/vi\/wp-json\/wp\/v2\/pages"}],"about":[{"href":"https:\/\/www.phuhaibeachresortphanthiet.com\/vi\/wp-json\/wp\/v2\/types\/page"}],"author":[{"embeddable":true,"href":"https:\/\/www.phuhaibeachresortphanthiet.com\/vi\/wp-json\/wp\/v2\/users\/90"}],"replies":[{"embeddable":true,"href":"https:\/\/www.phuhaibeachresortphanthiet.com\/vi\/wp-json\/wp\/v2\/comments?post=21"}],"version-history":[{"count":0,"href":"https:\/\/www.phuhaibeachresortphanthiet.com\/vi\/wp-json\/wp\/v2\/pages\/21\/revisions"}],"up":[{"embeddable":true,"href":"https:\/\/www.phuhaibeachresortphanthiet.com\/vi\/wp-json\/wp\/v2\/pages\/6"}],"wp:featuredmedia":[{"embeddable":true,"href":"https:\/\/www.phuhaibeachresortphanthiet.com\/vi\/wp-json\/wp\/v2\/media\/136"}],"wp:attachment":[{"href":"https:\/\/www.phuhaibeachresortphanthiet.com\/vi\/wp-json\/wp\/v2\/media?parent=21"}],"curies":[{"name":"wp","href":"https:\/\/api.w.org\/{rel}","templated":true}]}}