{"id":20,"date":"2026-01-10T07:03:40","date_gmt":"2026-01-10T07:03:40","guid":{"rendered":"https:\/\/phuhaibeachresortphanthiet.ms2.decms.asia\/?page_id=20"},"modified":"2026-03-26T02:17:07","modified_gmt":"2026-03-26T02:17:07","slug":"garden-view-villa-suite","status":"publish","type":"page","link":"https:\/\/www.phuhaibeachresortphanthiet.com\/vi\/accomodation\/garden-view-villa-suite\/","title":{"rendered":"Garden View Villa Suite"},"content":{"rendered":"<p>Tr\u1ea3i nghi\u1ec7m ri\u00eang t\u01b0 v\u1edbi ph\u00f2ng ti\u1ebfp kh\u00e1ch nh\u00ecn ra kh\u00f4ng gian v\u01b0\u1eddn nhi\u1ec7t \u0111\u1edbi. L\u1ef1a ch\u1ecdn gi\u1eefa 1 gi\u01b0\u1eddng size Queen ho\u1eb7c 2 gi\u01b0\u1eddng Twin. Kh\u00f4ng gian tho\u00e1ng \u0111\u00e3ng v\u1edbi ph\u00f2ng t\u1eafm \u0111\u1ee9ng v\u00e0 b\u1ed3n t\u1eafm ngo\u00e0i tr\u1eddi. Bi\u1ec7t th\u1ef1 song l\u1eadp ho\u1eb7c \u0111\u01a1n l\u1eadp tr\u00ean c\u00f9ng m\u1ed9t khu.<\/p>\n","protected":false},"excerpt":{"rendered":"<p>Tr\u1ea3i nghi\u1ec7m ri\u00eang t\u01b0 v\u1edbi ph\u00f2ng ti\u1ebfp kh\u00e1ch nh\u00ecn ra kh\u00f4ng gian v\u01b0\u1eddn nhi\u1ec7t \u0111\u1edbi. L\u1ef1a ch\u1ecdn gi\u1eefa 1 gi\u01b0\u1eddng size Queen ho\u1eb7c 2 gi\u01b0\u1eddng Twin. Kh\u00f4ng gian tho\u00e1ng \u0111\u00e3ng v\u1edbi ph\u00f2ng t\u1eafm \u0111\u1ee9ng v\u00e0 b\u1ed3n t\u1eafm ngo\u00e0i tr\u1eddi. Bi\u1ec7t th\u1ef1 song l\u1eadp ho\u1eb7c \u0111\u01a1n l\u1eadp tr\u00ean c\u00f9ng m\u1ed9t khu.<\/p>\n","protected":false},"author":90,"featured_media":0,"parent":6,"menu_order":8,"comment_status":"closed","ping_status":"closed","template":"template-single-room.php","meta":{"footnotes":""},"yoast_head":"<!-- This site is optimized with the Yoast SEO plugin v22.3 - https:\/\/yoast.com\/wordpress\/plugins\/seo\/ -->\n<title>Garden View Villa Suite | Phu Hai Beach Resort &amp; Spa Phan Thi\u1ebft<\/title>\n<meta name=\"description\" content=\"Garden View Villa Suite mang \u0111\u1ebfn s\u1ef1 tho\u1ea3i m\u00e1i r\u1ed9ng r\u00e3i, thi\u1ebft k\u1ebf thanh l\u1ecbch, t\u1ea7m nh\u00ecn v\u01b0\u1eddn xanh v\u00e0 ch\u1ed1n ngh\u1ec9 d\u01b0\u1ee1ng y\u00ean b\u00ecnh.\" \/>\n<meta name=\"robots\" content=\"index, follow, max-snippet:-1, max-image-preview:large, max-video-preview:-1\" \/>\n<link rel=\"canonical\" href=\"https:\/\/www.phuhaibeachresortphanthiet.com\/vi\/accomodation\/garden-view-villa-suite\/\" \/>\n<meta property=\"og:locale\" content=\"vi_VN\" \/>\n<meta property=\"og:type\" content=\"article\" \/>\n<meta property=\"og:title\" content=\"Garden View Villa Suite | Phu Hai Beach Resort &amp; Spa Phan Thi\u1ebft\" \/>\n<meta property=\"og:description\" content=\"Garden View Villa Suite mang \u0111\u1ebfn s\u1ef1 tho\u1ea3i m\u00e1i r\u1ed9ng r\u00e3i, thi\u1ebft k\u1ebf thanh l\u1ecbch, t\u1ea7m nh\u00ecn v\u01b0\u1eddn xanh v\u00e0 ch\u1ed1n ngh\u1ec9 d\u01b0\u1ee1ng y\u00ean b\u00ecnh.\" \/>\n<meta property=\"og:url\" content=\"https:\/\/www.phuhaibeachresortphanthiet.com\/vi\/accomodation\/garden-view-villa-suite\/\" \/>\n<meta property=\"og:site_name\" content=\"Phu Hai Beach Resort &amp; Spa Phan Thiet\" \/>\n<meta property=\"article:modified_time\" content=\"2026-03-26T02:17:07+00:00\" \/>\n<meta name=\"twitter:card\" content=\"summary_large_image\" \/>\n<meta name=\"twitter:label1\" content=\"Est. reading time\" \/>\n\t<meta name=\"twitter:data1\" content=\"1 minute\" \/>\n<script type=\"application\/ld+json\" class=\"yoast-schema-graph\">{\"@context\":\"https:\/\/schema.org\",\"@graph\":[{\"@type\":\"WebPage\",\"@id\":\"https:\/\/www.phuhaibeachresortphanthiet.com\/vi\/accomodation\/garden-view-villa-suite\/\",\"url\":\"https:\/\/www.phuhaibeachresortphanthiet.com\/vi\/accomodation\/garden-view-villa-suite\/\",\"name\":\"Garden View Villa Suite | Phu Hai Beach Resort & Spa Phan Thi\u1ebft\",\"isPartOf\":{\"@id\":\"https:\/\/www.phuhaibeachresortphanthiet.com\/vi\/#website\"},\"datePublished\":\"2026-01-10T07:03:40+00:00\",\"dateModified\":\"2026-03-26T02:17:07+00:00\",\"description\":\"Garden View Villa Suite mang \u0111\u1ebfn s\u1ef1 tho\u1ea3i m\u00e1i r\u1ed9ng r\u00e3i, thi\u1ebft k\u1ebf thanh l\u1ecbch, t\u1ea7m nh\u00ecn v\u01b0\u1eddn xanh v\u00e0 ch\u1ed1n ngh\u1ec9 d\u01b0\u1ee1ng y\u00ean b\u00ecnh.\",\"breadcrumb\":{\"@id\":\"https:\/\/www.phuhaibeachresortphanthiet.com\/vi\/accomodation\/garden-view-villa-suite\/#breadcrumb\"},\"inLanguage\":\"vi-VN\",\"potentialAction\":[{\"@type\":\"ReadAction\",\"target\":[\"https:\/\/www.phuhaibeachresortphanthiet.com\/vi\/accomodation\/garden-view-villa-suite\/\"]}]},{\"@type\":\"BreadcrumbList\",\"@id\":\"https:\/\/www.phuhaibeachresortphanthiet.com\/vi\/accomodation\/garden-view-villa-suite\/#breadcrumb\",\"itemListElement\":[{\"@type\":\"ListItem\",\"position\":1,\"name\":\"Home\",\"item\":\"https:\/\/www.phuhaibeachresortphanthiet.com\/vi\/\"},{\"@type\":\"ListItem\",\"position\":2,\"name\":\"Ph\u00f2ng Ngh\u1ec9\",\"item\":\"https:\/\/www.phuhaibeachresortphanthiet.com\/vi\/accomodation\/\"},{\"@type\":\"ListItem\",\"position\":3,\"name\":\"Garden View Villa Suite\"}]},{\"@type\":\"WebSite\",\"@id\":\"https:\/\/www.phuhaibeachresortphanthiet.com\/vi\/#website\",\"url\":\"https:\/\/www.phuhaibeachresortphanthiet.com\/vi\/\",\"name\":\"Phu Hai Beach Resort & Spa Phan Thiet\",\"description\":\"\",\"potentialAction\":[{\"@type\":\"SearchAction\",\"target\":{\"@type\":\"EntryPoint\",\"urlTemplate\":\"https:\/\/www.phuhaibeachresortphanthiet.com\/vi\/?s={search_term_string}\"},\"query-input\":\"required name=search_term_string\"}],\"inLanguage\":\"vi-VN\"}]}<\/script>\n<!-- \/ Yoast SEO plugin. -->","yoast_head_json":{"title":"Garden View Villa Suite | Phu Hai Beach Resort & Spa Phan Thi\u1ebft","description":"Garden View Villa Suite mang \u0111\u1ebfn s\u1ef1 tho\u1ea3i m\u00e1i r\u1ed9ng r\u00e3i, thi\u1ebft k\u1ebf thanh l\u1ecbch, t\u1ea7m nh\u00ecn v\u01b0\u1eddn xanh v\u00e0 ch\u1ed1n ngh\u1ec9 d\u01b0\u1ee1ng y\u00ean b\u00ecnh.","robots":{"index":"index","follow":"follow","max-snippet":"max-snippet:-1","max-image-preview":"max-image-preview:large","max-video-preview":"max-video-preview:-1"},"canonical":"https:\/\/www.phuhaibeachresortphanthiet.com\/vi\/accomodation\/garden-view-villa-suite\/","og_locale":"vi_VN","og_type":"article","og_title":"Garden View Villa Suite | Phu Hai Beach Resort & Spa Phan Thi\u1ebft","og_description":"Garden View Villa Suite mang \u0111\u1ebfn s\u1ef1 tho\u1ea3i m\u00e1i r\u1ed9ng r\u00e3i, thi\u1ebft k\u1ebf thanh l\u1ecbch, t\u1ea7m nh\u00ecn v\u01b0\u1eddn xanh v\u00e0 ch\u1ed1n ngh\u1ec9 d\u01b0\u1ee1ng y\u00ean b\u00ecnh.","og_url":"https:\/\/www.phuhaibeachresortphanthiet.com\/vi\/accomodation\/garden-view-villa-suite\/","og_site_name":"Phu Hai Beach Resort &amp; Spa Phan Thiet","article_modified_time":"2026-03-26T02:17:07+00:00","twitter_card":"summary_large_image","twitter_misc":{"Est. reading time":"1 minute"},"schema":{"@context":"https:\/\/schema.org","@graph":[{"@type":"WebPage","@id":"https:\/\/www.phuhaibeachresortphanthiet.com\/vi\/accomodation\/garden-view-villa-suite\/","url":"https:\/\/www.phuhaibeachresortphanthiet.com\/vi\/accomodation\/garden-view-villa-suite\/","name":"Garden View Villa Suite | Phu Hai Beach Resort & Spa Phan Thi\u1ebft","isPartOf":{"@id":"https:\/\/www.phuhaibeachresortphanthiet.com\/vi\/#website"},"datePublished":"2026-01-10T07:03:40+00:00","dateModified":"2026-03-26T02:17:07+00:00","description":"Garden View Villa Suite mang \u0111\u1ebfn s\u1ef1 tho\u1ea3i m\u00e1i r\u1ed9ng r\u00e3i, thi\u1ebft k\u1ebf thanh l\u1ecbch, t\u1ea7m nh\u00ecn v\u01b0\u1eddn xanh v\u00e0 ch\u1ed1n ngh\u1ec9 d\u01b0\u1ee1ng y\u00ean b\u00ecnh.","breadcrumb":{"@id":"https:\/\/www.phuhaibeachresortphanthiet.com\/vi\/accomodation\/garden-view-villa-suite\/#breadcrumb"},"inLanguage":"vi-VN","potentialAction":[{"@type":"ReadAction","target":["https:\/\/www.phuhaibeachresortphanthiet.com\/vi\/accomodation\/garden-view-villa-suite\/"]}]},{"@type":"BreadcrumbList","@id":"https:\/\/www.phuhaibeachresortphanthiet.com\/vi\/accomodation\/garden-view-villa-suite\/#breadcrumb","itemListElement":[{"@type":"ListItem","position":1,"name":"Home","item":"https:\/\/www.phuhaibeachresortphanthiet.com\/vi\/"},{"@type":"ListItem","position":2,"name":"Ph\u00f2ng Ngh\u1ec9","item":"https:\/\/www.phuhaibeachresortphanthiet.com\/vi\/accomodation\/"},{"@type":"ListItem","position":3,"name":"Garden View Villa Suite"}]},{"@type":"WebSite","@id":"https:\/\/www.phuhaibeachresortphanthiet.com\/vi\/#website","url":"https:\/\/www.phuhaibeachresortphanthiet.com\/vi\/","name":"Phu Hai Beach Resort & Spa Phan Thiet","description":"","potentialAction":[{"@type":"SearchAction","target":{"@type":"EntryPoint","urlTemplate":"https:\/\/www.phuhaibeachresortphanthiet.com\/vi\/?s={search_term_string}"},"query-input":"required name=search_term_string"}],"inLanguage":"vi-VN"}]}},"acf":[],"_links":{"self":[{"href":"https:\/\/www.phuhaibeachresortphanthiet.com\/vi\/wp-json\/wp\/v2\/pages\/20"}],"collection":[{"href":"https:\/\/www.phuhaibeachresortphanthiet.com\/vi\/wp-json\/wp\/v2\/pages"}],"about":[{"href":"https:\/\/www.phuhaibeachresortphanthiet.com\/vi\/wp-json\/wp\/v2\/types\/page"}],"author":[{"embeddable":true,"href":"https:\/\/www.phuhaibeachresortphanthiet.com\/vi\/wp-json\/wp\/v2\/users\/90"}],"replies":[{"embeddable":true,"href":"https:\/\/www.phuhaibeachresortphanthiet.com\/vi\/wp-json\/wp\/v2\/comments?post=20"}],"version-history":[{"count":0,"href":"https:\/\/www.phuhaibeachresortphanthiet.com\/vi\/wp-json\/wp\/v2\/pages\/20\/revisions"}],"up":[{"embeddable":true,"href":"https:\/\/www.phuhaibeachresortphanthiet.com\/vi\/wp-json\/wp\/v2\/pages\/6"}],"wp:attachment":[{"href":"https:\/\/www.phuhaibeachresortphanthiet.com\/vi\/wp-json\/wp\/v2\/media?parent=20"}],"curies":[{"name":"wp","href":"https:\/\/api.w.org\/{rel}","templated":true}]}}