{"id":18,"date":"2026-01-10T06:57:57","date_gmt":"2026-01-10T06:57:57","guid":{"rendered":"https:\/\/phuhaibeachresortphanthiet.ms2.decms.asia\/?page_id=18"},"modified":"2026-02-06T08:20:12","modified_gmt":"2026-02-06T08:20:12","slug":"studio","status":"publish","type":"page","link":"https:\/\/www.phuhaibeachresortphanthiet.com\/vi\/accomodation\/studio\/","title":{"rendered":"Studio"},"content":{"rendered":"<p>Ph\u00f2ng Studio n\u1eb1m g\u1ea7n b\u00e3i bi\u1ec3n, mang \u0111\u1ebfn kh\u00f4ng gian tho\u00e1ng \u0111\u00e3ng v\u00e0 ti\u1ec7n nghi \u0111\u1ec3 b\u1ea1n th\u01b0 gi\u00e3n. Khu v\u1ef1c sinh ho\u1ea1t r\u1ed9ng r\u00e3i k\u1ebft n\u1ed1i tr\u1ef1c ti\u1ebfp v\u1edbi ban c\u00f4ng ri\u00eang, m\u1edf ra t\u1ea7m nh\u00ecn xanh m\u00e1t c\u1ee7a khu v\u01b0\u1eddn. Gi\u01b0\u1eddng Queen \u00eam \u00e1i c\u00f9ng thi\u1ebft k\u1ebf tinh t\u1ebf t\u1ea1o n\u00ean n\u01a1i ngh\u1ec9 d\u01b0\u1ee1ng l\u00fd t\u01b0\u1edfng, gi\u00fap b\u1ea1n t\u1eadn h\u01b0\u1edfng s\u1ef1 tho\u1ea3i m\u00e1i v\u00e0 nh\u1eefng kho\u1ea3nh kh\u1eafc y\u00ean b\u00ecnh b\u00ean ng\u01b0\u1eddi th\u00e2n sau m\u1ed9t ng\u00e0y kh\u00e1m ph\u00e1.<\/p>\n","protected":false},"excerpt":{"rendered":"<p>Ph\u00f2ng Studio n\u1eb1m g\u1ea7n b\u00e3i bi\u1ec3n, mang \u0111\u1ebfn kh\u00f4ng gian tho\u00e1ng \u0111\u00e3ng v\u00e0 ti\u1ec7n nghi \u0111\u1ec3 b\u1ea1n th\u01b0 gi\u00e3n. Khu v\u1ef1c sinh ho\u1ea1t r\u1ed9ng r\u00e3i k\u1ebft n\u1ed1i tr\u1ef1c ti\u1ebfp v\u1edbi ban c\u00f4ng ri\u00eang, m\u1edf ra t\u1ea7m nh\u00ecn xanh m\u00e1t c\u1ee7a khu v\u01b0\u1eddn. Gi\u01b0\u1eddng Queen \u00eam \u00e1i c\u00f9ng thi\u1ebft k\u1ebf tinh t\u1ebf t\u1ea1o n\u00ean n\u01a1i ngh\u1ec9 [&hellip;]<\/p>\n","protected":false},"author":90,"featured_media":123,"parent":6,"menu_order":6,"comment_status":"closed","ping_status":"closed","template":"template-single-room.php","meta":{"footnotes":""},"yoast_head":"<!-- This site is optimized with the Yoast SEO plugin v22.3 - https:\/\/yoast.com\/wordpress\/plugins\/seo\/ -->\n<title>Studio | Phu Hai Beach Resort &amp; Spa Phan Thi\u1ebft<\/title>\n<meta name=\"description\" content=\"Ph\u00f2ng Studio g\u1ea7n bi\u1ec3n v\u1edbi kh\u00f4ng gian r\u1ed9ng r\u00e3i, ban c\u00f4ng ri\u00eang v\u00e0 gi\u01b0\u1eddng Queen \u00eam \u00e1i.\" \/>\n<meta name=\"robots\" content=\"index, follow, max-snippet:-1, max-image-preview:large, max-video-preview:-1\" \/>\n<link rel=\"canonical\" href=\"https:\/\/www.phuhaibeachresortphanthiet.com\/vi\/accomodation\/studio\/\" \/>\n<meta property=\"og:locale\" content=\"vi_VN\" \/>\n<meta property=\"og:type\" content=\"article\" \/>\n<meta property=\"og:title\" content=\"Studio | Phu Hai Beach Resort &amp; Spa Phan Thi\u1ebft\" \/>\n<meta property=\"og:description\" content=\"Ph\u00f2ng Studio g\u1ea7n bi\u1ec3n v\u1edbi kh\u00f4ng gian r\u1ed9ng r\u00e3i, ban c\u00f4ng ri\u00eang v\u00e0 gi\u01b0\u1eddng Queen \u00eam \u00e1i.\" \/>\n<meta property=\"og:url\" content=\"https:\/\/www.phuhaibeachresortphanthiet.com\/vi\/accomodation\/studio\/\" \/>\n<meta property=\"og:site_name\" content=\"Phu Hai Beach Resort &amp; Spa Phan Thiet\" \/>\n<meta property=\"article:modified_time\" content=\"2026-02-06T08:20:12+00:00\" \/>\n<meta property=\"og:image\" content=\"https:\/\/www.phuhaibeachresortphanthiet.com\/wp-content\/uploads\/sites\/143\/2026\/01\/phuhairesort-studio-garden-view2.jpg\" \/>\n\t<meta property=\"og:image:width\" content=\"2200\" \/>\n\t<meta property=\"og:image:height\" content=\"1468\" \/>\n\t<meta property=\"og:image:type\" content=\"image\/jpeg\" \/>\n<meta name=\"twitter:card\" content=\"summary_large_image\" \/>\n<meta name=\"twitter:label1\" content=\"Est. reading time\" \/>\n\t<meta name=\"twitter:data1\" content=\"1 minute\" \/>\n<script type=\"application\/ld+json\" class=\"yoast-schema-graph\">{\"@context\":\"https:\/\/schema.org\",\"@graph\":[{\"@type\":\"WebPage\",\"@id\":\"https:\/\/www.phuhaibeachresortphanthiet.com\/vi\/accomodation\/studio\/\",\"url\":\"https:\/\/www.phuhaibeachresortphanthiet.com\/vi\/accomodation\/studio\/\",\"name\":\"Studio | Phu Hai Beach Resort & Spa Phan Thi\u1ebft\",\"isPartOf\":{\"@id\":\"https:\/\/www.phuhaibeachresortphanthiet.com\/vi\/#website\"},\"primaryImageOfPage\":{\"@id\":\"https:\/\/www.phuhaibeachresortphanthiet.com\/vi\/accomodation\/studio\/#primaryimage\"},\"image\":{\"@id\":\"https:\/\/www.phuhaibeachresortphanthiet.com\/vi\/accomodation\/studio\/#primaryimage\"},\"thumbnailUrl\":\"https:\/\/www.phuhaibeachresortphanthiet.com\/wp-content\/uploads\/sites\/143\/2026\/01\/phuhairesort-studio-garden-view2.jpg\",\"datePublished\":\"2026-01-10T06:57:57+00:00\",\"dateModified\":\"2026-02-06T08:20:12+00:00\",\"description\":\"Ph\u00f2ng Studio g\u1ea7n bi\u1ec3n v\u1edbi kh\u00f4ng gian r\u1ed9ng r\u00e3i, ban c\u00f4ng ri\u00eang v\u00e0 gi\u01b0\u1eddng Queen \u00eam \u00e1i.\",\"breadcrumb\":{\"@id\":\"https:\/\/www.phuhaibeachresortphanthiet.com\/vi\/accomodation\/studio\/#breadcrumb\"},\"inLanguage\":\"vi-VN\",\"potentialAction\":[{\"@type\":\"ReadAction\",\"target\":[\"https:\/\/www.phuhaibeachresortphanthiet.com\/vi\/accomodation\/studio\/\"]}]},{\"@type\":\"ImageObject\",\"inLanguage\":\"vi-VN\",\"@id\":\"https:\/\/www.phuhaibeachresortphanthiet.com\/vi\/accomodation\/studio\/#primaryimage\",\"url\":\"https:\/\/www.phuhaibeachresortphanthiet.com\/wp-content\/uploads\/sites\/143\/2026\/01\/phuhairesort-studio-garden-view2.jpg\",\"contentUrl\":\"https:\/\/www.phuhaibeachresortphanthiet.com\/wp-content\/uploads\/sites\/143\/2026\/01\/phuhairesort-studio-garden-view2.jpg\",\"width\":2200,\"height\":1468},{\"@type\":\"BreadcrumbList\",\"@id\":\"https:\/\/www.phuhaibeachresortphanthiet.com\/vi\/accomodation\/studio\/#breadcrumb\",\"itemListElement\":[{\"@type\":\"ListItem\",\"position\":1,\"name\":\"Home\",\"item\":\"https:\/\/www.phuhaibeachresortphanthiet.com\/vi\/\"},{\"@type\":\"ListItem\",\"position\":2,\"name\":\"Ph\u00f2ng Ngh\u1ec9\",\"item\":\"https:\/\/www.phuhaibeachresortphanthiet.com\/vi\/accomodation\/\"},{\"@type\":\"ListItem\",\"position\":3,\"name\":\"Studio\"}]},{\"@type\":\"WebSite\",\"@id\":\"https:\/\/www.phuhaibeachresortphanthiet.com\/vi\/#website\",\"url\":\"https:\/\/www.phuhaibeachresortphanthiet.com\/vi\/\",\"name\":\"Phu Hai Beach Resort & Spa Phan Thiet\",\"description\":\"\",\"potentialAction\":[{\"@type\":\"SearchAction\",\"target\":{\"@type\":\"EntryPoint\",\"urlTemplate\":\"https:\/\/www.phuhaibeachresortphanthiet.com\/vi\/?s={search_term_string}\"},\"query-input\":\"required name=search_term_string\"}],\"inLanguage\":\"vi-VN\"}]}<\/script>\n<!-- \/ Yoast SEO plugin. -->","yoast_head_json":{"title":"Studio | Phu Hai Beach Resort & Spa Phan Thi\u1ebft","description":"Ph\u00f2ng Studio g\u1ea7n bi\u1ec3n v\u1edbi kh\u00f4ng gian r\u1ed9ng r\u00e3i, ban c\u00f4ng ri\u00eang v\u00e0 gi\u01b0\u1eddng Queen \u00eam \u00e1i.","robots":{"index":"index","follow":"follow","max-snippet":"max-snippet:-1","max-image-preview":"max-image-preview:large","max-video-preview":"max-video-preview:-1"},"canonical":"https:\/\/www.phuhaibeachresortphanthiet.com\/vi\/accomodation\/studio\/","og_locale":"vi_VN","og_type":"article","og_title":"Studio | Phu Hai Beach Resort & Spa Phan Thi\u1ebft","og_description":"Ph\u00f2ng Studio g\u1ea7n bi\u1ec3n v\u1edbi kh\u00f4ng gian r\u1ed9ng r\u00e3i, ban c\u00f4ng ri\u00eang v\u00e0 gi\u01b0\u1eddng Queen \u00eam \u00e1i.","og_url":"https:\/\/www.phuhaibeachresortphanthiet.com\/vi\/accomodation\/studio\/","og_site_name":"Phu Hai Beach Resort &amp; Spa Phan Thiet","article_modified_time":"2026-02-06T08:20:12+00:00","og_image":[{"width":2200,"height":1468,"url":"https:\/\/www.phuhaibeachresortphanthiet.com\/wp-content\/uploads\/sites\/143\/2026\/01\/phuhairesort-studio-garden-view2.jpg","type":"image\/jpeg"}],"twitter_card":"summary_large_image","twitter_misc":{"Est. reading time":"1 minute"},"schema":{"@context":"https:\/\/schema.org","@graph":[{"@type":"WebPage","@id":"https:\/\/www.phuhaibeachresortphanthiet.com\/vi\/accomodation\/studio\/","url":"https:\/\/www.phuhaibeachresortphanthiet.com\/vi\/accomodation\/studio\/","name":"Studio | Phu Hai Beach Resort & Spa Phan Thi\u1ebft","isPartOf":{"@id":"https:\/\/www.phuhaibeachresortphanthiet.com\/vi\/#website"},"primaryImageOfPage":{"@id":"https:\/\/www.phuhaibeachresortphanthiet.com\/vi\/accomodation\/studio\/#primaryimage"},"image":{"@id":"https:\/\/www.phuhaibeachresortphanthiet.com\/vi\/accomodation\/studio\/#primaryimage"},"thumbnailUrl":"https:\/\/www.phuhaibeachresortphanthiet.com\/wp-content\/uploads\/sites\/143\/2026\/01\/phuhairesort-studio-garden-view2.jpg","datePublished":"2026-01-10T06:57:57+00:00","dateModified":"2026-02-06T08:20:12+00:00","description":"Ph\u00f2ng Studio g\u1ea7n bi\u1ec3n v\u1edbi kh\u00f4ng gian r\u1ed9ng r\u00e3i, ban c\u00f4ng ri\u00eang v\u00e0 gi\u01b0\u1eddng Queen \u00eam \u00e1i.","breadcrumb":{"@id":"https:\/\/www.phuhaibeachresortphanthiet.com\/vi\/accomodation\/studio\/#breadcrumb"},"inLanguage":"vi-VN","potentialAction":[{"@type":"ReadAction","target":["https:\/\/www.phuhaibeachresortphanthiet.com\/vi\/accomodation\/studio\/"]}]},{"@type":"ImageObject","inLanguage":"vi-VN","@id":"https:\/\/www.phuhaibeachresortphanthiet.com\/vi\/accomodation\/studio\/#primaryimage","url":"https:\/\/www.phuhaibeachresortphanthiet.com\/wp-content\/uploads\/sites\/143\/2026\/01\/phuhairesort-studio-garden-view2.jpg","contentUrl":"https:\/\/www.phuhaibeachresortphanthiet.com\/wp-content\/uploads\/sites\/143\/2026\/01\/phuhairesort-studio-garden-view2.jpg","width":2200,"height":1468},{"@type":"BreadcrumbList","@id":"https:\/\/www.phuhaibeachresortphanthiet.com\/vi\/accomodation\/studio\/#breadcrumb","itemListElement":[{"@type":"ListItem","position":1,"name":"Home","item":"https:\/\/www.phuhaibeachresortphanthiet.com\/vi\/"},{"@type":"ListItem","position":2,"name":"Ph\u00f2ng Ngh\u1ec9","item":"https:\/\/www.phuhaibeachresortphanthiet.com\/vi\/accomodation\/"},{"@type":"ListItem","position":3,"name":"Studio"}]},{"@type":"WebSite","@id":"https:\/\/www.phuhaibeachresortphanthiet.com\/vi\/#website","url":"https:\/\/www.phuhaibeachresortphanthiet.com\/vi\/","name":"Phu Hai Beach Resort & Spa Phan Thiet","description":"","potentialAction":[{"@type":"SearchAction","target":{"@type":"EntryPoint","urlTemplate":"https:\/\/www.phuhaibeachresortphanthiet.com\/vi\/?s={search_term_string}"},"query-input":"required name=search_term_string"}],"inLanguage":"vi-VN"}]}},"acf":[],"_links":{"self":[{"href":"https:\/\/www.phuhaibeachresortphanthiet.com\/vi\/wp-json\/wp\/v2\/pages\/18"}],"collection":[{"href":"https:\/\/www.phuhaibeachresortphanthiet.com\/vi\/wp-json\/wp\/v2\/pages"}],"about":[{"href":"https:\/\/www.phuhaibeachresortphanthiet.com\/vi\/wp-json\/wp\/v2\/types\/page"}],"author":[{"embeddable":true,"href":"https:\/\/www.phuhaibeachresortphanthiet.com\/vi\/wp-json\/wp\/v2\/users\/90"}],"replies":[{"embeddable":true,"href":"https:\/\/www.phuhaibeachresortphanthiet.com\/vi\/wp-json\/wp\/v2\/comments?post=18"}],"version-history":[{"count":0,"href":"https:\/\/www.phuhaibeachresortphanthiet.com\/vi\/wp-json\/wp\/v2\/pages\/18\/revisions"}],"up":[{"embeddable":true,"href":"https:\/\/www.phuhaibeachresortphanthiet.com\/vi\/wp-json\/wp\/v2\/pages\/6"}],"wp:featuredmedia":[{"embeddable":true,"href":"https:\/\/www.phuhaibeachresortphanthiet.com\/vi\/wp-json\/wp\/v2\/media\/123"}],"wp:attachment":[{"href":"https:\/\/www.phuhaibeachresortphanthiet.com\/vi\/wp-json\/wp\/v2\/media?parent=18"}],"curies":[{"name":"wp","href":"https:\/\/api.w.org\/{rel}","templated":true}]}}