{"id":16,"date":"2026-01-10T06:55:17","date_gmt":"2026-01-10T06:55:17","guid":{"rendered":"https:\/\/phuhaibeachresortphanthiet.ms2.decms.asia\/?page_id=16"},"modified":"2026-04-23T04:20:01","modified_gmt":"2026-04-23T04:20:01","slug":"grand-deluxe-garden-view","status":"publish","type":"page","link":"https:\/\/www.phuhaibeachresortphanthiet.com\/vi\/accomodation\/grand-deluxe-garden-view\/","title":{"rendered":"Grand Deluxe Garden View"},"content":{"rendered":"<p>Grand Deluxe Garden View mang \u0111\u1ebfn kh\u00f4ng gian r\u1ed9ng r\u00e3i v\u00e0 thanh l\u1ecbch, h\u01b0\u1edbng ra khu v\u01b0\u1eddn xanh m\u00e1t. \u0110\u00e2y l\u00e0 n\u01a1i l\u00fd t\u01b0\u1edfng \u0111\u1ec3 b\u1ea1n c\u00f9ng b\u1ea1n b\u00e8 ho\u1eb7c ng\u01b0\u1eddi th\u00e2n t\u1eadn h\u01b0\u1edfng s\u1ef1 ri\u00eang t\u01b0 v\u00e0 tho\u1ea3i m\u00e1i. H\u00e3y \u0111\u1ec3 nh\u1eefng bu\u1ed5i s\u00e1ng trong l\u00e0nh v\u00e0 nh\u1eefng \u0111\u00eam tr\u0103ng r\u1eb1m d\u01b0\u1edbi m\u00e1i hi\u00ean tr\u1edf th\u00e0nh kho\u1ea3nh kh\u1eafc \u0111\u00e1ng nh\u1edb. N\u1ed9i th\u1ea5t mang \u0111\u1eadm phong c\u00e1ch Vi\u1ec7t Nam, \u0111\u01b0\u1ee3c trang tr\u00ed tinh t\u1ebf \u0111\u1ec3 bi\u1ebfn k\u1ef3 ngh\u1ec9 m\u01a1 \u01b0\u1edbc c\u1ee7a b\u1ea1n th\u00e0nh hi\u1ec7n th\u1ef1c.<\/p>\n","protected":false},"excerpt":{"rendered":"<p>Grand Deluxe Garden View mang \u0111\u1ebfn kh\u00f4ng gian r\u1ed9ng r\u00e3i v\u00e0 thanh l\u1ecbch, h\u01b0\u1edbng ra khu v\u01b0\u1eddn xanh m\u00e1t. \u0110\u00e2y l\u00e0 n\u01a1i l\u00fd t\u01b0\u1edfng \u0111\u1ec3 b\u1ea1n c\u00f9ng b\u1ea1n b\u00e8 ho\u1eb7c ng\u01b0\u1eddi th\u00e2n t\u1eadn h\u01b0\u1edfng s\u1ef1 ri\u00eang t\u01b0 v\u00e0 tho\u1ea3i m\u00e1i. H\u00e3y \u0111\u1ec3 nh\u1eefng bu\u1ed5i s\u00e1ng trong l\u00e0nh v\u00e0 nh\u1eefng \u0111\u00eam tr\u0103ng r\u1eb1m d\u01b0\u1edbi m\u00e1i hi\u00ean [&hellip;]<\/p>\n","protected":false},"author":90,"featured_media":113,"parent":6,"menu_order":4,"comment_status":"closed","ping_status":"closed","template":"template-single-room.php","meta":{"footnotes":""},"yoast_head":"<!-- This site is optimized with the Yoast SEO plugin v22.3 - https:\/\/yoast.com\/wordpress\/plugins\/seo\/ -->\n<title>Grand Deluxe Garden View | Phu Hai Beach Resort &amp; Spa Phan Thi\u1ebft<\/title>\n<meta name=\"description\" content=\"Grand Deluxe Garden View k\u1ebft h\u1ee3p s\u1ef1 ti\u1ec7n nghi hi\u1ec7n \u0111\u1ea1i v\u1edbi n\u00e9t duy\u00ean d\u00e1ng truy\u1ec1n th\u1ed1ng, mang \u0111\u1ebfn k\u1ef3 ngh\u1ec9 sang tr\u1ecdng v\u00e0 th\u01b0 th\u00e1i.\" \/>\n<meta name=\"robots\" content=\"index, follow, max-snippet:-1, max-image-preview:large, max-video-preview:-1\" \/>\n<link rel=\"canonical\" href=\"https:\/\/www.phuhaibeachresortphanthiet.com\/vi\/accomodation\/grand-deluxe-garden-view\/\" \/>\n<meta property=\"og:locale\" content=\"vi_VN\" \/>\n<meta property=\"og:type\" content=\"article\" \/>\n<meta property=\"og:title\" content=\"Grand Deluxe Garden View | Phu Hai Beach Resort &amp; Spa Phan Thi\u1ebft\" \/>\n<meta property=\"og:description\" content=\"Grand Deluxe Garden View k\u1ebft h\u1ee3p s\u1ef1 ti\u1ec7n nghi hi\u1ec7n \u0111\u1ea1i v\u1edbi n\u00e9t duy\u00ean d\u00e1ng truy\u1ec1n th\u1ed1ng, mang \u0111\u1ebfn k\u1ef3 ngh\u1ec9 sang tr\u1ecdng v\u00e0 th\u01b0 th\u00e1i.\" \/>\n<meta property=\"og:url\" content=\"https:\/\/www.phuhaibeachresortphanthiet.com\/vi\/accomodation\/grand-deluxe-garden-view\/\" \/>\n<meta property=\"og:site_name\" content=\"Phu Hai Beach Resort &amp; Spa Phan Thiet\" \/>\n<meta property=\"article:modified_time\" content=\"2026-04-23T04:20:01+00:00\" \/>\n<meta property=\"og:image\" content=\"https:\/\/www.phuhaibeachresortphanthiet.com\/wp-content\/uploads\/sites\/143\/2026\/01\/phuhairesort-grand-deluxe-garden-view1.jpg\" \/>\n\t<meta property=\"og:image:width\" content=\"2200\" \/>\n\t<meta property=\"og:image:height\" content=\"1467\" \/>\n\t<meta property=\"og:image:type\" content=\"image\/jpeg\" \/>\n<meta name=\"twitter:card\" content=\"summary_large_image\" \/>\n<meta name=\"twitter:label1\" content=\"Est. reading time\" \/>\n\t<meta name=\"twitter:data1\" content=\"1 minute\" \/>\n<script type=\"application\/ld+json\" class=\"yoast-schema-graph\">{\"@context\":\"https:\/\/schema.org\",\"@graph\":[{\"@type\":\"WebPage\",\"@id\":\"https:\/\/www.phuhaibeachresortphanthiet.com\/vi\/accomodation\/grand-deluxe-garden-view\/\",\"url\":\"https:\/\/www.phuhaibeachresortphanthiet.com\/vi\/accomodation\/grand-deluxe-garden-view\/\",\"name\":\"Grand Deluxe Garden View | Phu Hai Beach Resort & Spa Phan Thi\u1ebft\",\"isPartOf\":{\"@id\":\"https:\/\/www.phuhaibeachresortphanthiet.com\/vi\/#website\"},\"primaryImageOfPage\":{\"@id\":\"https:\/\/www.phuhaibeachresortphanthiet.com\/vi\/accomodation\/grand-deluxe-garden-view\/#primaryimage\"},\"image\":{\"@id\":\"https:\/\/www.phuhaibeachresortphanthiet.com\/vi\/accomodation\/grand-deluxe-garden-view\/#primaryimage\"},\"thumbnailUrl\":\"https:\/\/www.phuhaibeachresortphanthiet.com\/wp-content\/uploads\/sites\/143\/2026\/01\/phuhairesort-grand-deluxe-garden-view1.jpg\",\"datePublished\":\"2026-01-10T06:55:17+00:00\",\"dateModified\":\"2026-04-23T04:20:01+00:00\",\"description\":\"Grand Deluxe Garden View k\u1ebft h\u1ee3p s\u1ef1 ti\u1ec7n nghi hi\u1ec7n \u0111\u1ea1i v\u1edbi n\u00e9t duy\u00ean d\u00e1ng truy\u1ec1n th\u1ed1ng, mang \u0111\u1ebfn k\u1ef3 ngh\u1ec9 sang tr\u1ecdng v\u00e0 th\u01b0 th\u00e1i.\",\"breadcrumb\":{\"@id\":\"https:\/\/www.phuhaibeachresortphanthiet.com\/vi\/accomodation\/grand-deluxe-garden-view\/#breadcrumb\"},\"inLanguage\":\"vi-VN\",\"potentialAction\":[{\"@type\":\"ReadAction\",\"target\":[\"https:\/\/www.phuhaibeachresortphanthiet.com\/vi\/accomodation\/grand-deluxe-garden-view\/\"]}]},{\"@type\":\"ImageObject\",\"inLanguage\":\"vi-VN\",\"@id\":\"https:\/\/www.phuhaibeachresortphanthiet.com\/vi\/accomodation\/grand-deluxe-garden-view\/#primaryimage\",\"url\":\"https:\/\/www.phuhaibeachresortphanthiet.com\/wp-content\/uploads\/sites\/143\/2026\/01\/phuhairesort-grand-deluxe-garden-view1.jpg\",\"contentUrl\":\"https:\/\/www.phuhaibeachresortphanthiet.com\/wp-content\/uploads\/sites\/143\/2026\/01\/phuhairesort-grand-deluxe-garden-view1.jpg\",\"width\":2200,\"height\":1467},{\"@type\":\"BreadcrumbList\",\"@id\":\"https:\/\/www.phuhaibeachresortphanthiet.com\/vi\/accomodation\/grand-deluxe-garden-view\/#breadcrumb\",\"itemListElement\":[{\"@type\":\"ListItem\",\"position\":1,\"name\":\"Home\",\"item\":\"https:\/\/www.phuhaibeachresortphanthiet.com\/vi\/\"},{\"@type\":\"ListItem\",\"position\":2,\"name\":\"Ph\u00f2ng Ngh\u1ec9\",\"item\":\"https:\/\/www.phuhaibeachresortphanthiet.com\/vi\/accomodation\/\"},{\"@type\":\"ListItem\",\"position\":3,\"name\":\"Grand Deluxe Garden View\"}]},{\"@type\":\"WebSite\",\"@id\":\"https:\/\/www.phuhaibeachresortphanthiet.com\/vi\/#website\",\"url\":\"https:\/\/www.phuhaibeachresortphanthiet.com\/vi\/\",\"name\":\"Phu Hai Beach Resort & Spa Phan Thiet\",\"description\":\"\",\"potentialAction\":[{\"@type\":\"SearchAction\",\"target\":{\"@type\":\"EntryPoint\",\"urlTemplate\":\"https:\/\/www.phuhaibeachresortphanthiet.com\/vi\/?s={search_term_string}\"},\"query-input\":\"required name=search_term_string\"}],\"inLanguage\":\"vi-VN\"}]}<\/script>\n<!-- \/ Yoast SEO plugin. -->","yoast_head_json":{"title":"Grand Deluxe Garden View | Phu Hai Beach Resort & Spa Phan Thi\u1ebft","description":"Grand Deluxe Garden View k\u1ebft h\u1ee3p s\u1ef1 ti\u1ec7n nghi hi\u1ec7n \u0111\u1ea1i v\u1edbi n\u00e9t duy\u00ean d\u00e1ng truy\u1ec1n th\u1ed1ng, mang \u0111\u1ebfn k\u1ef3 ngh\u1ec9 sang tr\u1ecdng v\u00e0 th\u01b0 th\u00e1i.","robots":{"index":"index","follow":"follow","max-snippet":"max-snippet:-1","max-image-preview":"max-image-preview:large","max-video-preview":"max-video-preview:-1"},"canonical":"https:\/\/www.phuhaibeachresortphanthiet.com\/vi\/accomodation\/grand-deluxe-garden-view\/","og_locale":"vi_VN","og_type":"article","og_title":"Grand Deluxe Garden View | Phu Hai Beach Resort & Spa Phan Thi\u1ebft","og_description":"Grand Deluxe Garden View k\u1ebft h\u1ee3p s\u1ef1 ti\u1ec7n nghi hi\u1ec7n \u0111\u1ea1i v\u1edbi n\u00e9t duy\u00ean d\u00e1ng truy\u1ec1n th\u1ed1ng, mang \u0111\u1ebfn k\u1ef3 ngh\u1ec9 sang tr\u1ecdng v\u00e0 th\u01b0 th\u00e1i.","og_url":"https:\/\/www.phuhaibeachresortphanthiet.com\/vi\/accomodation\/grand-deluxe-garden-view\/","og_site_name":"Phu Hai Beach Resort &amp; Spa Phan Thiet","article_modified_time":"2026-04-23T04:20:01+00:00","og_image":[{"width":2200,"height":1467,"url":"https:\/\/www.phuhaibeachresortphanthiet.com\/wp-content\/uploads\/sites\/143\/2026\/01\/phuhairesort-grand-deluxe-garden-view1.jpg","type":"image\/jpeg"}],"twitter_card":"summary_large_image","twitter_misc":{"Est. reading time":"1 minute"},"schema":{"@context":"https:\/\/schema.org","@graph":[{"@type":"WebPage","@id":"https:\/\/www.phuhaibeachresortphanthiet.com\/vi\/accomodation\/grand-deluxe-garden-view\/","url":"https:\/\/www.phuhaibeachresortphanthiet.com\/vi\/accomodation\/grand-deluxe-garden-view\/","name":"Grand Deluxe Garden View | Phu Hai Beach Resort & Spa Phan Thi\u1ebft","isPartOf":{"@id":"https:\/\/www.phuhaibeachresortphanthiet.com\/vi\/#website"},"primaryImageOfPage":{"@id":"https:\/\/www.phuhaibeachresortphanthiet.com\/vi\/accomodation\/grand-deluxe-garden-view\/#primaryimage"},"image":{"@id":"https:\/\/www.phuhaibeachresortphanthiet.com\/vi\/accomodation\/grand-deluxe-garden-view\/#primaryimage"},"thumbnailUrl":"https:\/\/www.phuhaibeachresortphanthiet.com\/wp-content\/uploads\/sites\/143\/2026\/01\/phuhairesort-grand-deluxe-garden-view1.jpg","datePublished":"2026-01-10T06:55:17+00:00","dateModified":"2026-04-23T04:20:01+00:00","description":"Grand Deluxe Garden View k\u1ebft h\u1ee3p s\u1ef1 ti\u1ec7n nghi hi\u1ec7n \u0111\u1ea1i v\u1edbi n\u00e9t duy\u00ean d\u00e1ng truy\u1ec1n th\u1ed1ng, mang \u0111\u1ebfn k\u1ef3 ngh\u1ec9 sang tr\u1ecdng v\u00e0 th\u01b0 th\u00e1i.","breadcrumb":{"@id":"https:\/\/www.phuhaibeachresortphanthiet.com\/vi\/accomodation\/grand-deluxe-garden-view\/#breadcrumb"},"inLanguage":"vi-VN","potentialAction":[{"@type":"ReadAction","target":["https:\/\/www.phuhaibeachresortphanthiet.com\/vi\/accomodation\/grand-deluxe-garden-view\/"]}]},{"@type":"ImageObject","inLanguage":"vi-VN","@id":"https:\/\/www.phuhaibeachresortphanthiet.com\/vi\/accomodation\/grand-deluxe-garden-view\/#primaryimage","url":"https:\/\/www.phuhaibeachresortphanthiet.com\/wp-content\/uploads\/sites\/143\/2026\/01\/phuhairesort-grand-deluxe-garden-view1.jpg","contentUrl":"https:\/\/www.phuhaibeachresortphanthiet.com\/wp-content\/uploads\/sites\/143\/2026\/01\/phuhairesort-grand-deluxe-garden-view1.jpg","width":2200,"height":1467},{"@type":"BreadcrumbList","@id":"https:\/\/www.phuhaibeachresortphanthiet.com\/vi\/accomodation\/grand-deluxe-garden-view\/#breadcrumb","itemListElement":[{"@type":"ListItem","position":1,"name":"Home","item":"https:\/\/www.phuhaibeachresortphanthiet.com\/vi\/"},{"@type":"ListItem","position":2,"name":"Ph\u00f2ng Ngh\u1ec9","item":"https:\/\/www.phuhaibeachresortphanthiet.com\/vi\/accomodation\/"},{"@type":"ListItem","position":3,"name":"Grand Deluxe Garden View"}]},{"@type":"WebSite","@id":"https:\/\/www.phuhaibeachresortphanthiet.com\/vi\/#website","url":"https:\/\/www.phuhaibeachresortphanthiet.com\/vi\/","name":"Phu Hai Beach Resort & Spa Phan Thiet","description":"","potentialAction":[{"@type":"SearchAction","target":{"@type":"EntryPoint","urlTemplate":"https:\/\/www.phuhaibeachresortphanthiet.com\/vi\/?s={search_term_string}"},"query-input":"required name=search_term_string"}],"inLanguage":"vi-VN"}]}},"acf":[],"_links":{"self":[{"href":"https:\/\/www.phuhaibeachresortphanthiet.com\/vi\/wp-json\/wp\/v2\/pages\/16"}],"collection":[{"href":"https:\/\/www.phuhaibeachresortphanthiet.com\/vi\/wp-json\/wp\/v2\/pages"}],"about":[{"href":"https:\/\/www.phuhaibeachresortphanthiet.com\/vi\/wp-json\/wp\/v2\/types\/page"}],"author":[{"embeddable":true,"href":"https:\/\/www.phuhaibeachresortphanthiet.com\/vi\/wp-json\/wp\/v2\/users\/90"}],"replies":[{"embeddable":true,"href":"https:\/\/www.phuhaibeachresortphanthiet.com\/vi\/wp-json\/wp\/v2\/comments?post=16"}],"version-history":[{"count":0,"href":"https:\/\/www.phuhaibeachresortphanthiet.com\/vi\/wp-json\/wp\/v2\/pages\/16\/revisions"}],"up":[{"embeddable":true,"href":"https:\/\/www.phuhaibeachresortphanthiet.com\/vi\/wp-json\/wp\/v2\/pages\/6"}],"wp:featuredmedia":[{"embeddable":true,"href":"https:\/\/www.phuhaibeachresortphanthiet.com\/vi\/wp-json\/wp\/v2\/media\/113"}],"wp:attachment":[{"href":"https:\/\/www.phuhaibeachresortphanthiet.com\/vi\/wp-json\/wp\/v2\/media?parent=16"}],"curies":[{"name":"wp","href":"https:\/\/api.w.org\/{rel}","templated":true}]}}