{"id":14,"date":"2026-01-09T10:17:55","date_gmt":"2026-01-09T10:17:55","guid":{"rendered":"https:\/\/phuhaibeachresortphanthiet.ms2.decms.asia\/?page_id=14"},"modified":"2026-01-21T02:33:32","modified_gmt":"2026-01-21T02:33:32","slug":"presidential-beach-front-villa","status":"publish","type":"page","link":"https:\/\/www.phuhaibeachresortphanthiet.com\/vi\/accomodation\/presidential-beach-front-villa\/","title":{"rendered":"Presidential Beach Front Villa"},"content":{"rendered":"<p>Presidential Beach Front Villa mang \u0111\u1ebfn tr\u1ea3i nghi\u1ec7m ngh\u1ec9 d\u01b0\u1ee1ng sang tr\u1ecdng v\u00e0 ri\u00eang t\u01b0 tuy\u1ec7t \u0111\u1ed1i t\u1ea1i Ph\u00fa H\u1ea3i Beach Resort &#038; Spa. V\u1edbi v\u1ecb tr\u00ed ngay s\u00e1t bi\u1ec3n, villa s\u1edf h\u1eefu t\u1ea7m nh\u00ecn ngo\u1ea1n m\u1ee5c ra \u0111\u1ea1i d\u01b0\u01a1ng c\u00f9ng kh\u00f4ng gian s\u1ed1ng r\u1ed9ng r\u00e3i, tho\u00e1ng \u0111\u00e3ng. Hi\u00ean nh\u00e0 r\u1ed9ng r\u00e3i, ph\u00f2ng kh\u00e1ch tinh t\u1ebf v\u00e0 khu t\u1eafm ngo\u00e0i tr\u1eddi v\u1edbi b\u1ed3n t\u1eafm v\u00e0 v\u00f2i sen s\u1ebd mang l\u1ea1i cho b\u1ea1n k\u1ef3 ngh\u1ec9 th\u01b0 gi\u00e3n, h\u00f2a quy\u1ec7n c\u00f9ng thi\u00ean nhi\u00ean.<\/p>\n","protected":false},"excerpt":{"rendered":"<p>Presidential Beach Front Villa mang \u0111\u1ebfn tr\u1ea3i nghi\u1ec7m ngh\u1ec9 d\u01b0\u1ee1ng sang tr\u1ecdng v\u00e0 ri\u00eang t\u01b0 tuy\u1ec7t \u0111\u1ed1i t\u1ea1i Ph\u00fa H\u1ea3i Beach Resort &#038; Spa. V\u1edbi v\u1ecb tr\u00ed ngay s\u00e1t bi\u1ec3n, villa s\u1edf h\u1eefu t\u1ea7m nh\u00ecn ngo\u1ea1n m\u1ee5c ra \u0111\u1ea1i d\u01b0\u01a1ng c\u00f9ng kh\u00f4ng gian s\u1ed1ng r\u1ed9ng r\u00e3i, tho\u00e1ng \u0111\u00e3ng. Hi\u00ean nh\u00e0 r\u1ed9ng r\u00e3i, ph\u00f2ng kh\u00e1ch tinh [&hellip;]<\/p>\n","protected":false},"author":90,"featured_media":97,"parent":6,"menu_order":2,"comment_status":"closed","ping_status":"closed","template":"template-single-room.php","meta":{"footnotes":""},"yoast_head":"<!-- This site is optimized with the Yoast SEO plugin v22.3 - https:\/\/yoast.com\/wordpress\/plugins\/seo\/ -->\n<title>Presidential Beach Front Villa | Phu Hai Beach Resort &amp; Spa Phan Thi\u1ebft<\/title>\n<meta name=\"description\" content=\"Kh\u00f4ng gian s\u1ed1ng r\u1ed9ng r\u00e3i, hi\u00ean tho\u00e1ng \u0111\u00e3ng c\u00f9ng b\u1ed3n t\u1eafm ngo\u00e0i tr\u1eddi, Presidential Beach Front Villa l\u00e0 l\u1ef1a ch\u1ecdn ngh\u1ec9 d\u01b0\u1ee1ng sang tr\u1ecdng b\u00ean bi\u1ec3n.\" \/>\n<meta name=\"robots\" content=\"index, follow, max-snippet:-1, max-image-preview:large, max-video-preview:-1\" \/>\n<link rel=\"canonical\" href=\"https:\/\/www.phuhaibeachresortphanthiet.com\/vi\/accomodation\/presidential-beach-front-villa\/\" \/>\n<meta property=\"og:locale\" content=\"vi_VN\" \/>\n<meta property=\"og:type\" content=\"article\" \/>\n<meta property=\"og:title\" content=\"Presidential Beach Front Villa | Phu Hai Beach Resort &amp; Spa Phan Thi\u1ebft\" \/>\n<meta property=\"og:description\" content=\"Kh\u00f4ng gian s\u1ed1ng r\u1ed9ng r\u00e3i, hi\u00ean tho\u00e1ng \u0111\u00e3ng c\u00f9ng b\u1ed3n t\u1eafm ngo\u00e0i tr\u1eddi, Presidential Beach Front Villa l\u00e0 l\u1ef1a ch\u1ecdn ngh\u1ec9 d\u01b0\u1ee1ng sang tr\u1ecdng b\u00ean bi\u1ec3n.\" \/>\n<meta property=\"og:url\" content=\"https:\/\/www.phuhaibeachresortphanthiet.com\/vi\/accomodation\/presidential-beach-front-villa\/\" \/>\n<meta property=\"og:site_name\" content=\"Phu Hai Beach Resort &amp; Spa Phan Thiet\" \/>\n<meta property=\"article:modified_time\" content=\"2026-01-21T02:33:32+00:00\" \/>\n<meta property=\"og:image\" content=\"https:\/\/www.phuhaibeachresortphanthiet.com\/wp-content\/uploads\/sites\/143\/2026\/01\/phuhairesort-president-beachfront-villa1.jpg\" \/>\n\t<meta property=\"og:image:width\" content=\"2200\" \/>\n\t<meta property=\"og:image:height\" content=\"1650\" \/>\n\t<meta property=\"og:image:type\" content=\"image\/jpeg\" \/>\n<meta name=\"twitter:card\" content=\"summary_large_image\" \/>\n<meta name=\"twitter:label1\" content=\"Est. reading time\" \/>\n\t<meta name=\"twitter:data1\" content=\"1 minute\" \/>\n<script type=\"application\/ld+json\" class=\"yoast-schema-graph\">{\"@context\":\"https:\/\/schema.org\",\"@graph\":[{\"@type\":\"WebPage\",\"@id\":\"https:\/\/www.phuhaibeachresortphanthiet.com\/vi\/accomodation\/presidential-beach-front-villa\/\",\"url\":\"https:\/\/www.phuhaibeachresortphanthiet.com\/vi\/accomodation\/presidential-beach-front-villa\/\",\"name\":\"Presidential Beach Front Villa | Phu Hai Beach Resort & Spa Phan Thi\u1ebft\",\"isPartOf\":{\"@id\":\"https:\/\/www.phuhaibeachresortphanthiet.com\/vi\/#website\"},\"primaryImageOfPage\":{\"@id\":\"https:\/\/www.phuhaibeachresortphanthiet.com\/vi\/accomodation\/presidential-beach-front-villa\/#primaryimage\"},\"image\":{\"@id\":\"https:\/\/www.phuhaibeachresortphanthiet.com\/vi\/accomodation\/presidential-beach-front-villa\/#primaryimage\"},\"thumbnailUrl\":\"https:\/\/www.phuhaibeachresortphanthiet.com\/wp-content\/uploads\/sites\/143\/2026\/01\/phuhairesort-president-beachfront-villa1.jpg\",\"datePublished\":\"2026-01-09T10:17:55+00:00\",\"dateModified\":\"2026-01-21T02:33:32+00:00\",\"description\":\"Kh\u00f4ng gian s\u1ed1ng r\u1ed9ng r\u00e3i, hi\u00ean tho\u00e1ng \u0111\u00e3ng c\u00f9ng b\u1ed3n t\u1eafm ngo\u00e0i tr\u1eddi, Presidential Beach Front Villa l\u00e0 l\u1ef1a ch\u1ecdn ngh\u1ec9 d\u01b0\u1ee1ng sang tr\u1ecdng b\u00ean bi\u1ec3n.\",\"breadcrumb\":{\"@id\":\"https:\/\/www.phuhaibeachresortphanthiet.com\/vi\/accomodation\/presidential-beach-front-villa\/#breadcrumb\"},\"inLanguage\":\"vi-VN\",\"potentialAction\":[{\"@type\":\"ReadAction\",\"target\":[\"https:\/\/www.phuhaibeachresortphanthiet.com\/vi\/accomodation\/presidential-beach-front-villa\/\"]}]},{\"@type\":\"ImageObject\",\"inLanguage\":\"vi-VN\",\"@id\":\"https:\/\/www.phuhaibeachresortphanthiet.com\/vi\/accomodation\/presidential-beach-front-villa\/#primaryimage\",\"url\":\"https:\/\/www.phuhaibeachresortphanthiet.com\/wp-content\/uploads\/sites\/143\/2026\/01\/phuhairesort-president-beachfront-villa1.jpg\",\"contentUrl\":\"https:\/\/www.phuhaibeachresortphanthiet.com\/wp-content\/uploads\/sites\/143\/2026\/01\/phuhairesort-president-beachfront-villa1.jpg\",\"width\":2200,\"height\":1650},{\"@type\":\"BreadcrumbList\",\"@id\":\"https:\/\/www.phuhaibeachresortphanthiet.com\/vi\/accomodation\/presidential-beach-front-villa\/#breadcrumb\",\"itemListElement\":[{\"@type\":\"ListItem\",\"position\":1,\"name\":\"Home\",\"item\":\"https:\/\/www.phuhaibeachresortphanthiet.com\/vi\/\"},{\"@type\":\"ListItem\",\"position\":2,\"name\":\"Ph\u00f2ng Ngh\u1ec9\",\"item\":\"https:\/\/www.phuhaibeachresortphanthiet.com\/vi\/accomodation\/\"},{\"@type\":\"ListItem\",\"position\":3,\"name\":\"Presidential Beach Front Villa\"}]},{\"@type\":\"WebSite\",\"@id\":\"https:\/\/www.phuhaibeachresortphanthiet.com\/vi\/#website\",\"url\":\"https:\/\/www.phuhaibeachresortphanthiet.com\/vi\/\",\"name\":\"Phu Hai Beach Resort & Spa Phan Thiet\",\"description\":\"\",\"potentialAction\":[{\"@type\":\"SearchAction\",\"target\":{\"@type\":\"EntryPoint\",\"urlTemplate\":\"https:\/\/www.phuhaibeachresortphanthiet.com\/vi\/?s={search_term_string}\"},\"query-input\":\"required name=search_term_string\"}],\"inLanguage\":\"vi-VN\"}]}<\/script>\n<!-- \/ Yoast SEO plugin. -->","yoast_head_json":{"title":"Presidential Beach Front Villa | Phu Hai Beach Resort & Spa Phan Thi\u1ebft","description":"Kh\u00f4ng gian s\u1ed1ng r\u1ed9ng r\u00e3i, hi\u00ean tho\u00e1ng \u0111\u00e3ng c\u00f9ng b\u1ed3n t\u1eafm ngo\u00e0i tr\u1eddi, Presidential Beach Front Villa l\u00e0 l\u1ef1a ch\u1ecdn ngh\u1ec9 d\u01b0\u1ee1ng sang tr\u1ecdng b\u00ean bi\u1ec3n.","robots":{"index":"index","follow":"follow","max-snippet":"max-snippet:-1","max-image-preview":"max-image-preview:large","max-video-preview":"max-video-preview:-1"},"canonical":"https:\/\/www.phuhaibeachresortphanthiet.com\/vi\/accomodation\/presidential-beach-front-villa\/","og_locale":"vi_VN","og_type":"article","og_title":"Presidential Beach Front Villa | Phu Hai Beach Resort & Spa Phan Thi\u1ebft","og_description":"Kh\u00f4ng gian s\u1ed1ng r\u1ed9ng r\u00e3i, hi\u00ean tho\u00e1ng \u0111\u00e3ng c\u00f9ng b\u1ed3n t\u1eafm ngo\u00e0i tr\u1eddi, Presidential Beach Front Villa l\u00e0 l\u1ef1a ch\u1ecdn ngh\u1ec9 d\u01b0\u1ee1ng sang tr\u1ecdng b\u00ean bi\u1ec3n.","og_url":"https:\/\/www.phuhaibeachresortphanthiet.com\/vi\/accomodation\/presidential-beach-front-villa\/","og_site_name":"Phu Hai Beach Resort &amp; Spa Phan Thiet","article_modified_time":"2026-01-21T02:33:32+00:00","og_image":[{"width":2200,"height":1650,"url":"https:\/\/www.phuhaibeachresortphanthiet.com\/wp-content\/uploads\/sites\/143\/2026\/01\/phuhairesort-president-beachfront-villa1.jpg","type":"image\/jpeg"}],"twitter_card":"summary_large_image","twitter_misc":{"Est. reading time":"1 minute"},"schema":{"@context":"https:\/\/schema.org","@graph":[{"@type":"WebPage","@id":"https:\/\/www.phuhaibeachresortphanthiet.com\/vi\/accomodation\/presidential-beach-front-villa\/","url":"https:\/\/www.phuhaibeachresortphanthiet.com\/vi\/accomodation\/presidential-beach-front-villa\/","name":"Presidential Beach Front Villa | Phu Hai Beach Resort & Spa Phan Thi\u1ebft","isPartOf":{"@id":"https:\/\/www.phuhaibeachresortphanthiet.com\/vi\/#website"},"primaryImageOfPage":{"@id":"https:\/\/www.phuhaibeachresortphanthiet.com\/vi\/accomodation\/presidential-beach-front-villa\/#primaryimage"},"image":{"@id":"https:\/\/www.phuhaibeachresortphanthiet.com\/vi\/accomodation\/presidential-beach-front-villa\/#primaryimage"},"thumbnailUrl":"https:\/\/www.phuhaibeachresortphanthiet.com\/wp-content\/uploads\/sites\/143\/2026\/01\/phuhairesort-president-beachfront-villa1.jpg","datePublished":"2026-01-09T10:17:55+00:00","dateModified":"2026-01-21T02:33:32+00:00","description":"Kh\u00f4ng gian s\u1ed1ng r\u1ed9ng r\u00e3i, hi\u00ean tho\u00e1ng \u0111\u00e3ng c\u00f9ng b\u1ed3n t\u1eafm ngo\u00e0i tr\u1eddi, Presidential Beach Front Villa l\u00e0 l\u1ef1a ch\u1ecdn ngh\u1ec9 d\u01b0\u1ee1ng sang tr\u1ecdng b\u00ean bi\u1ec3n.","breadcrumb":{"@id":"https:\/\/www.phuhaibeachresortphanthiet.com\/vi\/accomodation\/presidential-beach-front-villa\/#breadcrumb"},"inLanguage":"vi-VN","potentialAction":[{"@type":"ReadAction","target":["https:\/\/www.phuhaibeachresortphanthiet.com\/vi\/accomodation\/presidential-beach-front-villa\/"]}]},{"@type":"ImageObject","inLanguage":"vi-VN","@id":"https:\/\/www.phuhaibeachresortphanthiet.com\/vi\/accomodation\/presidential-beach-front-villa\/#primaryimage","url":"https:\/\/www.phuhaibeachresortphanthiet.com\/wp-content\/uploads\/sites\/143\/2026\/01\/phuhairesort-president-beachfront-villa1.jpg","contentUrl":"https:\/\/www.phuhaibeachresortphanthiet.com\/wp-content\/uploads\/sites\/143\/2026\/01\/phuhairesort-president-beachfront-villa1.jpg","width":2200,"height":1650},{"@type":"BreadcrumbList","@id":"https:\/\/www.phuhaibeachresortphanthiet.com\/vi\/accomodation\/presidential-beach-front-villa\/#breadcrumb","itemListElement":[{"@type":"ListItem","position":1,"name":"Home","item":"https:\/\/www.phuhaibeachresortphanthiet.com\/vi\/"},{"@type":"ListItem","position":2,"name":"Ph\u00f2ng Ngh\u1ec9","item":"https:\/\/www.phuhaibeachresortphanthiet.com\/vi\/accomodation\/"},{"@type":"ListItem","position":3,"name":"Presidential Beach Front Villa"}]},{"@type":"WebSite","@id":"https:\/\/www.phuhaibeachresortphanthiet.com\/vi\/#website","url":"https:\/\/www.phuhaibeachresortphanthiet.com\/vi\/","name":"Phu Hai Beach Resort & Spa Phan Thiet","description":"","potentialAction":[{"@type":"SearchAction","target":{"@type":"EntryPoint","urlTemplate":"https:\/\/www.phuhaibeachresortphanthiet.com\/vi\/?s={search_term_string}"},"query-input":"required name=search_term_string"}],"inLanguage":"vi-VN"}]}},"acf":[],"_links":{"self":[{"href":"https:\/\/www.phuhaibeachresortphanthiet.com\/vi\/wp-json\/wp\/v2\/pages\/14"}],"collection":[{"href":"https:\/\/www.phuhaibeachresortphanthiet.com\/vi\/wp-json\/wp\/v2\/pages"}],"about":[{"href":"https:\/\/www.phuhaibeachresortphanthiet.com\/vi\/wp-json\/wp\/v2\/types\/page"}],"author":[{"embeddable":true,"href":"https:\/\/www.phuhaibeachresortphanthiet.com\/vi\/wp-json\/wp\/v2\/users\/90"}],"replies":[{"embeddable":true,"href":"https:\/\/www.phuhaibeachresortphanthiet.com\/vi\/wp-json\/wp\/v2\/comments?post=14"}],"version-history":[{"count":0,"href":"https:\/\/www.phuhaibeachresortphanthiet.com\/vi\/wp-json\/wp\/v2\/pages\/14\/revisions"}],"up":[{"embeddable":true,"href":"https:\/\/www.phuhaibeachresortphanthiet.com\/vi\/wp-json\/wp\/v2\/pages\/6"}],"wp:featuredmedia":[{"embeddable":true,"href":"https:\/\/www.phuhaibeachresortphanthiet.com\/vi\/wp-json\/wp\/v2\/media\/97"}],"wp:attachment":[{"href":"https:\/\/www.phuhaibeachresortphanthiet.com\/vi\/wp-json\/wp\/v2\/media?parent=14"}],"curies":[{"name":"wp","href":"https:\/\/api.w.org\/{rel}","templated":true}]}}