{"id":12,"date":"2026-01-09T09:54:15","date_gmt":"2026-01-09T09:54:15","guid":{"rendered":"https:\/\/phuhaibeachresortphanthiet.ms2.decms.asia\/?page_id=12"},"modified":"2026-01-21T02:33:26","modified_gmt":"2026-01-21T02:33:26","slug":"deluxe-garden-view","status":"publish","type":"page","link":"https:\/\/www.phuhaibeachresortphanthiet.com\/vi\/accomodation\/deluxe-garden-view\/","title":{"rendered":"Deluxe Garden View"},"content":{"rendered":"<p>B\u01b0\u1edbc ra ban c\u00f4ng ri\u00eang c\u1ee7a b\u1ea1n \u0111\u1ec3 ng\u1eafm nh\u00ecn nh\u1eefng khu v\u01b0\u1eddn nhi\u1ec7t \u0111\u1edbi b\u00ean d\u01b0\u1edbi. Ngh\u1ec9 ng\u01a1i trong m\u1ed9t kh\u00f4ng gian \u0111\u01b0\u1ee3c thi\u1ebft k\u1ebf r\u1ea5t duy\u00ean d\u00e1ng v\u00e0 \u0111\u1eadm ch\u1ea5t Vi\u1ec7t Nam.<\/p>\n","protected":false},"excerpt":{"rendered":"<p>B\u01b0\u1edbc ra ban c\u00f4ng ri\u00eang c\u1ee7a b\u1ea1n \u0111\u1ec3 ng\u1eafm nh\u00ecn nh\u1eefng khu v\u01b0\u1eddn nhi\u1ec7t \u0111\u1edbi b\u00ean d\u01b0\u1edbi. Ngh\u1ec9 ng\u01a1i trong m\u1ed9t kh\u00f4ng gian \u0111\u01b0\u1ee3c thi\u1ebft k\u1ebf r\u1ea5t duy\u00ean d\u00e1ng v\u00e0 \u0111\u1eadm ch\u1ea5t Vi\u1ec7t Nam.<\/p>\n","protected":false},"author":90,"featured_media":84,"parent":6,"menu_order":0,"comment_status":"closed","ping_status":"closed","template":"template-single-room.php","meta":{"footnotes":""},"yoast_head":"<!-- This site is optimized with the Yoast SEO plugin v22.3 - https:\/\/yoast.com\/wordpress\/plugins\/seo\/ -->\n<title>Deluxe Garden View | Phu Hai Beach Resort &amp; Spa Phan Thi\u1ebft<\/title>\n<meta name=\"description\" content=\"Ph\u00f2ng Deluxe Garden View mang \u0111\u1ebfn kh\u00f4ng gian r\u1ed9ng r\u00e3i, n\u1ed9i th\u1ea5t tinh t\u1ebf c\u00f9ng ban c\u00f4ng ri\u00eang h\u01b0\u1edbng ra khu v\u01b0\u1eddn nhi\u1ec7t \u0111\u1edbi xanh m\u00e1t. Ti\u1ec7n nghi hi\u1ec7n \u0111\u1ea1i v\u00e0 chi ti\u1ebft \u0111\u01b0\u1ee3c ch\u0103m ch\u00fat k\u1ef9 l\u01b0\u1ee1ng, t\u1ea1o n\u00ean k\u1ef3 ngh\u1ec9 tho\u1ea3i m\u00e1i v\u00e0 \u0111\u00e1ng nh\u1edb.\" \/>\n<meta name=\"robots\" content=\"index, follow, max-snippet:-1, max-image-preview:large, max-video-preview:-1\" \/>\n<link rel=\"canonical\" href=\"https:\/\/www.phuhaibeachresortphanthiet.com\/vi\/accomodation\/deluxe-garden-view\/\" \/>\n<meta property=\"og:locale\" content=\"vi_VN\" \/>\n<meta property=\"og:type\" content=\"article\" \/>\n<meta property=\"og:title\" content=\"Deluxe Garden View | Phu Hai Beach Resort &amp; Spa Phan Thi\u1ebft\" \/>\n<meta property=\"og:description\" content=\"Ph\u00f2ng Deluxe Garden View mang \u0111\u1ebfn kh\u00f4ng gian r\u1ed9ng r\u00e3i, n\u1ed9i th\u1ea5t tinh t\u1ebf c\u00f9ng ban c\u00f4ng ri\u00eang h\u01b0\u1edbng ra khu v\u01b0\u1eddn nhi\u1ec7t \u0111\u1edbi xanh m\u00e1t. Ti\u1ec7n nghi hi\u1ec7n \u0111\u1ea1i v\u00e0 chi ti\u1ebft \u0111\u01b0\u1ee3c ch\u0103m ch\u00fat k\u1ef9 l\u01b0\u1ee1ng, t\u1ea1o n\u00ean k\u1ef3 ngh\u1ec9 tho\u1ea3i m\u00e1i v\u00e0 \u0111\u00e1ng nh\u1edb.\" \/>\n<meta property=\"og:url\" content=\"https:\/\/www.phuhaibeachresortphanthiet.com\/vi\/accomodation\/deluxe-garden-view\/\" \/>\n<meta property=\"og:site_name\" content=\"Phu Hai Beach Resort &amp; Spa Phan Thiet\" \/>\n<meta property=\"article:modified_time\" content=\"2026-01-21T02:33:26+00:00\" \/>\n<meta property=\"og:image\" content=\"https:\/\/www.phuhaibeachresortphanthiet.com\/wp-content\/uploads\/sites\/143\/2026\/01\/phuhairesort-deluxe-garden-view1.jpg\" \/>\n\t<meta property=\"og:image:width\" content=\"2200\" \/>\n\t<meta property=\"og:image:height\" content=\"1510\" \/>\n\t<meta property=\"og:image:type\" content=\"image\/jpeg\" \/>\n<meta name=\"twitter:card\" content=\"summary_large_image\" \/>\n<meta name=\"twitter:label1\" content=\"Est. reading time\" \/>\n\t<meta name=\"twitter:data1\" content=\"1 minute\" \/>\n<script type=\"application\/ld+json\" class=\"yoast-schema-graph\">{\"@context\":\"https:\/\/schema.org\",\"@graph\":[{\"@type\":\"WebPage\",\"@id\":\"https:\/\/www.phuhaibeachresortphanthiet.com\/vi\/accomodation\/deluxe-garden-view\/\",\"url\":\"https:\/\/www.phuhaibeachresortphanthiet.com\/vi\/accomodation\/deluxe-garden-view\/\",\"name\":\"Deluxe Garden View | Phu Hai Beach Resort & Spa Phan Thi\u1ebft\",\"isPartOf\":{\"@id\":\"https:\/\/www.phuhaibeachresortphanthiet.com\/vi\/#website\"},\"primaryImageOfPage\":{\"@id\":\"https:\/\/www.phuhaibeachresortphanthiet.com\/vi\/accomodation\/deluxe-garden-view\/#primaryimage\"},\"image\":{\"@id\":\"https:\/\/www.phuhaibeachresortphanthiet.com\/vi\/accomodation\/deluxe-garden-view\/#primaryimage\"},\"thumbnailUrl\":\"https:\/\/www.phuhaibeachresortphanthiet.com\/wp-content\/uploads\/sites\/143\/2026\/01\/phuhairesort-deluxe-garden-view1.jpg\",\"datePublished\":\"2026-01-09T09:54:15+00:00\",\"dateModified\":\"2026-01-21T02:33:26+00:00\",\"description\":\"Ph\u00f2ng Deluxe Garden View mang \u0111\u1ebfn kh\u00f4ng gian r\u1ed9ng r\u00e3i, n\u1ed9i th\u1ea5t tinh t\u1ebf c\u00f9ng ban c\u00f4ng ri\u00eang h\u01b0\u1edbng ra khu v\u01b0\u1eddn nhi\u1ec7t \u0111\u1edbi xanh m\u00e1t. Ti\u1ec7n nghi hi\u1ec7n \u0111\u1ea1i v\u00e0 chi ti\u1ebft \u0111\u01b0\u1ee3c ch\u0103m ch\u00fat k\u1ef9 l\u01b0\u1ee1ng, t\u1ea1o n\u00ean k\u1ef3 ngh\u1ec9 tho\u1ea3i m\u00e1i v\u00e0 \u0111\u00e1ng nh\u1edb.\",\"breadcrumb\":{\"@id\":\"https:\/\/www.phuhaibeachresortphanthiet.com\/vi\/accomodation\/deluxe-garden-view\/#breadcrumb\"},\"inLanguage\":\"vi-VN\",\"potentialAction\":[{\"@type\":\"ReadAction\",\"target\":[\"https:\/\/www.phuhaibeachresortphanthiet.com\/vi\/accomodation\/deluxe-garden-view\/\"]}]},{\"@type\":\"ImageObject\",\"inLanguage\":\"vi-VN\",\"@id\":\"https:\/\/www.phuhaibeachresortphanthiet.com\/vi\/accomodation\/deluxe-garden-view\/#primaryimage\",\"url\":\"https:\/\/www.phuhaibeachresortphanthiet.com\/wp-content\/uploads\/sites\/143\/2026\/01\/phuhairesort-deluxe-garden-view1.jpg\",\"contentUrl\":\"https:\/\/www.phuhaibeachresortphanthiet.com\/wp-content\/uploads\/sites\/143\/2026\/01\/phuhairesort-deluxe-garden-view1.jpg\",\"width\":2200,\"height\":1510},{\"@type\":\"BreadcrumbList\",\"@id\":\"https:\/\/www.phuhaibeachresortphanthiet.com\/vi\/accomodation\/deluxe-garden-view\/#breadcrumb\",\"itemListElement\":[{\"@type\":\"ListItem\",\"position\":1,\"name\":\"Home\",\"item\":\"https:\/\/www.phuhaibeachresortphanthiet.com\/vi\/\"},{\"@type\":\"ListItem\",\"position\":2,\"name\":\"Ph\u00f2ng Ngh\u1ec9\",\"item\":\"https:\/\/www.phuhaibeachresortphanthiet.com\/vi\/accomodation\/\"},{\"@type\":\"ListItem\",\"position\":3,\"name\":\"Deluxe Garden View\"}]},{\"@type\":\"WebSite\",\"@id\":\"https:\/\/www.phuhaibeachresortphanthiet.com\/vi\/#website\",\"url\":\"https:\/\/www.phuhaibeachresortphanthiet.com\/vi\/\",\"name\":\"Phu Hai Beach Resort & Spa Phan Thiet\",\"description\":\"\",\"potentialAction\":[{\"@type\":\"SearchAction\",\"target\":{\"@type\":\"EntryPoint\",\"urlTemplate\":\"https:\/\/www.phuhaibeachresortphanthiet.com\/vi\/?s={search_term_string}\"},\"query-input\":\"required name=search_term_string\"}],\"inLanguage\":\"vi-VN\"}]}<\/script>\n<!-- \/ Yoast SEO plugin. -->","yoast_head_json":{"title":"Deluxe Garden View | Phu Hai Beach Resort & Spa Phan Thi\u1ebft","description":"Ph\u00f2ng Deluxe Garden View mang \u0111\u1ebfn kh\u00f4ng gian r\u1ed9ng r\u00e3i, n\u1ed9i th\u1ea5t tinh t\u1ebf c\u00f9ng ban c\u00f4ng ri\u00eang h\u01b0\u1edbng ra khu v\u01b0\u1eddn nhi\u1ec7t \u0111\u1edbi xanh m\u00e1t. Ti\u1ec7n nghi hi\u1ec7n \u0111\u1ea1i v\u00e0 chi ti\u1ebft \u0111\u01b0\u1ee3c ch\u0103m ch\u00fat k\u1ef9 l\u01b0\u1ee1ng, t\u1ea1o n\u00ean k\u1ef3 ngh\u1ec9 tho\u1ea3i m\u00e1i v\u00e0 \u0111\u00e1ng nh\u1edb.","robots":{"index":"index","follow":"follow","max-snippet":"max-snippet:-1","max-image-preview":"max-image-preview:large","max-video-preview":"max-video-preview:-1"},"canonical":"https:\/\/www.phuhaibeachresortphanthiet.com\/vi\/accomodation\/deluxe-garden-view\/","og_locale":"vi_VN","og_type":"article","og_title":"Deluxe Garden View | Phu Hai Beach Resort & Spa Phan Thi\u1ebft","og_description":"Ph\u00f2ng Deluxe Garden View mang \u0111\u1ebfn kh\u00f4ng gian r\u1ed9ng r\u00e3i, n\u1ed9i th\u1ea5t tinh t\u1ebf c\u00f9ng ban c\u00f4ng ri\u00eang h\u01b0\u1edbng ra khu v\u01b0\u1eddn nhi\u1ec7t \u0111\u1edbi xanh m\u00e1t. Ti\u1ec7n nghi hi\u1ec7n \u0111\u1ea1i v\u00e0 chi ti\u1ebft \u0111\u01b0\u1ee3c ch\u0103m ch\u00fat k\u1ef9 l\u01b0\u1ee1ng, t\u1ea1o n\u00ean k\u1ef3 ngh\u1ec9 tho\u1ea3i m\u00e1i v\u00e0 \u0111\u00e1ng nh\u1edb.","og_url":"https:\/\/www.phuhaibeachresortphanthiet.com\/vi\/accomodation\/deluxe-garden-view\/","og_site_name":"Phu Hai Beach Resort &amp; Spa Phan Thiet","article_modified_time":"2026-01-21T02:33:26+00:00","og_image":[{"width":2200,"height":1510,"url":"https:\/\/www.phuhaibeachresortphanthiet.com\/wp-content\/uploads\/sites\/143\/2026\/01\/phuhairesort-deluxe-garden-view1.jpg","type":"image\/jpeg"}],"twitter_card":"summary_large_image","twitter_misc":{"Est. reading time":"1 minute"},"schema":{"@context":"https:\/\/schema.org","@graph":[{"@type":"WebPage","@id":"https:\/\/www.phuhaibeachresortphanthiet.com\/vi\/accomodation\/deluxe-garden-view\/","url":"https:\/\/www.phuhaibeachresortphanthiet.com\/vi\/accomodation\/deluxe-garden-view\/","name":"Deluxe Garden View | Phu Hai Beach Resort & Spa Phan Thi\u1ebft","isPartOf":{"@id":"https:\/\/www.phuhaibeachresortphanthiet.com\/vi\/#website"},"primaryImageOfPage":{"@id":"https:\/\/www.phuhaibeachresortphanthiet.com\/vi\/accomodation\/deluxe-garden-view\/#primaryimage"},"image":{"@id":"https:\/\/www.phuhaibeachresortphanthiet.com\/vi\/accomodation\/deluxe-garden-view\/#primaryimage"},"thumbnailUrl":"https:\/\/www.phuhaibeachresortphanthiet.com\/wp-content\/uploads\/sites\/143\/2026\/01\/phuhairesort-deluxe-garden-view1.jpg","datePublished":"2026-01-09T09:54:15+00:00","dateModified":"2026-01-21T02:33:26+00:00","description":"Ph\u00f2ng Deluxe Garden View mang \u0111\u1ebfn kh\u00f4ng gian r\u1ed9ng r\u00e3i, n\u1ed9i th\u1ea5t tinh t\u1ebf c\u00f9ng ban c\u00f4ng ri\u00eang h\u01b0\u1edbng ra khu v\u01b0\u1eddn nhi\u1ec7t \u0111\u1edbi xanh m\u00e1t. Ti\u1ec7n nghi hi\u1ec7n \u0111\u1ea1i v\u00e0 chi ti\u1ebft \u0111\u01b0\u1ee3c ch\u0103m ch\u00fat k\u1ef9 l\u01b0\u1ee1ng, t\u1ea1o n\u00ean k\u1ef3 ngh\u1ec9 tho\u1ea3i m\u00e1i v\u00e0 \u0111\u00e1ng nh\u1edb.","breadcrumb":{"@id":"https:\/\/www.phuhaibeachresortphanthiet.com\/vi\/accomodation\/deluxe-garden-view\/#breadcrumb"},"inLanguage":"vi-VN","potentialAction":[{"@type":"ReadAction","target":["https:\/\/www.phuhaibeachresortphanthiet.com\/vi\/accomodation\/deluxe-garden-view\/"]}]},{"@type":"ImageObject","inLanguage":"vi-VN","@id":"https:\/\/www.phuhaibeachresortphanthiet.com\/vi\/accomodation\/deluxe-garden-view\/#primaryimage","url":"https:\/\/www.phuhaibeachresortphanthiet.com\/wp-content\/uploads\/sites\/143\/2026\/01\/phuhairesort-deluxe-garden-view1.jpg","contentUrl":"https:\/\/www.phuhaibeachresortphanthiet.com\/wp-content\/uploads\/sites\/143\/2026\/01\/phuhairesort-deluxe-garden-view1.jpg","width":2200,"height":1510},{"@type":"BreadcrumbList","@id":"https:\/\/www.phuhaibeachresortphanthiet.com\/vi\/accomodation\/deluxe-garden-view\/#breadcrumb","itemListElement":[{"@type":"ListItem","position":1,"name":"Home","item":"https:\/\/www.phuhaibeachresortphanthiet.com\/vi\/"},{"@type":"ListItem","position":2,"name":"Ph\u00f2ng Ngh\u1ec9","item":"https:\/\/www.phuhaibeachresortphanthiet.com\/vi\/accomodation\/"},{"@type":"ListItem","position":3,"name":"Deluxe Garden View"}]},{"@type":"WebSite","@id":"https:\/\/www.phuhaibeachresortphanthiet.com\/vi\/#website","url":"https:\/\/www.phuhaibeachresortphanthiet.com\/vi\/","name":"Phu Hai Beach Resort & Spa Phan Thiet","description":"","potentialAction":[{"@type":"SearchAction","target":{"@type":"EntryPoint","urlTemplate":"https:\/\/www.phuhaibeachresortphanthiet.com\/vi\/?s={search_term_string}"},"query-input":"required name=search_term_string"}],"inLanguage":"vi-VN"}]}},"acf":[],"_links":{"self":[{"href":"https:\/\/www.phuhaibeachresortphanthiet.com\/vi\/wp-json\/wp\/v2\/pages\/12"}],"collection":[{"href":"https:\/\/www.phuhaibeachresortphanthiet.com\/vi\/wp-json\/wp\/v2\/pages"}],"about":[{"href":"https:\/\/www.phuhaibeachresortphanthiet.com\/vi\/wp-json\/wp\/v2\/types\/page"}],"author":[{"embeddable":true,"href":"https:\/\/www.phuhaibeachresortphanthiet.com\/vi\/wp-json\/wp\/v2\/users\/90"}],"replies":[{"embeddable":true,"href":"https:\/\/www.phuhaibeachresortphanthiet.com\/vi\/wp-json\/wp\/v2\/comments?post=12"}],"version-history":[{"count":0,"href":"https:\/\/www.phuhaibeachresortphanthiet.com\/vi\/wp-json\/wp\/v2\/pages\/12\/revisions"}],"up":[{"embeddable":true,"href":"https:\/\/www.phuhaibeachresortphanthiet.com\/vi\/wp-json\/wp\/v2\/pages\/6"}],"wp:featuredmedia":[{"embeddable":true,"href":"https:\/\/www.phuhaibeachresortphanthiet.com\/vi\/wp-json\/wp\/v2\/media\/84"}],"wp:attachment":[{"href":"https:\/\/www.phuhaibeachresortphanthiet.com\/vi\/wp-json\/wp\/v2\/media?parent=12"}],"curies":[{"name":"wp","href":"https:\/\/api.w.org\/{rel}","templated":true}]}}